{"id":1217,"date":"2019-09-12T08:24:42","date_gmt":"2019-09-12T06:24:42","guid":{"rendered":"\/?page_id=1217"},"modified":"2020-06-06T20:06:13","modified_gmt":"2020-06-06T18:06:13","slug":"retours","status":"publish","type":"page","link":"https:\/\/awesomegreenbeauty.com\/en\/retours\/","title":{"rendered":"Returns"},"content":{"rendered":"<div class=\"wp-block-group sudi-content\"><div class=\"wp-block-group__inner-container is-layout-flow wp-block-group-is-layout-flow\">\n<h3 class=\"has-text-color has-text-align-center wp-block-heading\" style=\"color:#e8560d\">RETOURS<\/h3>\n\n\n\n<p class=\"color1\"><strong>\u00a71 \u2013 RIGHT AND TIME LIMITS TO RETURN<\/strong><\/p>\n\n\n\n<p class=\"text-justify\">In accordance with article L. 221-18 of the French Consumer Code, the Buyer has a period of 14 (fourteen) days from the date of receipt of the parcel containing the products ordered to exercise his\/her legal right of withdrawal without having to give reasons for his\/her decision.<\/p>\n\n\n\n<p class=\"color1\"><strong>\u00a72 \u2013 RESULTS OF EXERCISING THE RIGHT TO RETURN ORDERED PRODUCTS<\/strong><\/p>\n\n\n\n<p><strong>2.1 Products excluded from the statutory right of withdrawal<\/strong><\/p>\n\n\n\n<p class=\"text-justify\">In accordance with article L.221-28 of the French\n French Consumer Code, the right of withdrawal cannot be exercised for Orders exercised for Orders relating to :<\/p>\n\n\n\n<ul class=\"text-justify wp-block-list\"><li>The supply of goods which have been opened and unsealed after delivery and which cannot be returned for reasons of hygiene or health protection;<\/li><li>The supply of goods made to the consumer's specifications or clearly personalised.<\/li><\/ul>\n\n\n\n<p class=\"text-justify\">Consequently, the Purchaser is warned that he\/she will not be able to assert his\/her contractual right of withdrawal on products whose packaging has been opened or unsealed by the Purchaser and whose re- commercialization by MYGREENBRANDS would present risks for reasons of hygiene or health protection for consumers (e.g. products from MYGREENBRANDS). protection for consumers (e.g. care products, make-up, etc.). make-up products, etc.). <\/p>\n\n\n\n<p class=\"text-justify\">Furthermore, the Buyer will not be able to exercise his\/her contractual right of withdrawal on products that have been personalised at his\/her request, in particular through the services of the \u2018Atelier gravure\u2019. These provisions apply without prejudice to the guarantees set out in article 7 of these CGV, which remain fully applicable.<\/p>\n\n\n\n<p class=\"color1\"><strong>2.2&nbsp;Cons\u00e9quences de l\u2019exercice du droit de r\u00e9tractation l\u00e9gal<\/strong><\/p>\n\n\n\n<p class=\"text-justify\">Si les produits peuvent faire l\u2019objet du  droit de r\u00e9tractation l\u00e9gal, l\u2019Acheteur exer\u00e7ant son droit de  r\u00e9tractation dans les conditions pr\u00e9vues au pr\u00e9sent article en termes de  d\u00e9lai et de modalit\u00e9s de retour des produits, pourra obtenir :<\/p>\n\n\n\n<ul class=\"text-justify wp-block-list\"><li>un avoir d\u2019un montant \u00e9gal au prix des produits retourn\u00e9s, utilisable uniquement sur le Site ou en boutique MYGREENBRANDS ;<\/li><li>un remboursement des produits retourn\u00e9s.<\/li><\/ul>\n\n\n\n<p class=\"text-justify\">Le remboursement interviendra dans un d\u00e9lai 60 jours \u00e0 compter de la r\u00e9ception des produits objets du droit de r\u00e9tractation.<\/p>\n\n\n\n<p class=\"color1\"><strong>2.3 Frais<\/strong><\/p>\n\n\n\n<p class=\"text-justify\">Conform\u00e9ment \u00e0 l\u2019article L221-21-3 du \nCode de la Consommation fran\u00e7ais, les frais de retour des produits \ndemeureront \u00e0 la charge de l\u2019Acheteur.<\/p>\n\n\n\n<p class=\"text-justify\">Dans le cas o\u00f9 le paiement a \u00e9t\u00e9 r\u00e9alis\u00e9 \nen magasin, l\u2019Acheteur a la possibilit\u00e9 de se rendre en magasin pour \n\u00eatre rembours\u00e9 par le m\u00eame moyen de paiement que celui utilis\u00e9 pour sa \nCommande.<\/p>\n\n\n\n<p class=\"text-justify\">Frais Les frais de retour demeureront \u00e0 \nla charge de l\u2019Acheteur ou du destinataire de la Commande si c\u2019est ce \ndernier qui exerce le droit de r\u00e9tractation contractuel, except\u00e9 en cas \nde retour pour cause de d\u00e9faut de conformit\u00e9 des produits livr\u00e9s par \nrapport \u00e0 la Commande ou en cas de produit endommag\u00e9.<\/p>\n\n\n\n<p class=\"color1\"><strong>\u00a73 \u2013 RETURN CHARGES<\/strong><\/p>\n\n\n\n<p class=\"text-justify\">L\u2019Acheteur ou, le cas \u00e9ch\u00e9ant, le \ndestinataire de la Commande, doit informer MYGREENBRANDS de sa volont\u00e9 \nde se r\u00e9tracter de l\u2019une des mani\u00e8res suivantes :<\/p>\n\n\n\n<ul class=\"text-justify wp-block-list\"><li>Renvoyer les produits concern\u00e9s NON OUVERTS OU DESCELLES&nbsp; au magasin AWESOME, 49 rue Saint-Georges 75009 Paris avec la facture et le r\u00e9c\u00e9piss\u00e9 de CB le cas \u00e9ch\u00e9ant<\/li><li>Contacter le Service Clients de \nMYGREENBRANDS dans les 14 (quatorze) jours qui suivent la Commande et \nenvoyer la demande de r\u00e9traction \u00e0 l\u2019adresse suivante MYGREENBRANDS de \nSAS, 49 rue Saint-Georges Paris 75009 par courrier<\/li><li>En cas de r\u00e9ception des produits \nau-del\u00e0 de ce d\u00e9lai de 14 jours, le droit de r\u00e9traction sera consid\u00e9r\u00e9 \ncomme avoir expir\u00e9 et la vente sera d\u00e9finitive (\u2019information de \nMYGREENBRANDS de la volont\u00e9 de l\u2019Acheteur de se r\u00e9tracter est r\u00e9put\u00e9 \nintervenir au moment de l\u2019envoi effectif des produits).<\/li><\/ul>\n\n\n\n<p>Aucun retour en Point Relais ne sera accept\u00e9.<\/p>\n\n\n\n<p class=\"color1\"><strong>\u00a74 \u2013 ORDERED PRODUCTS RETURN<\/strong><\/p>\n\n\n\n<p>AWESOME<br>49 rue Saint-Georges<br>75009 Paris,  France<br> Aux heures d\u2019ouverture mentionn\u00e9es sur le Site. <\/p>\n<\/div><\/div>","protected":false},"excerpt":{"rendered":"<p>RETOURS \u00a71 \u2013 DROIT ET D\u00c9LAI DE R\u00c9TRACTATION L\u00c9GAL Conform\u00e9ment \u00e0 l\u2019article L. 221-18 du Code de la Consommation fran\u00e7ais, l\u2019Acheteur dispose d\u2019un d\u00e9lai de 14 (quatorze) jours \u00e0 compter du jour de r\u00e9ception du colis comportant les produits command\u00e9s, pour exercer son droit de r\u00e9tractation l\u00e9gal sans avoir \u00e0 motiver sa d\u00e9cision. \u00a72 \u2013 [&hellip;]<\/p>\n","protected":false},"author":6,"featured_media":0,"parent":0,"menu_order":0,"comment_status":"closed","ping_status":"closed","template":"template-fullwidth.php","meta":{"ocean_post_layout":"","ocean_both_sidebars_style":"","ocean_both_sidebars_content_width":0,"ocean_both_sidebars_sidebars_width":0,"ocean_sidebar":"","ocean_second_sidebar":"","ocean_disable_margins":"enable","ocean_add_body_class":"","ocean_shortcode_before_top_bar":"","ocean_shortcode_after_top_bar":"","ocean_shortcode_before_header":"","ocean_shortcode_after_header":"","ocean_has_shortcode":"","ocean_shortcode_after_title":"","ocean_shortcode_before_footer_widgets":"","ocean_shortcode_after_footer_widgets":"","ocean_shortcode_before_footer_bottom":"","ocean_shortcode_after_footer_bottom":"","ocean_display_top_bar":"default","ocean_display_header":"default","ocean_header_style":"","ocean_center_header_left_menu":"","ocean_custom_header_template":"","ocean_custom_logo":0,"ocean_custom_retina_logo":0,"ocean_custom_logo_max_width":0,"ocean_custom_logo_tablet_max_width":0,"ocean_custom_logo_mobile_max_width":0,"ocean_custom_logo_max_height":0,"ocean_custom_logo_tablet_max_height":0,"ocean_custom_logo_mobile_max_height":0,"ocean_header_custom_menu":"","ocean_menu_typo_font_family":"","ocean_menu_typo_font_subset":"","ocean_menu_typo_font_size":0,"ocean_menu_typo_font_size_tablet":0,"ocean_menu_typo_font_size_mobile":0,"ocean_menu_typo_font_size_unit":"px","ocean_menu_typo_font_weight":"","ocean_menu_typo_font_weight_tablet":"","ocean_menu_typo_font_weight_mobile":"","ocean_menu_typo_transform":"","ocean_menu_typo_transform_tablet":"","ocean_menu_typo_transform_mobile":"","ocean_menu_typo_line_height":0,"ocean_menu_typo_line_height_tablet":0,"ocean_menu_typo_line_height_mobile":0,"ocean_menu_typo_line_height_unit":"","ocean_menu_typo_spacing":0,"ocean_menu_typo_spacing_tablet":0,"ocean_menu_typo_spacing_mobile":0,"ocean_menu_typo_spacing_unit":"","ocean_menu_link_color":"","ocean_menu_link_color_hover":"","ocean_menu_link_color_active":"","ocean_menu_link_background":"","ocean_menu_link_hover_background":"","ocean_menu_link_active_background":"","ocean_menu_social_links_bg":"","ocean_menu_social_hover_links_bg":"","ocean_menu_social_links_color":"","ocean_menu_social_hover_links_color":"","ocean_disable_title":"default","ocean_disable_heading":"default","ocean_post_title":"","ocean_post_subheading":"","ocean_post_title_style":"","ocean_post_title_background_color":"","ocean_post_title_background":0,"ocean_post_title_bg_image_position":"","ocean_post_title_bg_image_attachment":"","ocean_post_title_bg_image_repeat":"","ocean_post_title_bg_image_size":"","ocean_post_title_height":0,"ocean_post_title_bg_overlay":0.5,"ocean_post_title_bg_overlay_color":"","ocean_disable_breadcrumbs":"default","ocean_breadcrumbs_color":"","ocean_breadcrumbs_separator_color":"","ocean_breadcrumbs_links_color":"","ocean_breadcrumbs_links_hover_color":"","ocean_display_footer_widgets":"default","ocean_display_footer_bottom":"default","ocean_custom_footer_template":"","footnotes":""},"class_list":["post-1217","page","type-page","status-publish","hentry","entry","owp-thumbs-layout-horizontal","owp-btn-normal","owp-tabs-layout-horizontal","has-no-thumbnails","has-product-nav"],"_links":{"self":[{"href":"https:\/\/awesomegreenbeauty.com\/en\/wp-json\/wp\/v2\/pages\/1217","targetHints":{"allow":["GET"]}}],"collection":[{"href":"https:\/\/awesomegreenbeauty.com\/en\/wp-json\/wp\/v2\/pages"}],"about":[{"href":"https:\/\/awesomegreenbeauty.com\/en\/wp-json\/wp\/v2\/types\/page"}],"author":[{"embeddable":true,"href":"https:\/\/awesomegreenbeauty.com\/en\/wp-json\/wp\/v2\/users\/6"}],"replies":[{"embeddable":true,"href":"https:\/\/awesomegreenbeauty.com\/en\/wp-json\/wp\/v2\/comments?post=1217"}],"version-history":[{"count":0,"href":"https:\/\/awesomegreenbeauty.com\/en\/wp-json\/wp\/v2\/pages\/1217\/revisions"}],"wp:attachment":[{"href":"https:\/\/awesomegreenbeauty.com\/en\/wp-json\/wp\/v2\/media?parent=1217"}],"curies":[{"name":"wp","href":"https:\/\/api.w.org\/{rel}","templated":true}]}}