{"id":13809,"date":"2023-03-23T09:45:14","date_gmt":"2023-03-23T08:45:14","guid":{"rendered":"https:\/\/awesomegreenbeauty.com\/?page_id=13809"},"modified":"2024-11-12T17:40:42","modified_gmt":"2024-11-12T16:40:42","slug":"do-good","status":"publish","type":"page","link":"https:\/\/awesomegreenbeauty.com\/en\/do-good\/","title":{"rendered":"Do Good"},"content":{"rendered":"\t\t<div data-elementor-type=\"wp-page\" data-elementor-id=\"13809\" class=\"elementor elementor-13809\" data-elementor-post-type=\"page\">\n\t\t\t\t\t\t<section class=\"elementor-section elementor-top-section elementor-element elementor-element-3008c9e elementor-section-stretched elementor-section-boxed elementor-section-height-default elementor-section-height-default\" data-id=\"3008c9e\" data-element_type=\"section\" data-e-type=\"section\" data-settings=\"{&quot;stretch_section&quot;:&quot;section-stretched&quot;}\">\n\t\t\t\t\t\t<div class=\"elementor-container elementor-column-gap-default\">\n\t\t\t\t\t<div class=\"elementor-column elementor-col-100 elementor-top-column elementor-element elementor-element-0e205cd\" data-id=\"0e205cd\" data-element_type=\"column\" data-e-type=\"column\">\n\t\t\t<div class=\"elementor-widget-wrap elementor-element-populated\">\n\t\t\t\t\t\t<div class=\"elementor-element elementor-element-70edc40 elementor-widget elementor-widget-heading\" data-id=\"70edc40\" data-element_type=\"widget\" data-e-type=\"widget\" data-widget_type=\"heading.default\">\n\t\t\t\t<div class=\"elementor-widget-container\">\n\t\t\t\t\t<h2 class=\"elementor-heading-title elementor-size-default\">do good<\/h2>\t\t\t\t<\/div>\n\t\t\t\t<\/div>\n\t\t\t\t<div class=\"elementor-element elementor-element-12d2797 elementor-widget elementor-widget-text-editor\" data-id=\"12d2797\" data-element_type=\"widget\" data-e-type=\"widget\" data-widget_type=\"text-editor.default\">\n\t\t\t\t<div class=\"elementor-widget-container\">\n\t\t\t\t\t\t\t\t\t<p><strong>On vous propose des offres in\u00e9dites sur des soins phares.<\/strong> Le <strong>DO GOOD<\/strong> ce sont des<strong> offres ponctuelles<\/strong> sur des gammes de produits que l&rsquo;on adore afin de vous permettre de les essayer et de vous faire une id\u00e9e. Cela peut-\u00eatre \u00e9galement <strong>des invitations<\/strong> pour d\u00e9couvrir une gamme de nouveaux produits ou <strong>un jeu concours<\/strong>, pour s&rsquo;amuser, avec \u00e0 la cl\u00e9 des p\u00e9pites \u00e0 gagner !<\/p>\t\t\t\t\t\t\t\t<\/div>\n\t\t\t\t<\/div>\n\t\t\t\t\t<\/div>\n\t\t<\/div>\n\t\t\t\t\t<\/div>\n\t\t<\/section>\n\t\t\t\t<section class=\"elementor-section elementor-top-section elementor-element elementor-element-08691be elementor-reverse-mobile elementor-section-boxed elementor-section-height-default elementor-section-height-default\" data-id=\"08691be\" data-element_type=\"section\" data-e-type=\"section\">\n\t\t\t\t\t\t<div class=\"elementor-container elementor-column-gap-default\">\n\t\t\t\t\t<div class=\"elementor-column elementor-col-50 elementor-top-column elementor-element elementor-element-078e453\" data-id=\"078e453\" data-element_type=\"column\" data-e-type=\"column\">\n\t\t\t<div class=\"elementor-widget-wrap elementor-element-populated\">\n\t\t\t\t\t\t<section class=\"elementor-section elementor-inner-section elementor-element elementor-element-cfc8fd8 elementor-section-full_width elementor-section-height-default elementor-section-height-default\" data-id=\"cfc8fd8\" data-element_type=\"section\" data-e-type=\"section\" data-settings=\"{&quot;sticky&quot;:&quot;top&quot;,&quot;sticky_offset&quot;:20,&quot;sticky_parent&quot;:&quot;yes&quot;,&quot;sticky_on&quot;:[&quot;desktop&quot;,&quot;tablet&quot;,&quot;mobile&quot;],&quot;sticky_effects_offset&quot;:0,&quot;sticky_anchor_link_offset&quot;:0}\">\n\t\t\t\t\t\t<div class=\"elementor-container elementor-column-gap-default\">\n\t\t\t\t\t<div class=\"elementor-column elementor-col-100 elementor-inner-column elementor-element elementor-element-9fb7e0a\" data-id=\"9fb7e0a\" data-element_type=\"column\" data-e-type=\"column\">\n\t\t\t<div class=\"elementor-widget-wrap elementor-element-populated\">\n\t\t\t\t\t\t<div class=\"elementor-element elementor-element-6dec9c7 elementor-hidden-mobile elementor-widget elementor-widget-image\" data-id=\"6dec9c7\" data-element_type=\"widget\" data-e-type=\"widget\" data-widget_type=\"image.default\">\n\t\t\t\t<div class=\"elementor-widget-container\">\n\t\t\t\t\t\t\t\t\t\t\t\t\t\t\t<img fetchpriority=\"high\" decoding=\"async\" width=\"709\" height=\"194\" src=\"https:\/\/awesomegreenbeauty.com\/wp-content\/uploads\/2023\/02\/cropped-logo-awesome.png\" class=\"attachment-full size-full wp-image-10583\" alt=\"\" srcset=\"https:\/\/awesomegreenbeauty.com\/wp-content\/uploads\/2023\/02\/cropped-logo-awesome.png 709w, https:\/\/awesomegreenbeauty.com\/wp-content\/uploads\/2023\/02\/cropped-logo-awesome-600x164.png 600w, https:\/\/awesomegreenbeauty.com\/wp-content\/uploads\/2023\/02\/cropped-logo-awesome-64x18.png 64w, https:\/\/awesomegreenbeauty.com\/wp-content\/uploads\/2023\/02\/cropped-logo-awesome-300x82.png 300w\" sizes=\"(max-width: 709px) 100vw, 709px\" \/>\t\t\t\t\t\t\t\t\t\t\t\t\t\t\t<\/div>\n\t\t\t\t<\/div>\n\t\t\t\t<div class=\"elementor-element elementor-element-23013ba elementor-widget elementor-widget-shortcode\" data-id=\"23013ba\" data-element_type=\"widget\" data-e-type=\"widget\" data-widget_type=\"shortcode.default\">\n\t\t\t\t<div class=\"elementor-widget-container\">\n\t\t\t\t\t\t\t<div class=\"elementor-shortcode\"><div  class=\"dgwt-wcas-search-wrapp dgwt-wcas-no-submit woocommerce dgwt-wcas-style-solaris js-dgwt-wcas-layout-classic dgwt-wcas-layout-classic js-dgwt-wcas-mobile-overlay-disabled\">\n\t\t<form class=\"dgwt-wcas-search-form\" role=\"search\" action=\"https:\/\/awesomegreenbeauty.com\/en\/\" method=\"get\">\n\t\t<div class=\"dgwt-wcas-sf-wrapp\">\n\t\t\t\t\t\t\t<svg\n\t\t\t\t\tclass=\"dgwt-wcas-ico-magnifier\" xmlns=\"http:\/\/www.w3.org\/2000\/svg\"\n\t\t\t\t\txmlns:xlink=\"http:\/\/www.w3.org\/1999\/xlink\" x=\"0px\" y=\"0px\"\n\t\t\t\t\tviewBox=\"0 0 51.539 51.361\" xml:space=\"preserve\">\n\t\t\t\t\t<path \t\t\t\t\t\td=\"M51.539,49.356L37.247,35.065c3.273-3.74,5.272-8.623,5.272-13.983c0-11.742-9.518-21.26-21.26-21.26 S0,9.339,0,21.082s9.518,21.26,21.26,21.26c5.361,0,10.244-1.999,13.983-5.272l14.292,14.292L51.539,49.356z M2.835,21.082 c0-10.176,8.249-18.425,18.425-18.425s18.425,8.249,18.425,18.425S31.436,39.507,21.26,39.507S2.835,31.258,2.835,21.082z\"\/>\n\t\t\t\t<\/svg>\n\t\t\t\t\t\t\t<label class=\"screen-reader-text\"\n\t\t\t\tfor=\"dgwt-wcas-search-input-1\">\n\t\t\t\tProducts search\t\t\t<\/label>\n\n\t\t\t<input\n\t\t\t\tid=\"dgwt-wcas-search-input-1\"\n\t\t\t\ttype=\"search\"\n\t\t\t\tclass=\"dgwt-wcas-search-input\"\n\t\t\t\tname=\"s\"\n\t\t\t\tvalue=\"\"\n\t\t\t\tplaceholder=\"RECHERCHE\"\n\t\t\t\tautocomplete=\"off\"\n\t\t\t\t\t\t\t\/>\n\t\t\t<div class=\"dgwt-wcas-preloader\"><\/div>\n\n\t\t\t<div class=\"dgwt-wcas-voice-search\"><\/div>\n\n\t\t\t\n\t\t\t<input type=\"hidden\" name=\"post_type\" value=\"product\"\/>\n\t\t\t<input type=\"hidden\" name=\"dgwt_wcas\" value=\"1\"\/>\n\n\t\t\t\n\t\t\t\t\t<\/div>\n\t<\/form>\n<\/div>\n<\/div>\n\t\t\t\t\t\t<\/div>\n\t\t\t\t<\/div>\n\t\t\t\t<div class=\"elementor-element elementor-element-c603d9a elementor-widget elementor-widget-heading\" data-id=\"c603d9a\" data-element_type=\"widget\" data-e-type=\"widget\" data-widget_type=\"heading.default\">\n\t\t\t\t<div class=\"elementor-widget-container\">\n\t\t\t\t\t<h2 class=\"elementor-heading-title elementor-size-default\">Cat\u00e9gories<\/h2>\t\t\t\t<\/div>\n\t\t\t\t<\/div>\n\t\t\t\t<div class=\"elementor-element elementor-element-2b91fe7 elementor-widget elementor-widget-nav-menu\" data-id=\"2b91fe7\" data-element_type=\"widget\" data-e-type=\"widget\" data-settings=\"{&quot;layout&quot;:&quot;dropdown&quot;,&quot;submenu_icon&quot;:{&quot;value&quot;:&quot;&lt;i class=\\&quot;fas fa-caret-down\\&quot; aria-hidden=\\&quot;true\\&quot;&gt;&lt;\\\/i&gt;&quot;,&quot;library&quot;:&quot;fa-solid&quot;}}\" data-widget_type=\"nav-menu.default\">\n\t\t\t\t<div class=\"elementor-widget-container\">\n\t\t\t\t\t\t\t\t<nav class=\"elementor-nav-menu--dropdown elementor-nav-menu__container\" aria-hidden=\"true\">\n\t\t\t\t<ul id=\"menu-2-2b91fe7\" class=\"elementor-nav-menu\"><li class=\"menu-item menu-item-type-post_type menu-item-object-page menu-item-1215\"><a href=\"https:\/\/awesomegreenbeauty.com\/en\/contact\/\" class=\"elementor-item\" tabindex=\"-1\">Aide &#038; Contact<\/a><\/li>\n<li class=\"menu-item menu-item-type-post_type menu-item-object-page menu-item-842\"><a href=\"https:\/\/awesomegreenbeauty.com\/en\/livraison\/\" class=\"elementor-item\" tabindex=\"-1\">Livraison<\/a><\/li>\n<li class=\"menu-item menu-item-type-post_type menu-item-object-page menu-item-1223\"><a href=\"https:\/\/awesomegreenbeauty.com\/en\/retours\/\" class=\"elementor-item\" tabindex=\"-1\">Retours<\/a><\/li>\n<li class=\"menu-item menu-item-type-post_type menu-item-object-page menu-item-1229\"><a href=\"https:\/\/awesomegreenbeauty.com\/en\/conditions-generales-de-vente\/\" class=\"elementor-item\" tabindex=\"-1\">CGV<\/a><\/li>\n<li class=\"menu-item menu-item-type-post_type menu-item-object-page menu-item-privacy-policy menu-item-10936\"><a rel=\"privacy-policy\" href=\"https:\/\/awesomegreenbeauty.com\/en\/politique-de-confidentialite\/\" class=\"elementor-item\" tabindex=\"-1\">Politique de confidentialit\u00e9<\/a><\/li>\n<\/ul>\t\t\t<\/nav>\n\t\t\t\t\t\t<\/div>\n\t\t\t\t<\/div>\n\t\t\t\t<div class=\"elementor-element elementor-element-932630f elementor-widget-divider--view-line elementor-widget elementor-widget-divider\" data-id=\"932630f\" data-element_type=\"widget\" data-e-type=\"widget\" data-widget_type=\"divider.default\">\n\t\t\t\t<div class=\"elementor-widget-container\">\n\t\t\t\t\t\t\t<div class=\"elementor-divider\">\n\t\t\t<span class=\"elementor-divider-separator\">\n\t\t\t\t\t\t<\/span>\n\t\t<\/div>\n\t\t\t\t\t\t<\/div>\n\t\t\t\t<\/div>\n\t\t\t\t<div class=\"elementor-element elementor-element-a3ee1a3 elementor-widget elementor-widget-woocommerce-breadcrumb\" data-id=\"a3ee1a3\" data-element_type=\"widget\" data-e-type=\"widget\" data-widget_type=\"woocommerce-breadcrumb.default\">\n\t\t\t\t<div class=\"elementor-widget-container\">\n\t\t\t\t\t<div class=\"site-breadcrumbs woocommerce-breadcrumbs clr\">Home<\/div>\t\t\t\t<\/div>\n\t\t\t\t<\/div>\n\t\t\t\t\t<\/div>\n\t\t<\/div>\n\t\t\t\t\t<\/div>\n\t\t<\/section>\n\t\t\t\t<div class=\"elementor-element elementor-element-3cd39df elementor-widget elementor-widget-text-editor\" data-id=\"3cd39df\" data-element_type=\"widget\" data-e-type=\"widget\" data-widget_type=\"text-editor.default\">\n\t\t\t\t<div class=\"elementor-widget-container\">\n\t\t\t\t\t\t\t\t\t<p>Lorem ipsum dolor sit amet, consectetur adipiscing elit. Ut elit tellus, luctus nec ullamcorper mattis, pulvinar dapibus leo.<\/p>\t\t\t\t\t\t\t\t<\/div>\n\t\t\t\t<\/div>\n\t\t\t\t\t<\/div>\n\t\t<\/div>\n\t\t\t\t<div class=\"elementor-column elementor-col-50 elementor-top-column elementor-element elementor-element-a0d6f92\" data-id=\"a0d6f92\" data-element_type=\"column\" data-e-type=\"column\">\n\t\t\t<div class=\"elementor-widget-wrap elementor-element-populated\">\n\t\t\t\t\t\t<div class=\"elementor-element elementor-element-2c00565 elementor-grid-3 elementor-grid-tablet-2 elementor-grid-mobile-2 elementor-products-grid elementor-wc-products elementor-widget elementor-widget-woocommerce-products\" data-id=\"2c00565\" data-element_type=\"widget\" data-e-type=\"widget\" data-widget_type=\"woocommerce-products.default\">\n\t\t\t\t<div class=\"elementor-widget-container\">\n\t\t\t\t\t<div class=\"woocommerce columns-3 \"><div class=\"woocommerce-notices-wrapper\"><\/div><div class=\"oceanwp-toolbar clr\"><form class=\"woocommerce-ordering\" method=\"get\">\n\t\t<select\n\t\tname=\"orderby\"\n\t\tclass=\"orderby\"\n\t\t\t\t\taria-label=\"Shop order\"\n\t\t\t>\n\t\t\t\t\t<option value=\"popularity\"  selected='selected'>Sort by popularity<\/option>\n\t\t\t\t\t<option value=\"date\" >Sort by latest<\/option>\n\t\t\t\t\t<option value=\"price\" >Sort by price: low to high<\/option>\n\t\t\t\t\t<option value=\"price-desc\" >Sort by price: high to low<\/option>\n\t\t\t<\/select>\n\t<input type=\"hidden\" name=\"paged\" value=\"1\" \/>\n\t<\/form>\n<\/div>\r\n<ul class=\"products elementor-grid oceanwp-row clr grid tablet-col tablet-2-col mobile-col mobile-2-col\">\r\n<li class=\"entry has-media has-product-nav col span_1_of_3 owp-content-center owp-thumbs-layout-horizontal owp-btn-normal owp-tabs-layout-horizontal product type-product post-4727 status-publish first instock product_cat-blush-cremes product_cat-cosmetique has-post-thumbnail taxable shipping-taxable purchasable product-type-variable\">\n\t<div class=\"product-inner clr\">\n\t<div class=\"woo-entry-image clr\">\n\t\t<div class=\"awesome-hover-product-box\"><a href=\"https:\/\/awesomegreenbeauty.com\/en\/product\/korento-blush-joues-et-levres\/\" class=\"woocommerce-LoopProduct-link\"><img decoding=\"async\" width=\"300\" height=\"300\" src=\"https:\/\/awesomegreenbeauty.com\/wp-content\/uploads\/2022\/01\/full-range-300x300.jpg\" class=\"woo-entry-image-main\" alt=\"KORENTO &#8211; Multisticks Lips &amp; Cheeks &#8211; 5ML\" itemprop=\"image\" srcset=\"https:\/\/awesomegreenbeauty.com\/wp-content\/uploads\/2022\/01\/full-range-300x300.jpg 300w, https:\/\/awesomegreenbeauty.com\/wp-content\/uploads\/2022\/01\/full-range-100x100.jpg 100w\" sizes=\"(max-width: 300px) 100vw, 300px\" \/><\/a><div class=\"awesome-hover-product-element\"><a href=\"https:\/\/awesomegreenbeauty.com\/en\/product\/korento-blush-joues-et-levres\/\" class=\"woocommerce-LoopProduct-link\"><span class=\"short-description\">KORENTO Multisticks Lip &amp; Cheek | 100% Naturel | Vegan\r\n\r\nLes multisticks de KORENTO l\u00e8vres et joues sont hautement pigment\u00e9s.\r\nKORENTO propose 6 nuances qui se c...<\/span><\/a><div class=\"btn-box\"><a href=\"https:\/\/awesomegreenbeauty.com\/en\/product\/korento-blush-joues-et-levres\/\" value=\"4727\" class=\"ajax_add_to_cart add_to_cart_button\" data-product_id=\"4727\" data-product_sku=\"\" aria-label=\"Ajouter au panier\"> Ajouter au panier<\/a><\/div><\/div><\/div>\t<\/div><!-- .woo-entry-image -->\n\n\t<ul class=\"woo-entry-inner clr\"><li class=\"image-wrap\">\n\t<div class=\"woo-entry-image clr\">\n\t\t<div class=\"awesome-hover-product-box\"><a href=\"https:\/\/awesomegreenbeauty.com\/en\/product\/korento-blush-joues-et-levres\/\" class=\"woocommerce-LoopProduct-link\"><img decoding=\"async\" width=\"300\" height=\"300\" src=\"https:\/\/awesomegreenbeauty.com\/wp-content\/uploads\/2022\/01\/full-range-300x300.jpg\" class=\"woo-entry-image-main\" alt=\"KORENTO &#8211; Multisticks Lips &amp; Cheeks &#8211; 5ML\" itemprop=\"image\" srcset=\"https:\/\/awesomegreenbeauty.com\/wp-content\/uploads\/2022\/01\/full-range-300x300.jpg 300w, https:\/\/awesomegreenbeauty.com\/wp-content\/uploads\/2022\/01\/full-range-100x100.jpg 100w\" sizes=\"(max-width: 300px) 100vw, 300px\" \/><\/a><div class=\"awesome-hover-product-element\"><a href=\"https:\/\/awesomegreenbeauty.com\/en\/product\/korento-blush-joues-et-levres\/\" class=\"woocommerce-LoopProduct-link\"><span class=\"short-description\">KORENTO Multisticks Lip &amp; Cheek | 100% Naturel | Vegan\r\n\r\nLes multisticks de KORENTO l\u00e8vres et joues sont hautement pigment\u00e9s.\r\nKORENTO propose 6 nuances qui se c...<\/span><\/a><div class=\"btn-box\"><a href=\"https:\/\/awesomegreenbeauty.com\/en\/product\/korento-blush-joues-et-levres\/\" value=\"4727\" class=\"ajax_add_to_cart add_to_cart_button\" data-product_id=\"4727\" data-product_sku=\"\" aria-label=\"Ajouter au panier\"> Ajouter au panier<\/a><\/div><\/div><\/div>\t<\/div><!-- .woo-entry-image -->\n\n\t<\/li><li class=\"title\"><h2><a href=\"https:\/\/awesomegreenbeauty.com\/en\/product\/korento-blush-joues-et-levres\/\">KORENTO &#8211; Multisticks Lips &amp; Cheeks &#8211; 5ML<\/a><\/h2><\/li><li class=\"price-wrap\">\n\t<span class=\"price\"><span class=\"woocommerce-Price-amount amount\"><bdi>37,00<span class=\"woocommerce-Price-currencySymbol\">&euro;<\/span><\/bdi><\/span> <small class=\"woocommerce-price-suffix\">Prix TTC<\/small><\/span>\n<\/li><\/ul><\/div><!-- .product-inner .clr --><\/li>\n<\/ul>\n<\/div>\t\t\t\t<\/div>\n\t\t\t\t<\/div>\n\t\t\t\t\t<\/div>\n\t\t<\/div>\n\t\t\t\t\t<\/div>\n\t\t<\/section>\n\t\t\t\t<\/div>\n\t\t","protected":false},"excerpt":{"rendered":"<p>do good On vous propose des offres in\u00e9dites sur des soins phares. Le DO GOOD ce sont des offres ponctuelles sur des gammes de produits que l&rsquo;on adore afin de vous permettre de les essayer et de vous faire une id\u00e9e. Cela peut-\u00eatre \u00e9galement des invitations pour d\u00e9couvrir une gamme de nouveaux produits ou un [&hellip;]<\/p>\n","protected":false},"author":199,"featured_media":35165,"parent":0,"menu_order":0,"comment_status":"closed","ping_status":"closed","template":"","meta":{"ocean_post_layout":"full-screen","ocean_both_sidebars_style":"","ocean_both_sidebars_content_width":0,"ocean_both_sidebars_sidebars_width":0,"ocean_sidebar":"0","ocean_second_sidebar":"0","ocean_disable_margins":"enable","ocean_add_body_class":"","ocean_shortcode_before_top_bar":"","ocean_shortcode_after_top_bar":"","ocean_shortcode_before_header":"","ocean_shortcode_after_header":"","ocean_has_shortcode":"","ocean_shortcode_after_title":"","ocean_shortcode_before_footer_widgets":"","ocean_shortcode_after_footer_widgets":"","ocean_shortcode_before_footer_bottom":"","ocean_shortcode_after_footer_bottom":"","ocean_display_top_bar":"default","ocean_display_header":"default","ocean_header_style":"","ocean_center_header_left_menu":"0","ocean_custom_header_template":"0","ocean_custom_logo":0,"ocean_custom_retina_logo":0,"ocean_custom_logo_max_width":0,"ocean_custom_logo_tablet_max_width":0,"ocean_custom_logo_mobile_max_width":0,"ocean_custom_logo_max_height":0,"ocean_custom_logo_tablet_max_height":0,"ocean_custom_logo_mobile_max_height":0,"ocean_header_custom_menu":"0","ocean_menu_typo_font_family":"0","ocean_menu_typo_font_subset":"","ocean_menu_typo_font_size":0,"ocean_menu_typo_font_size_tablet":0,"ocean_menu_typo_font_size_mobile":0,"ocean_menu_typo_font_size_unit":"px","ocean_menu_typo_font_weight":"","ocean_menu_typo_font_weight_tablet":"","ocean_menu_typo_font_weight_mobile":"","ocean_menu_typo_transform":"","ocean_menu_typo_transform_tablet":"","ocean_menu_typo_transform_mobile":"","ocean_menu_typo_line_height":0,"ocean_menu_typo_line_height_tablet":0,"ocean_menu_typo_line_height_mobile":0,"ocean_menu_typo_line_height_unit":"","ocean_menu_typo_spacing":0,"ocean_menu_typo_spacing_tablet":0,"ocean_menu_typo_spacing_mobile":0,"ocean_menu_typo_spacing_unit":"","ocean_menu_link_color":"","ocean_menu_link_color_hover":"","ocean_menu_link_color_active":"","ocean_menu_link_background":"","ocean_menu_link_hover_background":"","ocean_menu_link_active_background":"","ocean_menu_social_links_bg":"","ocean_menu_social_hover_links_bg":"","ocean_menu_social_links_color":"","ocean_menu_social_hover_links_color":"","ocean_disable_title":"default","ocean_disable_heading":"default","ocean_post_title":"","ocean_post_subheading":"","ocean_post_title_style":"","ocean_post_title_background_color":"","ocean_post_title_background":0,"ocean_post_title_bg_image_position":"","ocean_post_title_bg_image_attachment":"","ocean_post_title_bg_image_repeat":"","ocean_post_title_bg_image_size":"","ocean_post_title_height":0,"ocean_post_title_bg_overlay":0.5,"ocean_post_title_bg_overlay_color":"","ocean_disable_breadcrumbs":"default","ocean_breadcrumbs_color":"","ocean_breadcrumbs_separator_color":"","ocean_breadcrumbs_links_color":"","ocean_breadcrumbs_links_hover_color":"","ocean_display_footer_widgets":"default","ocean_display_footer_bottom":"default","ocean_custom_footer_template":"0","footnotes":""},"class_list":["post-13809","page","type-page","status-publish","has-post-thumbnail","hentry","entry","has-media","owp-thumbs-layout-horizontal","owp-btn-normal","owp-tabs-layout-horizontal","has-no-thumbnails","has-product-nav"],"_links":{"self":[{"href":"https:\/\/awesomegreenbeauty.com\/en\/wp-json\/wp\/v2\/pages\/13809","targetHints":{"allow":["GET"]}}],"collection":[{"href":"https:\/\/awesomegreenbeauty.com\/en\/wp-json\/wp\/v2\/pages"}],"about":[{"href":"https:\/\/awesomegreenbeauty.com\/en\/wp-json\/wp\/v2\/types\/page"}],"author":[{"embeddable":true,"href":"https:\/\/awesomegreenbeauty.com\/en\/wp-json\/wp\/v2\/users\/199"}],"replies":[{"embeddable":true,"href":"https:\/\/awesomegreenbeauty.com\/en\/wp-json\/wp\/v2\/comments?post=13809"}],"version-history":[{"count":0,"href":"https:\/\/awesomegreenbeauty.com\/en\/wp-json\/wp\/v2\/pages\/13809\/revisions"}],"wp:featuredmedia":[{"embeddable":true,"href":"https:\/\/awesomegreenbeauty.com\/en\/wp-json\/wp\/v2\/media\/35165"}],"wp:attachment":[{"href":"https:\/\/awesomegreenbeauty.com\/en\/wp-json\/wp\/v2\/media?parent=13809"}],"curies":[{"name":"wp","href":"https:\/\/api.w.org\/{rel}","templated":true}]}}