{"id":1003,"date":"2019-09-07T17:19:15","date_gmt":"2019-09-07T15:19:15","guid":{"rendered":"https:\/\/www.mygreenbrands.fr\/?post_type=product&#038;p=1003"},"modified":"2026-04-17T18:25:18","modified_gmt":"2026-04-17T16:25:18","slug":"mauli-rituals-huiles-fortifiante-repousse-et-masque-cheveux","status":"publish","type":"product","link":"https:\/\/awesomegreenbeauty.com\/en\/product\/mauli-rituals-huiles-fortifiante-repousse-et-masque-cheveux\/","title":{"rendered":"MAULI RITUALS &#8211; Huile fortifiante, repousse &#038; Masque Cheveux &#8211; 30 ml"},"content":{"rendered":"<p>Huile fortifiante, repousse &amp;\u00a0Masque pour Cheveux<\/p>\n<p>15 potent Ayurvedic elixirs to help repair, strengthen and maintain healthier scalp, roots and regrowth.<\/p>\n<p>Pollution, stress, a buildup of quick-fix styling products, age, thinning and greying, all impact on the quality of our hair and while this can be distressing, it is never too late to take action.<br \/>\nEn Inde, la population a recours aux huiles riches en nutriments pour renforcer\u00a0 les cheveux et conserver la brillance qui les caract\u00e9risent.<\/p>\n<h3>Les ingr\u00e9dients &amp; leurs b\u00e9n\u00e9fices pour ce soin capillaire ultra-performant<\/h3>\n<p>Cette Huile fortifiante, repousse &amp; masque pour Cheveux est un m\u00e9lange\u00a0 d&rsquo;huiles de moringa, d&rsquo;argan, de s\u00e9same et d&rsquo;alma est lentement infus\u00e9 avec des herbes de bringraj, de brahmi, de c\u00e8dre de l&rsquo;himalaya ou encore des feuilles de curcuma. Ceci afin d&rsquo;obtenir du volume, tonifier le cuir chevelu et donner de la brillance \u00e0 la chevelure.<\/p>\n<p>Cette combinaison supr\u00eame aide \u00e0 stimuler les follicules indispensables \u00e0 une repousse et une bonne qualit\u00e9 du cheveu.<\/p>\n<p>Mauli Grow Strong hair est une huile capillaire riche et nourrissante. Une Huile fortifiante, repousse &amp; Masque pour Cheveux con\u00e7u pour les hommes et les femmes afin d&rsquo;obtenir des cheveux luxuriants. Ce produit utilise des plantes appr\u00e9ci\u00e9es en Inde pour leurs propri\u00e9t\u00e9s curatives, avec une formule adapt\u00e9e aux \u00e9l\u00e9ments climatiques britanniques.<\/p>\n<p>Ce traitement luxueux est compos\u00e9 d&rsquo;un m\u00e9lange d&rsquo;huiles riches en nutriments, dont les huiles d&rsquo;amla, de brahmi et de bringraj, qui apaisent et conditionnent les cheveux et le cuir chevelu. Les huiles d&rsquo;argan et de s\u00e9same, la feuille de curcuma et le bois de c\u00e8dre de l&rsquo;Himalaya r\u00e9parent les dommages caus\u00e9s par le stress et l&rsquo;environnement. L&rsquo;huile de flamme de la for\u00eat r\u00e9hydrate les follicules pileux et favorise la repousse.<\/p>\n<p>Pour un traitement intensif, laissez l&rsquo;huile Mauli Grow Strong Hair Oil agir toute la nuit, ou massez les cheveux et le cuir chevelu et laissez reposer pendant deux heures avant de rincer pour des cheveux instantan\u00e9ment plus sains et hydrat\u00e9s.<\/p>\n<p>&nbsp;<\/p>","protected":false},"excerpt":{"rendered":"<p><strong>Huile fortifiante, repousse &amp; Masque Cheveux Naturel &amp; Bio &#8211; Un cocktail d&rsquo;huiles ayurv\u00e9diques d\u00e9tonant !<\/strong><\/p>\n<p>15 \u00e9lixirs ayurv\u00e9diques puissants pour aider \u00e0 r\u00e9parer, renforcer le cuir chevelu et favoriser la repousse.<\/p>\n<p>Ce m\u00e9lange\u00a0 d&rsquo;huiles de moringa, d&rsquo;argan, de s\u00e9same et d&rsquo;alma est lentement infus\u00e9\u00a0 avec des herbes de bringraj, de brahmi, de c\u00e8dre de l&rsquo;himalaya ou encore des feuilles de curcuma\u00a0 pour obtenir du volume et tonifier le cuir chevelu et donner de la brillance \u00e0 la chevelure<\/p>\n<p>On adore !<\/p>","protected":false},"featured_media":16690,"template":"","meta":{"ocean_post_layout":"","ocean_both_sidebars_style":"","ocean_both_sidebars_content_width":0,"ocean_both_sidebars_sidebars_width":0,"ocean_sidebar":"0","ocean_second_sidebar":"0","ocean_disable_margins":"enable","ocean_add_body_class":"","ocean_shortcode_before_top_bar":"","ocean_shortcode_after_top_bar":"","ocean_shortcode_before_header":"","ocean_shortcode_after_header":"","ocean_has_shortcode":"","ocean_shortcode_after_title":"","ocean_shortcode_before_footer_widgets":"","ocean_shortcode_after_footer_widgets":"","ocean_shortcode_before_footer_bottom":"","ocean_shortcode_after_footer_bottom":"","ocean_display_top_bar":"default","ocean_display_header":"default","ocean_header_style":"","ocean_center_header_left_menu":"0","ocean_custom_header_template":"0","ocean_custom_logo":0,"ocean_custom_retina_logo":0,"ocean_custom_logo_max_width":0,"ocean_custom_logo_tablet_max_width":0,"ocean_custom_logo_mobile_max_width":0,"ocean_custom_logo_max_height":0,"ocean_custom_logo_tablet_max_height":0,"ocean_custom_logo_mobile_max_height":0,"ocean_header_custom_menu":"0","ocean_menu_typo_font_family":"0","ocean_menu_typo_font_subset":"","ocean_menu_typo_font_size":0,"ocean_menu_typo_font_size_tablet":0,"ocean_menu_typo_font_size_mobile":0,"ocean_menu_typo_font_size_unit":"px","ocean_menu_typo_font_weight":"","ocean_menu_typo_font_weight_tablet":"","ocean_menu_typo_font_weight_mobile":"","ocean_menu_typo_transform":"","ocean_menu_typo_transform_tablet":"","ocean_menu_typo_transform_mobile":"","ocean_menu_typo_line_height":0,"ocean_menu_typo_line_height_tablet":0,"ocean_menu_typo_line_height_mobile":0,"ocean_menu_typo_line_height_unit":"","ocean_menu_typo_spacing":0,"ocean_menu_typo_spacing_tablet":0,"ocean_menu_typo_spacing_mobile":0,"ocean_menu_typo_spacing_unit":"","ocean_menu_link_color":"","ocean_menu_link_color_hover":"","ocean_menu_link_color_active":"","ocean_menu_link_background":"","ocean_menu_link_hover_background":"","ocean_menu_link_active_background":"","ocean_menu_social_links_bg":"","ocean_menu_social_hover_links_bg":"","ocean_menu_social_links_color":"","ocean_menu_social_hover_links_color":"","ocean_disable_title":"default","ocean_disable_heading":"default","ocean_post_title":"","ocean_post_subheading":"","ocean_post_title_style":"","ocean_post_title_background_color":"","ocean_post_title_background":0,"ocean_post_title_bg_image_position":"","ocean_post_title_bg_image_attachment":"","ocean_post_title_bg_image_repeat":"","ocean_post_title_bg_image_size":"","ocean_post_title_height":0,"ocean_post_title_bg_overlay":0.5,"ocean_post_title_bg_overlay_color":"","ocean_disable_breadcrumbs":"default","ocean_breadcrumbs_color":"","ocean_breadcrumbs_separator_color":"","ocean_breadcrumbs_links_color":"","ocean_breadcrumbs_links_hover_color":"","ocean_display_footer_widgets":"default","ocean_display_footer_bottom":"default","ocean_custom_footer_template":"0"},"product_cat":[34,104,174,121],"product_tag":[],"class_list":{"0":"post-1003","1":"product","2":"type-product","3":"status-publish","4":"has-post-thumbnail","6":"product_brand-mauli-rituals","7":"product_cat-pere","8":"product_cat-huiles-de-beaute-masques","9":"product_cat-huiles-speciales","10":"product_cat-soins-des-cheveux-pere","12":"entry","13":"has-media","15":"first","16":"instock","17":"taxable","18":"shipping-taxable","19":"purchasable","20":"product-type-simple","21":"has-product-nav","22":"col","23":"span_1_of_4","24":"owp-content-center","25":"owp-thumbs-layout-horizontal","26":"owp-btn-normal","27":"owp-tabs-layout-horizontal","28":"has-no-thumbnails"},"_links":{"self":[{"href":"https:\/\/awesomegreenbeauty.com\/en\/wp-json\/wp\/v2\/product\/1003","targetHints":{"allow":["GET"]}}],"collection":[{"href":"https:\/\/awesomegreenbeauty.com\/en\/wp-json\/wp\/v2\/product"}],"about":[{"href":"https:\/\/awesomegreenbeauty.com\/en\/wp-json\/wp\/v2\/types\/product"}],"version-history":[{"count":0,"href":"https:\/\/awesomegreenbeauty.com\/en\/wp-json\/wp\/v2\/product\/1003\/revisions"}],"wp:featuredmedia":[{"embeddable":true,"href":"https:\/\/awesomegreenbeauty.com\/en\/wp-json\/wp\/v2\/media\/16690"}],"wp:attachment":[{"href":"https:\/\/awesomegreenbeauty.com\/en\/wp-json\/wp\/v2\/media?parent=1003"}],"wp:term":[{"taxonomy":"product_cat","embeddable":true,"href":"https:\/\/awesomegreenbeauty.com\/en\/wp-json\/wp\/v2\/product_cat?post=1003"},{"taxonomy":"product_tag","embeddable":true,"href":"https:\/\/awesomegreenbeauty.com\/en\/wp-json\/wp\/v2\/product_tag?post=1003"}],"curies":[{"name":"wp","href":"https:\/\/api.w.org\/{rel}","templated":true}]}}