{"id":1069,"date":"2019-09-10T11:36:00","date_gmt":"2019-09-10T09:36:00","guid":{"rendered":"https:\/\/www.mygreenbrands.fr\/?post_type=product&#038;p=1069"},"modified":"2026-04-17T18:18:45","modified_gmt":"2026-04-17T16:18:45","slug":"mauli-rituals-huile-nourrissante-apres-rasage","status":"publish","type":"product","link":"https:\/\/awesomegreenbeauty.com\/en\/product\/mauli-rituals-huile-nourrissante-apres-rasage\/","title":{"rendered":"MAULI RITUALS \u2013 Nourishing After Shave Oil \u2013 30 ml"},"content":{"rendered":"<p>Huile nourrissante apr\u00e8s rasage. MAULI a \u00e9labor\u00e9 un m\u00e9lange d&rsquo;huiles l\u00e9g\u00e8res de moringa aux propri\u00e9t\u00e9s\u00a0 r\u00e9g\u00e9n\u00e9rantes et d\u00e9toxifiantes. Les graines noires, les graines de past\u00e8que\u00a0 impr\u00e9gn\u00e9es d&rsquo;extraits de neem\u00a0 apaise la peau apr\u00e8s rasage, lutte contre les inflammations, les d\u00e9mangeaisons et poils incarn\u00e9s. L&rsquo;huile de graine noire contient des vitamines A, B et C, du calcium, du potassium, du magn\u00e9sium, du zinc et des oligo-\u00e9l\u00e9ments.<\/p>\n<p>Cette huile nourrissante apr\u00e8s rasage puissante est tr\u00e8s efficace pour traiter les cicatrices r\u00e9centes caus\u00e9es par le rasage. L&rsquo;huile de Moringa a une teneur impressionnante en acide ol\u00e9ique de 72%, contient 47 antioxydants puissants, 36 compos\u00e9s anti-inflammatoires, 18 acides amin\u00e9s essentiels, 7 x la vitamine C d&rsquo;une orange, 3 fois le fer d&rsquo;une amande, 4 x le calcium de Lait et deux fois plus de vitamine A que dans une carotte.<\/p>\n<p>Les incroyables propri\u00e9t\u00e9s rajeunissantes de cette huile hydratante l\u00e9g\u00e8re et luxueuse p\u00e9n\u00e8trent profond\u00e9ment dans la peau. Graine de past\u00e8que est une huile l\u00e9g\u00e8re qui est riche en acides gras om\u00e9ga 6 et 9 et contient des niveaux \u00e9lev\u00e9s de vitamine B, de magn\u00e9sium et de zinc. Cette huile \u00e9limine les toxines, \u00e9limine les pores obstru\u00e9es en \u00e9liminant l&rsquo;exc\u00e8s de s\u00e9bum tout en calmant les inflammations de la peau. Les extraits de neem sont riches en vitamine E, riches en \u00e9molients et en acides gras, offrant des propri\u00e9t\u00e9s anti-inflammatoires et antibact\u00e9riennes.<\/p>\n<p data-start=\"226\" data-end=\"480\">Offrez \u00e0 votre peau et vos cheveux un soin luxueux gr\u00e2ce \u00e0 notre huile naturelle riche en actifs v\u00e9g\u00e9taux. Formul\u00e9e \u00e0 partir d\u2019huiles pr\u00e9cieuses, cette synergie nourrit, prot\u00e8ge, et sublime, tout en laissant un d\u00e9licat parfum naturel.<\/p>\n<p data-start=\"482\" data-end=\"504\"><strong data-start=\"482\" data-end=\"504\">Ingr\u00e9dients cl\u00e9s :<\/strong><\/p>\n<ul data-start=\"505\" data-end=\"1459\">\n<li data-start=\"505\" data-end=\"626\">\n<p data-start=\"507\" data-end=\"626\"><strong data-start=\"507\" data-end=\"557\">Huile d\u2019Amande Douce (Prunus Amygdalus Dulcis)<\/strong> : Adoucit et hydrate en profondeur, id\u00e9ale pour les peaux sensibles.<\/p>\n<\/li>\n<li data-start=\"627\" data-end=\"729\">\n<p data-start=\"629\" data-end=\"729\"><strong data-start=\"629\" data-end=\"675\">Huile de Coco Fractionn\u00e9e (Cocos Nucifera)<\/strong> : L\u00e9g\u00e8re et p\u00e9n\u00e9trante, elle nourrit sans effet gras.<\/p>\n<\/li>\n<li data-start=\"730\" data-end=\"843\">\n<p data-start=\"732\" data-end=\"843\"><strong data-start=\"732\" data-end=\"782\">Huile de Graines de Moringa (Moringa Oleifera)<\/strong> : Antioxydante, elle aide \u00e0 revitaliser et tonifier la peau.<\/p>\n<\/li>\n<li data-start=\"844\" data-end=\"932\">\n<p data-start=\"846\" data-end=\"932\"><strong data-start=\"846\" data-end=\"864\">Parfum Naturel<\/strong> : Une fragrance subtile et naturelle, sans substances synth\u00e9tiques.<\/p>\n<\/li>\n<li data-start=\"933\" data-end=\"1044\">\n<p data-start=\"935\" data-end=\"1044\"><strong data-start=\"935\" data-end=\"972\">Huile de Nigelle (Nigella Sativa)<\/strong> : Apaisante et purifiante, elle aide \u00e0 calmer les irritations cutan\u00e9es.<\/p>\n<\/li>\n<li data-start=\"1045\" data-end=\"1131\">\n<p data-start=\"1047\" data-end=\"1131\"><strong data-start=\"1047\" data-end=\"1082\">Huile d\u2019Argan (Argania Spinosa)<\/strong> : Riche en vitamine E, elle r\u00e9g\u00e9n\u00e8re et prot\u00e8ge.<\/p>\n<\/li>\n<li data-start=\"1132\" data-end=\"1245\">\n<p data-start=\"1134\" data-end=\"1245\"><strong data-start=\"1134\" data-end=\"1186\">Huile de P\u00e9pins de Past\u00e8que (Citrullus Vulgaris)<\/strong> : R\u00e9gule le s\u00e9bum, id\u00e9ale pour les peaux mixtes \u00e0 grasses.<\/p>\n<\/li>\n<li data-start=\"1246\" data-end=\"1359\">\n<p data-start=\"1248\" data-end=\"1359\"><strong data-start=\"1248\" data-end=\"1285\">Huile de Neem (Melia Azadirachta)<\/strong> : Antibact\u00e9rienne et antifongique, excellente pour les peaux \u00e0 probl\u00e8mes.<\/p>\n<\/li>\n<li data-start=\"1360\" data-end=\"1459\">\n<p data-start=\"1362\" data-end=\"1459\"><strong data-start=\"1362\" data-end=\"1409\">Extrait de Romarin (Rosmarinus Officinalis)<\/strong> : Tonifiant naturel, stimule la microcirculation.<\/p>\n<\/li>\n<\/ul>","protected":false},"excerpt":{"rendered":"<p><strong>100 % Naturel\u00a0 \u00a0| Addictif\u00a0<\/strong><\/p>\n<p>MAULI a \u00e9labor\u00e9 une huile nourrissante apr\u00e8s rasage formul\u00e9e\u00a0 avec un <strong>m\u00e9lange d&rsquo;huiles l\u00e9g\u00e8res de moringa<\/strong> aux propri\u00e9t\u00e9s\u00a0 <strong>r\u00e9g\u00e9n\u00e9rantes et d\u00e9toxifiantes<\/strong>.<\/p>\n<p>Ce m\u00e9lange <strong>2-en-1<\/strong> \u00e9labor\u00e9 sur les principes ayurv\u00e9diques, <strong>apaise et r\u00e9g\u00e9n\u00e8re la peau, tout en disciplinant barbe et sourcils.<\/strong><\/p>\n<p>Des huiles th\u00e9rapeutiques &#8230; Santal, g\u00e9ranium, orange sanguine &amp; coriandre.<\/p>\n<p>Divin divin divin<\/p>\n<p>&nbsp;<\/p>","protected":false},"featured_media":36092,"template":"","meta":{"ocean_post_layout":"","ocean_both_sidebars_style":"","ocean_both_sidebars_content_width":0,"ocean_both_sidebars_sidebars_width":0,"ocean_sidebar":"0","ocean_second_sidebar":"0","ocean_disable_margins":"enable","ocean_add_body_class":"","ocean_shortcode_before_top_bar":"","ocean_shortcode_after_top_bar":"","ocean_shortcode_before_header":"","ocean_shortcode_after_header":"","ocean_has_shortcode":"","ocean_shortcode_after_title":"","ocean_shortcode_before_footer_widgets":"","ocean_shortcode_after_footer_widgets":"","ocean_shortcode_before_footer_bottom":"","ocean_shortcode_after_footer_bottom":"","ocean_display_top_bar":"default","ocean_display_header":"default","ocean_header_style":"","ocean_center_header_left_menu":"0","ocean_custom_header_template":"0","ocean_custom_logo":0,"ocean_custom_retina_logo":0,"ocean_custom_logo_max_width":0,"ocean_custom_logo_tablet_max_width":0,"ocean_custom_logo_mobile_max_width":0,"ocean_custom_logo_max_height":0,"ocean_custom_logo_tablet_max_height":0,"ocean_custom_logo_mobile_max_height":0,"ocean_header_custom_menu":"0","ocean_menu_typo_font_family":"0","ocean_menu_typo_font_subset":"","ocean_menu_typo_font_size":0,"ocean_menu_typo_font_size_tablet":0,"ocean_menu_typo_font_size_mobile":0,"ocean_menu_typo_font_size_unit":"px","ocean_menu_typo_font_weight":"","ocean_menu_typo_font_weight_tablet":"","ocean_menu_typo_font_weight_mobile":"","ocean_menu_typo_transform":"","ocean_menu_typo_transform_tablet":"","ocean_menu_typo_transform_mobile":"","ocean_menu_typo_line_height":0,"ocean_menu_typo_line_height_tablet":0,"ocean_menu_typo_line_height_mobile":0,"ocean_menu_typo_line_height_unit":"","ocean_menu_typo_spacing":0,"ocean_menu_typo_spacing_tablet":0,"ocean_menu_typo_spacing_mobile":0,"ocean_menu_typo_spacing_unit":"","ocean_menu_link_color":"","ocean_menu_link_color_hover":"","ocean_menu_link_color_active":"","ocean_menu_link_background":"","ocean_menu_link_hover_background":"","ocean_menu_link_active_background":"","ocean_menu_social_links_bg":"","ocean_menu_social_hover_links_bg":"","ocean_menu_social_links_color":"","ocean_menu_social_hover_links_color":"","ocean_disable_title":"default","ocean_disable_heading":"default","ocean_post_title":"","ocean_post_subheading":"","ocean_post_title_style":"","ocean_post_title_background_color":"","ocean_post_title_background":0,"ocean_post_title_bg_image_position":"","ocean_post_title_bg_image_attachment":"","ocean_post_title_bg_image_repeat":"","ocean_post_title_bg_image_size":"","ocean_post_title_height":0,"ocean_post_title_bg_overlay":0.5,"ocean_post_title_bg_overlay_color":"","ocean_disable_breadcrumbs":"default","ocean_breadcrumbs_color":"","ocean_breadcrumbs_separator_color":"","ocean_breadcrumbs_links_color":"","ocean_breadcrumbs_links_hover_color":"","ocean_display_footer_widgets":"default","ocean_display_footer_bottom":"default","ocean_custom_footer_template":"0"},"product_cat":[34,119],"product_tag":[],"class_list":{"0":"post-1069","1":"product","2":"type-product","3":"status-publish","4":"has-post-thumbnail","6":"product_brand-mauli-rituals","7":"product_cat-pere","8":"product_cat-soins-du-visage-pere","10":"entry","11":"has-media","13":"first","14":"instock","15":"taxable","16":"shipping-taxable","17":"purchasable","18":"product-type-simple","19":"has-product-nav","20":"col","21":"span_1_of_4","22":"owp-content-center","23":"owp-thumbs-layout-horizontal","24":"owp-btn-normal","25":"owp-tabs-layout-horizontal"},"_links":{"self":[{"href":"https:\/\/awesomegreenbeauty.com\/en\/wp-json\/wp\/v2\/product\/1069","targetHints":{"allow":["GET"]}}],"collection":[{"href":"https:\/\/awesomegreenbeauty.com\/en\/wp-json\/wp\/v2\/product"}],"about":[{"href":"https:\/\/awesomegreenbeauty.com\/en\/wp-json\/wp\/v2\/types\/product"}],"version-history":[{"count":0,"href":"https:\/\/awesomegreenbeauty.com\/en\/wp-json\/wp\/v2\/product\/1069\/revisions"}],"wp:featuredmedia":[{"embeddable":true,"href":"https:\/\/awesomegreenbeauty.com\/en\/wp-json\/wp\/v2\/media\/36092"}],"wp:attachment":[{"href":"https:\/\/awesomegreenbeauty.com\/en\/wp-json\/wp\/v2\/media?parent=1069"}],"wp:term":[{"taxonomy":"product_cat","embeddable":true,"href":"https:\/\/awesomegreenbeauty.com\/en\/wp-json\/wp\/v2\/product_cat?post=1069"},{"taxonomy":"product_tag","embeddable":true,"href":"https:\/\/awesomegreenbeauty.com\/en\/wp-json\/wp\/v2\/product_tag?post=1069"}],"curies":[{"name":"wp","href":"https:\/\/api.w.org\/{rel}","templated":true}]}}