{"id":1133,"date":"2019-09-10T16:17:27","date_gmt":"2019-09-10T14:17:27","guid":{"rendered":"https:\/\/www.mygreenbrands.fr\/?post_type=product&#038;p=1133"},"modified":"2026-01-21T20:16:36","modified_gmt":"2026-01-21T19:16:36","slug":"mauli-rituals-bougie-naturelle-aux-huiles-essentielles","status":"publish","type":"product","link":"https:\/\/awesomegreenbeauty.com\/en\/product\/mauli-rituals-bougie-naturelle-aux-huiles-essentielles\/","title":{"rendered":"MAULI RITUALS - Sundaram &amp; Silence - Candle with Pure Essential Oils"},"content":{"rendered":"<p>Bougie naturelle aux huiles essentielles |100% naturelle |Bio |210 g<br \/>\nHand-poured in England with non-gmo wax and the finest essential oils to offer true therapeutic benefits.\nCalming rose and jasmine absolute, with fresh herbal accents, hints of citrus and comforting undertones of sacred sandalwood.<\/p>\n<p>Free from synthetics, petroleum, pesticides, chemicals.\nHoused in a generous hand-blown glass vessel, individually screen-printed with Maulis mantra silence is when you can hear things \u2013 a truly meaningful gift for mindful living.<\/p>\n<p>Un m\u00e9lange riche et apaisant pour cette bougie naturelle parfum\u00e9e. Fabriqu\u00e9e \u00e0 partir des meilleures huiles 100 % naturelles de rose, de bois de santal et de jasmin; elle procure une profonde sensation de d\u00e9tente et de calme.<\/p>\n<p>Des notes herbac\u00e9es rafra\u00eechissantes, ainsi qu\u2019une pointe d\u2019agrumes forment une finale ronde. Tandis que la m\u00e8che de coton dans le bocal en verre souffl\u00e9 \u00e0 la bouche, la bougie qui br\u00fble lentement commence \u00e0 br\u00fbler, un message s\u00e9rigraphi\u00e9 se r\u00e9v\u00e8le progressivement de l\u2019int\u00e9rieur du verre. Moul\u00e9 \u00e0 partir de cire v\u00e9g\u00e9tale sans OGM, qui est fabriqu\u00e9 \u00e0 partir de plantes naturelles et renouvelables.<\/p>\n<ul class=\"a-unordered-list a-vertical a-spacing-mini\">\n<li class=\"a-spacing-mini\"><span class=\"a-list-item\">Bougie parfum\u00e9e, fabriqu\u00e9e \u00e0 partir des meilleures huiles 100% naturelles, de rose, de bois de santal et de jasmin, assure un profond sentiment de relaxation et de calme<\/span><\/li>\n<li class=\"a-spacing-mini\"><span class=\"a-list-item\">Des notes d&rsquo;herbes rafra\u00eechissantes et un soup\u00e7on d&rsquo;agrumes compl\u00e8tent la boisson.<\/span><\/li>\n<li class=\"a-spacing-mini\"><span class=\"a-list-item\">M\u00e8che en coton sans plomb<\/span><\/li>\n<li class=\"a-spacing-mini\"><span class=\"a-list-item\">Autonomie : 55 heures<\/span><\/li>\n<li class=\"a-spacing-mini\"><span class=\"a-list-item\">Coul\u00e9e \u00e0 partir de cire v\u00e9g\u00e9tale sans OGM fabriqu\u00e9e \u00e0 partir de plantes naturelles et renouvelables. Livr\u00e9 dans une bo\u00eete cadeau blanche.<\/span><\/li>\n<\/ul>","protected":false},"excerpt":{"rendered":"<p>Hand-poured in England with non-gmo wax and the finest essential oils to offer true therapeutic benefits.\nCalming rose and jasmine absolute, with fresh herbal accents, hints of citrus and comforting undertones of sacred sandalwood.<\/p>","protected":false},"featured_media":1421,"template":"","meta":{"ocean_post_layout":"","ocean_both_sidebars_style":"","ocean_both_sidebars_content_width":0,"ocean_both_sidebars_sidebars_width":0,"ocean_sidebar":"0","ocean_second_sidebar":"0","ocean_disable_margins":"enable","ocean_add_body_class":"","ocean_shortcode_before_top_bar":"","ocean_shortcode_after_top_bar":"","ocean_shortcode_before_header":"","ocean_shortcode_after_header":"","ocean_has_shortcode":"","ocean_shortcode_after_title":"","ocean_shortcode_before_footer_widgets":"","ocean_shortcode_after_footer_widgets":"","ocean_shortcode_before_footer_bottom":"","ocean_shortcode_after_footer_bottom":"","ocean_display_top_bar":"default","ocean_display_header":"default","ocean_header_style":"","ocean_center_header_left_menu":"0","ocean_custom_header_template":"0","ocean_custom_logo":0,"ocean_custom_retina_logo":0,"ocean_custom_logo_max_width":0,"ocean_custom_logo_tablet_max_width":0,"ocean_custom_logo_mobile_max_width":0,"ocean_custom_logo_max_height":0,"ocean_custom_logo_tablet_max_height":0,"ocean_custom_logo_mobile_max_height":0,"ocean_header_custom_menu":"0","ocean_menu_typo_font_family":"0","ocean_menu_typo_font_subset":"","ocean_menu_typo_font_size":0,"ocean_menu_typo_font_size_tablet":0,"ocean_menu_typo_font_size_mobile":0,"ocean_menu_typo_font_size_unit":"px","ocean_menu_typo_font_weight":"","ocean_menu_typo_font_weight_tablet":"","ocean_menu_typo_font_weight_mobile":"","ocean_menu_typo_transform":"","ocean_menu_typo_transform_tablet":"","ocean_menu_typo_transform_mobile":"","ocean_menu_typo_line_height":0,"ocean_menu_typo_line_height_tablet":0,"ocean_menu_typo_line_height_mobile":0,"ocean_menu_typo_line_height_unit":"","ocean_menu_typo_spacing":0,"ocean_menu_typo_spacing_tablet":0,"ocean_menu_typo_spacing_mobile":0,"ocean_menu_typo_spacing_unit":"","ocean_menu_link_color":"","ocean_menu_link_color_hover":"","ocean_menu_link_color_active":"","ocean_menu_link_background":"","ocean_menu_link_hover_background":"","ocean_menu_link_active_background":"","ocean_menu_social_links_bg":"","ocean_menu_social_hover_links_bg":"","ocean_menu_social_links_color":"","ocean_menu_social_hover_links_color":"","ocean_disable_title":"default","ocean_disable_heading":"default","ocean_post_title":"","ocean_post_subheading":"","ocean_post_title_style":"","ocean_post_title_background_color":"","ocean_post_title_background":0,"ocean_post_title_bg_image_position":"","ocean_post_title_bg_image_attachment":"","ocean_post_title_bg_image_repeat":"","ocean_post_title_bg_image_size":"","ocean_post_title_height":0,"ocean_post_title_bg_overlay":0.5,"ocean_post_title_bg_overlay_color":"","ocean_disable_breadcrumbs":"default","ocean_breadcrumbs_color":"","ocean_breadcrumbs_separator_color":"","ocean_breadcrumbs_links_color":"","ocean_breadcrumbs_links_hover_color":"","ocean_display_footer_widgets":"default","ocean_display_footer_bottom":"default","ocean_custom_footer_template":"0"},"product_cat":[126,187],"product_tag":[],"class_list":{"0":"post-1133","1":"product","2":"type-product","3":"status-publish","4":"has-post-thumbnail","6":"product_brand-mauli-rituals","7":"product_cat-bougies","8":"product_cat-home","10":"entry","11":"has-media","13":"first","14":"instock","15":"taxable","16":"shipping-taxable","17":"purchasable","18":"product-type-simple","19":"has-product-nav","20":"col","21":"span_1_of_4","22":"owp-content-center","23":"owp-thumbs-layout-horizontal","24":"owp-btn-normal","25":"owp-tabs-layout-horizontal"},"_links":{"self":[{"href":"https:\/\/awesomegreenbeauty.com\/en\/wp-json\/wp\/v2\/product\/1133","targetHints":{"allow":["GET"]}}],"collection":[{"href":"https:\/\/awesomegreenbeauty.com\/en\/wp-json\/wp\/v2\/product"}],"about":[{"href":"https:\/\/awesomegreenbeauty.com\/en\/wp-json\/wp\/v2\/types\/product"}],"version-history":[{"count":0,"href":"https:\/\/awesomegreenbeauty.com\/en\/wp-json\/wp\/v2\/product\/1133\/revisions"}],"wp:featuredmedia":[{"embeddable":true,"href":"https:\/\/awesomegreenbeauty.com\/en\/wp-json\/wp\/v2\/media\/1421"}],"wp:attachment":[{"href":"https:\/\/awesomegreenbeauty.com\/en\/wp-json\/wp\/v2\/media?parent=1133"}],"wp:term":[{"taxonomy":"product_cat","embeddable":true,"href":"https:\/\/awesomegreenbeauty.com\/en\/wp-json\/wp\/v2\/product_cat?post=1133"},{"taxonomy":"product_tag","embeddable":true,"href":"https:\/\/awesomegreenbeauty.com\/en\/wp-json\/wp\/v2\/product_tag?post=1133"}],"curies":[{"name":"wp","href":"https:\/\/api.w.org\/{rel}","templated":true}]}}