{"id":15666,"date":"2023-04-06T16:56:42","date_gmt":"2023-04-06T14:56:42","guid":{"rendered":"https:\/\/awesomegreenbeauty.com\/?post_type=product&#038;p=15666"},"modified":"2024-12-28T13:14:00","modified_gmt":"2024-12-28T12:14:00","slug":"flower-and-spice-elixir-pristine-anti-imperfections-taches-50ml","status":"publish","type":"product","link":"https:\/\/awesomegreenbeauty.com\/en\/product\/flower-and-spice-elixir-pristine-anti-imperfections-taches-50ml\/","title":{"rendered":"FLOWER AND SPICE \u2013 Pristine Elixir anti-imperfections &amp; Dark spots \u2013 50ml"},"content":{"rendered":"<p>The Essence <strong>PRISTINE Lavender &amp; Fennel<\/strong> is a must to fight against imperfections, moisturize, fight against pigment spots to reveal a luminous complexion.<\/p>\n<p>Formulated with 7 rare bioactive plant extracts wild-harvested at high altitudes, Pristine Brithenig Essence fights blemishes, dark spots, moisturizes and helps even skin tone for a brighter, more radiant complexion.<\/p>\n<p><strong>Evening primrose<\/strong> oil contains around 10% gamma-linoleic acid (GLA). GLA is needed to maintain elasticity and stability, reduce transepidermal water loss (TEWL), and repair and maintain healthy skin. It also helps to improve our skin's microcirculation. The emollients contained in the oil help to strengthen the skin's barrier function. <strong>Benefits: rich in essential fatty acids, moisturising, anti-inflammatory\n\nArginine is an amino acid that helps protect the skin from free radical damage, increases skin hydration levels, revitalises the skin and potentially supports collagen production. It is used in the care of stressed skin as it protects the skin against oxidative stress.\n\nBenefits: antioxidant, potentially supports collagen formation, humectant, protects against oxidative stress.<\/strong><\/p>\n<p><strong>L&rsquo;arginine<\/strong> est un acide amin\u00e9 qui aide \u00e0 prot\u00e9ger la peau des dommages des radicaux libres, augmente les niveaux d&rsquo;hydratation de la peau, revitalise la peau et soutient potentiellement la production de collag\u00e8ne. Il est utilis\u00e9 pour le soin des peaux stress\u00e9es car il prot\u00e8ge la peau contre le stress oxydatif.<\/p>\n<p><strong>Benefits:<\/strong> antioxidant, potentially supports collagen formation, humectant, protects against oxidative stress.<\/p>\n<p><strong>Lavander<\/strong>\u00a0 Both the essential oil and the water-based distillate of lavender are incorporated into our products. The oil is said to help stimulate cell growth, while the water-based distillate has toning and soothing properties for the skin. <strong>Benefits:<\/strong> antibacterial, anti-inflammatory, regenerating, calming, anti-allergenic, toning, stimulating.<\/p>\n<p class=\"translation-block\"><strong>Fennel<\/strong> helps maintain youthful and healthy skin. Its natural content of beneficial components includes more than 87 volatile compounds, phenolic compounds, fatty acids and amino acids.<\/p>\n<p><strong>Benefits:<\/strong> antioxidant properties, helps skin retain moisture, prevents transepidermal water loss (TEWL), antibacterial, antimicrobial and antifungal properties, strong anti-free radical activity<\/p>\n<p><strong>Peppermint<\/strong> reduces redness, irritation and itching. It refreshes the skin by tightening the capillaries and helps healing. Its mild antiseptic effect helps control bacteria on the surface of the skin, making it the ideal ingredient for treating blemish-prone skin.\u00a0<strong>Benefits: antimicrobial, refreshing, astringent, antipruritic, anti-inflammatory<\/strong><\/p>\n<p><strong>Flower\/leaf\/Speedwell<\/strong>extract is known to have strong antioxidant properties that help slow or prevent cell damage caused by oxidation. It is thought to stimulate collagen synthesis and help to gently smooth the appearance of fine lines and wrinkles. It is also thought to have purifying and toning properties that can help to refine pores.\u00a0<strong>Benefits<\/strong> : anti-inflammatory, antioxidant, soothing, stimulating, purifying, tonic<\/p>\n<p><strong>Extrait de fleur\/feuille\/tige de mauve<\/strong>. Sa teneur \u00e9lev\u00e9e en flavono\u00efdes, vitamines C et E offre des avantages antioxydants potentiels aide \u00e0 pr\u00e9venir les dommages cellulaires caus\u00e9s par les influences environnementales telles que les rayons UV et la pollution.<strong>\u00a0Benefits<\/strong> : apaisant, \u00e9mollient, antioxydant, astringent, revitalisant.<\/p>\n<p><strong>Lemon balm<\/strong> contains antioxidants called caffeic acid and ferulic acid. Studies have shown that their antioxidant effects neutralise the oxidative impact of free radicals, which can damage cells and contribute to premature ageing. <strong>Benefits<\/strong> antioxidant, astringent, soothing and calming, anti-inflammatory, antibacterial, antifungal and antimicrobial.<\/p>\n<p class=\"translation-block\">Alchemilla extract: Healing herb due to its ability to reduce inflammation and promote faster healing. The flavonoids and phenolic acids present in the extract are powerful antioxidants that help fight free radical damage. They are also believed to help reduce the appearance of fine lines and wrinkles.<\/p>\n<p><strong>Primrose extract,<\/strong> rich in beta-carotene, vitamin C, calcium, sodium, potassium and salicylates. These antioxidant nutrients help in faster healing of the skin. Its cell stimulating and rejuvenating properties help even skin tone. It is commonly used to treat congested skin prone to acne and blemishes. Benefits: soothing, antioxidant, immune stimulant, toning.<\/p>\n<p>&nbsp;<\/p>","protected":false},"excerpt":{"rendered":"<p><strong>PRISTINE Essence | Organic Ingredients | Imperfections &amp; Pigmentation Spots\u00a0<\/strong><\/p>\n<p>Formulated with 7 rare bioactive plant extracts wild-harvested at high altitudes, Pristine Brithenig Essence fights blemishes, dark spots, moisturizes and helps even skin tone for a brighter, more radiant complexion.<\/p>\n<p><strong>Benefits<\/strong>: antibacterial, anti-inflammatory, anti-imperfections, exfoliating, complexion unifier, anti-oxidant, regenerating &amp; strong anti-radical activity.<\/p>\n<p>&nbsp;<\/p>\n<p><!--more--><\/p>\n<p>&nbsp;<\/p>","protected":false},"featured_media":15672,"template":"","meta":{"ocean_post_layout":"","ocean_both_sidebars_style":"","ocean_both_sidebars_content_width":0,"ocean_both_sidebars_sidebars_width":0,"ocean_sidebar":"0","ocean_second_sidebar":"0","ocean_disable_margins":"enable","ocean_add_body_class":"","ocean_shortcode_before_top_bar":"","ocean_shortcode_after_top_bar":"","ocean_shortcode_before_header":"","ocean_shortcode_after_header":"","ocean_has_shortcode":"","ocean_shortcode_after_title":"","ocean_shortcode_before_footer_widgets":"","ocean_shortcode_after_footer_widgets":"","ocean_shortcode_before_footer_bottom":"","ocean_shortcode_after_footer_bottom":"","ocean_display_top_bar":"default","ocean_display_header":"default","ocean_header_style":"","ocean_center_header_left_menu":"0","ocean_custom_header_template":"0","ocean_custom_logo":0,"ocean_custom_retina_logo":0,"ocean_custom_logo_max_width":0,"ocean_custom_logo_tablet_max_width":0,"ocean_custom_logo_mobile_max_width":0,"ocean_custom_logo_max_height":0,"ocean_custom_logo_tablet_max_height":0,"ocean_custom_logo_mobile_max_height":0,"ocean_header_custom_menu":"0","ocean_menu_typo_font_family":"0","ocean_menu_typo_font_subset":"","ocean_menu_typo_font_size":0,"ocean_menu_typo_font_size_tablet":0,"ocean_menu_typo_font_size_mobile":0,"ocean_menu_typo_font_size_unit":"px","ocean_menu_typo_font_weight":"","ocean_menu_typo_font_weight_tablet":"","ocean_menu_typo_font_weight_mobile":"","ocean_menu_typo_transform":"","ocean_menu_typo_transform_tablet":"","ocean_menu_typo_transform_mobile":"","ocean_menu_typo_line_height":0,"ocean_menu_typo_line_height_tablet":0,"ocean_menu_typo_line_height_mobile":0,"ocean_menu_typo_line_height_unit":"","ocean_menu_typo_spacing":0,"ocean_menu_typo_spacing_tablet":0,"ocean_menu_typo_spacing_mobile":0,"ocean_menu_typo_spacing_unit":"","ocean_menu_link_color":"","ocean_menu_link_color_hover":"","ocean_menu_link_color_active":"","ocean_menu_link_background":"","ocean_menu_link_hover_background":"","ocean_menu_link_active_background":"","ocean_menu_social_links_bg":"","ocean_menu_social_hover_links_bg":"","ocean_menu_social_links_color":"","ocean_menu_social_hover_links_color":"","ocean_disable_title":"default","ocean_disable_heading":"default","ocean_post_title":"","ocean_post_subheading":"","ocean_post_title_style":"","ocean_post_title_background_color":"","ocean_post_title_background":0,"ocean_post_title_bg_image_position":"","ocean_post_title_bg_image_attachment":"","ocean_post_title_bg_image_repeat":"","ocean_post_title_bg_image_size":"","ocean_post_title_height":0,"ocean_post_title_bg_overlay":0.5,"ocean_post_title_bg_overlay_color":"","ocean_disable_breadcrumbs":"default","ocean_breadcrumbs_color":"","ocean_breadcrumbs_separator_color":"","ocean_breadcrumbs_links_color":"","ocean_breadcrumbs_links_hover_color":"","ocean_display_footer_widgets":"default","ocean_display_footer_bottom":"default","ocean_custom_footer_template":"0"},"product_cat":[410,78,89,409],"product_tag":[],"class_list":{"0":"post-15666","1":"product","2":"type-product","3":"status-publish","4":"has-post-thumbnail","6":"product_brand-flower-and-spice","7":"product_cat-hyperpigmentation-taches-pigmentaires","8":"product_cat-lotions-hydrolats-brumises-bio-naturelles","9":"product_cat-peaux-grasses-mixtes","10":"product_cat-peaux-ternes","12":"entry","13":"has-media","15":"first","16":"instock","17":"taxable","18":"shipping-taxable","19":"purchasable","20":"product-type-simple","21":"has-product-nav","22":"col","23":"span_1_of_4","24":"owp-content-center","25":"owp-thumbs-layout-horizontal","26":"owp-btn-normal","27":"owp-tabs-layout-horizontal"},"_links":{"self":[{"href":"https:\/\/awesomegreenbeauty.com\/en\/wp-json\/wp\/v2\/product\/15666","targetHints":{"allow":["GET"]}}],"collection":[{"href":"https:\/\/awesomegreenbeauty.com\/en\/wp-json\/wp\/v2\/product"}],"about":[{"href":"https:\/\/awesomegreenbeauty.com\/en\/wp-json\/wp\/v2\/types\/product"}],"version-history":[{"count":0,"href":"https:\/\/awesomegreenbeauty.com\/en\/wp-json\/wp\/v2\/product\/15666\/revisions"}],"wp:featuredmedia":[{"embeddable":true,"href":"https:\/\/awesomegreenbeauty.com\/en\/wp-json\/wp\/v2\/media\/15672"}],"wp:attachment":[{"href":"https:\/\/awesomegreenbeauty.com\/en\/wp-json\/wp\/v2\/media?parent=15666"}],"wp:term":[{"taxonomy":"product_cat","embeddable":true,"href":"https:\/\/awesomegreenbeauty.com\/en\/wp-json\/wp\/v2\/product_cat?post=15666"},{"taxonomy":"product_tag","embeddable":true,"href":"https:\/\/awesomegreenbeauty.com\/en\/wp-json\/wp\/v2\/product_tag?post=15666"}],"curies":[{"name":"wp","href":"https:\/\/api.w.org\/{rel}","templated":true}]}}