{"id":15673,"date":"2023-04-06T17:19:26","date_gmt":"2023-04-06T15:19:26","guid":{"rendered":"https:\/\/awesomegreenbeauty.com\/?post_type=product&#038;p=15673"},"modified":"2024-12-28T12:50:15","modified_gmt":"2024-12-28T11:50:15","slug":"flower-spice-baume-exfoliant-special-eclat-120ml","status":"publish","type":"product","link":"https:\/\/awesomegreenbeauty.com\/en\/product\/flower-spice-baume-exfoliant-special-eclat-120ml\/","title":{"rendered":"FLOWER SPICE \u2013 Special Radiance Exfoliating Balm \u2013 120ml"},"content":{"rendered":"<p><strong>This baume Instant Glow\u00a0<\/strong> is <strong>a gentle, creamy exfoliant<\/strong> formulated with bamboo stalks and <strong>acides de fruits AHA<\/strong> to gently remove dead skin cells. Enriched with grapeseed oil and shea butter to moisturise the skin, and infused with antioxidant-rich essential oils of lavender and fennel seed for their antimicrobial and anti-inflammatory properties to increase blood circulation. This allows the active ingredients to be more easily absorbed by the skin and therefore more effective.<\/p>\n<p>It is well documented that AHA acids can benefit problem skin and are excellent for exfoliation. They work by helping to slough off dead cells from the top layer of skin. The AHAs used are those from <strong>\u00a0provenant de plantes de la canne \u00e0 sucre, l&rsquo;orange et \u00e9rable \u00e0 sucre.<\/strong><\/p>\n<p><strong>Benefits<\/strong> improves skin tone, helps increase epidermal cell turnover, collagen booster, brightens and refreshes skin, moisturizing<\/p>","protected":false},"excerpt":{"rendered":"<p><strong>Baume Instant Glow\u00a0<\/strong> is <strong>a gentle, creamy exfoliant<\/strong> formulated with bamboo stalks and <strong>acides de fruits AHA<\/strong> to gently remove the dull top layer of skin and remove dead skin cells.<\/p>\n<p><strong>The result is LUMINOUS skin<\/strong>. Elimine efficacement les cellules mortes, exfolie, nettoie la peau en profondeur et traite les imperfections.\u00a0 R\u00e9compens\u00e9 par des experts de l&rsquo;industrie.<\/p>","protected":false},"featured_media":15690,"template":"","meta":{"ocean_post_layout":"","ocean_both_sidebars_style":"","ocean_both_sidebars_content_width":0,"ocean_both_sidebars_sidebars_width":0,"ocean_sidebar":"0","ocean_second_sidebar":"0","ocean_disable_margins":"enable","ocean_add_body_class":"","ocean_shortcode_before_top_bar":"","ocean_shortcode_after_top_bar":"","ocean_shortcode_before_header":"","ocean_shortcode_after_header":"","ocean_has_shortcode":"","ocean_shortcode_after_title":"","ocean_shortcode_before_footer_widgets":"","ocean_shortcode_after_footer_widgets":"","ocean_shortcode_before_footer_bottom":"","ocean_shortcode_after_footer_bottom":"","ocean_display_top_bar":"default","ocean_display_header":"default","ocean_header_style":"","ocean_center_header_left_menu":"0","ocean_custom_header_template":"0","ocean_custom_logo":0,"ocean_custom_retina_logo":0,"ocean_custom_logo_max_width":0,"ocean_custom_logo_tablet_max_width":0,"ocean_custom_logo_mobile_max_width":0,"ocean_custom_logo_max_height":0,"ocean_custom_logo_tablet_max_height":0,"ocean_custom_logo_mobile_max_height":0,"ocean_header_custom_menu":"0","ocean_menu_typo_font_family":"0","ocean_menu_typo_font_subset":"","ocean_menu_typo_font_size":0,"ocean_menu_typo_font_size_tablet":0,"ocean_menu_typo_font_size_mobile":0,"ocean_menu_typo_font_size_unit":"px","ocean_menu_typo_font_weight":"","ocean_menu_typo_font_weight_tablet":"","ocean_menu_typo_font_weight_mobile":"","ocean_menu_typo_transform":"","ocean_menu_typo_transform_tablet":"","ocean_menu_typo_transform_mobile":"","ocean_menu_typo_line_height":0,"ocean_menu_typo_line_height_tablet":0,"ocean_menu_typo_line_height_mobile":0,"ocean_menu_typo_line_height_unit":"","ocean_menu_typo_spacing":0,"ocean_menu_typo_spacing_tablet":0,"ocean_menu_typo_spacing_mobile":0,"ocean_menu_typo_spacing_unit":"","ocean_menu_link_color":"","ocean_menu_link_color_hover":"","ocean_menu_link_color_active":"","ocean_menu_link_background":"","ocean_menu_link_hover_background":"","ocean_menu_link_active_background":"","ocean_menu_social_links_bg":"","ocean_menu_social_hover_links_bg":"","ocean_menu_social_links_color":"","ocean_menu_social_hover_links_color":"","ocean_disable_title":"default","ocean_disable_heading":"default","ocean_post_title":"","ocean_post_subheading":"","ocean_post_title_style":"","ocean_post_title_background_color":"","ocean_post_title_background":0,"ocean_post_title_bg_image_position":"","ocean_post_title_bg_image_attachment":"","ocean_post_title_bg_image_repeat":"","ocean_post_title_bg_image_size":"","ocean_post_title_height":0,"ocean_post_title_bg_overlay":0.5,"ocean_post_title_bg_overlay_color":"","ocean_disable_breadcrumbs":"default","ocean_breadcrumbs_color":"","ocean_breadcrumbs_separator_color":"","ocean_breadcrumbs_links_color":"","ocean_breadcrumbs_links_hover_color":"","ocean_display_footer_widgets":"default","ocean_display_footer_bottom":"default","ocean_custom_footer_template":"0"},"product_cat":[75,34,410,76,89,87,409,119,20],"product_tag":[],"class_list":{"0":"post-15673","1":"product","2":"type-product","3":"status-publish","4":"has-post-thumbnail","6":"product_brand-flower-and-spice","7":"product_cat-exfoliants-visage-naturels-bio","8":"product_cat-pere","9":"product_cat-hyperpigmentation-taches-pigmentaires","10":"product_cat-masques-traitants-naturels-bio","11":"product_cat-peaux-grasses-mixtes","12":"product_cat-peaux-matures","13":"product_cat-peaux-ternes","14":"product_cat-soins-du-visage-pere","15":"product_cat-soins-du-visage","17":"entry","18":"has-media","20":"first","21":"instock","22":"taxable","23":"shipping-taxable","24":"purchasable","25":"product-type-simple","26":"has-product-nav","27":"col","28":"span_1_of_4","29":"owp-content-center","30":"owp-thumbs-layout-horizontal","31":"owp-btn-normal","32":"owp-tabs-layout-horizontal"},"_links":{"self":[{"href":"https:\/\/awesomegreenbeauty.com\/en\/wp-json\/wp\/v2\/product\/15673","targetHints":{"allow":["GET"]}}],"collection":[{"href":"https:\/\/awesomegreenbeauty.com\/en\/wp-json\/wp\/v2\/product"}],"about":[{"href":"https:\/\/awesomegreenbeauty.com\/en\/wp-json\/wp\/v2\/types\/product"}],"version-history":[{"count":0,"href":"https:\/\/awesomegreenbeauty.com\/en\/wp-json\/wp\/v2\/product\/15673\/revisions"}],"wp:featuredmedia":[{"embeddable":true,"href":"https:\/\/awesomegreenbeauty.com\/en\/wp-json\/wp\/v2\/media\/15690"}],"wp:attachment":[{"href":"https:\/\/awesomegreenbeauty.com\/en\/wp-json\/wp\/v2\/media?parent=15673"}],"wp:term":[{"taxonomy":"product_cat","embeddable":true,"href":"https:\/\/awesomegreenbeauty.com\/en\/wp-json\/wp\/v2\/product_cat?post=15673"},{"taxonomy":"product_tag","embeddable":true,"href":"https:\/\/awesomegreenbeauty.com\/en\/wp-json\/wp\/v2\/product_tag?post=15673"}],"curies":[{"name":"wp","href":"https:\/\/api.w.org\/{rel}","templated":true}]}}