{"id":16577,"date":"2023-04-12T15:41:50","date_gmt":"2023-04-12T13:41:50","guid":{"rendered":"https:\/\/awesomegreenbeauty.com\/?post_type=product&#038;p=16577"},"modified":"2025-01-22T19:16:28","modified_gmt":"2025-01-22T18:16:28","slug":"mokann-baume-pour-le-corps-chocolat-cerise","status":"publish","type":"product","link":"https:\/\/awesomegreenbeauty.com\/en\/product\/mokann-baume-pour-le-corps-chocolat-cerise\/","title":{"rendered":"MOKANN - Body Balm Chocolat &amp; Cherry"},"content":{"rendered":"<p><strong>Baume nourrissant pour le corps \u00e0 base d&rsquo;huiles v\u00e9g\u00e9tales naturelles, au doux et d\u00e9licieux parfum de chocolat aux cerises.<\/strong> Le baume contient des huiles naturelles soigneusement s\u00e9lectionn\u00e9es. L&rsquo;huile d&rsquo;argan, appel\u00e9e \u00ab Or liquide du Maroc \u00bb dont les propri\u00e9t\u00e9s anti-\u00e2ge ne sont plus \u00e0 d\u00e9montrer. Le squalane et l&rsquo;huile de jojoba ont un effet positif sur le maintien de l&rsquo;\u00e9quilibre hydrolipidique de la peau et op\u00e8rent comme des agents de protection. L&rsquo;huile de noyau de cerise et la vitamine E naturelle ont de fortes propri\u00e9t\u00e9s antioxydantes. Elles apaisent la peau s\u00e8che et am\u00e9liorent son \u00e9lasticit\u00e9. Les effets nourrissants et fortifiants du baume sont renforc\u00e9s par le beurre de cacao.<\/p>\n<p><strong>Le squalane est un \u00e9mollient actif reconnu pour sa grande affinit\u00e9 avec la peau<\/strong>. Il renforce le film hydrolipidique et limite la d\u00e9shydratation.<br \/>\nLe squalane <strong>v\u00e9g\u00e9tal est r\u00e9cup\u00e9r\u00e9 \u00e0 partir de squal\u00e8ne provenant des r\u00e9sidus d\u2019huile d\u2019olive, de canne \u00e0 sucre, du riz, du bl\u00e9, de la betterave \u00e0 sucre, de l\u2019huile de palme ou de l\u2019amarante.<\/strong> Dans le cas du squalane d\u2019huile d\u2019olive, le processus consiste \u00e0 r\u00e9cup\u00e9rer le squal\u00e8ne insaponifiable \u00e0 l\u2019aide d\u2019un proc\u00e9d\u00e9 de distillation visant \u00e0 \u00f4ter la pulpe des olives qui servira \u00e0 fournir l\u2019huile. Le squal\u00e8ne est ensuite hydrog\u00e9n\u00e9 en squalane.<\/p>","protected":false},"excerpt":{"rendered":"<p>This balm contains natural oils that have a positive effect on maintaining the hydrolipidic balance of the skin. Cherry kernel oil and natural vitamin E have strong antioxidant properties. They soothe dry skin and improve its elasticity. The nourishing and fortifying effects of the balm are enhanced by cocoa butter.<\/p>\n<p>The result: soft, smooth, hydrated and even skin.<\/p>\n<p>&nbsp;<\/p>","protected":false},"featured_media":16578,"template":"","meta":{"ocean_post_layout":"","ocean_both_sidebars_style":"","ocean_both_sidebars_content_width":0,"ocean_both_sidebars_sidebars_width":0,"ocean_sidebar":"0","ocean_second_sidebar":"0","ocean_disable_margins":"enable","ocean_add_body_class":"","ocean_shortcode_before_top_bar":"","ocean_shortcode_after_top_bar":"","ocean_shortcode_before_header":"","ocean_shortcode_after_header":"","ocean_has_shortcode":"","ocean_shortcode_after_title":"","ocean_shortcode_before_footer_widgets":"","ocean_shortcode_after_footer_widgets":"","ocean_shortcode_before_footer_bottom":"","ocean_shortcode_after_footer_bottom":"","ocean_display_top_bar":"default","ocean_display_header":"default","ocean_header_style":"","ocean_center_header_left_menu":"0","ocean_custom_header_template":"0","ocean_custom_logo":0,"ocean_custom_retina_logo":0,"ocean_custom_logo_max_width":0,"ocean_custom_logo_tablet_max_width":0,"ocean_custom_logo_mobile_max_width":0,"ocean_custom_logo_max_height":0,"ocean_custom_logo_tablet_max_height":0,"ocean_custom_logo_mobile_max_height":0,"ocean_header_custom_menu":"0","ocean_menu_typo_font_family":"0","ocean_menu_typo_font_subset":"","ocean_menu_typo_font_size":0,"ocean_menu_typo_font_size_tablet":0,"ocean_menu_typo_font_size_mobile":0,"ocean_menu_typo_font_size_unit":"px","ocean_menu_typo_font_weight":"","ocean_menu_typo_font_weight_tablet":"","ocean_menu_typo_font_weight_mobile":"","ocean_menu_typo_transform":"","ocean_menu_typo_transform_tablet":"","ocean_menu_typo_transform_mobile":"","ocean_menu_typo_line_height":0,"ocean_menu_typo_line_height_tablet":0,"ocean_menu_typo_line_height_mobile":0,"ocean_menu_typo_line_height_unit":"","ocean_menu_typo_spacing":0,"ocean_menu_typo_spacing_tablet":0,"ocean_menu_typo_spacing_mobile":0,"ocean_menu_typo_spacing_unit":"","ocean_menu_link_color":"","ocean_menu_link_color_hover":"","ocean_menu_link_color_active":"","ocean_menu_link_background":"","ocean_menu_link_hover_background":"","ocean_menu_link_active_background":"","ocean_menu_social_links_bg":"","ocean_menu_social_hover_links_bg":"","ocean_menu_social_links_color":"","ocean_menu_social_hover_links_color":"","ocean_disable_title":"default","ocean_disable_heading":"default","ocean_post_title":"","ocean_post_subheading":"","ocean_post_title_style":"","ocean_post_title_background_color":"","ocean_post_title_background":0,"ocean_post_title_bg_image_position":"","ocean_post_title_bg_image_attachment":"","ocean_post_title_bg_image_repeat":"","ocean_post_title_bg_image_size":"","ocean_post_title_height":0,"ocean_post_title_bg_overlay":0.5,"ocean_post_title_bg_overlay_color":"","ocean_disable_breadcrumbs":"default","ocean_breadcrumbs_color":"","ocean_breadcrumbs_separator_color":"","ocean_breadcrumbs_links_color":"","ocean_breadcrumbs_links_hover_color":"","ocean_display_footer_widgets":"default","ocean_display_footer_bottom":"default","ocean_custom_footer_template":"0"},"product_cat":[21,95],"product_tag":[],"class_list":{"0":"post-16577","1":"product","2":"type-product","3":"status-publish","4":"has-post-thumbnail","6":"product_brand-mokosh","7":"product_cat-soins-du-corps","8":"product_cat-huiles-et-cremes-pour-le-corps","10":"entry","11":"has-media","13":"first","14":"outofstock","15":"taxable","16":"shipping-taxable","17":"purchasable","18":"product-type-simple","19":"has-product-nav","20":"col","21":"span_1_of_4","22":"owp-content-center","23":"owp-thumbs-layout-horizontal","24":"owp-btn-normal","25":"owp-tabs-layout-horizontal","26":"has-no-thumbnails"},"_links":{"self":[{"href":"https:\/\/awesomegreenbeauty.com\/en\/wp-json\/wp\/v2\/product\/16577","targetHints":{"allow":["GET"]}}],"collection":[{"href":"https:\/\/awesomegreenbeauty.com\/en\/wp-json\/wp\/v2\/product"}],"about":[{"href":"https:\/\/awesomegreenbeauty.com\/en\/wp-json\/wp\/v2\/types\/product"}],"version-history":[{"count":0,"href":"https:\/\/awesomegreenbeauty.com\/en\/wp-json\/wp\/v2\/product\/16577\/revisions"}],"wp:featuredmedia":[{"embeddable":true,"href":"https:\/\/awesomegreenbeauty.com\/en\/wp-json\/wp\/v2\/media\/16578"}],"wp:attachment":[{"href":"https:\/\/awesomegreenbeauty.com\/en\/wp-json\/wp\/v2\/media?parent=16577"}],"wp:term":[{"taxonomy":"product_cat","embeddable":true,"href":"https:\/\/awesomegreenbeauty.com\/en\/wp-json\/wp\/v2\/product_cat?post=16577"},{"taxonomy":"product_tag","embeddable":true,"href":"https:\/\/awesomegreenbeauty.com\/en\/wp-json\/wp\/v2\/product_tag?post=16577"}],"curies":[{"name":"wp","href":"https:\/\/api.w.org\/{rel}","templated":true}]}}