{"id":170,"date":"2019-08-28T11:36:54","date_gmt":"2019-08-28T09:36:54","guid":{"rendered":"https:\/\/www.mygreenbrands.fr\/?post_type=product&#038;p=170"},"modified":"2026-01-23T16:55:07","modified_gmt":"2026-01-23T15:55:07","slug":"creme-solaire-minerale-visage-avec-20-zinc-malu","status":"publish","type":"product","link":"https:\/\/awesomegreenbeauty.com\/en\/product\/creme-solaire-minerale-visage-avec-20-zinc-malu\/","title":{"rendered":"HONUA SKINCARE \u2013 Malu Cr\u00e8me de jour SPF 30 &#8211; 30 ml"},"content":{"rendered":"<h3 data-start=\"652\" data-end=\"696\">Cr\u00e8me solaire min\u00e9rale visage avec 20 % d\u2019oxyde de zinc.\u00a0<strong data-start=\"659\" data-end=\"696\">Protection solaire 100 % min\u00e9rale. *Nouvelle formule enrichie en antioxydants &#8211; Cr\u00e8me de jour Malu + SPF 30<\/strong><\/h3>\n<p data-start=\"697\" data-end=\"1018\">Notre cr\u00e8me solaire naturelle est formul\u00e9e avec <strong data-start=\"745\" data-end=\"778\">20 % d\u2019oxyde de zinc non-nano<\/strong>, un filtre physique doux qui forme une barri\u00e8re protectrice contre les rayons UVA et UVB. Id\u00e9ale pour un usage quotidien, elle ne p\u00e9n\u00e8tre pas la peau et est parfaitement <strong data-start=\"949\" data-end=\"1017\">adapt\u00e9e aux peaux sensibles, aux enfants et aux femmes enceintes<\/strong>.<\/p>\n<p>Le NOUVEAU complexe botanique actif de Honua &#8211; Astaxanthine, Noni, Hibiscus et &lsquo;\u014clena ; ajout\u00e9 pour augmenter consid\u00e9rablement la protection antioxydante, augmenter naturellement l&rsquo;indice de protection et aider la peau \u00e0 se remettre des dommages caus\u00e9s par le soleil<br \/>\nNiacinamide et Acide Hyaluronique &#8211; ajout\u00e9s pour aider \u00e0 hydrater et \u00e0 lisser la peau<br \/>\nVous tomberez amoureux de Malu une fois de plus. (L&rsquo;astaxanthine cultiv\u00e9e \u00e0 Kona peut lui donner une l\u00e9g\u00e8re couleur rose \u00e0 p\u00eache qui se fondra directement dans la peau sans laisser de traces et vous pouvez vous attendre au m\u00eame doux parfum de jasmin).<\/p>\n<p>Malu est la derni\u00e8re \u00e9tape de votre rituel facial quotidien Honua pour prot\u00e9ger votre peau du soleil et des polluants environnementaux quotidiens. MALU associe des protections naturelles modernes \u00e0 des protections hawa\u00efennes traditionnelles et contient des ingr\u00e9dients sans danger pour les r\u00e9cifs, tout en gardant nos oc\u00e9ans \u00e0 l&rsquo;esprit. Les parfums de jasmin fusionnent avec le noni antioxydant et le laukahi nourrissant pour cr\u00e9er une cr\u00e8me de jour cr\u00e9meuse et luxueuse qui ne laisse pas de traces blanches. Nous utilisons de l&rsquo;oxyde de zinc non nano, \u00e0 large spectre.<\/p>\n<p>Un pourcentage des recettes de MALU est revers\u00e9 \u00e0 Kuleana Coral, une organisation \u00e0 but non lucratif qui \u00e9duque notre communaut\u00e9 et s&rsquo;efforce de pr\u00e9server la sant\u00e9 et la prosp\u00e9rit\u00e9 de nos r\u00e9cifs. Les hauts roses Malu soutiennent les partenaires de la pr\u00e9vention du cancer du sein !<\/p>\n<h2 data-start=\"2127\" data-end=\"2179\"><strong data-start=\"2133\" data-end=\"2179\">Principaux ingr\u00e9dients cl\u00e9s &amp; bienfaits<\/strong><\/h2>\n<div class=\"_tableContainer_80l1q_1\">\n<div class=\"_tableWrapper_80l1q_14 group flex w-fit flex-col-reverse\" tabindex=\"-1\">\n<table class=\"w-fit min-w-(--thread-content-width)\" data-start=\"2181\" data-end=\"2660\">\n<thead data-start=\"2181\" data-end=\"2202\">\n<tr data-start=\"2181\" data-end=\"2202\">\n<th data-start=\"2181\" data-end=\"2194\" data-col-size=\"sm\">Ingr\u00e9dient<\/th>\n<th data-start=\"2194\" data-end=\"2202\" data-col-size=\"md\">R\u00f4le<\/th>\n<\/tr>\n<\/thead>\n<tbody data-start=\"2224\" data-end=\"2660\">\n<tr data-start=\"2224\" data-end=\"2279\">\n<td data-start=\"2224\" data-end=\"2240\" data-col-size=\"sm\"><strong data-start=\"2226\" data-end=\"2239\">Aloe vera<\/strong><\/td>\n<td data-col-size=\"md\" data-start=\"2240\" data-end=\"2279\">Apaise, hydrate, calme les rougeurs<\/td>\n<\/tr>\n<tr data-start=\"2280\" data-end=\"2359\">\n<td data-start=\"2280\" data-end=\"2308\" data-col-size=\"sm\"><strong data-start=\"2282\" data-end=\"2307\">Niacinamide (Vit. B3)<\/strong><\/td>\n<td data-col-size=\"md\" data-start=\"2308\" data-end=\"2359\">R\u00e9duit les taches, renforce la barri\u00e8re cutan\u00e9e<\/td>\n<\/tr>\n<tr data-start=\"2360\" data-end=\"2427\">\n<td data-start=\"2360\" data-end=\"2385\" data-col-size=\"sm\"><strong data-start=\"2362\" data-end=\"2384\">Sodium Hyaluronate<\/strong><\/td>\n<td data-col-size=\"md\" data-start=\"2385\" data-end=\"2427\">Hydrate en profondeur, effet repulpant<\/td>\n<\/tr>\n<tr data-start=\"2428\" data-end=\"2500\">\n<td data-start=\"2428\" data-end=\"2459\" data-col-size=\"sm\"><strong data-start=\"2430\" data-end=\"2458\">Huile de Kukui &amp; Cam\u00e9lia<\/strong><\/td>\n<td data-col-size=\"md\" data-start=\"2459\" data-end=\"2500\">Nourrissent et apaisent sans alourdir<\/td>\n<\/tr>\n<tr data-start=\"2501\" data-end=\"2588\">\n<td data-start=\"2501\" data-end=\"2536\" data-col-size=\"sm\"><strong data-start=\"2503\" data-end=\"2535\">Astaxanthine (Haematococcus)<\/strong><\/td>\n<td data-col-size=\"md\" data-start=\"2536\" data-end=\"2588\">Antioxydant puissant, prot\u00e8ge du stress oxydatif<\/td>\n<\/tr>\n<tr data-start=\"2589\" data-end=\"2660\">\n<td data-start=\"2589\" data-end=\"2614\" data-col-size=\"sm\"><strong data-start=\"2591\" data-end=\"2613\">Curcuma &amp; Hibiscus<\/strong><\/td>\n<td data-col-size=\"md\" data-start=\"2614\" data-end=\"2660\">\u00c9clat du teint, anti-inflammatoire naturel<\/td>\n<\/tr>\n<\/tbody>\n<\/table>\n<\/div>\n<\/div>\n<div class=\"flex basis-auto flex-col -mb-(--composer-overlap-px) [--composer-overlap-px:55px] grow overflow-hidden\">\n<div class=\"relative h-full\">\n<div class=\"flex h-full flex-col overflow-y-auto [scrollbar-gutter:stable_both-edges] @[84rem]\/thread:pt-(--header-height)\">\n<div class=\"@thread-xl\/thread:pt-header-height flex flex-col text-sm pb-25\">\n<article class=\"text-token-text-primary w-full\" dir=\"auto\" data-testid=\"conversation-turn-12\" data-scroll-anchor=\"true\">\n<div class=\"text-base my-auto mx-auto pb-10 [--thread-content-margin:--spacing(4)] @[37rem]:[--thread-content-margin:--spacing(6)] @[72rem]:[--thread-content-margin:--spacing(16)] px-(--thread-content-margin)\">\n<div class=\"[--thread-content-max-width:32rem] @[34rem]:[--thread-content-max-width:40rem] @[64rem]:[--thread-content-max-width:48rem] mx-auto flex max-w-(--thread-content-max-width) flex-1 text-base gap-4 md:gap-5 lg:gap-6 group\/turn-messages focus-visible:outline-hidden\" tabindex=\"-1\">\n<div class=\"group\/conversation-turn relative flex w-full min-w-0 flex-col agent-turn\">\n<div class=\"relative flex-col gap-1 md:gap-3\">\n<div class=\"flex max-w-full flex-col grow\">\n<div class=\"min-h-8 text-message relative flex w-full flex-col items-end gap-2 text-start break-words whitespace-normal [.text-message+&amp;]:mt-5\" dir=\"auto\" data-message-author-role=\"assistant\" data-message-id=\"c159c6e0-eda8-4c36-9d57-3475d938491d\" data-message-model-slug=\"gpt-4o\">\n<div class=\"flex w-full flex-col gap-1 empty:hidden first:pt-[3px]\">\n<div class=\"markdown prose dark:prose-invert w-full break-words light\">\n<h2 data-start=\"1020\" data-end=\"1064\"><strong data-start=\"1027\" data-end=\"1064\">Hydratation et soin multi-actions<\/strong><\/h2>\n<p data-start=\"1065\" data-end=\"1161\">Plus qu\u2019un simple \u00e9cran solaire, cette formule est enrichie en <strong data-start=\"1128\" data-end=\"1159\">actifs botaniques puissants<\/strong> :<\/p>\n<ul data-start=\"1162\" data-end=\"1393\">\n<li data-start=\"1162\" data-end=\"1212\">\n<p data-start=\"1164\" data-end=\"1212\"><strong data-start=\"1164\" data-end=\"1185\">Aloe vera &amp; Kukui<\/strong> pour apaiser imm\u00e9diatement<\/p>\n<\/li>\n<li data-start=\"1213\" data-end=\"1261\">\n<p data-start=\"1215\" data-end=\"1261\"><strong data-start=\"1215\" data-end=\"1240\">Niacinamide &amp; curcuma<\/strong> pour un teint unifi\u00e9<\/p>\n<\/li>\n<li data-start=\"1262\" data-end=\"1322\">\n<p data-start=\"1264\" data-end=\"1322\"><strong data-start=\"1264\" data-end=\"1293\">Acide hyaluronique &amp; noni<\/strong> pour une hydratation durable<\/p>\n<\/li>\n<li data-start=\"1323\" data-end=\"1393\">\n<p data-start=\"1325\" data-end=\"1393\"><strong data-start=\"1325\" data-end=\"1352\">Astaxanthine &amp; hibiscus<\/strong> pour prot\u00e9ger la peau du stress oxydatif<\/p>\n<\/li>\n<\/ul>\n<h3 data-start=\"1395\" data-end=\"1437\"><strong data-start=\"1402\" data-end=\"1437\">Texture l\u00e9g\u00e8re &amp; fini invisible<\/strong><\/h3>\n<p data-start=\"1438\" data-end=\"1610\">Contrairement \u00e0 d\u2019autres \u00e9crans min\u00e9raux, cette cr\u00e8me solaire ne laisse pas de trace blanche. Sa texture fluide p\u00e9n\u00e8tre rapidement et laisse la peau douce, sans effet gras.<\/p>\n<h2 data-start=\"1617\" data-end=\"1671\"><strong data-start=\"1623\" data-end=\"1671\">Les engagements de notre cr\u00e8me solaire clean<\/strong><\/h2>\n<ul data-start=\"1672\" data-end=\"1933\">\n<li data-start=\"1672\" data-end=\"1725\">\n<p data-start=\"1674\" data-end=\"1725\"><strong data-start=\"1676\" data-end=\"1725\">100 % filtre min\u00e9ral \u2013 sans filtres chimiques<\/strong><\/p>\n<\/li>\n<li data-start=\"1726\" data-end=\"1770\">\n<p data-start=\"1728\" data-end=\"1770\"><strong data-start=\"1731\" data-end=\"1770\">Respectueuse des oc\u00e9ans \u2013 reef-safe<\/strong><\/p>\n<\/li>\n<li data-start=\"1771\" data-end=\"1839\">\n<p data-start=\"1773\" data-end=\"1839\"><strong data-start=\"1776\" data-end=\"1839\">Sans nanoparticules, sans parfum synth\u00e9tique, sans silicone<\/strong><\/p>\n<\/li>\n<li data-start=\"1840\" data-end=\"1890\">\n<p data-start=\"1842\" data-end=\"1890\"><strong data-start=\"1845\" data-end=\"1890\">Non test\u00e9e sur les animaux \u2013 cruelty free<\/strong><\/p>\n<\/li>\n<li data-start=\"1891\" data-end=\"1933\">\n<p data-start=\"1893\" data-end=\"1933\"><strong data-start=\"1896\" data-end=\"1933\">Formule clean, naturelle et vegan<\/strong><\/p>\n<\/li>\n<\/ul>\n<h2 data-start=\"1940\" data-end=\"1966\"><strong data-start=\"1946\" data-end=\"1966\">Ingr\u00e9dient actif<\/strong><\/h2>\n<p data-start=\"1967\" data-end=\"2120\"><strong data-start=\"1967\" data-end=\"1986\">Zinc Oxide 20 %<\/strong> \u2013 Filtre solaire min\u00e9ral large spectre, non irritant, anti-inflammatoire, adapt\u00e9 aux peaux \u00e0 tendance acn\u00e9ique, atopique ou sensible.<\/p>\n<div class=\"_tableContainer_80l1q_1\">\n<div class=\"_tableWrapper_80l1q_14 group flex w-fit flex-col-reverse\" tabindex=\"-1\"><\/div>\n<\/div>\n<p data-start=\"3577\" data-end=\"3727\">\n<\/div>\n<\/div>\n<\/div>\n<\/div>\n<\/div>\n<\/div>\n<\/div>\n<\/div>\n<\/article>\n<\/div>\n<\/div>\n<\/div>\n<\/div>\n<p>&nbsp;<\/p>\n","protected":false},"excerpt":{"rendered":"<p><strong>*Nouvelle formule enrichie en antioxydants &#8211; Cr\u00e8me de jour Malu + SPF 30 | Formule clean, naturelle &amp; vegan<\/strong><\/p>\n<p>Cr\u00e8me solaire min\u00e9rale visage avec 20 % d\u2019oxyde de zinc. SPF naturel, hydratant et apaisant. Sans filtres chimiques, sans parfum. Id\u00e9al peau sensible.<\/p>\n<h2 data-start=\"1617\" data-end=\"1671\"><strong data-start=\"1623\" data-end=\"1671\">Les engagements Honua <\/strong><\/h2>\n<p data-start=\"1617\" data-end=\"1671\"><span style=\"font-size: 16px;\">\u00a0<\/span><strong style=\"font-size: 16px;\" data-start=\"1676\" data-end=\"1725\">100 % filtre min\u00e9ral \u2013 sans filtres chimiques &#8211;\u00a0<\/strong><strong>Respectueuse des oc\u00e9ans \u2013 reef-safe &#8211;<\/strong><strong data-start=\"1776\" data-end=\"1839\">Sans nanoparticules, sans parfum synth\u00e9tique, sans silicone &#8211; <\/strong>\u00a0<strong data-start=\"1845\" data-end=\"1890\">Non test\u00e9e sur les animaux \u2013 cruelty free<\/strong><\/p>\n<p>&nbsp;<\/p>","protected":false},"featured_media":39196,"template":"","meta":{"ocean_post_layout":"","ocean_both_sidebars_style":"","ocean_both_sidebars_content_width":0,"ocean_both_sidebars_sidebars_width":0,"ocean_sidebar":"0","ocean_second_sidebar":"0","ocean_disable_margins":"enable","ocean_add_body_class":"","ocean_shortcode_before_top_bar":"","ocean_shortcode_after_top_bar":"","ocean_shortcode_before_header":"","ocean_shortcode_after_header":"","ocean_has_shortcode":"","ocean_shortcode_after_title":"","ocean_shortcode_before_footer_widgets":"","ocean_shortcode_after_footer_widgets":"","ocean_shortcode_before_footer_bottom":"","ocean_shortcode_after_footer_bottom":"","ocean_display_top_bar":"default","ocean_display_header":"default","ocean_header_style":"","ocean_center_header_left_menu":"0","ocean_custom_header_template":"0","ocean_custom_logo":0,"ocean_custom_retina_logo":0,"ocean_custom_logo_max_width":0,"ocean_custom_logo_tablet_max_width":0,"ocean_custom_logo_mobile_max_width":0,"ocean_custom_logo_max_height":0,"ocean_custom_logo_tablet_max_height":0,"ocean_custom_logo_mobile_max_height":0,"ocean_header_custom_menu":"0","ocean_menu_typo_font_family":"0","ocean_menu_typo_font_subset":"","ocean_menu_typo_font_size":0,"ocean_menu_typo_font_size_tablet":0,"ocean_menu_typo_font_size_mobile":0,"ocean_menu_typo_font_size_unit":"px","ocean_menu_typo_font_weight":"","ocean_menu_typo_font_weight_tablet":"","ocean_menu_typo_font_weight_mobile":"","ocean_menu_typo_transform":"","ocean_menu_typo_transform_tablet":"","ocean_menu_typo_transform_mobile":"","ocean_menu_typo_line_height":0,"ocean_menu_typo_line_height_tablet":0,"ocean_menu_typo_line_height_mobile":0,"ocean_menu_typo_line_height_unit":"","ocean_menu_typo_spacing":0,"ocean_menu_typo_spacing_tablet":0,"ocean_menu_typo_spacing_mobile":0,"ocean_menu_typo_spacing_unit":"","ocean_menu_link_color":"","ocean_menu_link_color_hover":"","ocean_menu_link_color_active":"","ocean_menu_link_background":"","ocean_menu_link_hover_background":"","ocean_menu_link_active_background":"","ocean_menu_social_links_bg":"","ocean_menu_social_hover_links_bg":"","ocean_menu_social_links_color":"","ocean_menu_social_hover_links_color":"","ocean_disable_title":"default","ocean_disable_heading":"default","ocean_post_title":"","ocean_post_subheading":"","ocean_post_title_style":"","ocean_post_title_background_color":"","ocean_post_title_background":0,"ocean_post_title_bg_image_position":"","ocean_post_title_bg_image_attachment":"","ocean_post_title_bg_image_repeat":"","ocean_post_title_bg_image_size":"","ocean_post_title_height":0,"ocean_post_title_bg_overlay":0.5,"ocean_post_title_bg_overlay_color":"","ocean_disable_breadcrumbs":"default","ocean_breadcrumbs_color":"","ocean_breadcrumbs_separator_color":"","ocean_breadcrumbs_links_color":"","ocean_breadcrumbs_links_hover_color":"","ocean_display_footer_widgets":"default","ocean_display_footer_bottom":"default","ocean_custom_footer_template":"0"},"product_cat":[77,79],"product_tag":[],"class_list":{"0":"post-170","1":"product","2":"type-product","3":"status-publish","4":"has-post-thumbnail","6":"product_brand-honua-skincare","7":"product_cat-cremes-solaire","8":"product_cat-hydratants-visage-aux-huiles-bio","10":"entry","11":"has-media","13":"first","14":"outofstock","15":"taxable","16":"shipping-taxable","17":"purchasable","18":"product-type-simple","19":"has-product-nav","20":"col","21":"span_1_of_4","22":"owp-content-center","23":"owp-thumbs-layout-horizontal","24":"owp-btn-normal","25":"owp-tabs-layout-horizontal"},"_links":{"self":[{"href":"https:\/\/awesomegreenbeauty.com\/en\/wp-json\/wp\/v2\/product\/170","targetHints":{"allow":["GET"]}}],"collection":[{"href":"https:\/\/awesomegreenbeauty.com\/en\/wp-json\/wp\/v2\/product"}],"about":[{"href":"https:\/\/awesomegreenbeauty.com\/en\/wp-json\/wp\/v2\/types\/product"}],"version-history":[{"count":0,"href":"https:\/\/awesomegreenbeauty.com\/en\/wp-json\/wp\/v2\/product\/170\/revisions"}],"wp:featuredmedia":[{"embeddable":true,"href":"https:\/\/awesomegreenbeauty.com\/en\/wp-json\/wp\/v2\/media\/39196"}],"wp:attachment":[{"href":"https:\/\/awesomegreenbeauty.com\/en\/wp-json\/wp\/v2\/media?parent=170"}],"wp:term":[{"taxonomy":"product_cat","embeddable":true,"href":"https:\/\/awesomegreenbeauty.com\/en\/wp-json\/wp\/v2\/product_cat?post=170"},{"taxonomy":"product_tag","embeddable":true,"href":"https:\/\/awesomegreenbeauty.com\/en\/wp-json\/wp\/v2\/product_tag?post=170"}],"curies":[{"name":"wp","href":"https:\/\/api.w.org\/{rel}","templated":true}]}}