{"id":18165,"date":"2023-05-16T14:46:52","date_gmt":"2023-05-16T12:46:52","guid":{"rendered":"https:\/\/awesomegreenbeauty.com\/?post_type=product&#038;p=18165"},"modified":"2024-12-26T13:16:28","modified_gmt":"2024-12-26T12:16:28","slug":"okoko-cosmetiques-serenite-creme-nettoyante-masque-aha-enzymes-de-papaye-30ml","status":"publish","type":"product","link":"https:\/\/awesomegreenbeauty.com\/en\/product\/okoko-cosmetiques-serenite-creme-nettoyante-masque-aha-enzymes-de-papaye-30ml\/","title":{"rendered":"OKOKO Cosm\u00e9tiques \u2013  S\u00e9r\u00e9nit\u00e9 Cream cleanser  &amp; Mask  AHA &amp; papaya Enzymes  \u2013 30ml"},"content":{"rendered":"<p><strong>Organic | Recycled Ingredients | Cruelty Free | Vegan |100 % Natural &amp; Clean\u00a0<\/strong><\/p>\n<p>OKOKO Serenity Cream Cleanser is a <strong>2-in-1 <\/strong><strong>cleanser &amp; mask<\/strong> <strong>designed for all skin types. 2-in-1 cleanser &amp; mask designed for all skin types, including sensitive skin.<\/strong>It<strong>gently cleanses skin with foaming oat extract and works as an exfoliating mask with alpha hydroxy acids (AHAs) and papaya enzymes<\/strong> that gently exfoliate to remove dead skin cells, revealing incredibly soft, smooth skin.<\/p>\n<p>This cream contains<strong>Terminalia Chebula extract (Myrobalan) to protect the skin from the effects of blue light<\/strong> and recycled tomato oil to help reduce the harmful effects of environmental factors.<\/p>\n<p>A multi-purpose cleansing cream specially formulated <strong>to eliminate impurities, even out skin tone and brighten the complexion<\/strong><\/p>\n<p>&nbsp;<\/p>\n<p>&nbsp;<\/p>","protected":false},"excerpt":{"rendered":"<p><strong>Organic | Recycled Ingredients | Cruelty Free | Vegan |100 % Natural &amp; Clean\u00a0<\/strong><\/p>\n<p>OKOKO Serenity Cream Cleanser is a <strong>2-in-1 <\/strong><strong>cleanser &amp; mask<\/strong> <strong>con\u00e7u pour tous les types de peau<\/strong>.<\/p>\n<p>It <strong>gently cleanses with foaming oat extract &amp; exfoliates with alpha hydroxy acids (AHAs) and papaya enzymes<\/strong> that gently exfoliate to remove dead skin cells, revealing incredibly soft, smooth skin.<\/p>\n<p><strong>OKOKO is a cutting-edge brand that aims for excellence!<\/strong><\/p>\n<p>That says it all...<\/p>","protected":false},"featured_media":35788,"template":"","meta":{"ocean_post_layout":"","ocean_both_sidebars_style":"","ocean_both_sidebars_content_width":0,"ocean_both_sidebars_sidebars_width":0,"ocean_sidebar":"0","ocean_second_sidebar":"0","ocean_disable_margins":"enable","ocean_add_body_class":"","ocean_shortcode_before_top_bar":"","ocean_shortcode_after_top_bar":"","ocean_shortcode_before_header":"","ocean_shortcode_after_header":"","ocean_has_shortcode":"","ocean_shortcode_after_title":"","ocean_shortcode_before_footer_widgets":"","ocean_shortcode_after_footer_widgets":"","ocean_shortcode_before_footer_bottom":"","ocean_shortcode_after_footer_bottom":"","ocean_display_top_bar":"default","ocean_display_header":"default","ocean_header_style":"","ocean_center_header_left_menu":"0","ocean_custom_header_template":"0","ocean_custom_logo":0,"ocean_custom_retina_logo":0,"ocean_custom_logo_max_width":0,"ocean_custom_logo_tablet_max_width":0,"ocean_custom_logo_mobile_max_width":0,"ocean_custom_logo_max_height":0,"ocean_custom_logo_tablet_max_height":0,"ocean_custom_logo_mobile_max_height":0,"ocean_header_custom_menu":"0","ocean_menu_typo_font_family":"0","ocean_menu_typo_font_subset":"","ocean_menu_typo_font_size":0,"ocean_menu_typo_font_size_tablet":0,"ocean_menu_typo_font_size_mobile":0,"ocean_menu_typo_font_size_unit":"px","ocean_menu_typo_font_weight":"","ocean_menu_typo_font_weight_tablet":"","ocean_menu_typo_font_weight_mobile":"","ocean_menu_typo_transform":"","ocean_menu_typo_transform_tablet":"","ocean_menu_typo_transform_mobile":"","ocean_menu_typo_line_height":0,"ocean_menu_typo_line_height_tablet":0,"ocean_menu_typo_line_height_mobile":0,"ocean_menu_typo_line_height_unit":"","ocean_menu_typo_spacing":0,"ocean_menu_typo_spacing_tablet":0,"ocean_menu_typo_spacing_mobile":0,"ocean_menu_typo_spacing_unit":"","ocean_menu_link_color":"","ocean_menu_link_color_hover":"","ocean_menu_link_color_active":"","ocean_menu_link_background":"","ocean_menu_link_hover_background":"","ocean_menu_link_active_background":"","ocean_menu_social_links_bg":"","ocean_menu_social_hover_links_bg":"","ocean_menu_social_links_color":"","ocean_menu_social_hover_links_color":"","ocean_disable_title":"default","ocean_disable_heading":"default","ocean_post_title":"","ocean_post_subheading":"","ocean_post_title_style":"","ocean_post_title_background_color":"","ocean_post_title_background":0,"ocean_post_title_bg_image_position":"","ocean_post_title_bg_image_attachment":"","ocean_post_title_bg_image_repeat":"","ocean_post_title_bg_image_size":"","ocean_post_title_height":0,"ocean_post_title_bg_overlay":0.5,"ocean_post_title_bg_overlay_color":"","ocean_disable_breadcrumbs":"default","ocean_breadcrumbs_color":"","ocean_breadcrumbs_separator_color":"","ocean_breadcrumbs_links_color":"","ocean_breadcrumbs_links_hover_color":"","ocean_display_footer_widgets":"default","ocean_display_footer_bottom":"default","ocean_custom_footer_template":"0"},"product_cat":[410,76,36,89,91,409,20],"product_tag":[],"class_list":{"0":"post-18165","1":"product","2":"type-product","3":"status-publish","4":"has-post-thumbnail","6":"product_brand-okoko","7":"product_cat-hyperpigmentation-taches-pigmentaires","8":"product_cat-masques-traitants-naturels-bio","9":"product_cat-nettoyants-visage-bio-naturels","10":"product_cat-peaux-grasses-mixtes","11":"product_cat-tout-type-de-peau","12":"product_cat-peaux-ternes","13":"product_cat-soins-du-visage","15":"entry","16":"has-media","18":"first","19":"instock","20":"taxable","21":"shipping-taxable","22":"purchasable","23":"product-type-simple","24":"has-product-nav","25":"col","26":"span_1_of_4","27":"owp-content-center","28":"owp-thumbs-layout-horizontal","29":"owp-btn-normal","30":"owp-tabs-layout-horizontal"},"_links":{"self":[{"href":"https:\/\/awesomegreenbeauty.com\/en\/wp-json\/wp\/v2\/product\/18165","targetHints":{"allow":["GET"]}}],"collection":[{"href":"https:\/\/awesomegreenbeauty.com\/en\/wp-json\/wp\/v2\/product"}],"about":[{"href":"https:\/\/awesomegreenbeauty.com\/en\/wp-json\/wp\/v2\/types\/product"}],"version-history":[{"count":0,"href":"https:\/\/awesomegreenbeauty.com\/en\/wp-json\/wp\/v2\/product\/18165\/revisions"}],"wp:featuredmedia":[{"embeddable":true,"href":"https:\/\/awesomegreenbeauty.com\/en\/wp-json\/wp\/v2\/media\/35788"}],"wp:attachment":[{"href":"https:\/\/awesomegreenbeauty.com\/en\/wp-json\/wp\/v2\/media?parent=18165"}],"wp:term":[{"taxonomy":"product_cat","embeddable":true,"href":"https:\/\/awesomegreenbeauty.com\/en\/wp-json\/wp\/v2\/product_cat?post=18165"},{"taxonomy":"product_tag","embeddable":true,"href":"https:\/\/awesomegreenbeauty.com\/en\/wp-json\/wp\/v2\/product_tag?post=18165"}],"curies":[{"name":"wp","href":"https:\/\/api.w.org\/{rel}","templated":true}]}}