{"id":18863,"date":"2023-05-25T19:27:00","date_gmt":"2023-05-25T17:27:00","guid":{"rendered":"https:\/\/awesomegreenbeauty.com\/?post_type=product&#038;p=18863"},"modified":"2026-04-08T00:28:04","modified_gmt":"2026-04-07T22:28:04","slug":"pardi-mascara-bio-rechargeable","status":"publish","type":"product","link":"https:\/\/awesomegreenbeauty.com\/en\/product\/pardi-mascara-bio-rechargeable\/","title":{"rendered":"PARDI COSMETIQUES &#8211; Mascara noir Rechargeable bio R\u00e9siste &#038; D\u00e9maquillage \u00e0 l&rsquo;eau &#8211; 9ml"},"content":{"rendered":"<p><strong>Un mascara bio rechargeable noir formul\u00e9 avec 98% d&rsquo;ingr\u00e9dients d&rsquo;origine naturelle &amp; VEGAN.<\/strong><\/p>\n<p>Pardi's 08:27 mascara adds a touch of colour.<strong> volume and length for your lashes all day long<\/strong>.<strong>e coule et ne bave pas<\/strong>. And <strong>drys fast<\/strong> after application<\/p>\n<p>Un mascara bio rechargeable formul\u00e9<strong>\u00a0<\/strong>avec des ingr\u00e9dients revaloris\u00e9s tels que\u00a0 le marc de caf\u00e9, la peau d&rsquo;orange ou le son d&rsquo;avoine.<\/p>\n<p><strong>+ For an intense effect - apply 2 or 3 coats, as required<\/strong><\/p>\n<p><strong>+ For a natural effect - apply 1 coat<\/strong><\/p>\n<p>Gr\u00e2ce \u00e0 sa formule innovante, ce mascara se<strong> d\u00e9maquille facilement et en douceur<\/strong>\u00a0!<strong> Il vous suffit de mettre de l&rsquo;eau sur votre coton ou sur vos doigts<\/strong>, et de masser vos yeux en formant de petits cercles.<\/p>\n<p>Un mascara noir intense qui allie maquillage et soin gr\u00e2ce \u00e0 une formule naturelle enrichie en cires v\u00e9g\u00e9tales, huiles nourrissantes et actifs fortifiants. Il offre un volume modulable, une d\u00e9finition parfaite et renforce les cils au fil des applications.<\/p>\n<h3 data-start=\"595\" data-end=\"614\"><strong data-start=\"601\" data-end=\"614\">B\u00e9n\u00e9fices de ce mascara bio rechargeable noir<\/strong><\/h3>\n<ul data-start=\"615\" data-end=\"1075\">\n<li data-start=\"615\" data-end=\"656\">\n<p data-start=\"617\" data-end=\"656\"><strong data-start=\"617\" data-end=\"641\">Volume et d\u00e9finition<\/strong> sans paquets<\/p>\n<\/li>\n<li data-start=\"657\" data-end=\"751\">\n<p data-start=\"659\" data-end=\"751\"><strong data-start=\"659\" data-end=\"684\">Couleur noire intense<\/strong> gr\u00e2ce au <strong data-start=\"694\" data-end=\"726\">CI 77499 (oxyde de fer noir)<\/strong> and <strong data-start=\"730\" data-end=\"749\">charbon v\u00e9g\u00e9tal<\/strong><\/p>\n<\/li>\n<li data-start=\"752\" data-end=\"841\">\n<p data-start=\"754\" data-end=\"841\"><strong data-start=\"754\" data-end=\"786\">Nourrit et fortifie les cils<\/strong> avec des huiles de jojoba, tournesol, caf\u00e9 et avoine<\/p>\n<\/li>\n<li data-start=\"842\" data-end=\"926\">\n<p data-start=\"844\" data-end=\"926\"><strong data-start=\"844\" data-end=\"872\">Texture cr\u00e9meuse et soin<\/strong> gr\u00e2ce aux cires v\u00e9g\u00e9tales (tournesol, rhus, orange)<\/p>\n<\/li>\n<li data-start=\"927\" data-end=\"1039\">\n<p data-start=\"929\" data-end=\"1039\"><strong data-start=\"929\" data-end=\"946\">Formule clean<\/strong> avec probiotiques (Lactobacillus ferment) et antioxydants (tocopherol, ascorbyl palmitate)<\/p>\n<\/li>\n<li data-start=\"1040\" data-end=\"1075\">\n<p data-start=\"1042\" data-end=\"1075\"><strong data-start=\"1042\" data-end=\"1073\">Convient aux yeux sensibles<\/strong><\/p>\n<\/li>\n<\/ul>\n<h3 data-start=\"1082\" data-end=\"1109\"><strong data-start=\"1089\" data-end=\"1109\">Ingr\u00e9dients Cl\u00e9s de ce mascara<\/strong><\/h3>\n<ul data-start=\"1110\" data-end=\"1528\">\n<li data-start=\"1110\" data-end=\"1167\">\n<p data-start=\"1112\" data-end=\"1167\"><strong data-start=\"1112\" data-end=\"1142\">Charcoal Powder &amp; CI 77499<\/strong> : pigment noir intense<\/p>\n<\/li>\n<li data-start=\"1168\" data-end=\"1254\">\n<p data-start=\"1170\" data-end=\"1254\"><strong data-start=\"1170\" data-end=\"1216\">Jojoba Esters &amp; Helianthus Annuus Seed Oil<\/strong> : nourrissent et prot\u00e8gent les cils<\/p>\n<\/li>\n<li data-start=\"1255\" data-end=\"1324\">\n<p data-start=\"1257\" data-end=\"1324\"><strong data-start=\"1257\" data-end=\"1282\">Lactobacillus Ferment<\/strong> : \u00e9quilibre le microbiome des paupi\u00e8res<\/p>\n<\/li>\n<li data-start=\"1325\" data-end=\"1396\">\n<p data-start=\"1327\" data-end=\"1396\"><strong data-start=\"1327\" data-end=\"1367\">Shorea Robusta Resin &amp; Natural Waxes<\/strong> : texturisants et gainants<\/p>\n<\/li>\n<li data-start=\"1397\" data-end=\"1474\">\n<p data-start=\"1399\" data-end=\"1474\"><strong data-start=\"1399\" data-end=\"1426\">Coffea Arabica Seed Oil<\/strong> : antioxydant naturel pour renforcer les cils<\/p>\n<\/li>\n<li data-start=\"1475\" data-end=\"1528\">\n<p data-start=\"1477\" data-end=\"1528\"><strong data-start=\"1477\" data-end=\"1502\">Avena Sativa Extracts<\/strong> : apaisent et hydratent<\/p>\n<\/li>\n<\/ul>\n<hr class=\"\" data-start=\"1530\" data-end=\"1533\" \/>\n<h3 data-start=\"1535\" data-end=\"1552\"><strong data-start=\"1541\" data-end=\"1552\">Formule<\/strong><\/h3>\n<ul data-start=\"1553\" data-end=\"1709\">\n<li data-start=\"1553\" data-end=\"1582\">\n<p data-start=\"1555\" data-end=\"1582\">100 % d\u2019origine naturelle<\/p>\n<\/li>\n<li data-start=\"1583\" data-end=\"1644\">\n<p data-start=\"1585\" data-end=\"1644\">Sans silicone, sans parfum, sans ingr\u00e9dients controvers\u00e9s<\/p>\n<\/li>\n<li data-start=\"1645\" data-end=\"1669\">\n<p data-start=\"1647\" data-end=\"1669\">Vegan &amp; cruelty-free<\/p>\n<\/li>\n<\/ul>\n<p>&nbsp;<\/p>\n<p>&nbsp;<\/p>","protected":false},"excerpt":{"rendered":"<p class=\"ai-optimize-29\"><strong>Formulated with 98% natural ingredients | Vegan | Refillable | Cleanses with water<\/strong><\/p>\n<p class=\"ai-optimize-30\">Un mascara noir intense qui allie maquillage et soin gr\u00e2ce \u00e0 une formule naturelle enrichie en cires v\u00e9g\u00e9tales, huiles nourrissantes et actifs fortifiants. Il offre un volume modulable, une d\u00e9finition parfaite et renforce les cils au fil des applications.<\/p>\n<p class=\"ai-optimize-31\"><strong>Le ++++ convient \u00e0 tout type d&rsquo;yeux m\u00eame les plus d\u00e9licats + R\u00e9siste \u00e0 la pluie et se D\u00e9maquille \u00e0 l&rsquo;eau + Packaging en verre &amp; Rechargeable.<\/strong><\/p>\n<p>&nbsp;<\/p>","protected":false},"featured_media":24279,"template":"","meta":{"ocean_post_layout":"","ocean_both_sidebars_style":"","ocean_both_sidebars_content_width":0,"ocean_both_sidebars_sidebars_width":0,"ocean_sidebar":"0","ocean_second_sidebar":"0","ocean_disable_margins":"enable","ocean_add_body_class":"","ocean_shortcode_before_top_bar":"","ocean_shortcode_after_top_bar":"","ocean_shortcode_before_header":"","ocean_shortcode_after_header":"","ocean_has_shortcode":"","ocean_shortcode_after_title":"","ocean_shortcode_before_footer_widgets":"","ocean_shortcode_after_footer_widgets":"","ocean_shortcode_before_footer_bottom":"","ocean_shortcode_after_footer_bottom":"","ocean_display_top_bar":"default","ocean_display_header":"default","ocean_header_style":"","ocean_center_header_left_menu":"0","ocean_custom_header_template":"0","ocean_custom_logo":0,"ocean_custom_retina_logo":0,"ocean_custom_logo_max_width":0,"ocean_custom_logo_tablet_max_width":0,"ocean_custom_logo_mobile_max_width":0,"ocean_custom_logo_max_height":0,"ocean_custom_logo_tablet_max_height":0,"ocean_custom_logo_mobile_max_height":0,"ocean_header_custom_menu":"0","ocean_menu_typo_font_family":"0","ocean_menu_typo_font_subset":"","ocean_menu_typo_font_size":0,"ocean_menu_typo_font_size_tablet":0,"ocean_menu_typo_font_size_mobile":0,"ocean_menu_typo_font_size_unit":"px","ocean_menu_typo_font_weight":"","ocean_menu_typo_font_weight_tablet":"","ocean_menu_typo_font_weight_mobile":"","ocean_menu_typo_transform":"","ocean_menu_typo_transform_tablet":"","ocean_menu_typo_transform_mobile":"","ocean_menu_typo_line_height":0,"ocean_menu_typo_line_height_tablet":0,"ocean_menu_typo_line_height_mobile":0,"ocean_menu_typo_line_height_unit":"","ocean_menu_typo_spacing":0,"ocean_menu_typo_spacing_tablet":0,"ocean_menu_typo_spacing_mobile":0,"ocean_menu_typo_spacing_unit":"","ocean_menu_link_color":"","ocean_menu_link_color_hover":"","ocean_menu_link_color_active":"","ocean_menu_link_background":"","ocean_menu_link_hover_background":"","ocean_menu_link_active_background":"","ocean_menu_social_links_bg":"","ocean_menu_social_hover_links_bg":"","ocean_menu_social_links_color":"","ocean_menu_social_hover_links_color":"","ocean_disable_title":"default","ocean_disable_heading":"default","ocean_post_title":"","ocean_post_subheading":"","ocean_post_title_style":"","ocean_post_title_background_color":"","ocean_post_title_background":0,"ocean_post_title_bg_image_position":"","ocean_post_title_bg_image_attachment":"","ocean_post_title_bg_image_repeat":"","ocean_post_title_bg_image_size":"","ocean_post_title_height":0,"ocean_post_title_bg_overlay":0.5,"ocean_post_title_bg_overlay_color":"","ocean_disable_breadcrumbs":"default","ocean_breadcrumbs_color":"","ocean_breadcrumbs_separator_color":"","ocean_breadcrumbs_links_color":"","ocean_breadcrumbs_links_hover_color":"","ocean_display_footer_widgets":"default","ocean_display_footer_bottom":"default","ocean_custom_footer_template":"0"},"product_cat":[117],"product_tag":[],"class_list":{"0":"post-18863","1":"product","2":"type-product","3":"status-publish","4":"has-post-thumbnail","6":"product_brand-pardi-cosmetiques","7":"product_cat-mascara-ombres-a-paupieres","9":"entry","10":"has-media","12":"first","13":"outofstock","14":"taxable","15":"shipping-taxable","16":"purchasable","17":"product-type-variable","18":"has-product-nav","19":"col","20":"span_1_of_4","21":"owp-content-center","22":"owp-thumbs-layout-horizontal","23":"owp-btn-normal","24":"owp-tabs-layout-horizontal"},"_links":{"self":[{"href":"https:\/\/awesomegreenbeauty.com\/en\/wp-json\/wp\/v2\/product\/18863","targetHints":{"allow":["GET"]}}],"collection":[{"href":"https:\/\/awesomegreenbeauty.com\/en\/wp-json\/wp\/v2\/product"}],"about":[{"href":"https:\/\/awesomegreenbeauty.com\/en\/wp-json\/wp\/v2\/types\/product"}],"version-history":[{"count":0,"href":"https:\/\/awesomegreenbeauty.com\/en\/wp-json\/wp\/v2\/product\/18863\/revisions"}],"wp:featuredmedia":[{"embeddable":true,"href":"https:\/\/awesomegreenbeauty.com\/en\/wp-json\/wp\/v2\/media\/24279"}],"wp:attachment":[{"href":"https:\/\/awesomegreenbeauty.com\/en\/wp-json\/wp\/v2\/media?parent=18863"}],"wp:term":[{"taxonomy":"product_cat","embeddable":true,"href":"https:\/\/awesomegreenbeauty.com\/en\/wp-json\/wp\/v2\/product_cat?post=18863"},{"taxonomy":"product_tag","embeddable":true,"href":"https:\/\/awesomegreenbeauty.com\/en\/wp-json\/wp\/v2\/product_tag?post=18863"}],"curies":[{"name":"wp","href":"https:\/\/api.w.org\/{rel}","templated":true}]}}