{"id":2170,"date":"2019-12-14T11:58:17","date_gmt":"2019-12-14T10:58:17","guid":{"rendered":"https:\/\/www.mygreenbrands.fr\/?post_type=product&#038;p=2170"},"modified":"2024-09-17T16:37:04","modified_gmt":"2024-09-17T14:37:04","slug":"2211-shampoing-mandarine-canelle-140-ml","status":"publish","type":"product","link":"https:\/\/awesomegreenbeauty.com\/en\/product\/2211-shampoing-mandarine-canelle-140-ml\/","title":{"rendered":"22|11 COSMETICS - Cream-Shampoo Tangerine + Cinnamon - 140 ml"},"content":{"rendered":"<p>CREAM-SHAMPOO: Thick as a cream, this shampoo provides intense nutrition and hair restoration, without weighing down the hair. Tangerine infused with cinnamon\u00a0create a great aroma\u00a0experience while you wash your hair. The formula is infused with extracts of tangerine, cactus, bamboo and carrot root oil.<\/p>\n<p>CORE\u00a0of the product:<br \/>\nTANGERINE EXTRACT: its antiseptic properties help relieve dry skin on your scalp, and eliminate dandruff naturally.<br \/>\nCINNAMON EXTRACT: gives a light stinging sensation that stimulates your hair follicles, promoting hair growth and helping to fight hair loss.<\/p>","protected":false},"excerpt":{"rendered":"<p>Ce shampoing r\u00e9pare et nourrit en profondeur les cheveux sans les alourdir. Le parfum exquis de la mandarine infus\u00e9e avec de la cannelle vous font vivre une exp\u00e9rience sensorielle unique et intense lors de votre shampoing. La formule est infus\u00e9e avec des extraits de cactus, de bambou et de carotte. Ce produit peut \u00e9galement s&rsquo;utiliser [&hellip;]<\/p>\n","protected":false},"featured_media":2176,"template":"","meta":{"ocean_post_layout":"","ocean_both_sidebars_style":"","ocean_both_sidebars_content_width":0,"ocean_both_sidebars_sidebars_width":0,"ocean_sidebar":"0","ocean_second_sidebar":"0","ocean_disable_margins":"enable","ocean_add_body_class":"","ocean_shortcode_before_top_bar":"","ocean_shortcode_after_top_bar":"","ocean_shortcode_before_header":"","ocean_shortcode_after_header":"","ocean_has_shortcode":"","ocean_shortcode_after_title":"","ocean_shortcode_before_footer_widgets":"","ocean_shortcode_after_footer_widgets":"","ocean_shortcode_before_footer_bottom":"","ocean_shortcode_after_footer_bottom":"","ocean_display_top_bar":"default","ocean_display_header":"default","ocean_header_style":"","ocean_center_header_left_menu":"0","ocean_custom_header_template":"0","ocean_custom_logo":0,"ocean_custom_retina_logo":0,"ocean_custom_logo_max_width":0,"ocean_custom_logo_tablet_max_width":0,"ocean_custom_logo_mobile_max_width":0,"ocean_custom_logo_max_height":0,"ocean_custom_logo_tablet_max_height":0,"ocean_custom_logo_mobile_max_height":0,"ocean_header_custom_menu":"0","ocean_menu_typo_font_family":"0","ocean_menu_typo_font_subset":"","ocean_menu_typo_font_size":0,"ocean_menu_typo_font_size_tablet":0,"ocean_menu_typo_font_size_mobile":0,"ocean_menu_typo_font_size_unit":"px","ocean_menu_typo_font_weight":"","ocean_menu_typo_font_weight_tablet":"","ocean_menu_typo_font_weight_mobile":"","ocean_menu_typo_transform":"","ocean_menu_typo_transform_tablet":"","ocean_menu_typo_transform_mobile":"","ocean_menu_typo_line_height":0,"ocean_menu_typo_line_height_tablet":0,"ocean_menu_typo_line_height_mobile":0,"ocean_menu_typo_line_height_unit":"","ocean_menu_typo_spacing":0,"ocean_menu_typo_spacing_tablet":0,"ocean_menu_typo_spacing_mobile":0,"ocean_menu_typo_spacing_unit":"","ocean_menu_link_color":"","ocean_menu_link_color_hover":"","ocean_menu_link_color_active":"","ocean_menu_link_background":"","ocean_menu_link_hover_background":"","ocean_menu_link_active_background":"","ocean_menu_social_links_bg":"","ocean_menu_social_hover_links_bg":"","ocean_menu_social_links_color":"","ocean_menu_social_hover_links_color":"","ocean_disable_title":"default","ocean_disable_heading":"default","ocean_post_title":"","ocean_post_subheading":"","ocean_post_title_style":"","ocean_post_title_background_color":"","ocean_post_title_background":0,"ocean_post_title_bg_image_position":"","ocean_post_title_bg_image_attachment":"","ocean_post_title_bg_image_repeat":"","ocean_post_title_bg_image_size":"","ocean_post_title_height":0,"ocean_post_title_bg_overlay":0.5,"ocean_post_title_bg_overlay_color":"","ocean_disable_breadcrumbs":"default","ocean_breadcrumbs_color":"","ocean_breadcrumbs_separator_color":"","ocean_breadcrumbs_links_color":"","ocean_breadcrumbs_links_hover_color":"","ocean_display_footer_widgets":"default","ocean_display_footer_bottom":"default","ocean_custom_footer_template":"0"},"product_cat":[102],"product_tag":[],"class_list":{"0":"post-2170","1":"product","2":"type-product","3":"status-publish","4":"has-post-thumbnail","6":"product_brand-2211-cosmetics","7":"product_cat-shampoing","9":"entry","10":"has-media","12":"first","13":"instock","14":"taxable","15":"shipping-taxable","16":"purchasable","17":"product-type-simple","18":"has-product-nav","19":"col","20":"span_1_of_4","21":"owp-content-center","22":"owp-thumbs-layout-horizontal","23":"owp-btn-normal","24":"owp-tabs-layout-horizontal","25":"has-no-thumbnails"},"_links":{"self":[{"href":"https:\/\/awesomegreenbeauty.com\/en\/wp-json\/wp\/v2\/product\/2170","targetHints":{"allow":["GET"]}}],"collection":[{"href":"https:\/\/awesomegreenbeauty.com\/en\/wp-json\/wp\/v2\/product"}],"about":[{"href":"https:\/\/awesomegreenbeauty.com\/en\/wp-json\/wp\/v2\/types\/product"}],"version-history":[{"count":0,"href":"https:\/\/awesomegreenbeauty.com\/en\/wp-json\/wp\/v2\/product\/2170\/revisions"}],"wp:featuredmedia":[{"embeddable":true,"href":"https:\/\/awesomegreenbeauty.com\/en\/wp-json\/wp\/v2\/media\/2176"}],"wp:attachment":[{"href":"https:\/\/awesomegreenbeauty.com\/en\/wp-json\/wp\/v2\/media?parent=2170"}],"wp:term":[{"taxonomy":"product_cat","embeddable":true,"href":"https:\/\/awesomegreenbeauty.com\/en\/wp-json\/wp\/v2\/product_cat?post=2170"},{"taxonomy":"product_tag","embeddable":true,"href":"https:\/\/awesomegreenbeauty.com\/en\/wp-json\/wp\/v2\/product_tag?post=2170"}],"curies":[{"name":"wp","href":"https:\/\/api.w.org\/{rel}","templated":true}]}}