{"id":22507,"date":"2023-08-03T12:15:21","date_gmt":"2023-08-03T10:15:21","guid":{"rendered":"https:\/\/awesomegreenbeauty.com\/?post_type=product&#038;p=22507"},"modified":"2025-09-03T14:21:58","modified_gmt":"2025-09-03T12:21:58","slug":"le-rouge-francais-le-rouge-braziline-4g","status":"publish","type":"product","link":"https:\/\/awesomegreenbeauty.com\/en\/product\/le-rouge-francais-le-rouge-braziline-4g\/","title":{"rendered":"LE ROUGE FRAN\u00c7AIS &#8211; 012 &#8211; LE ROUGE BRAZILINE &#8211; 4g"},"content":{"rendered":"<p><strong>Freed. Exquisite. extravagant<\/strong><\/p>\n<p>100% d\u2019ingr\u00e9dients d\u2019origine naturelle | 80,2% du total des ingr\u00e9dients Bio Certifi\u00e9 par ECOCERT Greenlife selon le r\u00e9f\u00e9rentiel COSMOS.<\/p>\n<p>THE TINTING PIGMENT<\/p>\n<p>Originally from Brazil, <strong>the sappan<\/strong> from which brazilina is extracted \u2013 its precious tinting pigment \u2013 \u200b\u200bbelongs to the family <strong>red woods.<\/strong> This ancestral wood has been used in cabinetmaking since the Middle Ages, especially for marquetry.<\/p>\n<p>Brazilina is recognized for its incredible biological virtues.<\/p>\n<p>A VIRTUOUS FORMULA<\/p>\n<p>Shea butter: Repairing and softening*<\/p>\n<p>Jojoba, apricot, sunflower and castor oils: moisturizing* and antioxidants<\/p>\n<p>Vegetable waxes of rice, candelilla and carnauba: Softening and protective*<\/p>\n<p>* Upper layers of the epidermis.<\/p>\n<p>100% ingredients of natural origin.<\/p>\n<p>93.2% of the total ingredients are from Cosmos organic farming certified by ECOCERT Greenlife according to the COSMOS standard.<\/p>\n<p><strong>This lipstick does not contain synthetic pigment, titanium dioxide, mica, synthetic fragrance, BHT and BHA, artificial preservatives, silicones, squalene, or colorants, or ingredients of animal origin.<\/strong><\/p>","protected":false},"excerpt":{"rendered":"<p><strong>100% Natural | 80.2% Organic\u00a0<\/strong><\/p>\n<p>All the refinement of the Burgundy color, letting its opulent shades of<strong> plum and garnet velvet.<\/strong><\/p>\n<p>A delicate texture for a silky finish.<\/p>\n<p>&nbsp;<\/p>","protected":false},"featured_media":22479,"template":"","meta":{"ocean_post_layout":"","ocean_both_sidebars_style":"","ocean_both_sidebars_content_width":0,"ocean_both_sidebars_sidebars_width":0,"ocean_sidebar":"0","ocean_second_sidebar":"0","ocean_disable_margins":"enable","ocean_add_body_class":"","ocean_shortcode_before_top_bar":"","ocean_shortcode_after_top_bar":"","ocean_shortcode_before_header":"","ocean_shortcode_after_header":"","ocean_has_shortcode":"","ocean_shortcode_after_title":"","ocean_shortcode_before_footer_widgets":"","ocean_shortcode_after_footer_widgets":"","ocean_shortcode_before_footer_bottom":"","ocean_shortcode_after_footer_bottom":"","ocean_display_top_bar":"default","ocean_display_header":"default","ocean_header_style":"","ocean_center_header_left_menu":"0","ocean_custom_header_template":"0","ocean_custom_logo":0,"ocean_custom_retina_logo":0,"ocean_custom_logo_max_width":0,"ocean_custom_logo_tablet_max_width":0,"ocean_custom_logo_mobile_max_width":0,"ocean_custom_logo_max_height":0,"ocean_custom_logo_tablet_max_height":0,"ocean_custom_logo_mobile_max_height":0,"ocean_header_custom_menu":"0","ocean_menu_typo_font_family":"0","ocean_menu_typo_font_subset":"","ocean_menu_typo_font_size":0,"ocean_menu_typo_font_size_tablet":0,"ocean_menu_typo_font_size_mobile":0,"ocean_menu_typo_font_size_unit":"px","ocean_menu_typo_font_weight":"","ocean_menu_typo_font_weight_tablet":"","ocean_menu_typo_font_weight_mobile":"","ocean_menu_typo_transform":"","ocean_menu_typo_transform_tablet":"","ocean_menu_typo_transform_mobile":"","ocean_menu_typo_line_height":0,"ocean_menu_typo_line_height_tablet":0,"ocean_menu_typo_line_height_mobile":0,"ocean_menu_typo_line_height_unit":"","ocean_menu_typo_spacing":0,"ocean_menu_typo_spacing_tablet":0,"ocean_menu_typo_spacing_mobile":0,"ocean_menu_typo_spacing_unit":"","ocean_menu_link_color":"","ocean_menu_link_color_hover":"","ocean_menu_link_color_active":"","ocean_menu_link_background":"","ocean_menu_link_hover_background":"","ocean_menu_link_active_background":"","ocean_menu_social_links_bg":"","ocean_menu_social_hover_links_bg":"","ocean_menu_social_links_color":"","ocean_menu_social_hover_links_color":"","ocean_disable_title":"default","ocean_disable_heading":"default","ocean_post_title":"","ocean_post_subheading":"","ocean_post_title_style":"","ocean_post_title_background_color":"","ocean_post_title_background":0,"ocean_post_title_bg_image_position":"","ocean_post_title_bg_image_attachment":"","ocean_post_title_bg_image_repeat":"","ocean_post_title_bg_image_size":"","ocean_post_title_height":0,"ocean_post_title_bg_overlay":0.5,"ocean_post_title_bg_overlay_color":"","ocean_disable_breadcrumbs":"default","ocean_breadcrumbs_color":"","ocean_breadcrumbs_separator_color":"","ocean_breadcrumbs_links_color":"","ocean_breadcrumbs_links_hover_color":"","ocean_display_footer_widgets":"default","ocean_display_footer_bottom":"default","ocean_custom_footer_template":"0"},"product_cat":[114],"product_tag":[],"class_list":{"0":"post-22507","1":"product","2":"type-product","3":"status-publish","4":"has-post-thumbnail","6":"product_brand-le-rouge-francais","7":"product_cat-rouges-a-levres","9":"entry","10":"has-media","12":"first","13":"instock","14":"taxable","15":"shipping-taxable","16":"purchasable","17":"product-type-variable","18":"has-product-nav","19":"col","20":"span_1_of_4","21":"owp-content-center","22":"owp-thumbs-layout-horizontal","23":"owp-btn-normal","24":"owp-tabs-layout-horizontal"},"_links":{"self":[{"href":"https:\/\/awesomegreenbeauty.com\/en\/wp-json\/wp\/v2\/product\/22507","targetHints":{"allow":["GET"]}}],"collection":[{"href":"https:\/\/awesomegreenbeauty.com\/en\/wp-json\/wp\/v2\/product"}],"about":[{"href":"https:\/\/awesomegreenbeauty.com\/en\/wp-json\/wp\/v2\/types\/product"}],"version-history":[{"count":0,"href":"https:\/\/awesomegreenbeauty.com\/en\/wp-json\/wp\/v2\/product\/22507\/revisions"}],"wp:featuredmedia":[{"embeddable":true,"href":"https:\/\/awesomegreenbeauty.com\/en\/wp-json\/wp\/v2\/media\/22479"}],"wp:attachment":[{"href":"https:\/\/awesomegreenbeauty.com\/en\/wp-json\/wp\/v2\/media?parent=22507"}],"wp:term":[{"taxonomy":"product_cat","embeddable":true,"href":"https:\/\/awesomegreenbeauty.com\/en\/wp-json\/wp\/v2\/product_cat?post=22507"},{"taxonomy":"product_tag","embeddable":true,"href":"https:\/\/awesomegreenbeauty.com\/en\/wp-json\/wp\/v2\/product_tag?post=22507"}],"curies":[{"name":"wp","href":"https:\/\/api.w.org\/{rel}","templated":true}]}}