{"id":22518,"date":"2023-08-03T12:47:51","date_gmt":"2023-08-03T10:47:51","guid":{"rendered":"https:\/\/awesomegreenbeauty.com\/?post_type=product&#038;p=22518"},"modified":"2025-04-19T19:40:58","modified_gmt":"2025-04-19T17:40:58","slug":"le-rouge-francais-rouge-a-levres-13-maunaloa-4g","status":"publish","type":"product","link":"https:\/\/awesomegreenbeauty.com\/en\/product\/le-rouge-francais-rouge-a-levres-13-maunaloa-4g\/","title":{"rendered":"LE ROUGE FRAN\u00c7AIS &#8211; 013 &#8211; Le Rouge Maunaloa &#8211; 4g"},"content":{"rendered":"<p>Rouge \u00e0 l\u00e8vres Bio qui offre soin et couleur. Un tout-en-un. Sa formule v\u00e9g\u00e9tale fond sur les l\u00e8vres pour les nourrir intens\u00e9ment, les prot\u00e9ger et leur offrir une touche de couleur naturelle. Gr\u00e2ce \u00e0 ses pigments issus de plantes comme le curcuma, le roucou et l\u2019hibiscus, il sublime vos l\u00e8vres sans ingr\u00e9dients synth\u00e9tiques ni compromis. CERTIFI\u00c9 BIO \u00b7 VEGAN<\/p>\n<p><strong>Couleur v\u00e9g\u00e9tale. Soin intense. Beaut\u00e9 naturelle.<\/strong><\/p>\n<h3 data-start=\"961\" data-end=\"988\"><strong data-start=\"961\" data-end=\"986\">Pourquoi on l\u2019adore ?<\/strong><\/h3>\n<ul data-start=\"989\" data-end=\"1266\">\n<li class=\"\" data-start=\"989\" data-end=\"1063\">\n<p class=\"\" data-start=\"991\" data-end=\"1063\">Teinte subtile issue de fleurs et racines (hibiscus, curcuma, roucou\u2026)<\/p>\n<\/li>\n<li class=\"\" data-start=\"1064\" data-end=\"1137\">\n<p class=\"\" data-start=\"1066\" data-end=\"1137\">Beurre de karit\u00e9 &amp; huile de ricin pour des l\u00e8vres douces et repulp\u00e9es<\/p>\n<\/li>\n<li class=\"\" data-start=\"1138\" data-end=\"1196\">\n<p class=\"\" data-start=\"1140\" data-end=\"1196\">Prot\u00e8ge contre le froid, le vent, et la d\u00e9shydratation<\/p>\n<\/li>\n<li class=\"\" data-start=\"1197\" data-end=\"1266\">\n<p class=\"\" data-start=\"1199\" data-end=\"1266\">Parfait pour les l\u00e8vres\u2026 mais aussi en blush ou sur les paupi\u00e8res !<\/p>\n<\/li>\n<\/ul>\n<p><strong>Incandescent. Alluring. sulphurous<\/strong><\/p>\n<h3>Le pigment teintant<\/h3>\n<p><strong>Hibiscus<\/strong> is used in Polynesia on the island of Hawaii, for the bright coloring of ceremonial clothing as well as for tribal tattoos. It is also commonly called karkad\u00e9.<\/p>\n<p>Its petals are dried to make a refreshing infusion, rich in vitamin C.<\/p>\n<h3>Une formule vertueuse pour ce rouge \u00e0 l\u00e8vres Bio<\/h3>\n<p>Shea butter: Repairing and softening*<\/p>\n<p>Jojoba, apricot, sunflower and castor oils: moisturising* and antioxidants<\/p>\n<p>Vegetable waxes of rice, candelilla and carnauba: Softening and protective*<\/p>\n<p>* Upper layers of the epidermis.<\/p>\n<h3 class=\"\" data-start=\"879\" data-end=\"898\"><strong data-start=\"885\" data-end=\"898\">B\u00e9n\u00e9fices de ce rouge \u00e0 l\u00e8vres Bio<\/strong><\/h3>\n<ul data-start=\"899\" data-end=\"1134\">\n<li class=\"\" data-start=\"899\" data-end=\"935\">\n<p class=\"\" data-start=\"901\" data-end=\"935\">Hydrate et nourrit en profondeur<\/p>\n<\/li>\n<li class=\"\" data-start=\"936\" data-end=\"984\">\n<p class=\"\" data-start=\"938\" data-end=\"984\">Bring <strong data-start=\"950\" data-end=\"982\">couleur subtile et naturelle<\/strong><\/p>\n<\/li>\n<li class=\"\" data-start=\"985\" data-end=\"1049\">\n<p class=\"\" data-start=\"987\" data-end=\"1049\">Prot\u00e8ge contre le dess\u00e8chement et les agressions ext\u00e9rieures<\/p>\n<\/li>\n<li class=\"\" data-start=\"1050\" data-end=\"1083\">\n<p class=\"\" data-start=\"1052\" data-end=\"1083\">Texture fondante non collante<\/p>\n<\/li>\n<li class=\"\" data-start=\"1084\" data-end=\"1134\">\n<p class=\"\" data-start=\"1086\" data-end=\"1134\">Convient \u00e0 tous types de peaux, m\u00eame sensibles<\/p>\n<\/li>\n<\/ul>\n<p>CLEAN BEAUTY &amp; VEGAN:<\/p>\n<p><strong>This lipstick does not contain titanium dioxide, mica, synthetic fragrance, BHT and BHA, artificial preservatives, silicones, squalene, colorants or original ingredients animal.<\/strong><\/p>","protected":false},"excerpt":{"rendered":"<p><strong>Organic | Vegan\u00a0<\/strong><\/p>\n<p>Get fired up for this volcanic red.<\/p>\n<p>The heat of its fiery pigments slides like a flow of sparkling and burning lava.<\/p>\n<p><strong>This lipstick does not contain titanium dioxide, mica, synthetic fragrance, BHT and BHA, artificial preservatives, silicones, squalene, colorants or original ingredients animal.<\/strong><\/p>","protected":false},"featured_media":22481,"template":"","meta":{"ocean_post_layout":"","ocean_both_sidebars_style":"","ocean_both_sidebars_content_width":0,"ocean_both_sidebars_sidebars_width":0,"ocean_sidebar":"0","ocean_second_sidebar":"0","ocean_disable_margins":"enable","ocean_add_body_class":"","ocean_shortcode_before_top_bar":"","ocean_shortcode_after_top_bar":"","ocean_shortcode_before_header":"","ocean_shortcode_after_header":"","ocean_has_shortcode":"","ocean_shortcode_after_title":"","ocean_shortcode_before_footer_widgets":"","ocean_shortcode_after_footer_widgets":"","ocean_shortcode_before_footer_bottom":"","ocean_shortcode_after_footer_bottom":"","ocean_display_top_bar":"default","ocean_display_header":"default","ocean_header_style":"","ocean_center_header_left_menu":"0","ocean_custom_header_template":"0","ocean_custom_logo":0,"ocean_custom_retina_logo":0,"ocean_custom_logo_max_width":0,"ocean_custom_logo_tablet_max_width":0,"ocean_custom_logo_mobile_max_width":0,"ocean_custom_logo_max_height":0,"ocean_custom_logo_tablet_max_height":0,"ocean_custom_logo_mobile_max_height":0,"ocean_header_custom_menu":"0","ocean_menu_typo_font_family":"0","ocean_menu_typo_font_subset":"","ocean_menu_typo_font_size":0,"ocean_menu_typo_font_size_tablet":0,"ocean_menu_typo_font_size_mobile":0,"ocean_menu_typo_font_size_unit":"px","ocean_menu_typo_font_weight":"","ocean_menu_typo_font_weight_tablet":"","ocean_menu_typo_font_weight_mobile":"","ocean_menu_typo_transform":"","ocean_menu_typo_transform_tablet":"","ocean_menu_typo_transform_mobile":"","ocean_menu_typo_line_height":0,"ocean_menu_typo_line_height_tablet":0,"ocean_menu_typo_line_height_mobile":0,"ocean_menu_typo_line_height_unit":"","ocean_menu_typo_spacing":0,"ocean_menu_typo_spacing_tablet":0,"ocean_menu_typo_spacing_mobile":0,"ocean_menu_typo_spacing_unit":"","ocean_menu_link_color":"","ocean_menu_link_color_hover":"","ocean_menu_link_color_active":"","ocean_menu_link_background":"","ocean_menu_link_hover_background":"","ocean_menu_link_active_background":"","ocean_menu_social_links_bg":"","ocean_menu_social_hover_links_bg":"","ocean_menu_social_links_color":"","ocean_menu_social_hover_links_color":"","ocean_disable_title":"default","ocean_disable_heading":"default","ocean_post_title":"","ocean_post_subheading":"","ocean_post_title_style":"","ocean_post_title_background_color":"","ocean_post_title_background":0,"ocean_post_title_bg_image_position":"","ocean_post_title_bg_image_attachment":"","ocean_post_title_bg_image_repeat":"","ocean_post_title_bg_image_size":"","ocean_post_title_height":0,"ocean_post_title_bg_overlay":0.5,"ocean_post_title_bg_overlay_color":"","ocean_disable_breadcrumbs":"default","ocean_breadcrumbs_color":"","ocean_breadcrumbs_separator_color":"","ocean_breadcrumbs_links_color":"","ocean_breadcrumbs_links_hover_color":"","ocean_display_footer_widgets":"default","ocean_display_footer_bottom":"default","ocean_custom_footer_template":"0"},"product_cat":[23,114],"product_tag":[],"class_list":{"0":"post-22518","1":"product","2":"type-product","3":"status-publish","4":"has-post-thumbnail","6":"product_brand-le-rouge-francais","7":"product_cat-cosmetique","8":"product_cat-rouges-a-levres","10":"entry","11":"has-media","13":"first","14":"instock","15":"taxable","16":"shipping-taxable","17":"purchasable","18":"product-type-variable","19":"has-product-nav","20":"col","21":"span_1_of_4","22":"owp-content-center","23":"owp-thumbs-layout-horizontal","24":"owp-btn-normal","25":"owp-tabs-layout-horizontal"},"_links":{"self":[{"href":"https:\/\/awesomegreenbeauty.com\/en\/wp-json\/wp\/v2\/product\/22518","targetHints":{"allow":["GET"]}}],"collection":[{"href":"https:\/\/awesomegreenbeauty.com\/en\/wp-json\/wp\/v2\/product"}],"about":[{"href":"https:\/\/awesomegreenbeauty.com\/en\/wp-json\/wp\/v2\/types\/product"}],"version-history":[{"count":0,"href":"https:\/\/awesomegreenbeauty.com\/en\/wp-json\/wp\/v2\/product\/22518\/revisions"}],"wp:featuredmedia":[{"embeddable":true,"href":"https:\/\/awesomegreenbeauty.com\/en\/wp-json\/wp\/v2\/media\/22481"}],"wp:attachment":[{"href":"https:\/\/awesomegreenbeauty.com\/en\/wp-json\/wp\/v2\/media?parent=22518"}],"wp:term":[{"taxonomy":"product_cat","embeddable":true,"href":"https:\/\/awesomegreenbeauty.com\/en\/wp-json\/wp\/v2\/product_cat?post=22518"},{"taxonomy":"product_tag","embeddable":true,"href":"https:\/\/awesomegreenbeauty.com\/en\/wp-json\/wp\/v2\/product_tag?post=22518"}],"curies":[{"name":"wp","href":"https:\/\/api.w.org\/{rel}","templated":true}]}}