{"id":22535,"date":"2023-08-03T14:02:13","date_gmt":"2023-08-03T12:02:13","guid":{"rendered":"https:\/\/awesomegreenbeauty.com\/?post_type=product&#038;p=22535"},"modified":"2025-04-08T14:40:20","modified_gmt":"2025-04-08T12:40:20","slug":"le-rouge-francais-rouge-a-levres-le-nude-castanea-4g","status":"publish","type":"product","link":"https:\/\/awesomegreenbeauty.com\/en\/product\/le-rouge-francais-rouge-a-levres-le-nude-castanea-4g\/","title":{"rendered":"LE ROUGE FRAN\u00c7AIS &#8211; 030 &#8211; Le Nude Castanea &#8211; 4g"},"content":{"rendered":"<p><strong><a href=\"https:\/\/awesomegreenbeauty.com\/en\/product-category\/cosmetique\/rouges-a-levres\/\" target=\"_blank\" rel=\"noopener\">Rouge \u00e0 l\u00e8vres<\/a> ORGANIC <\/strong><strong>100% Natural | 74.32% Organic<\/strong><\/p>\n<p><strong>Authentic . Sensual. Corsica<\/strong><\/p>\n<h3>THE TINTING PIGMENT<\/h3>\n<p>The Corsican Chestnut, from which a pigment of great finesse with beige-brown reflections is extracted, has always been one of the great riches of the north of the island of beauty. Since the Baroque era, it has been coloring the wooden icons carried in majesty during traditional religious processions.<\/p>\n<p>Riche en anti-oxydants et vitamines B, C et E, le pigment de ch\u00e2taignier poss\u00e8de d\u2019incroyables propri\u00e9t\u00e9s biologiques. Cette formulation naturelle et riche associe des huiles v\u00e9g\u00e9tales nourrissantes, des cires v\u00e9g\u00e9tales protectrices, et des min\u00e9raux aux propri\u00e9t\u00e9s purifiantes et protectrices.<\/p>\n<h3>UNE FORMULE VERTUEUSE POUR CE <strong>ROUGE A LEVRES BIO<\/strong><\/h3>\n<p>Shea butter: Repairing and nourishing*<\/p>\n<p>Jojoba, apricot, sunflower and castor oils: softening* and antioxidant.<\/p>\n<p>Vegetable waxes of rice, candelilla and carnauba: Softening and protective*<\/p>\n<p>* Upper layers of the epidermis.<\/p>\n<p>100% ingredients of natural origin.<\/p>\n<p>93.2% of the total ingredients are from Cosmos organic farming certified by ECOCERT Greenlife according to the COSMOS standard.<\/p>\n<p><strong>This lipstick does not contain synthetic pigment, titanium dioxide, mica, synthetic fragrance, BHT and BHA, artificial preservatives, silicones, squalene, or colorants, or ingredients of animal origin.<\/strong><\/p>\n<p>&nbsp;<\/p>","protected":false},"excerpt":{"rendered":"<p><strong>100% Natural | 74.32% Organic<\/strong><\/p>\n<p>A sensual wave on your lips. A single pass is enough to reveal<strong> its beige to brown pigments with shades of hazelnut<\/strong>, praline and <strong>candied chestnut<\/strong>. D\u2019une texture fine et l\u00e9g\u00e8re, pour un rendu franc d\u00e9voilant ses reflets de couleurs iris\u00e9s.<\/p>\n<p>Le +++ le pouvoir des plantes tinctoriales offre une coloration qui se nuance l\u00e9g\u00e8rement en fonction de la carnation naturelle et du pH de vos l\u00e8vres.<\/p>\n<p><strong>Ce rouge \u00e0 l\u00e8vres ne contient pas de pigment de synth\u00e8se, ni de dioxyde de titane, ni de mica, ni de parfum synth\u00e9tique, ni de BHT et BHA, ni de conservateurs artificiels, ni de silicones, ni de squal\u00e8ne, ni de colorants, ni d&rsquo;ingr\u00e9dients d\u2019origine animale<\/strong><\/p>","protected":false},"featured_media":22438,"template":"","meta":{"ocean_post_layout":"","ocean_both_sidebars_style":"","ocean_both_sidebars_content_width":0,"ocean_both_sidebars_sidebars_width":0,"ocean_sidebar":"0","ocean_second_sidebar":"0","ocean_disable_margins":"enable","ocean_add_body_class":"","ocean_shortcode_before_top_bar":"","ocean_shortcode_after_top_bar":"","ocean_shortcode_before_header":"","ocean_shortcode_after_header":"","ocean_has_shortcode":"","ocean_shortcode_after_title":"","ocean_shortcode_before_footer_widgets":"","ocean_shortcode_after_footer_widgets":"","ocean_shortcode_before_footer_bottom":"","ocean_shortcode_after_footer_bottom":"","ocean_display_top_bar":"default","ocean_display_header":"default","ocean_header_style":"","ocean_center_header_left_menu":"0","ocean_custom_header_template":"0","ocean_custom_logo":0,"ocean_custom_retina_logo":0,"ocean_custom_logo_max_width":0,"ocean_custom_logo_tablet_max_width":0,"ocean_custom_logo_mobile_max_width":0,"ocean_custom_logo_max_height":0,"ocean_custom_logo_tablet_max_height":0,"ocean_custom_logo_mobile_max_height":0,"ocean_header_custom_menu":"0","ocean_menu_typo_font_family":"0","ocean_menu_typo_font_subset":"","ocean_menu_typo_font_size":0,"ocean_menu_typo_font_size_tablet":0,"ocean_menu_typo_font_size_mobile":0,"ocean_menu_typo_font_size_unit":"px","ocean_menu_typo_font_weight":"","ocean_menu_typo_font_weight_tablet":"","ocean_menu_typo_font_weight_mobile":"","ocean_menu_typo_transform":"","ocean_menu_typo_transform_tablet":"","ocean_menu_typo_transform_mobile":"","ocean_menu_typo_line_height":0,"ocean_menu_typo_line_height_tablet":0,"ocean_menu_typo_line_height_mobile":0,"ocean_menu_typo_line_height_unit":"","ocean_menu_typo_spacing":0,"ocean_menu_typo_spacing_tablet":0,"ocean_menu_typo_spacing_mobile":0,"ocean_menu_typo_spacing_unit":"","ocean_menu_link_color":"","ocean_menu_link_color_hover":"","ocean_menu_link_color_active":"","ocean_menu_link_background":"","ocean_menu_link_hover_background":"","ocean_menu_link_active_background":"","ocean_menu_social_links_bg":"","ocean_menu_social_hover_links_bg":"","ocean_menu_social_links_color":"","ocean_menu_social_hover_links_color":"","ocean_disable_title":"default","ocean_disable_heading":"default","ocean_post_title":"","ocean_post_subheading":"","ocean_post_title_style":"","ocean_post_title_background_color":"","ocean_post_title_background":0,"ocean_post_title_bg_image_position":"","ocean_post_title_bg_image_attachment":"","ocean_post_title_bg_image_repeat":"","ocean_post_title_bg_image_size":"","ocean_post_title_height":0,"ocean_post_title_bg_overlay":0.5,"ocean_post_title_bg_overlay_color":"","ocean_disable_breadcrumbs":"default","ocean_breadcrumbs_color":"","ocean_breadcrumbs_separator_color":"","ocean_breadcrumbs_links_color":"","ocean_breadcrumbs_links_hover_color":"","ocean_display_footer_widgets":"default","ocean_display_footer_bottom":"default","ocean_custom_footer_template":"0"},"product_cat":[23,114],"product_tag":[],"class_list":{"0":"post-22535","1":"product","2":"type-product","3":"status-publish","4":"has-post-thumbnail","6":"product_brand-le-rouge-francais","7":"product_cat-cosmetique","8":"product_cat-rouges-a-levres","10":"entry","11":"has-media","13":"first","14":"instock","15":"taxable","16":"shipping-taxable","17":"purchasable","18":"product-type-variable","19":"has-product-nav","20":"col","21":"span_1_of_4","22":"owp-content-center","23":"owp-thumbs-layout-horizontal","24":"owp-btn-normal","25":"owp-tabs-layout-horizontal"},"_links":{"self":[{"href":"https:\/\/awesomegreenbeauty.com\/en\/wp-json\/wp\/v2\/product\/22535","targetHints":{"allow":["GET"]}}],"collection":[{"href":"https:\/\/awesomegreenbeauty.com\/en\/wp-json\/wp\/v2\/product"}],"about":[{"href":"https:\/\/awesomegreenbeauty.com\/en\/wp-json\/wp\/v2\/types\/product"}],"version-history":[{"count":0,"href":"https:\/\/awesomegreenbeauty.com\/en\/wp-json\/wp\/v2\/product\/22535\/revisions"}],"wp:featuredmedia":[{"embeddable":true,"href":"https:\/\/awesomegreenbeauty.com\/en\/wp-json\/wp\/v2\/media\/22438"}],"wp:attachment":[{"href":"https:\/\/awesomegreenbeauty.com\/en\/wp-json\/wp\/v2\/media?parent=22535"}],"wp:term":[{"taxonomy":"product_cat","embeddable":true,"href":"https:\/\/awesomegreenbeauty.com\/en\/wp-json\/wp\/v2\/product_cat?post=22535"},{"taxonomy":"product_tag","embeddable":true,"href":"https:\/\/awesomegreenbeauty.com\/en\/wp-json\/wp\/v2\/product_tag?post=22535"}],"curies":[{"name":"wp","href":"https:\/\/api.w.org\/{rel}","templated":true}]}}