{"id":22548,"date":"2023-08-03T15:16:59","date_gmt":"2023-08-03T13:16:59","guid":{"rendered":"https:\/\/awesomegreenbeauty.com\/?post_type=product&#038;p=22548"},"modified":"2025-07-12T18:46:35","modified_gmt":"2025-07-12T16:46:35","slug":"nude-rouge-a-levres-wantura-le-rouge-francais","status":"publish","type":"product","link":"https:\/\/awesomegreenbeauty.com\/en\/product\/nude-rouge-a-levres-wantura-le-rouge-francais\/","title":{"rendered":"LE ROUGE FRAN\u00c7AIS &#8211; 031 &#8211; Le Nude Wantura &#8211; 4g"},"content":{"rendered":"<p><strong> Nude rouge \u00e0 l\u00e8vres Wantura le Rouge Fran\u00e7ais 100% Naturel | 79,28%\u00a0 Bio<\/strong><\/p>\n<p>THE TINTING PIGMENT<\/p>\n<p>Roucou \u2013 Bixa Orellana \u2013 also called Wantura in the Quechua language is a sacred plant for the peoples of Amazonia. Described as the \"eternal bush\" bordering the road to paradise, they use it as body paint, as for the dyeing of their basketry.<\/p>\n<p>Used to fight against oxidative stress, it makes up \u201cTascalate\u201d, a traditional Mexican drink.<\/p>\n<h3>A VIRTUOUS FORMULA<\/h3>\n<p>Shea butter: repairing and nourishing**<\/p>\n<p>Jojoba, apricot, sunflower and castor oils: moisturizing** and antioxidants.<\/p>\n<p>Rice, candelilla and carnauba vegetable waxes: softening and protective**<\/p>\n<p>** upper layers of the epidermis.<\/p>\n<p>100% of the total is of natural origin.<\/p>\n<p>93.2% of the total ingredients are from Cosmos organic farming certified by ECOCERT Greenlife according to the COSMOS standard.<\/p>\n<p><strong>This lipstick does not contain synthetic pigment, titanium dioxide, mica, synthetic fragrance, BHT and BHA, artificial preservatives, silicones, squalene, or colorants, or ingredients of animal origin.<\/strong><\/p>\n<h2>Les Ingr\u00e9dients Cl\u00e9s de <strong>Nude rouge \u00e0 l\u00e8vres Wantura :<\/strong><\/h2>\n<h3 data-start=\"402\" data-end=\"443\"><strong data-start=\"409\" data-end=\"443\">Huiles v\u00e9g\u00e9tales nourrissantes :<\/strong><\/h3>\n<ul data-start=\"444\" data-end=\"850\">\n<li data-start=\"444\" data-end=\"544\">\n<p data-start=\"446\" data-end=\"544\"><strong data-start=\"446\" data-end=\"488\">Helianthus Annuus (Sunflower) Seed Oil<\/strong>* : Huile de tournesol, \u00e9molliente, riche en vitamine E.<\/p>\n<\/li>\n<li data-start=\"545\" data-end=\"651\">\n<p data-start=\"547\" data-end=\"651\"><strong data-start=\"547\" data-end=\"585\">Ricinus Communis (Castor) Seed Oil<\/strong>* : Huile de ricin, apporte brillance, nutrition, film protecteur.<\/p>\n<\/li>\n<li data-start=\"652\" data-end=\"753\">\n<p data-start=\"654\" data-end=\"753\"><strong data-start=\"654\" data-end=\"695\">Prunus Armeniaca (Apricot) Kernel Oil<\/strong>* : Huile de noyau d\u2019abricot, \u00e9clat du teint, peau souple.<\/p>\n<\/li>\n<li data-start=\"754\" data-end=\"847\">\n<p data-start=\"756\" data-end=\"847\"><strong data-start=\"756\" data-end=\"798\">Simmondsia Chinensis (Jojoba) Seed Oil<\/strong>* : Huile de jojoba, r\u00e9gulatrice, non com\u00e9dog\u00e8ne.<\/p>\n<\/li>\n<\/ul>\n<h3 data-start=\"851\" data-end=\"889\"><strong data-start=\"858\" data-end=\"889\">Beurres et cires naturelles :<\/strong><\/h3>\n<ul data-start=\"890\" data-end=\"1246\">\n<li data-start=\"890\" data-end=\"976\">\n<p data-start=\"892\" data-end=\"976\"><strong data-start=\"892\" data-end=\"930\">Butyrospermum Parkii (Shea) Butter<\/strong>* : Beurre de karit\u00e9, nourrissant et apaisant.<\/p>\n<\/li>\n<li data-start=\"977\" data-end=\"1080\">\n<p data-start=\"979\" data-end=\"1080\"><strong data-start=\"979\" data-end=\"1017\">Copernicia Cerifera (Carnauba) Wax<\/strong>* : Cire de carnauba, apporte de la consistance et de la tenue.<\/p>\n<\/li>\n<li data-start=\"1081\" data-end=\"1175\">\n<p data-start=\"1083\" data-end=\"1175\"><strong data-start=\"1083\" data-end=\"1102\">Candelilla Cera<\/strong> : Cire de candelilla, texturante, alternative vegan \u00e0 la cire d\u2019abeille.<\/p>\n<\/li>\n<li data-start=\"1176\" data-end=\"1246\">\n<p data-start=\"1178\" data-end=\"1246\"><strong data-start=\"1178\" data-end=\"1210\">Oryza Sativa (Rice) Bran Wax<\/strong> : Cire de son de riz, adoucissante.<\/p>\n<\/li>\n<\/ul>\n<h3 data-start=\"1248\" data-end=\"1287\"><strong data-start=\"1255\" data-end=\"1287\">Agents min\u00e9raux &amp; texturants :<\/strong><\/h3>\n<ul data-start=\"1288\" data-end=\"1639\">\n<li data-start=\"1288\" data-end=\"1355\">\n<p data-start=\"1290\" data-end=\"1355\"><strong data-start=\"1290\" data-end=\"1304\">Zinc Oxide<\/strong> : Filtre min\u00e9ral UV, couvrant, anti-inflammatoire.<\/p>\n<\/li>\n<li data-start=\"1356\" data-end=\"1410\">\n<p data-start=\"1358\" data-end=\"1410\"><strong data-start=\"1358\" data-end=\"1368\">Kaolin<\/strong> : Argile blanche, matifiante, purifiante.<\/p>\n<\/li>\n<li data-start=\"1411\" data-end=\"1479\">\n<p data-start=\"1413\" data-end=\"1479\"><strong data-start=\"1413\" data-end=\"1430\">Zinc Stearate<\/strong> : Am\u00e9liore l&rsquo;adh\u00e9rence des pigments sur la peau.<\/p>\n<\/li>\n<li data-start=\"1480\" data-end=\"1527\">\n<p data-start=\"1482\" data-end=\"1527\"><strong data-start=\"1482\" data-end=\"1503\">Calcium Carbonate<\/strong> : Absorbant, effet mat.<\/p>\n<\/li>\n<li data-start=\"1528\" data-end=\"1570\">\n<p data-start=\"1530\" data-end=\"1570\"><strong data-start=\"1530\" data-end=\"1550\">Sodium Carbonate<\/strong> : R\u00e9gulateur de pH.<\/p>\n<\/li>\n<li data-start=\"1571\" data-end=\"1639\">\n<p data-start=\"1573\" data-end=\"1639\"><strong data-start=\"1573\" data-end=\"1591\">Potassium Alum<\/strong> : Pierre d&rsquo;alun, astringente, anti-bact\u00e9rienne.<\/p>\n<\/li>\n<\/ul>\n<h3 data-start=\"1641\" data-end=\"1688\"><strong data-start=\"1648\" data-end=\"1688\">Extraits v\u00e9g\u00e9taux &amp; actifs colorants :<\/strong><\/h3>\n<ul data-start=\"1689\" data-end=\"1987\">\n<li data-start=\"1689\" data-end=\"1757\">\n<p data-start=\"1691\" data-end=\"1757\"><strong data-start=\"1691\" data-end=\"1723\">Rubia Tinctorum Root Extract<\/strong> : Garance, pigment rouge naturel.<\/p>\n<\/li>\n<li data-start=\"1758\" data-end=\"1836\">\n<p data-start=\"1760\" data-end=\"1836\"><strong data-start=\"1760\" data-end=\"1793\">Croton Lechleri Resin Extract<\/strong> : Sang de dragon, r\u00e9parateur, antioxydant.<\/p>\n<\/li>\n<li data-start=\"1837\" data-end=\"1919\">\n<p data-start=\"1839\" data-end=\"1919\"><strong data-start=\"1839\" data-end=\"1869\">Bixa Orellana Seed Extract<\/strong>* : Roucou, riche en bixine, pigment rouge-orange.<\/p>\n<\/li>\n<li data-start=\"1920\" data-end=\"1987\">\n<p data-start=\"1922\" data-end=\"1987\"><strong data-start=\"1922\" data-end=\"1954\">Indigofera Tinctoria Extract<\/strong>* : Indigo, pigment bleu naturel.<\/p>\n<\/li>\n<\/ul>\n<h3 data-start=\"1989\" data-end=\"2018\"><strong data-start=\"1996\" data-end=\"2018\">Autres ingr\u00e9dients :<\/strong><\/h3>\n<ul data-start=\"2019\" data-end=\"2175\">\n<li data-start=\"2019\" data-end=\"2087\">\n<p data-start=\"2021\" data-end=\"2087\"><strong data-start=\"2021\" data-end=\"2037\">Maltodextrin<\/strong> : Support v\u00e9g\u00e9tal pour les extraits, stabilisant.<\/p>\n<\/li>\n<li data-start=\"2088\" data-end=\"2175\">\n<p data-start=\"2090\" data-end=\"2175\"><strong data-start=\"2090\" data-end=\"2104\">Tocopherol<\/strong> : Vitamine E, antioxydant naturel, prot\u00e8ge les huiles du rancissement.<\/p>\n<\/li>\n<\/ul>","protected":false},"excerpt":{"rendered":"<p><strong>100% Natural | 79.28% Organic<\/strong><\/p>\n<p>All the golden lights of the Eldorado myth invite themselves to your lips. <strong>Dream wearing the shades of caramel <\/strong>of a sandy and desert coast, relieved by a <strong>hint of purple<\/strong> evoking the biting cold of the Altiplano highlands. A <strong>solar lipstick, with a smooth and silky texture.<\/strong><\/p>\n<p data-start=\"2227\" data-end=\"2288\"><strong data-start=\"2227\" data-end=\"2284\">100% d\u2019origine naturelle \/ majoritairement biologique<\/strong> (*)<\/p>\n<ul>\n<li data-start=\"2289\" data-end=\"2324\">\n<p data-start=\"2291\" data-end=\"2324\">Pigments <strong data-start=\"2300\" data-end=\"2324\">min\u00e9raux et v\u00e9g\u00e9taux . <\/strong>Sans silicones, sans conservateurs synth\u00e9tiques.\u00a0Id\u00e9al pour peaux sensibles ou r\u00e9actives<\/p>\n<\/li>\n<\/ul>","protected":false},"featured_media":22485,"template":"","meta":{"ocean_post_layout":"","ocean_both_sidebars_style":"","ocean_both_sidebars_content_width":0,"ocean_both_sidebars_sidebars_width":0,"ocean_sidebar":"0","ocean_second_sidebar":"0","ocean_disable_margins":"enable","ocean_add_body_class":"","ocean_shortcode_before_top_bar":"","ocean_shortcode_after_top_bar":"","ocean_shortcode_before_header":"","ocean_shortcode_after_header":"","ocean_has_shortcode":"","ocean_shortcode_after_title":"","ocean_shortcode_before_footer_widgets":"","ocean_shortcode_after_footer_widgets":"","ocean_shortcode_before_footer_bottom":"","ocean_shortcode_after_footer_bottom":"","ocean_display_top_bar":"default","ocean_display_header":"default","ocean_header_style":"","ocean_center_header_left_menu":"0","ocean_custom_header_template":"0","ocean_custom_logo":0,"ocean_custom_retina_logo":0,"ocean_custom_logo_max_width":0,"ocean_custom_logo_tablet_max_width":0,"ocean_custom_logo_mobile_max_width":0,"ocean_custom_logo_max_height":0,"ocean_custom_logo_tablet_max_height":0,"ocean_custom_logo_mobile_max_height":0,"ocean_header_custom_menu":"0","ocean_menu_typo_font_family":"0","ocean_menu_typo_font_subset":"","ocean_menu_typo_font_size":0,"ocean_menu_typo_font_size_tablet":0,"ocean_menu_typo_font_size_mobile":0,"ocean_menu_typo_font_size_unit":"px","ocean_menu_typo_font_weight":"","ocean_menu_typo_font_weight_tablet":"","ocean_menu_typo_font_weight_mobile":"","ocean_menu_typo_transform":"","ocean_menu_typo_transform_tablet":"","ocean_menu_typo_transform_mobile":"","ocean_menu_typo_line_height":0,"ocean_menu_typo_line_height_tablet":0,"ocean_menu_typo_line_height_mobile":0,"ocean_menu_typo_line_height_unit":"","ocean_menu_typo_spacing":0,"ocean_menu_typo_spacing_tablet":0,"ocean_menu_typo_spacing_mobile":0,"ocean_menu_typo_spacing_unit":"","ocean_menu_link_color":"","ocean_menu_link_color_hover":"","ocean_menu_link_color_active":"","ocean_menu_link_background":"","ocean_menu_link_hover_background":"","ocean_menu_link_active_background":"","ocean_menu_social_links_bg":"","ocean_menu_social_hover_links_bg":"","ocean_menu_social_links_color":"","ocean_menu_social_hover_links_color":"","ocean_disable_title":"default","ocean_disable_heading":"default","ocean_post_title":"","ocean_post_subheading":"","ocean_post_title_style":"","ocean_post_title_background_color":"","ocean_post_title_background":0,"ocean_post_title_bg_image_position":"","ocean_post_title_bg_image_attachment":"","ocean_post_title_bg_image_repeat":"","ocean_post_title_bg_image_size":"","ocean_post_title_height":0,"ocean_post_title_bg_overlay":0.5,"ocean_post_title_bg_overlay_color":"","ocean_disable_breadcrumbs":"default","ocean_breadcrumbs_color":"","ocean_breadcrumbs_separator_color":"","ocean_breadcrumbs_links_color":"","ocean_breadcrumbs_links_hover_color":"","ocean_display_footer_widgets":"default","ocean_display_footer_bottom":"default","ocean_custom_footer_template":"0"},"product_cat":[23,114],"product_tag":[],"class_list":{"0":"post-22548","1":"product","2":"type-product","3":"status-publish","4":"has-post-thumbnail","6":"product_brand-le-rouge-francais","7":"product_cat-cosmetique","8":"product_cat-rouges-a-levres","10":"entry","11":"has-media","13":"first","14":"instock","15":"taxable","16":"shipping-taxable","17":"purchasable","18":"product-type-variable","19":"has-product-nav","20":"col","21":"span_1_of_4","22":"owp-content-center","23":"owp-thumbs-layout-horizontal","24":"owp-btn-normal","25":"owp-tabs-layout-horizontal"},"_links":{"self":[{"href":"https:\/\/awesomegreenbeauty.com\/en\/wp-json\/wp\/v2\/product\/22548","targetHints":{"allow":["GET"]}}],"collection":[{"href":"https:\/\/awesomegreenbeauty.com\/en\/wp-json\/wp\/v2\/product"}],"about":[{"href":"https:\/\/awesomegreenbeauty.com\/en\/wp-json\/wp\/v2\/types\/product"}],"version-history":[{"count":0,"href":"https:\/\/awesomegreenbeauty.com\/en\/wp-json\/wp\/v2\/product\/22548\/revisions"}],"wp:featuredmedia":[{"embeddable":true,"href":"https:\/\/awesomegreenbeauty.com\/en\/wp-json\/wp\/v2\/media\/22485"}],"wp:attachment":[{"href":"https:\/\/awesomegreenbeauty.com\/en\/wp-json\/wp\/v2\/media?parent=22548"}],"wp:term":[{"taxonomy":"product_cat","embeddable":true,"href":"https:\/\/awesomegreenbeauty.com\/en\/wp-json\/wp\/v2\/product_cat?post=22548"},{"taxonomy":"product_tag","embeddable":true,"href":"https:\/\/awesomegreenbeauty.com\/en\/wp-json\/wp\/v2\/product_tag?post=22548"}],"curies":[{"name":"wp","href":"https:\/\/api.w.org\/{rel}","templated":true}]}}