{"id":22579,"date":"2023-08-03T17:23:49","date_gmt":"2023-08-03T15:23:49","guid":{"rendered":"https:\/\/awesomegreenbeauty.com\/?post_type=product&#038;p=22579"},"modified":"2025-06-25T11:57:02","modified_gmt":"2025-06-25T09:57:02","slug":"le-rouge-francais-le-rose-licandre-4g","status":"publish","type":"product","link":"https:\/\/awesomegreenbeauty.com\/en\/product\/le-rouge-francais-le-rose-licandre-4g\/","title":{"rendered":"LE ROUGE FRAN\u00c7AIS &#8211; 040 &#8211; Le Rose Licandre &#8211; 4g"},"content":{"rendered":"<p><strong>100% Natural | 81.47% Organic<\/strong><\/p>\n<p><strong>Amoureuse . Douce . M\u00e9lodieuse.<\/strong><\/p>\n<p class=\"\" data-start=\"313\" data-end=\"747\">Cette formule 100 % d\u2019origine naturelle, enrichie en huiles v\u00e9g\u00e9tales, beurres nourrissants, pigments min\u00e9raux et extraits de plantes colorantes, a \u00e9t\u00e9 con\u00e7ue pour allier <strong data-start=\"484\" data-end=\"498\">maquillage<\/strong> and <strong data-start=\"502\" data-end=\"510\">soin<\/strong>. Elle offre une texture cr\u00e9meuse facile \u00e0 appliquer, une bonne tenue, et un fini naturel. Id\u00e9ale pour les peaux sensibles et les adeptes de clean beauty, elle prot\u00e8ge, hydrate et illumine la peau tout en apportant une touche de couleur.<\/p>\n<h3>THE TINTING PIGMENT<\/h3>\n<p>Derived from varieties of oak native to Greece and the Middle East, gall nut is rich in gallic acid, the pigment of which is still used for dyeing traditional carpet wool.<\/p>\n<p>This pigment is recognized for its incredible biological virtues.<\/p>\n<h3>UNE FORMULE VERTUEUSE POUR CE ROUGE A LEVRES BIO<\/h3>\n<p>Shea butter: Repairing and nourishing*<\/p>\n<p>Huiles d\u2019abricot, tournesol et ricin : assouplissantes* et anti-oxydantes<\/p>\n<p>Vegetable waxes of rice, candelilla and carnauba: Softening and protective*<\/p>\n<p>* Upper layers of the epidermis.<\/p>\n<p>100% of the total is of natural origin.<\/p>\n<p>*81,47% du total des ingr\u00e9dients sont issus de l&rsquo;agriculture biologique. *Ingr\u00e9dient issu de l&rsquo;agriculture biologique<\/p>\n<p><strong>This lipstick does not contain synthetic pigment, titanium dioxide, mica, synthetic fragrance, BHT and BHA, artificial preservatives, silicones, squalene, or colorants, or ingredients of animal origin.<\/strong><\/p>","protected":false},"excerpt":{"rendered":"<p><strong>100% Natural | 81.47% Organic<\/strong><\/p>\n<p>An ode to sweetness, like a tenderly tangy candy, with nuances of <strong>Rosewood <\/strong>and the candor of a <strong>powdery pink<\/strong>. With a delicate texture, silky and pearly finish.<\/p>","protected":false},"featured_media":22443,"template":"","meta":{"ocean_post_layout":"","ocean_both_sidebars_style":"","ocean_both_sidebars_content_width":0,"ocean_both_sidebars_sidebars_width":0,"ocean_sidebar":"0","ocean_second_sidebar":"0","ocean_disable_margins":"enable","ocean_add_body_class":"","ocean_shortcode_before_top_bar":"","ocean_shortcode_after_top_bar":"","ocean_shortcode_before_header":"","ocean_shortcode_after_header":"","ocean_has_shortcode":"","ocean_shortcode_after_title":"","ocean_shortcode_before_footer_widgets":"","ocean_shortcode_after_footer_widgets":"","ocean_shortcode_before_footer_bottom":"","ocean_shortcode_after_footer_bottom":"","ocean_display_top_bar":"default","ocean_display_header":"default","ocean_header_style":"","ocean_center_header_left_menu":"0","ocean_custom_header_template":"0","ocean_custom_logo":0,"ocean_custom_retina_logo":0,"ocean_custom_logo_max_width":0,"ocean_custom_logo_tablet_max_width":0,"ocean_custom_logo_mobile_max_width":0,"ocean_custom_logo_max_height":0,"ocean_custom_logo_tablet_max_height":0,"ocean_custom_logo_mobile_max_height":0,"ocean_header_custom_menu":"0","ocean_menu_typo_font_family":"0","ocean_menu_typo_font_subset":"","ocean_menu_typo_font_size":0,"ocean_menu_typo_font_size_tablet":0,"ocean_menu_typo_font_size_mobile":0,"ocean_menu_typo_font_size_unit":"px","ocean_menu_typo_font_weight":"","ocean_menu_typo_font_weight_tablet":"","ocean_menu_typo_font_weight_mobile":"","ocean_menu_typo_transform":"","ocean_menu_typo_transform_tablet":"","ocean_menu_typo_transform_mobile":"","ocean_menu_typo_line_height":0,"ocean_menu_typo_line_height_tablet":0,"ocean_menu_typo_line_height_mobile":0,"ocean_menu_typo_line_height_unit":"","ocean_menu_typo_spacing":0,"ocean_menu_typo_spacing_tablet":0,"ocean_menu_typo_spacing_mobile":0,"ocean_menu_typo_spacing_unit":"","ocean_menu_link_color":"","ocean_menu_link_color_hover":"","ocean_menu_link_color_active":"","ocean_menu_link_background":"","ocean_menu_link_hover_background":"","ocean_menu_link_active_background":"","ocean_menu_social_links_bg":"","ocean_menu_social_hover_links_bg":"","ocean_menu_social_links_color":"","ocean_menu_social_hover_links_color":"","ocean_disable_title":"default","ocean_disable_heading":"default","ocean_post_title":"","ocean_post_subheading":"","ocean_post_title_style":"","ocean_post_title_background_color":"","ocean_post_title_background":0,"ocean_post_title_bg_image_position":"","ocean_post_title_bg_image_attachment":"","ocean_post_title_bg_image_repeat":"","ocean_post_title_bg_image_size":"","ocean_post_title_height":0,"ocean_post_title_bg_overlay":0.5,"ocean_post_title_bg_overlay_color":"","ocean_disable_breadcrumbs":"default","ocean_breadcrumbs_color":"","ocean_breadcrumbs_separator_color":"","ocean_breadcrumbs_links_color":"","ocean_breadcrumbs_links_hover_color":"","ocean_display_footer_widgets":"default","ocean_display_footer_bottom":"default","ocean_custom_footer_template":"0"},"product_cat":[23,114],"product_tag":[],"class_list":{"0":"post-22579","1":"product","2":"type-product","3":"status-publish","4":"has-post-thumbnail","6":"product_brand-le-rouge-francais","7":"product_cat-cosmetique","8":"product_cat-rouges-a-levres","10":"entry","11":"has-media","13":"first","14":"instock","15":"taxable","16":"shipping-taxable","17":"purchasable","18":"product-type-variable","19":"has-product-nav","20":"col","21":"span_1_of_4","22":"owp-content-center","23":"owp-thumbs-layout-horizontal","24":"owp-btn-normal","25":"owp-tabs-layout-horizontal"},"_links":{"self":[{"href":"https:\/\/awesomegreenbeauty.com\/en\/wp-json\/wp\/v2\/product\/22579","targetHints":{"allow":["GET"]}}],"collection":[{"href":"https:\/\/awesomegreenbeauty.com\/en\/wp-json\/wp\/v2\/product"}],"about":[{"href":"https:\/\/awesomegreenbeauty.com\/en\/wp-json\/wp\/v2\/types\/product"}],"version-history":[{"count":0,"href":"https:\/\/awesomegreenbeauty.com\/en\/wp-json\/wp\/v2\/product\/22579\/revisions"}],"wp:featuredmedia":[{"embeddable":true,"href":"https:\/\/awesomegreenbeauty.com\/en\/wp-json\/wp\/v2\/media\/22443"}],"wp:attachment":[{"href":"https:\/\/awesomegreenbeauty.com\/en\/wp-json\/wp\/v2\/media?parent=22579"}],"wp:term":[{"taxonomy":"product_cat","embeddable":true,"href":"https:\/\/awesomegreenbeauty.com\/en\/wp-json\/wp\/v2\/product_cat?post=22579"},{"taxonomy":"product_tag","embeddable":true,"href":"https:\/\/awesomegreenbeauty.com\/en\/wp-json\/wp\/v2\/product_tag?post=22579"}],"curies":[{"name":"wp","href":"https:\/\/api.w.org\/{rel}","templated":true}]}}