{"id":22590,"date":"2023-08-03T18:09:05","date_gmt":"2023-08-03T16:09:05","guid":{"rendered":"https:\/\/awesomegreenbeauty.com\/?post_type=product&#038;p=22590"},"modified":"2025-04-08T16:45:26","modified_gmt":"2025-04-08T14:45:26","slug":"le-rouge-francais-le-baume-a-levres-nordgron-4g","status":"publish","type":"product","link":"https:\/\/awesomegreenbeauty.com\/en\/product\/le-rouge-francais-le-baume-a-levres-nordgron-4g\/","title":{"rendered":"LE ROUGE FRAN\u00c7AIS &#8211; 050 &#8211; Le Baume Nordgron  &#8211; 4g"},"content":{"rendered":"<p><strong>Le baume \u00e0 l\u00e8vres 100% Naturel | 93,2% Bio<\/strong><\/p>\n<p><strong>Generous. Virtuous. Comforting<\/strong><\/p>\n<p>THE BENEFITS<\/p>\n<p>Its formula is inspired by Icelandic rituals of protection against the extreme cold of the Fjords. It is enriched with probiotics, promoting the restoration of tissue flora to better protect you from external aggressions.<\/p>\n<p>The high-performance hyaluronic acid obtained by bio-fermentation has a film-forming power that prolongs hydration and provides a smoothing effect.<\/p>\n<p>The soothing properties of hemp oil help relieve the effects of irritation.<\/p>\n<p>A VIRTUOUS FORMULA<\/p>\n<p>Probiotic \u2013 Hyaluronic Acid \u2013 Hemp<\/p>\n<p>Cocoa and shea butters: repairing and nourishing*<\/p>\n<p>Jojoba, apricot, sunflower and castor oils: softening* and antioxidants<\/p>\n<p>Rice, candelilla and carnauba vegetable waxes: softening and protective*<\/p>\n<p>* Upper layers of the epidermis.<\/p>\n<p>100% ingredients of natural origin.<\/p>\n<p>93.2% of the total ingredients are from Cosmos organic farming certified by ECOCERT Greenlife according to the COSMOS standard.<\/p>\n<p><strong>Ce baume \u00e0 l\u00e8vres ne contient pas de pigment de synth\u00e8se, ni de dioxyde de titane, ni de mica, ni de parfum synth\u00e9tique, ni de BHT et BHA, ni de conservateurs artificiels, ni de silicones, ni de squal\u00e8ne, ni de colorants, ni d&rsquo;ingr\u00e9dients d\u2019origine animale.<\/strong><\/p>","protected":false},"excerpt":{"rendered":"<p><strong>100% Natural | 93.2% Organic<\/strong><\/p>\n<p>Give your lips an exceptional ointment* with this new generation moisturizing balm, with beneficial active ingredients, of 100% natural origin. <strong>Its formula is enriched with probiotics<\/strong>, favoring the restoration of the tissue flora. <strong>Hyaluronic acid deeply hydrates<\/strong>. The soothing properties of hemp oil help relieve the effects of irritation.<\/p>","protected":false},"featured_media":22451,"template":"","meta":{"ocean_post_layout":"","ocean_both_sidebars_style":"","ocean_both_sidebars_content_width":0,"ocean_both_sidebars_sidebars_width":0,"ocean_sidebar":"0","ocean_second_sidebar":"0","ocean_disable_margins":"enable","ocean_add_body_class":"","ocean_shortcode_before_top_bar":"","ocean_shortcode_after_top_bar":"","ocean_shortcode_before_header":"","ocean_shortcode_after_header":"","ocean_has_shortcode":"","ocean_shortcode_after_title":"","ocean_shortcode_before_footer_widgets":"","ocean_shortcode_after_footer_widgets":"","ocean_shortcode_before_footer_bottom":"","ocean_shortcode_after_footer_bottom":"","ocean_display_top_bar":"default","ocean_display_header":"default","ocean_header_style":"","ocean_center_header_left_menu":"0","ocean_custom_header_template":"0","ocean_custom_logo":0,"ocean_custom_retina_logo":0,"ocean_custom_logo_max_width":0,"ocean_custom_logo_tablet_max_width":0,"ocean_custom_logo_mobile_max_width":0,"ocean_custom_logo_max_height":0,"ocean_custom_logo_tablet_max_height":0,"ocean_custom_logo_mobile_max_height":0,"ocean_header_custom_menu":"0","ocean_menu_typo_font_family":"0","ocean_menu_typo_font_subset":"","ocean_menu_typo_font_size":0,"ocean_menu_typo_font_size_tablet":0,"ocean_menu_typo_font_size_mobile":0,"ocean_menu_typo_font_size_unit":"px","ocean_menu_typo_font_weight":"","ocean_menu_typo_font_weight_tablet":"","ocean_menu_typo_font_weight_mobile":"","ocean_menu_typo_transform":"","ocean_menu_typo_transform_tablet":"","ocean_menu_typo_transform_mobile":"","ocean_menu_typo_line_height":0,"ocean_menu_typo_line_height_tablet":0,"ocean_menu_typo_line_height_mobile":0,"ocean_menu_typo_line_height_unit":"","ocean_menu_typo_spacing":0,"ocean_menu_typo_spacing_tablet":0,"ocean_menu_typo_spacing_mobile":0,"ocean_menu_typo_spacing_unit":"","ocean_menu_link_color":"","ocean_menu_link_color_hover":"","ocean_menu_link_color_active":"","ocean_menu_link_background":"","ocean_menu_link_hover_background":"","ocean_menu_link_active_background":"","ocean_menu_social_links_bg":"","ocean_menu_social_hover_links_bg":"","ocean_menu_social_links_color":"","ocean_menu_social_hover_links_color":"","ocean_disable_title":"default","ocean_disable_heading":"default","ocean_post_title":"","ocean_post_subheading":"","ocean_post_title_style":"","ocean_post_title_background_color":"","ocean_post_title_background":0,"ocean_post_title_bg_image_position":"","ocean_post_title_bg_image_attachment":"","ocean_post_title_bg_image_repeat":"","ocean_post_title_bg_image_size":"","ocean_post_title_height":0,"ocean_post_title_bg_overlay":0.5,"ocean_post_title_bg_overlay_color":"","ocean_disable_breadcrumbs":"default","ocean_breadcrumbs_color":"","ocean_breadcrumbs_separator_color":"","ocean_breadcrumbs_links_color":"","ocean_breadcrumbs_links_hover_color":"","ocean_display_footer_widgets":"default","ocean_display_footer_bottom":"default","ocean_custom_footer_template":"0"},"product_cat":[81,20],"product_tag":[],"class_list":{"0":"post-22590","1":"product","2":"type-product","3":"status-publish","4":"has-post-thumbnail","6":"product_brand-le-rouge-francais","7":"product_cat-soins-des-levres","8":"product_cat-soins-du-visage","10":"entry","11":"has-media","13":"first","14":"instock","15":"taxable","16":"shipping-taxable","17":"purchasable","18":"product-type-variable","19":"has-product-nav","20":"col","21":"span_1_of_4","22":"owp-content-center","23":"owp-thumbs-layout-horizontal","24":"owp-btn-normal","25":"owp-tabs-layout-horizontal"},"_links":{"self":[{"href":"https:\/\/awesomegreenbeauty.com\/en\/wp-json\/wp\/v2\/product\/22590","targetHints":{"allow":["GET"]}}],"collection":[{"href":"https:\/\/awesomegreenbeauty.com\/en\/wp-json\/wp\/v2\/product"}],"about":[{"href":"https:\/\/awesomegreenbeauty.com\/en\/wp-json\/wp\/v2\/types\/product"}],"version-history":[{"count":0,"href":"https:\/\/awesomegreenbeauty.com\/en\/wp-json\/wp\/v2\/product\/22590\/revisions"}],"wp:featuredmedia":[{"embeddable":true,"href":"https:\/\/awesomegreenbeauty.com\/en\/wp-json\/wp\/v2\/media\/22451"}],"wp:attachment":[{"href":"https:\/\/awesomegreenbeauty.com\/en\/wp-json\/wp\/v2\/media?parent=22590"}],"wp:term":[{"taxonomy":"product_cat","embeddable":true,"href":"https:\/\/awesomegreenbeauty.com\/en\/wp-json\/wp\/v2\/product_cat?post=22590"},{"taxonomy":"product_tag","embeddable":true,"href":"https:\/\/awesomegreenbeauty.com\/en\/wp-json\/wp\/v2\/product_tag?post=22590"}],"curies":[{"name":"wp","href":"https:\/\/api.w.org\/{rel}","templated":true}]}}