{"id":22603,"date":"2023-08-04T12:20:40","date_gmt":"2023-08-04T10:20:40","guid":{"rendered":"https:\/\/awesomegreenbeauty.com\/?post_type=product&#038;p=22603"},"modified":"2026-02-24T14:26:05","modified_gmt":"2026-02-24T13:26:05","slug":"le-rouge-francais-joues-et-levres-nefertiti-3g","status":"publish","type":"product","link":"https:\/\/awesomegreenbeauty.com\/en\/product\/le-rouge-francais-joues-et-levres-nefertiti-3g\/","title":{"rendered":"LE ROUGE FRAN\u00c7AIS &#8211; Cheek &#038; Lips N\u00e9fertiti &#8211; 3g"},"content":{"rendered":"<p>Un Blush joues et l\u00e8vres\u00a0<strong>100% Natural | 73.46% Organic<\/strong><\/p>\n<p><strong>Legendary. Divine . Mythical<\/strong><\/p>\n<p>THE TINTING PIGMENT<\/p>\n<p>Throughout the Mediterranean Basin, and since the 2nd millennium BC, the roots of MADERLAND \u2013 Rubia Tinctorum \u2013 have been used for their strong dyeing power and their incredible medicinal properties.<\/p>\n<p>A veritable ancestral beauty ritual, Queens and Empresses painted their complexions and lips with these pigments in infinite variations of red.<\/p>\n<h3>A VIRTUOUS FORMULA<\/h3>\n<p>Shea butter: repairing and nourishing*.<\/p>\n<p>Coconut, jojoba, apricot and castor oils: softening* and antioxidant.<\/p>\n<p>Vegetable rice and carnauba waxes: softening and protective*.<\/p>\n<p>* Upper layers of the epidermis.<\/p>\n<p>* Ingredients from organic farming 100% of the total is of natural origin.<\/p>\n<p>69.50% of the total ingredients are from organic farming.<\/p>\n<h3 data-start=\"0\" data-end=\"202\">Voici les bienfaits des principaux composants de ce Blush joues et l\u00e8vres :<\/h3>\n<ul data-start=\"204\" data-end=\"1842\">\n<li data-start=\"204\" data-end=\"381\">\n<p data-start=\"206\" data-end=\"381\"><strong data-start=\"206\" data-end=\"252\">Huile de ricin (Ricinus Communis Seed Oil)<\/strong> : Nourrit, fortifie et adoucit la peau et les l\u00e8vres. Elle est aussi r\u00e9put\u00e9e pour stimuler la croissance des cils et sourcils.<\/p>\n<\/li>\n<li data-start=\"382\" data-end=\"507\">\n<p data-start=\"384\" data-end=\"507\"><strong data-start=\"384\" data-end=\"430\">Cire de carnauba (Copernicia Cerifera Wax)<\/strong> : Apporte une texture ferme et am\u00e9liore la tenue des produits cosm\u00e9tiques.<\/p>\n<\/li>\n<li data-start=\"508\" data-end=\"599\">\n<p data-start=\"510\" data-end=\"599\"><strong data-start=\"510\" data-end=\"520\">Kaolin<\/strong> : Purifie et absorbe l\u2019exc\u00e8s de s\u00e9bum, tout en apportant un effet matifiant.<\/p>\n<\/li>\n<li data-start=\"600\" data-end=\"727\">\n<p data-start=\"602\" data-end=\"727\"><strong data-start=\"602\" data-end=\"632\">Oxyde de zinc (Zinc Oxide)<\/strong> : Propri\u00e9t\u00e9s protectrices et apaisantes, agit comme un filtre min\u00e9ral naturel contre les UV.<\/p>\n<\/li>\n<li data-start=\"728\" data-end=\"853\">\n<p data-start=\"730\" data-end=\"853\"><strong data-start=\"730\" data-end=\"780\">Beurre de karit\u00e9 (Butyrospermum Parkii Butter)<\/strong> : Nourrit, r\u00e9pare et prot\u00e8ge la peau gr\u00e2ce \u00e0 sa richesse en vitamines.<\/p>\n<\/li>\n<li data-start=\"854\" data-end=\"984\">\n<p data-start=\"856\" data-end=\"984\"><strong data-start=\"856\" data-end=\"914\">Huile de noyau d\u2019abricot (Prunus Armeniaca Kernel Oil)<\/strong> : Apporte de l\u2019\u00e9clat et de la douceur, tout en nourrissant la peau.<\/p>\n<\/li>\n<li data-start=\"985\" data-end=\"1084\">\n<p data-start=\"987\" data-end=\"1084\"><strong data-start=\"987\" data-end=\"1025\">Huile de coco (Cocos Nucifera Oil)<\/strong> : Hydrate intens\u00e9ment et prot\u00e8ge contre le dess\u00e8chement.<\/p>\n<\/li>\n<li data-start=\"1085\" data-end=\"1185\">\n<p data-start=\"1087\" data-end=\"1185\"><strong data-start=\"1087\" data-end=\"1138\">Huile de jojoba (Simmondsia Chinensis Seed Oil)<\/strong> : R\u00e9gule le s\u00e9bum et pr\u00e9serve l\u2019hydratation.<\/p>\n<\/li>\n<li data-start=\"1186\" data-end=\"1304\">\n<p data-start=\"1188\" data-end=\"1304\"><strong data-start=\"1188\" data-end=\"1224\">St\u00e9arate de zinc (Zinc Stearate)<\/strong> : Donne une texture soyeuse et am\u00e9liore l\u2019adh\u00e9rence des produits sur la peau.<\/p>\n<\/li>\n<li data-start=\"1305\" data-end=\"1443\">\n<p data-start=\"1307\" data-end=\"1443\"><strong data-start=\"1307\" data-end=\"1360\">Extrait de garance (Rubia Tinctorum Root Extract)<\/strong> : Connu pour ses propri\u00e9t\u00e9s colorantes naturelles et ses bienfaits pour la peau.<\/p>\n<\/li>\n<li data-start=\"1444\" data-end=\"1549\">\n<p data-start=\"1446\" data-end=\"1549\"><strong data-start=\"1446\" data-end=\"1492\">Cire de son de riz (Oryza Sativa Bran Wax)<\/strong> : Apporte de la structure et de la douceur au produit.<\/p>\n<\/li>\n<li data-start=\"1550\" data-end=\"1654\">\n<p data-start=\"1552\" data-end=\"1654\"><strong data-start=\"1552\" data-end=\"1570\">Potassium Alum<\/strong> : Astringent naturel, aide \u00e0 resserrer les pores et \u00e0 contr\u00f4ler la transpiration.<\/p>\n<\/li>\n<li data-start=\"1655\" data-end=\"1747\">\n<p data-start=\"1657\" data-end=\"1747\"><strong data-start=\"1657\" data-end=\"1684\">Vitamine E (Tocopherol)<\/strong> : Antioxydant naturel qui prot\u00e8ge la peau du vieillissement.<\/p>\n<\/li>\n<li data-start=\"1748\" data-end=\"1842\">\n<p data-start=\"1750\" data-end=\"1842\"><strong data-start=\"1750\" data-end=\"1801\">Huile de tournesol (Helianthus Annuus Seed Oil)<\/strong> : Nourrit, adoucit et prot\u00e8ge la peau.<\/p>\n<\/li>\n<\/ul>\n<p data-start=\"1844\" data-end=\"1982\">Avec des ingr\u00e9dients <strong data-start=\"1865\" data-end=\"1890\">certifi\u00e9s biologiques<\/strong>, cette formule semble id\u00e9ale pour un soin naturel et protecteur de la peau ou des l\u00e8vres.<\/p>\n<p><strong>Ce blush joues et l\u00e8vres ne contient pas de pigment de synth\u00e8se, ni de dioxyde de titane, ni de mica, ni de parfum synth\u00e9tique, ni de BHT et BHA, ni de conservateurs artificiels, ni de silicones, ni de squal\u00e8ne, ni de colorants, ni d&rsquo;ingr\u00e9dients d\u2019origine animale.<\/strong><\/p>","protected":false},"excerpt":{"rendered":"<p><strong>100% Natural | 73.46% Organic<\/strong><\/p>\n<p>A pink <strong>floral fresh<\/strong> and bright with a bold personality. Its vegetable color imprinted with madder roots has an incredible tinting power in addition to medicinal properties.<\/p>","protected":false},"featured_media":22447,"template":"","meta":{"ocean_post_layout":"","ocean_both_sidebars_style":"","ocean_both_sidebars_content_width":0,"ocean_both_sidebars_sidebars_width":0,"ocean_sidebar":"0","ocean_second_sidebar":"0","ocean_disable_margins":"enable","ocean_add_body_class":"","ocean_shortcode_before_top_bar":"","ocean_shortcode_after_top_bar":"","ocean_shortcode_before_header":"","ocean_shortcode_after_header":"","ocean_has_shortcode":"","ocean_shortcode_after_title":"","ocean_shortcode_before_footer_widgets":"","ocean_shortcode_after_footer_widgets":"","ocean_shortcode_before_footer_bottom":"","ocean_shortcode_after_footer_bottom":"","ocean_display_top_bar":"default","ocean_display_header":"default","ocean_header_style":"","ocean_center_header_left_menu":"0","ocean_custom_header_template":"0","ocean_custom_logo":0,"ocean_custom_retina_logo":0,"ocean_custom_logo_max_width":0,"ocean_custom_logo_tablet_max_width":0,"ocean_custom_logo_mobile_max_width":0,"ocean_custom_logo_max_height":0,"ocean_custom_logo_tablet_max_height":0,"ocean_custom_logo_mobile_max_height":0,"ocean_header_custom_menu":"0","ocean_menu_typo_font_family":"0","ocean_menu_typo_font_subset":"","ocean_menu_typo_font_size":0,"ocean_menu_typo_font_size_tablet":0,"ocean_menu_typo_font_size_mobile":0,"ocean_menu_typo_font_size_unit":"px","ocean_menu_typo_font_weight":"","ocean_menu_typo_font_weight_tablet":"","ocean_menu_typo_font_weight_mobile":"","ocean_menu_typo_transform":"","ocean_menu_typo_transform_tablet":"","ocean_menu_typo_transform_mobile":"","ocean_menu_typo_line_height":0,"ocean_menu_typo_line_height_tablet":0,"ocean_menu_typo_line_height_mobile":0,"ocean_menu_typo_line_height_unit":"","ocean_menu_typo_spacing":0,"ocean_menu_typo_spacing_tablet":0,"ocean_menu_typo_spacing_mobile":0,"ocean_menu_typo_spacing_unit":"","ocean_menu_link_color":"","ocean_menu_link_color_hover":"","ocean_menu_link_color_active":"","ocean_menu_link_background":"","ocean_menu_link_hover_background":"","ocean_menu_link_active_background":"","ocean_menu_social_links_bg":"","ocean_menu_social_hover_links_bg":"","ocean_menu_social_links_color":"","ocean_menu_social_hover_links_color":"","ocean_disable_title":"default","ocean_disable_heading":"default","ocean_post_title":"","ocean_post_subheading":"","ocean_post_title_style":"","ocean_post_title_background_color":"","ocean_post_title_background":0,"ocean_post_title_bg_image_position":"","ocean_post_title_bg_image_attachment":"","ocean_post_title_bg_image_repeat":"","ocean_post_title_bg_image_size":"","ocean_post_title_height":0,"ocean_post_title_bg_overlay":0.5,"ocean_post_title_bg_overlay_color":"","ocean_disable_breadcrumbs":"default","ocean_breadcrumbs_color":"","ocean_breadcrumbs_separator_color":"","ocean_breadcrumbs_links_color":"","ocean_breadcrumbs_links_hover_color":"","ocean_display_footer_widgets":"default","ocean_display_footer_bottom":"default","ocean_custom_footer_template":"0"},"product_cat":[115,23],"product_tag":[],"class_list":{"0":"post-22603","1":"product","2":"type-product","3":"status-publish","4":"has-post-thumbnail","6":"product_brand-le-rouge-francais","7":"product_cat-blush-cremes","8":"product_cat-cosmetique","10":"entry","11":"has-media","13":"first","14":"outofstock","15":"taxable","16":"shipping-taxable","17":"purchasable","18":"product-type-simple","19":"has-product-nav","20":"col","21":"span_1_of_4","22":"owp-content-center","23":"owp-thumbs-layout-horizontal","24":"owp-btn-normal","25":"owp-tabs-layout-horizontal","26":"has-no-thumbnails"},"_links":{"self":[{"href":"https:\/\/awesomegreenbeauty.com\/en\/wp-json\/wp\/v2\/product\/22603","targetHints":{"allow":["GET"]}}],"collection":[{"href":"https:\/\/awesomegreenbeauty.com\/en\/wp-json\/wp\/v2\/product"}],"about":[{"href":"https:\/\/awesomegreenbeauty.com\/en\/wp-json\/wp\/v2\/types\/product"}],"version-history":[{"count":0,"href":"https:\/\/awesomegreenbeauty.com\/en\/wp-json\/wp\/v2\/product\/22603\/revisions"}],"wp:featuredmedia":[{"embeddable":true,"href":"https:\/\/awesomegreenbeauty.com\/en\/wp-json\/wp\/v2\/media\/22447"}],"wp:attachment":[{"href":"https:\/\/awesomegreenbeauty.com\/en\/wp-json\/wp\/v2\/media?parent=22603"}],"wp:term":[{"taxonomy":"product_cat","embeddable":true,"href":"https:\/\/awesomegreenbeauty.com\/en\/wp-json\/wp\/v2\/product_cat?post=22603"},{"taxonomy":"product_tag","embeddable":true,"href":"https:\/\/awesomegreenbeauty.com\/en\/wp-json\/wp\/v2\/product_tag?post=22603"}],"curies":[{"name":"wp","href":"https:\/\/api.w.org\/{rel}","templated":true}]}}