{"id":22633,"date":"2023-08-04T15:38:29","date_gmt":"2023-08-04T13:38:29","guid":{"rendered":"https:\/\/awesomegreenbeauty.com\/?post_type=product&#038;p=22633"},"modified":"2023-09-08T10:12:44","modified_gmt":"2023-09-08T08:12:44","slug":"le-rouge-francais-noir-calistoga-105ml","status":"publish","type":"product","link":"https:\/\/awesomegreenbeauty.com\/en\/product\/le-rouge-francais-noir-calistoga-105ml\/","title":{"rendered":"LE ROUGE FRAN\u00c7AIS &#8211; Eyeliner Noir Calistoga &#8211; 10,5ml"},"content":{"rendered":"<p><strong>100% Natural | 22.40% Organic<\/strong><\/p>\n<p><strong>Charcoal. Dark. Abyssal<\/strong><\/p>\n<p>THE TINTING PIGMENT<\/p>\n<p>Derived from coconut shells, Vegetable Charcoal colors intensely at a very low dose.<\/p>\n<p>From the birth of prehistoric parietal art, to the work of Auguste Allong\u00e9 in the 19th century, its deep black gives life to lines and flat areas of blendable density. While its use as a culinary coloring gives originality and contrast to preparations.<\/p>\n<p>A VIRTUOUS FORMULA<\/p>\n<p>Oryzanol: has strong antioxidant properties and neutralizes damage caused by free radicals*<\/p>\n<p>Coconut oil: provides nutrition and prevents dehydration*<\/p>\n<p>* Upper layers of the epidermis.<\/p>\n<p>AN EXCLUSIVE FINISH<\/p>\n<p>An exclusive care formula, respectful of sensitive eyes for an intense, enhanced look.<\/p>\n<p>94.16% of the total ingredients are from organic farming.<\/p>\n<p>22,40 % du total des ingr\u00e9dients sont issus de l&rsquo;agriculture biologique.<\/p>\n<p><strong>Ce crayon pour les yeux ne contient pas de pigment de synth\u00e8se, ni de dioxyde de titane, ni de mica, ni de parfum synth\u00e9tique, ni de BHT et BHA, ni de conservateurs artificiels, ni de silicones, ni de squal\u00e8ne, ni de colorants, ni d&rsquo;ingr\u00e9dients d\u2019origine animale.<\/strong><\/p>","protected":false},"excerpt":{"rendered":"<p><strong>100% Natural | 22.40% Organic<\/strong><\/p>\n<p><strong>A jet black<\/strong> with ebony reflections, recounting a moonless night at the edge of a wood. Derived from coconut shells, Vegetable Charcoal colors intensely at a very low dose. Its exclusive and 100% natural care formula is respectful of sensitive eyes.<\/p>","protected":false},"featured_media":22448,"template":"","meta":{"ocean_post_layout":"","ocean_both_sidebars_style":"","ocean_both_sidebars_content_width":0,"ocean_both_sidebars_sidebars_width":0,"ocean_sidebar":"0","ocean_second_sidebar":"0","ocean_disable_margins":"enable","ocean_add_body_class":"","ocean_shortcode_before_top_bar":"","ocean_shortcode_after_top_bar":"","ocean_shortcode_before_header":"","ocean_shortcode_after_header":"","ocean_has_shortcode":"","ocean_shortcode_after_title":"","ocean_shortcode_before_footer_widgets":"","ocean_shortcode_after_footer_widgets":"","ocean_shortcode_before_footer_bottom":"","ocean_shortcode_after_footer_bottom":"","ocean_display_top_bar":"default","ocean_display_header":"default","ocean_header_style":"","ocean_center_header_left_menu":"0","ocean_custom_header_template":"0","ocean_custom_logo":0,"ocean_custom_retina_logo":0,"ocean_custom_logo_max_width":0,"ocean_custom_logo_tablet_max_width":0,"ocean_custom_logo_mobile_max_width":0,"ocean_custom_logo_max_height":0,"ocean_custom_logo_tablet_max_height":0,"ocean_custom_logo_mobile_max_height":0,"ocean_header_custom_menu":"0","ocean_menu_typo_font_family":"0","ocean_menu_typo_font_subset":"","ocean_menu_typo_font_size":0,"ocean_menu_typo_font_size_tablet":0,"ocean_menu_typo_font_size_mobile":0,"ocean_menu_typo_font_size_unit":"px","ocean_menu_typo_font_weight":"","ocean_menu_typo_font_weight_tablet":"","ocean_menu_typo_font_weight_mobile":"","ocean_menu_typo_transform":"","ocean_menu_typo_transform_tablet":"","ocean_menu_typo_transform_mobile":"","ocean_menu_typo_line_height":0,"ocean_menu_typo_line_height_tablet":0,"ocean_menu_typo_line_height_mobile":0,"ocean_menu_typo_line_height_unit":"","ocean_menu_typo_spacing":0,"ocean_menu_typo_spacing_tablet":0,"ocean_menu_typo_spacing_mobile":0,"ocean_menu_typo_spacing_unit":"","ocean_menu_link_color":"","ocean_menu_link_color_hover":"","ocean_menu_link_color_active":"","ocean_menu_link_background":"","ocean_menu_link_hover_background":"","ocean_menu_link_active_background":"","ocean_menu_social_links_bg":"","ocean_menu_social_hover_links_bg":"","ocean_menu_social_links_color":"","ocean_menu_social_hover_links_color":"","ocean_disable_title":"default","ocean_disable_heading":"default","ocean_post_title":"","ocean_post_subheading":"","ocean_post_title_style":"","ocean_post_title_background_color":"","ocean_post_title_background":0,"ocean_post_title_bg_image_position":"","ocean_post_title_bg_image_attachment":"","ocean_post_title_bg_image_repeat":"","ocean_post_title_bg_image_size":"","ocean_post_title_height":0,"ocean_post_title_bg_overlay":0.5,"ocean_post_title_bg_overlay_color":"","ocean_disable_breadcrumbs":"default","ocean_breadcrumbs_color":"","ocean_breadcrumbs_separator_color":"","ocean_breadcrumbs_links_color":"","ocean_breadcrumbs_links_hover_color":"","ocean_display_footer_widgets":"default","ocean_display_footer_bottom":"default","ocean_custom_footer_template":"0"},"product_cat":[415,23],"product_tag":[],"class_list":{"0":"post-22633","1":"product","2":"type-product","3":"status-publish","4":"has-post-thumbnail","6":"product_brand-le-rouge-francais","7":"product_cat-eyeliner","8":"product_cat-cosmetique","10":"entry","11":"has-media","13":"first","14":"outofstock","15":"taxable","16":"shipping-taxable","17":"purchasable","18":"product-type-simple","19":"has-product-nav","20":"col","21":"span_1_of_4","22":"owp-content-center","23":"owp-thumbs-layout-horizontal","24":"owp-btn-normal","25":"owp-tabs-layout-horizontal","26":"has-no-thumbnails"},"_links":{"self":[{"href":"https:\/\/awesomegreenbeauty.com\/en\/wp-json\/wp\/v2\/product\/22633","targetHints":{"allow":["GET"]}}],"collection":[{"href":"https:\/\/awesomegreenbeauty.com\/en\/wp-json\/wp\/v2\/product"}],"about":[{"href":"https:\/\/awesomegreenbeauty.com\/en\/wp-json\/wp\/v2\/types\/product"}],"version-history":[{"count":0,"href":"https:\/\/awesomegreenbeauty.com\/en\/wp-json\/wp\/v2\/product\/22633\/revisions"}],"wp:featuredmedia":[{"embeddable":true,"href":"https:\/\/awesomegreenbeauty.com\/en\/wp-json\/wp\/v2\/media\/22448"}],"wp:attachment":[{"href":"https:\/\/awesomegreenbeauty.com\/en\/wp-json\/wp\/v2\/media?parent=22633"}],"wp:term":[{"taxonomy":"product_cat","embeddable":true,"href":"https:\/\/awesomegreenbeauty.com\/en\/wp-json\/wp\/v2\/product_cat?post=22633"},{"taxonomy":"product_tag","embeddable":true,"href":"https:\/\/awesomegreenbeauty.com\/en\/wp-json\/wp\/v2\/product_tag?post=22633"}],"curies":[{"name":"wp","href":"https:\/\/api.w.org\/{rel}","templated":true}]}}