{"id":22748,"date":"2023-08-09T11:45:25","date_gmt":"2023-08-09T09:45:25","guid":{"rendered":"https:\/\/awesomegreenbeauty.com\/?post_type=product&#038;p=22748"},"modified":"2025-12-04T18:43:33","modified_gmt":"2025-12-04T17:43:33","slug":"talm-mega-oil-100ml","status":"publish","type":"product","link":"https:\/\/awesomegreenbeauty.com\/en\/product\/talm-mega-oil-100ml\/","title":{"rendered":"TALM \u2013 Mega Oil Body &amp; Face \u2013 100ml"},"content":{"rendered":"<p>100% Natural | Organic | Vegan<\/p>\n<p><strong>Pregnancy and postpartum organic care oil<\/strong><\/p>\n<p>Talm organic care oil is multi-functional. It applies to the face and body. The mega oil helps prevent stretch marks, intensely moisturizes and calms feelings of discomfort in tight skin. Its application is recommended on the chest because it will soothe painful breasts and bring elasticity to the skin for more comfort.<\/p>\n<p>It can also be applied to the face, as a day or night care oil or as a make-up base. It plumps the skin and provides an immediate feeling of hydration.<\/p>\n<p>Its excellent dermatological tolerance is ideal for the most sensitive skin.<\/p>\n<p>Its scent has been specifically designed to suit the most sensitive noses and fades very quickly after application.<\/p>\n<p>Key ingredients:<\/p>\n<p><strong>Organic sweet almond<\/strong> : prevents and fades stretch marks<br \/>\n<strong>Organic argan<\/strong> : intensely moisturizes<br \/>\n<strong>Organic sesame<\/strong> : regenerates and softens<br \/>\n<strong>Organic wakame seaweed<\/strong> : soothes and detoxifies.<\/p>\n<p><strong>Certified organic by the Ecocert label and clinically tested, mega oil is vegan, 100% of natural origin. It is alcohol-free, essential oil-free, synthetic fragrance-free and potential endocrine disruptors.<\/strong><\/p>","protected":false},"excerpt":{"rendered":"<p><strong>100% Natural | Organic | vegan | Breastfeeding compatible<\/strong><\/p>\n<p>Organic care oil<strong> talm<\/strong> is a<strong> multi-purpose oil<\/strong> qui s&rsquo;utilise en soin visage et corps matin et soir. Elle est \u00e0 utiliser d\u00e9s les premiers mois de grossesse pour hydrater intens\u00e9ment et pr\u00e9venir notamment les \u00a0vergetures et les sensations d\u2019inconfort.<\/p>\n<p>Elle s&rsquo;applique \u00e9galement post-partum pour aider la peau \u00e0 se reg\u00e9n\u00e9rer.<\/p>\n<p>So go for it!<\/p>\n<p>&nbsp;<\/p>","protected":false},"featured_media":22749,"template":"","meta":{"ocean_post_layout":"","ocean_both_sidebars_style":"","ocean_both_sidebars_content_width":0,"ocean_both_sidebars_sidebars_width":0,"ocean_sidebar":"0","ocean_second_sidebar":"0","ocean_disable_margins":"enable","ocean_add_body_class":"","ocean_shortcode_before_top_bar":"","ocean_shortcode_after_top_bar":"","ocean_shortcode_before_header":"","ocean_shortcode_after_header":"","ocean_has_shortcode":"","ocean_shortcode_after_title":"","ocean_shortcode_before_footer_widgets":"","ocean_shortcode_after_footer_widgets":"","ocean_shortcode_before_footer_bottom":"","ocean_shortcode_after_footer_bottom":"","ocean_display_top_bar":"default","ocean_display_header":"default","ocean_header_style":"","ocean_center_header_left_menu":"0","ocean_custom_header_template":"0","ocean_custom_logo":0,"ocean_custom_retina_logo":0,"ocean_custom_logo_max_width":0,"ocean_custom_logo_tablet_max_width":0,"ocean_custom_logo_mobile_max_width":0,"ocean_custom_logo_max_height":0,"ocean_custom_logo_tablet_max_height":0,"ocean_custom_logo_mobile_max_height":0,"ocean_header_custom_menu":"0","ocean_menu_typo_font_family":"0","ocean_menu_typo_font_subset":"","ocean_menu_typo_font_size":0,"ocean_menu_typo_font_size_tablet":0,"ocean_menu_typo_font_size_mobile":0,"ocean_menu_typo_font_size_unit":"px","ocean_menu_typo_font_weight":"","ocean_menu_typo_font_weight_tablet":"","ocean_menu_typo_font_weight_mobile":"","ocean_menu_typo_transform":"","ocean_menu_typo_transform_tablet":"","ocean_menu_typo_transform_mobile":"","ocean_menu_typo_line_height":0,"ocean_menu_typo_line_height_tablet":0,"ocean_menu_typo_line_height_mobile":0,"ocean_menu_typo_line_height_unit":"","ocean_menu_typo_spacing":0,"ocean_menu_typo_spacing_tablet":0,"ocean_menu_typo_spacing_mobile":0,"ocean_menu_typo_spacing_unit":"","ocean_menu_link_color":"","ocean_menu_link_color_hover":"","ocean_menu_link_color_active":"","ocean_menu_link_background":"","ocean_menu_link_hover_background":"","ocean_menu_link_active_background":"","ocean_menu_social_links_bg":"","ocean_menu_social_hover_links_bg":"","ocean_menu_social_links_color":"","ocean_menu_social_hover_links_color":"","ocean_disable_title":"default","ocean_disable_heading":"default","ocean_post_title":"","ocean_post_subheading":"","ocean_post_title_style":"","ocean_post_title_background_color":"","ocean_post_title_background":0,"ocean_post_title_bg_image_position":"","ocean_post_title_bg_image_attachment":"","ocean_post_title_bg_image_repeat":"","ocean_post_title_bg_image_size":"","ocean_post_title_height":0,"ocean_post_title_bg_overlay":0.5,"ocean_post_title_bg_overlay_color":"","ocean_disable_breadcrumbs":"default","ocean_breadcrumbs_color":"","ocean_breadcrumbs_separator_color":"","ocean_breadcrumbs_links_color":"","ocean_breadcrumbs_links_hover_color":"","ocean_display_footer_widgets":"default","ocean_display_footer_bottom":"default","ocean_custom_footer_template":"0"},"product_cat":[21,416,98],"product_tag":[],"class_list":{"0":"post-22748","1":"product","2":"type-product","3":"status-publish","4":"has-post-thumbnail","6":"product_brand-talm","7":"product_cat-soins-du-corps","8":"product_cat-femmes-enceintes-post-partum","9":"product_cat-vergetures-cicatrices","11":"entry","12":"has-media","14":"first","15":"outofstock","16":"featured","17":"taxable","18":"shipping-taxable","19":"purchasable","20":"product-type-simple","21":"has-product-nav","22":"col","23":"span_1_of_4","24":"owp-content-center","25":"owp-thumbs-layout-horizontal","26":"owp-btn-normal","27":"owp-tabs-layout-horizontal"},"_links":{"self":[{"href":"https:\/\/awesomegreenbeauty.com\/en\/wp-json\/wp\/v2\/product\/22748","targetHints":{"allow":["GET"]}}],"collection":[{"href":"https:\/\/awesomegreenbeauty.com\/en\/wp-json\/wp\/v2\/product"}],"about":[{"href":"https:\/\/awesomegreenbeauty.com\/en\/wp-json\/wp\/v2\/types\/product"}],"version-history":[{"count":0,"href":"https:\/\/awesomegreenbeauty.com\/en\/wp-json\/wp\/v2\/product\/22748\/revisions"}],"wp:featuredmedia":[{"embeddable":true,"href":"https:\/\/awesomegreenbeauty.com\/en\/wp-json\/wp\/v2\/media\/22749"}],"wp:attachment":[{"href":"https:\/\/awesomegreenbeauty.com\/en\/wp-json\/wp\/v2\/media?parent=22748"}],"wp:term":[{"taxonomy":"product_cat","embeddable":true,"href":"https:\/\/awesomegreenbeauty.com\/en\/wp-json\/wp\/v2\/product_cat?post=22748"},{"taxonomy":"product_tag","embeddable":true,"href":"https:\/\/awesomegreenbeauty.com\/en\/wp-json\/wp\/v2\/product_tag?post=22748"}],"curies":[{"name":"wp","href":"https:\/\/api.w.org\/{rel}","templated":true}]}}