{"id":22763,"date":"2023-08-30T17:33:52","date_gmt":"2023-08-30T15:33:52","guid":{"rendered":"https:\/\/awesomegreenbeauty.com\/?post_type=product&#038;p=22763"},"modified":"2025-03-11T17:03:32","modified_gmt":"2025-03-11T16:03:32","slug":"saint-iris-masque-express-multi-fonctions-purifiant-exfoliant-60ml","status":"publish","type":"product","link":"https:\/\/awesomegreenbeauty.com\/en\/product\/saint-iris-masque-express-multi-fonctions-purifiant-exfoliant-60ml\/","title":{"rendered":"Masque Express Multi-fonctions- Saint Iris Purity Paste &#8211; 60ml"},"content":{"rendered":"<p><strong>Saint Iris Purity Paste: Masque Express. \u00c9clat instantan\u00e9. Texture parfaite. Alimentation intense.<\/strong><\/p>\n<p>Transformez votre <span style=\"color: #993300;\"><strong><a style=\"color: #993300;\" href=\"https:\/\/awesomegreenbeauty.com\/en\/les-peaux-a-imperfections\/\" target=\"_blank\" rel=\"noopener\">routine de soin<\/a><\/strong><\/span> avec la Saint Iris Purity Paste, un masque express r\u00e9volutionnaire qui exfolie, purifie et nourrit en profondeur en seulement 3 minutes. Ce masque express est un soin 2 en 1, con\u00e7u pour r\u00e9v\u00e9ler une peau douce, \u00e9clatante et parfaitement lisse. Polyvalent, <strong><span style=\"color: #993300;\"><a style=\"color: #993300;\" href=\"https:\/\/www.brunet.ca\/beaute\/conseils-beaute\/masque-visage-peau\/\" target=\"_blank\" rel=\"noopener\">ce masque express<\/a><\/span><\/strong> peut \u00eatre utilis\u00e9 sur le visage et le corps. Vous pouvez notamment utiliser le masque comme soin des aisselles, pr\u00e9paration avant autobronzant.<\/p>\n<p>Ingr\u00e9dient principal de ce masque, <strong>les extraits de saule<\/strong>\u00a0exfolient en douceur, \u00e9liminant les cellules mortes et affinant le grain de peau sans l&rsquo;irriter. Gr\u00e2ce \u00e0 leurs propri\u00e9t\u00e9s purifiantes et \u00e9quilibrantes, ils r\u00e9gulent l&rsquo;exc\u00e8s de s\u00e9bum, laissant la peau lisse, douce et \u00e9clatante. Les <strong data-start=\"4\" data-end=\"33\">BHA (Beta-Hydroxy Acides) <\/strong>de ce masque express, principalement repr\u00e9sent\u00e9s par l\u2019acide salicylique, sont reconnus pour leurs propri\u00e9t\u00e9s <strong data-start=\"123\" data-end=\"174\">exfoliantes, purifiantes et anti-inflammatoires<\/strong>.<\/p>\n<h4 data-start=\"1011\" data-end=\"1046\"><strong data-start=\"1015\" data-end=\"1044\">Key ingredients<\/strong><\/h4>\n<p data-start=\"1047\" data-end=\"1243\">Chaque application de Purity Paste est une immersion dans la puissance des <strong data-start=\"1122\" data-end=\"1141\">actifs naturels<\/strong>, soigneusement s\u00e9lectionn\u00e9s pour r\u00e9pondre aux besoins de la peau stress\u00e9e ou en manque de vitalit\u00e9.<\/p>\n<ul data-start=\"1245\" data-end=\"2281\">\n<li data-start=\"1245\" data-end=\"1358\"><strong data-start=\"1247\" data-end=\"1274\">Kaolin (<span style=\"color: #993300;\"><a style=\"color: #993300;\" href=\"https:\/\/argileduvelay.com\/fr\/argile-kaolin-bienfaits-beaute\/\" target=\"_blank\" rel=\"noopener\">Argile blanche<\/a><\/span>)<\/strong> : Absorbe l\u2019exc\u00e8s de s\u00e9bum et les impuret\u00e9s, purifiant la peau sans la dess\u00e9cher.<\/li>\n<li data-start=\"1359\" data-end=\"1591\"><strong data-start=\"1361\" data-end=\"1424\">Extraits de saule (acide salicylique)<\/strong> : Exfolient en douceur, d\u00e9sobstruent les pores et r\u00e9duisent les irr\u00e9gularit\u00e9s du teint. Id\u00e9al pour att\u00e9nuer les taches pigmentaires et lisser la texture de la peau.<\/li>\n<li data-start=\"1592\" data-end=\"1787\"><strong data-start=\"1594\" data-end=\"1667\">Complexe d\u2019huiles riches en Om\u00e9ga (olive, seaberry et algues marines)<\/strong> : Renforce la barri\u00e8re cutan\u00e9e, revitalise et nourrit en profondeur, redonnant souplesse et \u00e9clat \u00e0 la peau fatigu\u00e9e.<\/li>\n<li data-start=\"1788\" data-end=\"1942\"><strong data-start=\"1790\" data-end=\"1818\">Huile de Noyau de Cerise<\/strong> : Exceptionnellement riche en antioxydants, vitamines A et E, elle prot\u00e8ge la peau tout en la laissant douce et velout\u00e9e.<\/li>\n<li data-start=\"1943\" data-end=\"2178\"><strong data-start=\"1945\" data-end=\"2015\">10 huiles essentielles de plantes sauvages (borage, rosehip, etc.)<\/strong> : Naturellement riches en r\u00e9tinol et en acides gras essentiels, elles favorisent la r\u00e9g\u00e9n\u00e9ration cellulaire et am\u00e9liorent la fermet\u00e9 et l\u2019\u00e9lasticit\u00e9 de la peau.<\/li>\n<li data-start=\"2179\" data-end=\"2281\"><strong data-start=\"2181\" data-end=\"2205\">PHA (gluconolactone)<\/strong> : Exfolie en douceur tout en hydratant et renfor\u00e7ant la barri\u00e8re cutan\u00e9e.<\/li>\n<\/ul>\n<h4><\/h4>\n<h4><strong>Use<\/strong><\/h4>\n<ol>\n<li><strong>Application :<\/strong> Appliquer g\u00e9n\u00e9reusement le masque sur peau s\u00e8che, visage, corps ou zones sp\u00e9cifiques (aisselles, coudes, genoux).<\/li>\n<li><strong>Temps de pose :<\/strong> Laisser agir 3 minutes. Vous ressentirez une sensation de fra\u00eecheur, signe de l&rsquo;action des principes actifs.<\/li>\n<li><strong>Exfoliation &amp; Massage :<\/strong> Massez d\u00e9licatement par mouvements circulaires pour activer les particules exfoliantes et lisser la peau.<\/li>\n<li><strong>Rin\u00e7age :<\/strong> Rincer abondamment \u00e0 l&rsquo;eau ti\u00e8de. Pour un confort optimal, utilisez une serviette ou un gant de toilette pour \u00e9liminer les r\u00e9sidus.<\/li>\n<\/ol>\n<p>\u00c9vitez tout contact avec les yeux.<\/p>\n<h4><strong>Avantages suppl\u00e9mentaires<\/strong><\/h4>\n<p><strong>Pr\u00e9-bronzage :<\/strong> Pr\u00e9pare la peau avant l&rsquo;application d&rsquo;un autobronzant pour un r\u00e9sultat lisse et uniforme.<br class=\"yoast-text-mark\" \/><strong>Baume nettoyant :<\/strong> Utilisez-le comme baume nettoyant pour un d\u00e9maquillage en profondeur et une peau purifi\u00e9e.<br class=\"yoast-text-mark\" \/><strong>Soin des mains et des pieds :<\/strong> Appliquer entre deux manucures ou p\u00e9dicures pour des mains et des pieds doux et revitalis\u00e9s.<\/p>\n<p><strong>Ressentez le fjaka : <\/strong>The <span style=\"color: #993300;\"><a style=\"color: #993300;\" href=\"https:\/\/fr.heartfulness.org\/blog\/le-secret-du-bonheur-autour-du-monde-2eme-partie\/\" target=\"_blank\" rel=\"noopener\"><strong>Facteur Fjaka<\/strong><\/a><\/span> symbolise un \u00e9tat de <strong>d\u00e9tente absolue et de bien-\u00eatre<\/strong>, typique de la culture croate. C\u2019est une invitation \u00e0 ralentir, \u00e0 savourer l\u2019instant et \u00e0 s\u2019accorder un moment de soin et de s\u00e9r\u00e9nit\u00e9. Apportez un \u00e9clat doux et sain aux mains et aux pieds entre manucures et p\u00e9dicures. Utilisez ces trois minutes pour stimuler les articulations et les muscles en fl\u00e9chissant et en faisant pivoter vos poignets et vos chevilles. Terminez avec une explosion rafra\u00eechissante d\u2019essence hydratante <span style=\"color: #993300;\"><strong><a style=\"color: #993300;\" href=\"https:\/\/awesomegreenbeauty.com\/en\/product\/evolve-daily-defence-moisture-mist\/\" target=\"_blank\" rel=\"noopener\">Daily Defence Moisture Mist par Evolve<\/a><\/strong><\/span>.<\/p>\n<p>&nbsp;<\/p>","protected":false},"excerpt":{"rendered":"<p data-start=\"48\" data-end=\"87\"><strong data-start=\"48\" data-end=\"85\">Exfoliez. Illuminez. Revitalisez.<\/strong><\/p>\n<p data-start=\"89\" data-end=\"393\">D\u00e9couvrez <strong data-start=\"99\" data-end=\"115\">Purity Paste<\/strong>, le masque express prim\u00e9, pr\u00e9sent\u00e9 dans un \u00e9l\u00e9gant pot en verre vert \u00e9meraude, pratique \u00e0 emporter partout. En seulement 3 minutes, ce masque exfolie en douceur, affine le grain de peau et ravive l\u2019\u00e9clat naturel du teint, laissant votre peau lisse, lumineuse et r\u00e9g\u00e9n\u00e9r\u00e9e.<\/p>\n<p data-start=\"89\" data-end=\"393\"><strong>Types de peau :<\/strong> s\u00e8ches, mixtes et grasses.<\/p>","protected":false},"featured_media":24331,"template":"","meta":{"ocean_post_layout":"","ocean_both_sidebars_style":"","ocean_both_sidebars_content_width":0,"ocean_both_sidebars_sidebars_width":0,"ocean_sidebar":"0","ocean_second_sidebar":"0","ocean_disable_margins":"enable","ocean_add_body_class":"","ocean_shortcode_before_top_bar":"","ocean_shortcode_after_top_bar":"","ocean_shortcode_before_header":"","ocean_shortcode_after_header":"","ocean_has_shortcode":"","ocean_shortcode_after_title":"","ocean_shortcode_before_footer_widgets":"","ocean_shortcode_after_footer_widgets":"","ocean_shortcode_before_footer_bottom":"","ocean_shortcode_after_footer_bottom":"","ocean_display_top_bar":"default","ocean_display_header":"default","ocean_header_style":"","ocean_center_header_left_menu":"0","ocean_custom_header_template":"0","ocean_custom_logo":0,"ocean_custom_retina_logo":0,"ocean_custom_logo_max_width":0,"ocean_custom_logo_tablet_max_width":0,"ocean_custom_logo_mobile_max_width":0,"ocean_custom_logo_max_height":0,"ocean_custom_logo_tablet_max_height":0,"ocean_custom_logo_mobile_max_height":0,"ocean_header_custom_menu":"0","ocean_menu_typo_font_family":"0","ocean_menu_typo_font_subset":"","ocean_menu_typo_font_size":0,"ocean_menu_typo_font_size_tablet":0,"ocean_menu_typo_font_size_mobile":0,"ocean_menu_typo_font_size_unit":"px","ocean_menu_typo_font_weight":"","ocean_menu_typo_font_weight_tablet":"","ocean_menu_typo_font_weight_mobile":"","ocean_menu_typo_transform":"","ocean_menu_typo_transform_tablet":"","ocean_menu_typo_transform_mobile":"","ocean_menu_typo_line_height":0,"ocean_menu_typo_line_height_tablet":0,"ocean_menu_typo_line_height_mobile":0,"ocean_menu_typo_line_height_unit":"","ocean_menu_typo_spacing":0,"ocean_menu_typo_spacing_tablet":0,"ocean_menu_typo_spacing_mobile":0,"ocean_menu_typo_spacing_unit":"","ocean_menu_link_color":"","ocean_menu_link_color_hover":"","ocean_menu_link_color_active":"","ocean_menu_link_background":"","ocean_menu_link_hover_background":"","ocean_menu_link_active_background":"","ocean_menu_social_links_bg":"","ocean_menu_social_hover_links_bg":"","ocean_menu_social_links_color":"","ocean_menu_social_hover_links_color":"","ocean_disable_title":"default","ocean_disable_heading":"default","ocean_post_title":"","ocean_post_subheading":"","ocean_post_title_style":"","ocean_post_title_background_color":"","ocean_post_title_background":0,"ocean_post_title_bg_image_position":"","ocean_post_title_bg_image_attachment":"","ocean_post_title_bg_image_repeat":"","ocean_post_title_bg_image_size":"","ocean_post_title_height":0,"ocean_post_title_bg_overlay":0.5,"ocean_post_title_bg_overlay_color":"","ocean_disable_breadcrumbs":"default","ocean_breadcrumbs_color":"","ocean_breadcrumbs_separator_color":"","ocean_breadcrumbs_links_color":"","ocean_breadcrumbs_links_hover_color":"","ocean_display_footer_widgets":"default","ocean_display_footer_bottom":"default","ocean_custom_footer_template":"0"},"product_cat":[94,76,89,91,409,20],"product_tag":[],"class_list":{"0":"post-22763","1":"product","2":"type-product","3":"status-publish","4":"has-post-thumbnail","6":"product_brand-saint-iris","7":"product_cat-exfoliants-produits-soins-du-corps","8":"product_cat-masques-traitants-naturels-bio","9":"product_cat-peaux-grasses-mixtes","10":"product_cat-tout-type-de-peau","11":"product_cat-peaux-ternes","12":"product_cat-soins-du-visage","14":"entry","15":"has-media","17":"first","18":"instock","19":"featured","20":"taxable","21":"shipping-taxable","22":"purchasable","23":"product-type-simple","24":"has-product-nav","25":"col","26":"span_1_of_4","27":"owp-content-center","28":"owp-thumbs-layout-horizontal","29":"owp-btn-normal","30":"owp-tabs-layout-horizontal"},"_links":{"self":[{"href":"https:\/\/awesomegreenbeauty.com\/en\/wp-json\/wp\/v2\/product\/22763","targetHints":{"allow":["GET"]}}],"collection":[{"href":"https:\/\/awesomegreenbeauty.com\/en\/wp-json\/wp\/v2\/product"}],"about":[{"href":"https:\/\/awesomegreenbeauty.com\/en\/wp-json\/wp\/v2\/types\/product"}],"version-history":[{"count":0,"href":"https:\/\/awesomegreenbeauty.com\/en\/wp-json\/wp\/v2\/product\/22763\/revisions"}],"wp:featuredmedia":[{"embeddable":true,"href":"https:\/\/awesomegreenbeauty.com\/en\/wp-json\/wp\/v2\/media\/24331"}],"wp:attachment":[{"href":"https:\/\/awesomegreenbeauty.com\/en\/wp-json\/wp\/v2\/media?parent=22763"}],"wp:term":[{"taxonomy":"product_cat","embeddable":true,"href":"https:\/\/awesomegreenbeauty.com\/en\/wp-json\/wp\/v2\/product_cat?post=22763"},{"taxonomy":"product_tag","embeddable":true,"href":"https:\/\/awesomegreenbeauty.com\/en\/wp-json\/wp\/v2\/product_tag?post=22763"}],"curies":[{"name":"wp","href":"https:\/\/api.w.org\/{rel}","templated":true}]}}