{"id":2414,"date":"2020-04-06T15:36:31","date_gmt":"2020-04-06T13:36:31","guid":{"rendered":"https:\/\/www.mygreenbrands.fr\/?post_type=product&#038;p=2414"},"modified":"2025-04-08T16:08:09","modified_gmt":"2025-04-08T14:08:09","slug":"le-rouge-a-levres-le-rouge-francais-011-le-rouge-alizarine-4g","status":"publish","type":"product","link":"https:\/\/awesomegreenbeauty.com\/en\/product\/le-rouge-a-levres-le-rouge-francais-011-le-rouge-alizarine-4g\/","title":{"rendered":"LE ROUGE FRAN\u00c7AIS \u2013  Le Rouge \u00e0 l\u00e8vres &#8211; 011 &#8211; Le Rouge Alizarine &#8211; 4G"},"content":{"rendered":"<p>Le rouge \u00e0 l\u00e8vres bio 93% Naturel et 81,5% Bio<\/p>\n<p>Cosmos Organic certified | Vegan &amp; Cruelty Free | PETA | CLEAN BEAUTY Recommended for pregnant women<\/p>\n<p>\"Le Rouge Fran\u00e7ais\" Pure Rouge Vegalia is enriched with restorative and hydrating vegetable oils of apricot, sunflower and castor. It also contains shea butter and protective vegetable waxes from rice, Candelilla and Carnauba. For infinitely more supple and softer lips.<\/p>\n<p>This lipstick does not contain titanium dioxide, mica, synthetic fragrance, BHT and BHA, artificial preservatives, silicones, squalene, colorants or original ingredients animal.<\/p>","protected":false},"excerpt":{"rendered":"<p><strong>93% Naturel et 81,5% Bio|\u00a0 Recommand\u00e9 pour les femmes enceintes.<\/strong><\/p>\n<p>Le Rouge Vegalia est enrichi en huiles v\u00e9g\u00e9tales r\u00e9paratrices et hydratantes.<\/p>\n<p><strong>It also contains shea butter and protective vegetable waxes from rice, Candelilla and Carnauba.<\/strong><\/p>\n<p>Magnifique !<\/p>\n<p>&nbsp;<\/p>","protected":false},"featured_media":36272,"template":"","meta":{"ocean_post_layout":"","ocean_both_sidebars_style":"","ocean_both_sidebars_content_width":0,"ocean_both_sidebars_sidebars_width":0,"ocean_sidebar":"0","ocean_second_sidebar":"0","ocean_disable_margins":"enable","ocean_add_body_class":"","ocean_shortcode_before_top_bar":"","ocean_shortcode_after_top_bar":"","ocean_shortcode_before_header":"","ocean_shortcode_after_header":"","ocean_has_shortcode":"","ocean_shortcode_after_title":"","ocean_shortcode_before_footer_widgets":"","ocean_shortcode_after_footer_widgets":"","ocean_shortcode_before_footer_bottom":"","ocean_shortcode_after_footer_bottom":"","ocean_display_top_bar":"default","ocean_display_header":"default","ocean_header_style":"","ocean_center_header_left_menu":"0","ocean_custom_header_template":"0","ocean_custom_logo":0,"ocean_custom_retina_logo":0,"ocean_custom_logo_max_width":0,"ocean_custom_logo_tablet_max_width":0,"ocean_custom_logo_mobile_max_width":0,"ocean_custom_logo_max_height":0,"ocean_custom_logo_tablet_max_height":0,"ocean_custom_logo_mobile_max_height":0,"ocean_header_custom_menu":"0","ocean_menu_typo_font_family":"0","ocean_menu_typo_font_subset":"","ocean_menu_typo_font_size":0,"ocean_menu_typo_font_size_tablet":0,"ocean_menu_typo_font_size_mobile":0,"ocean_menu_typo_font_size_unit":"px","ocean_menu_typo_font_weight":"","ocean_menu_typo_font_weight_tablet":"","ocean_menu_typo_font_weight_mobile":"","ocean_menu_typo_transform":"","ocean_menu_typo_transform_tablet":"","ocean_menu_typo_transform_mobile":"","ocean_menu_typo_line_height":0,"ocean_menu_typo_line_height_tablet":0,"ocean_menu_typo_line_height_mobile":0,"ocean_menu_typo_line_height_unit":"","ocean_menu_typo_spacing":0,"ocean_menu_typo_spacing_tablet":0,"ocean_menu_typo_spacing_mobile":0,"ocean_menu_typo_spacing_unit":"","ocean_menu_link_color":"","ocean_menu_link_color_hover":"","ocean_menu_link_color_active":"","ocean_menu_link_background":"","ocean_menu_link_hover_background":"","ocean_menu_link_active_background":"","ocean_menu_social_links_bg":"","ocean_menu_social_hover_links_bg":"","ocean_menu_social_links_color":"","ocean_menu_social_hover_links_color":"","ocean_disable_title":"default","ocean_disable_heading":"default","ocean_post_title":"","ocean_post_subheading":"","ocean_post_title_style":"","ocean_post_title_background_color":"","ocean_post_title_background":0,"ocean_post_title_bg_image_position":"","ocean_post_title_bg_image_attachment":"","ocean_post_title_bg_image_repeat":"","ocean_post_title_bg_image_size":"","ocean_post_title_height":0,"ocean_post_title_bg_overlay":0.5,"ocean_post_title_bg_overlay_color":"","ocean_disable_breadcrumbs":"default","ocean_breadcrumbs_color":"","ocean_breadcrumbs_separator_color":"","ocean_breadcrumbs_links_color":"","ocean_breadcrumbs_links_hover_color":"","ocean_display_footer_widgets":"default","ocean_display_footer_bottom":"default","ocean_custom_footer_template":"0"},"product_cat":[23,114],"product_tag":[],"class_list":{"0":"post-2414","1":"product","2":"type-product","3":"status-publish","4":"has-post-thumbnail","6":"product_brand-le-rouge-francais","7":"product_cat-cosmetique","8":"product_cat-rouges-a-levres","10":"entry","11":"has-media","13":"first","14":"onbackorder","15":"taxable","16":"shipping-taxable","17":"purchasable","18":"product-type-variable","19":"has-product-nav","20":"col","21":"span_1_of_4","22":"owp-content-center","23":"owp-thumbs-layout-horizontal","24":"owp-btn-normal","25":"owp-tabs-layout-horizontal"},"_links":{"self":[{"href":"https:\/\/awesomegreenbeauty.com\/en\/wp-json\/wp\/v2\/product\/2414","targetHints":{"allow":["GET"]}}],"collection":[{"href":"https:\/\/awesomegreenbeauty.com\/en\/wp-json\/wp\/v2\/product"}],"about":[{"href":"https:\/\/awesomegreenbeauty.com\/en\/wp-json\/wp\/v2\/types\/product"}],"version-history":[{"count":0,"href":"https:\/\/awesomegreenbeauty.com\/en\/wp-json\/wp\/v2\/product\/2414\/revisions"}],"wp:featuredmedia":[{"embeddable":true,"href":"https:\/\/awesomegreenbeauty.com\/en\/wp-json\/wp\/v2\/media\/36272"}],"wp:attachment":[{"href":"https:\/\/awesomegreenbeauty.com\/en\/wp-json\/wp\/v2\/media?parent=2414"}],"wp:term":[{"taxonomy":"product_cat","embeddable":true,"href":"https:\/\/awesomegreenbeauty.com\/en\/wp-json\/wp\/v2\/product_cat?post=2414"},{"taxonomy":"product_tag","embeddable":true,"href":"https:\/\/awesomegreenbeauty.com\/en\/wp-json\/wp\/v2\/product_tag?post=2414"}],"curies":[{"name":"wp","href":"https:\/\/api.w.org\/{rel}","templated":true}]}}