{"id":25092,"date":"2023-09-13T18:14:08","date_gmt":"2023-09-13T16:14:08","guid":{"rendered":"https:\/\/awesomegreenbeauty.com\/?post_type=product&#038;p=25092"},"modified":"2025-12-11T05:53:27","modified_gmt":"2025-12-11T04:53:27","slug":"boutis-jaipur-fait-main-impression-au-tampon-de-bois","status":"publish","type":"product","link":"https:\/\/awesomegreenbeauty.com\/en\/product\/boutis-jaipur-fait-main-impression-au-tampon-de-bois\/","title":{"rendered":"AWESOME HOME &#8211; Boutis Jaipur Rose Kaki + Coussin assorti 100x180xcm"},"content":{"rendered":"<p>Un boutis Jaipur fait main impression au tampon de bois fabriqu\u00e9 par une petite coop\u00e9rative de Jaipur. Un travail artisanal joyeux , des tissus imprim\u00e9s au tampon de bois. Des couleurs douces et p\u00e9tillantes \u00e0 la fois.<\/p>\n<p>Un\u00a0 boutis fait \u00e0 la main et qui dit main dit humain &#8230; R\u00e9apprendre que le z\u00e9ro tremblement le parfait le reproductible \u00e0 l&rsquo;infini n&rsquo;est autre que le travail de robot sans \u00e2me sans fatigue sans \u00e9motions.<\/p>\n<p>Alors on vous propose une gamme de boutis Jaipur fait main impression au tampon de bois\u00a0 pleine d&rsquo;\u00e9motions pour illuminer votre int\u00e9rieur avec la certitude que des mains des vraies mains avec leurs talents et leurs faiblesses ont \u0153uvr\u00e9 pour vous offrir ce joli travail.<\/p>\n<p>100 % Coton<\/p>\n<p>Couleur\u00a0 Rose kaki<\/p>\n<p>Matching cushion cover<\/p>\n<p>Dimension 70&#215;40<\/p>\n<p>Cleaning at 30\u00b0c<\/p>\n<hr \/>\n<p>&nbsp;<\/p>","protected":false},"excerpt":{"rendered":"<p class=\"ai-optimize-31\">A beautiful boutis with a khaki pink block print ready to blend into your home.<\/p>\n<p class=\"ai-optimize-32\">Reversible Perfect end of bed for a beautiful start to the new seasonl!<\/p>\n<p class=\"ai-optimize-33\">A cushion to match the boutis is included. Match it with the pretty blue, green, pink or grey velvet cushions.<\/p>\n<p class=\"ai-optimize-34\">Un mismatch du plus bel effet !<\/p>\n<p class=\"ai-optimize-35\">Housse de coussin assortie |Dimension 70&#215;40 |\u00a0Nettoyage \u00e0 30\u00b0c<\/p>\n<p>&nbsp;<\/p>","protected":false},"featured_media":29921,"template":"","meta":{"ocean_post_layout":"","ocean_both_sidebars_style":"","ocean_both_sidebars_content_width":0,"ocean_both_sidebars_sidebars_width":0,"ocean_sidebar":"0","ocean_second_sidebar":"0","ocean_disable_margins":"enable","ocean_add_body_class":"","ocean_shortcode_before_top_bar":"","ocean_shortcode_after_top_bar":"","ocean_shortcode_before_header":"","ocean_shortcode_after_header":"","ocean_has_shortcode":"","ocean_shortcode_after_title":"","ocean_shortcode_before_footer_widgets":"","ocean_shortcode_after_footer_widgets":"","ocean_shortcode_before_footer_bottom":"","ocean_shortcode_after_footer_bottom":"","ocean_display_top_bar":"default","ocean_display_header":"default","ocean_header_style":"","ocean_center_header_left_menu":"0","ocean_custom_header_template":"0","ocean_custom_logo":0,"ocean_custom_retina_logo":0,"ocean_custom_logo_max_width":0,"ocean_custom_logo_tablet_max_width":0,"ocean_custom_logo_mobile_max_width":0,"ocean_custom_logo_max_height":0,"ocean_custom_logo_tablet_max_height":0,"ocean_custom_logo_mobile_max_height":0,"ocean_header_custom_menu":"0","ocean_menu_typo_font_family":"0","ocean_menu_typo_font_subset":"","ocean_menu_typo_font_size":0,"ocean_menu_typo_font_size_tablet":0,"ocean_menu_typo_font_size_mobile":0,"ocean_menu_typo_font_size_unit":"px","ocean_menu_typo_font_weight":"","ocean_menu_typo_font_weight_tablet":"","ocean_menu_typo_font_weight_mobile":"","ocean_menu_typo_transform":"","ocean_menu_typo_transform_tablet":"","ocean_menu_typo_transform_mobile":"","ocean_menu_typo_line_height":0,"ocean_menu_typo_line_height_tablet":0,"ocean_menu_typo_line_height_mobile":0,"ocean_menu_typo_line_height_unit":"","ocean_menu_typo_spacing":0,"ocean_menu_typo_spacing_tablet":0,"ocean_menu_typo_spacing_mobile":0,"ocean_menu_typo_spacing_unit":"","ocean_menu_link_color":"","ocean_menu_link_color_hover":"","ocean_menu_link_color_active":"","ocean_menu_link_background":"","ocean_menu_link_hover_background":"","ocean_menu_link_active_background":"","ocean_menu_social_links_bg":"","ocean_menu_social_hover_links_bg":"","ocean_menu_social_links_color":"","ocean_menu_social_hover_links_color":"","ocean_disable_title":"default","ocean_disable_heading":"default","ocean_post_title":"","ocean_post_subheading":"","ocean_post_title_style":"","ocean_post_title_background_color":"","ocean_post_title_background":0,"ocean_post_title_bg_image_position":"","ocean_post_title_bg_image_attachment":"","ocean_post_title_bg_image_repeat":"","ocean_post_title_bg_image_size":"","ocean_post_title_height":0,"ocean_post_title_bg_overlay":0.5,"ocean_post_title_bg_overlay_color":"","ocean_disable_breadcrumbs":"default","ocean_breadcrumbs_color":"","ocean_breadcrumbs_separator_color":"","ocean_breadcrumbs_links_color":"","ocean_breadcrumbs_links_hover_color":"","ocean_display_footer_widgets":"default","ocean_display_footer_bottom":"default","ocean_custom_footer_template":"0"},"product_cat":[187,420],"product_tag":[],"class_list":{"0":"post-25092","1":"product","2":"type-product","3":"status-publish","4":"has-post-thumbnail","6":"product_brand-awesome-home","7":"product_cat-home","8":"product_cat-linge-de-maison","10":"entry","11":"has-media","13":"first","14":"outofstock","15":"featured","16":"taxable","17":"shipping-taxable","18":"purchasable","19":"product-type-simple","20":"has-product-nav","21":"col","22":"span_1_of_4","23":"owp-content-center","24":"owp-thumbs-layout-horizontal","25":"owp-btn-normal","26":"owp-tabs-layout-horizontal"},"_links":{"self":[{"href":"https:\/\/awesomegreenbeauty.com\/en\/wp-json\/wp\/v2\/product\/25092","targetHints":{"allow":["GET"]}}],"collection":[{"href":"https:\/\/awesomegreenbeauty.com\/en\/wp-json\/wp\/v2\/product"}],"about":[{"href":"https:\/\/awesomegreenbeauty.com\/en\/wp-json\/wp\/v2\/types\/product"}],"version-history":[{"count":0,"href":"https:\/\/awesomegreenbeauty.com\/en\/wp-json\/wp\/v2\/product\/25092\/revisions"}],"wp:featuredmedia":[{"embeddable":true,"href":"https:\/\/awesomegreenbeauty.com\/en\/wp-json\/wp\/v2\/media\/29921"}],"wp:attachment":[{"href":"https:\/\/awesomegreenbeauty.com\/en\/wp-json\/wp\/v2\/media?parent=25092"}],"wp:term":[{"taxonomy":"product_cat","embeddable":true,"href":"https:\/\/awesomegreenbeauty.com\/en\/wp-json\/wp\/v2\/product_cat?post=25092"},{"taxonomy":"product_tag","embeddable":true,"href":"https:\/\/awesomegreenbeauty.com\/en\/wp-json\/wp\/v2\/product_tag?post=25092"}],"curies":[{"name":"wp","href":"https:\/\/api.w.org\/{rel}","templated":true}]}}