{"id":251,"date":"2019-08-28T16:59:02","date_gmt":"2019-08-28T14:59:02","guid":{"rendered":"https:\/\/www.mygreenbrands.fr\/?post_type=product&#038;p=251"},"modified":"2025-11-14T17:18:45","modified_gmt":"2025-11-14T16:18:45","slug":"leahlani-skincare-aloha-ambrosia-elixir-30ml","status":"publish","type":"product","link":"https:\/\/awesomegreenbeauty.com\/en\/product\/leahlani-skincare-aloha-ambrosia-elixir-30ml\/","title":{"rendered":"LEAHLANI SKINCARE-Aloha Ambrosia \u00c9lixir-30 ml"},"content":{"rendered":"<p>Offrez \u00e0 votre peau une dose d\u2019hydratation intense et de r\u00e9g\u00e9n\u00e9ration avec le <strong>S\u00e9rum Hydratant Aloha Ambrosia<\/strong> the <span style=\"color: #993300;\"><a style=\"color: #993300;\" href=\"https:\/\/awesomegreenbeauty.com\/en\/marques\/leahlani\/\" target=\"_blank\" rel=\"noopener\"><strong>Leahlani Skincare<\/strong><\/a><\/span>. Ce soin bio, riche en <strong>ingr\u00e9dients actifs tropicaux<\/strong> provenant des \u00eeles hawa\u00efennes, nourrit en profondeur tout en laissant la peau lisse, souple et \u00e9clatante.<\/p>\n<p>Gr\u00e2ce \u00e0 une formule innovante et l\u00e9g\u00e8re, le <strong>S\u00e9rum Hydratant Aloha Ambrosia<\/strong> p\u00e9n\u00e8tre rapidement pour apporter une hydratation durable, tout en r\u00e9g\u00e9n\u00e9rant et \u00e9quilibrant la peau. Les antioxydants et vitamines issus des huiles de <strong>mangoustan<\/strong>, <strong>baie de goji<\/strong>, <strong>goyave<\/strong> and <strong>fruit de la passion<\/strong> prot\u00e8gent la peau des <strong>radicaux libres<\/strong>, pr\u00e9viennent le vieillissement pr\u00e9matur\u00e9 et boostent l\u2019\u00e9clat naturel du teint.<\/p>\n<h3><strong>Key ingredients<\/strong><\/h3>\n<ol>\n<li><strong>Jasmin<\/strong> \u2013 Apporte une touche florale apaisante et anti-\u00e2ge, tout en <strong>restaurent la vitalit\u00e9<\/strong> de la peau. Il harmonise le teint et aide \u00e0 maintenir la jeunesse de la peau.<\/li>\n<li><strong>Mangoustan<\/strong> \u2013 Surnomm\u00e9 le <em>roi des fruits<\/em>, le mangoustan est extr\u00eamement riche en <strong>vitamine E<\/strong> and <strong>antioxidants,<\/strong>. Il am\u00e9liore l&rsquo;<strong>\u00e9lasticit\u00e9<\/strong> and the <strong>fermet\u00e9<\/strong> de la peau, tout en prot\u00e9geant contre les effets des radicaux libres, la <strong>s\u00e9cheresse<\/strong> et les <strong>dommages solaires<\/strong>.<\/li>\n<li><strong>Goji<\/strong> \u2013 Cet ingr\u00e9dient dans ce s\u00e9rum hydratant puissant est un <strong>antioxydant naturel<\/strong> qui contient jusqu\u2019\u00e0 <strong>19 acides amin\u00e9s<\/strong>, utilis\u00e9s dans la synth\u00e8se des prot\u00e9ines. Il soutient la <a href=\"https:\/\/www.tuasaude.com\/fr\/baie-de-goji\/\" target=\"_blank\" rel=\"noopener\"><span style=\"color: #993300;\"><strong>r\u00e9g\u00e9n\u00e9ration cellulaire<\/strong><\/span><\/a> et aide \u00e0 renforcer la peau, apportant \u00e9clat et vitalit\u00e9.<\/li>\n<li><strong>Goyave<\/strong> \u2013 Riche en <strong>antioxidants,<\/strong>, cette huile prot\u00e8ge la peau contre les agressions ext\u00e9rieures et aide \u00e0 <strong>r\u00e9parer<\/strong> les tissus cutan\u00e9s, apportant une peau plus tonique et lumineuse.<\/li>\n<li><strong>Fruit de la passion<\/strong> \u2013 Apportant <strong>lumi\u00e8re et \u00e9clat<\/strong>, il est \u00e9galement reconnu pour ses propri\u00e9t\u00e9s <strong>anti-inflammatory<\/strong> and <strong>soothing<\/strong>. Il est une source puissante de <span style=\"color: #993300;\"><a style=\"color: #993300;\" href=\"https:\/\/www.brunet.ca\/beaute\/conseils-beaute\/bienfaits-vitamines-peau-visage\/\" target=\"_blank\" rel=\"noopener\"><strong>vitamines A et C<\/strong><\/a><\/span>, deux nutriments essentiels pour prot\u00e9ger et r\u00e9g\u00e9n\u00e9rer la peau.<\/li>\n<li><strong>Kiwi<\/strong> \u2013 Cet ingr\u00e9dient antioxydant apaise les <strong>rougeurs<\/strong>, tout en offrant une <strong>exfoliation douce<\/strong>, \u00e9liminant les cellules mortes et r\u00e9v\u00e9lant une peau plus radieuse.<\/li>\n<\/ol>\n<h3><strong>B\u00e9n\u00e9fices dans ce s\u00e9rum hydratant<\/strong><\/h3>\n<ul>\n<li><strong>Hydrate et \u00e9quilibre<\/strong> la peau en profondeur<\/li>\n<li><strong>R\u00e9g\u00e9n\u00e8re intens\u00e9ment<\/strong>, apportant souplesse et fermet\u00e9<\/li>\n<li><strong>Lisse et r\u00e9duit l\u2019apparence des rides<\/strong> et ridules<\/li>\n<li><strong>Unifie le teint<\/strong> pour un \u00e9clat lumineux<\/li>\n<li><strong>Prot\u00e8ge<\/strong> contre les signes du vieillissement pr\u00e9matur\u00e9<\/li>\n<\/ul>\n<h3><strong>Use<\/strong><\/h3>\n<p>Appliquez le <strong>S\u00e9rum Hydratant Aloha Ambrosia<\/strong> sur une peau propre et s\u00e8che. Massez doucement pour permettre au s\u00e9rum de p\u00e9n\u00e9trer pleinement et de lib\u00e9rer ses bienfaits. Id\u00e9al pour une utilisation quotidienne le matin, ce s\u00e9rum convient \u00e0 tous les types de peau et peut \u00eatre utilis\u00e9 sous votre cr\u00e8me de jour.<\/p>\n<p>This <strong>s\u00e9rum hydratant<\/strong> est parfait pour tous les types de peau, en particulier celles qui recherchent une <strong>hydratation<\/strong>, un <strong>\u00e9clat naturel<\/strong> et une <strong>protection contre le vieillissement pr\u00e9matur\u00e9<\/strong>.<\/p>\n<p><strong>Transformez votre routine de soin avec la douceur et les bienfaits tropicaux du S\u00e9rum Aloha Ambrosia de Leahlani !<\/strong><\/p>","protected":false},"excerpt":{"rendered":"<p>The <strong data-start=\"64\" data-end=\"98\">S\u00e9rum Hydratant Aloha Ambrosia<\/strong> the <strong data-start=\"102\" data-end=\"123\">Leahlani Skincare<\/strong> est un \u00e9lixir tropical nourrissant qui hydrate et r\u00e9g\u00e9n\u00e8re la peau en profondeur. Formul\u00e9 avec des extraits de fruits exotiques comme le mangoustan, la baie de goji et le fruit de la passion, ce s\u00e9rum riche en antioxydants unifie le teint et booste l\u2019\u00e9clat naturel de la peau. Sa texture l\u00e9g\u00e8re p\u00e9n\u00e8tre facilement, laissant la peau douce, lisse et revitalis\u00e9e. Offrez \u00e0 votre peau un soin r\u00e9confortant inspir\u00e9 par l\u2019esprit d\u2019Aloha, pour une peau radieuse et pleine de vitalit\u00e9.<\/p>","protected":false},"featured_media":252,"template":"","meta":{"ocean_post_layout":"","ocean_both_sidebars_style":"","ocean_both_sidebars_content_width":0,"ocean_both_sidebars_sidebars_width":0,"ocean_sidebar":"0","ocean_second_sidebar":"0","ocean_disable_margins":"enable","ocean_add_body_class":"","ocean_shortcode_before_top_bar":"","ocean_shortcode_after_top_bar":"","ocean_shortcode_before_header":"","ocean_shortcode_after_header":"","ocean_has_shortcode":"","ocean_shortcode_after_title":"","ocean_shortcode_before_footer_widgets":"","ocean_shortcode_after_footer_widgets":"","ocean_shortcode_before_footer_bottom":"","ocean_shortcode_after_footer_bottom":"","ocean_display_top_bar":"default","ocean_display_header":"default","ocean_header_style":"","ocean_center_header_left_menu":"0","ocean_custom_header_template":"0","ocean_custom_logo":0,"ocean_custom_retina_logo":0,"ocean_custom_logo_max_width":0,"ocean_custom_logo_tablet_max_width":0,"ocean_custom_logo_mobile_max_width":0,"ocean_custom_logo_max_height":0,"ocean_custom_logo_tablet_max_height":0,"ocean_custom_logo_mobile_max_height":0,"ocean_header_custom_menu":"0","ocean_menu_typo_font_family":"0","ocean_menu_typo_font_subset":"","ocean_menu_typo_font_size":0,"ocean_menu_typo_font_size_tablet":0,"ocean_menu_typo_font_size_mobile":0,"ocean_menu_typo_font_size_unit":"px","ocean_menu_typo_font_weight":"","ocean_menu_typo_font_weight_tablet":"","ocean_menu_typo_font_weight_mobile":"","ocean_menu_typo_transform":"","ocean_menu_typo_transform_tablet":"","ocean_menu_typo_transform_mobile":"","ocean_menu_typo_line_height":0,"ocean_menu_typo_line_height_tablet":0,"ocean_menu_typo_line_height_mobile":0,"ocean_menu_typo_line_height_unit":"","ocean_menu_typo_spacing":0,"ocean_menu_typo_spacing_tablet":0,"ocean_menu_typo_spacing_mobile":0,"ocean_menu_typo_spacing_unit":"","ocean_menu_link_color":"","ocean_menu_link_color_hover":"","ocean_menu_link_color_active":"","ocean_menu_link_background":"","ocean_menu_link_hover_background":"","ocean_menu_link_active_background":"","ocean_menu_social_links_bg":"","ocean_menu_social_hover_links_bg":"","ocean_menu_social_links_color":"","ocean_menu_social_hover_links_color":"","ocean_disable_title":"default","ocean_disable_heading":"default","ocean_post_title":"","ocean_post_subheading":"","ocean_post_title_style":"","ocean_post_title_background_color":"","ocean_post_title_background":0,"ocean_post_title_bg_image_position":"","ocean_post_title_bg_image_attachment":"","ocean_post_title_bg_image_repeat":"","ocean_post_title_bg_image_size":"","ocean_post_title_height":0,"ocean_post_title_bg_overlay":0.5,"ocean_post_title_bg_overlay_color":"","ocean_disable_breadcrumbs":"default","ocean_breadcrumbs_color":"","ocean_breadcrumbs_separator_color":"","ocean_breadcrumbs_links_color":"","ocean_breadcrumbs_links_hover_color":"","ocean_display_footer_widgets":"default","ocean_display_footer_bottom":"default","ocean_custom_footer_template":"0"},"product_cat":[91,90,84],"product_tag":[],"class_list":{"0":"post-251","1":"product","2":"type-product","3":"status-publish","4":"has-post-thumbnail","6":"product_brand-leahlani","7":"product_cat-tout-type-de-peau","8":"product_cat-peaux-seches-deshydratees","9":"product_cat-serums-bio-huiles-de-beaute","11":"entry","12":"has-media","14":"first","15":"instock","16":"taxable","17":"shipping-taxable","18":"purchasable","19":"product-type-simple","20":"has-product-nav","21":"col","22":"span_1_of_4","23":"owp-content-center","24":"owp-thumbs-layout-horizontal","25":"owp-btn-normal","26":"owp-tabs-layout-horizontal"},"_links":{"self":[{"href":"https:\/\/awesomegreenbeauty.com\/en\/wp-json\/wp\/v2\/product\/251","targetHints":{"allow":["GET"]}}],"collection":[{"href":"https:\/\/awesomegreenbeauty.com\/en\/wp-json\/wp\/v2\/product"}],"about":[{"href":"https:\/\/awesomegreenbeauty.com\/en\/wp-json\/wp\/v2\/types\/product"}],"version-history":[{"count":0,"href":"https:\/\/awesomegreenbeauty.com\/en\/wp-json\/wp\/v2\/product\/251\/revisions"}],"wp:featuredmedia":[{"embeddable":true,"href":"https:\/\/awesomegreenbeauty.com\/en\/wp-json\/wp\/v2\/media\/252"}],"wp:attachment":[{"href":"https:\/\/awesomegreenbeauty.com\/en\/wp-json\/wp\/v2\/media?parent=251"}],"wp:term":[{"taxonomy":"product_cat","embeddable":true,"href":"https:\/\/awesomegreenbeauty.com\/en\/wp-json\/wp\/v2\/product_cat?post=251"},{"taxonomy":"product_tag","embeddable":true,"href":"https:\/\/awesomegreenbeauty.com\/en\/wp-json\/wp\/v2\/product_tag?post=251"}],"curies":[{"name":"wp","href":"https:\/\/api.w.org\/{rel}","templated":true}]}}