{"id":25183,"date":"2023-10-13T13:36:08","date_gmt":"2023-10-13T11:36:08","guid":{"rendered":"https:\/\/awesomegreenbeauty.com\/?post_type=product&#038;p=25183"},"modified":"2026-03-25T16:49:47","modified_gmt":"2026-03-25T15:49:47","slug":"huile-corporelle-surrender-vata-mauli-rituals-130ml","status":"publish","type":"product","link":"https:\/\/awesomegreenbeauty.com\/en\/product\/huile-corporelle-surrender-vata-mauli-rituals-130ml\/","title":{"rendered":"MAULI RITUALS - SURRENDER VATA Body Oil - 130ml"},"content":{"rendered":"<p data-start=\"0\" data-end=\"72\"><strong data-start=\"0\" data-end=\"72\">Huile Corps Ayurv\u00e9dique Nourrissante \u2013 Rituel \u00c9quilibrant &amp; Relaxant<\/strong><\/p>\n<div class=\"relative basis-auto flex-col -mb-(--composer-overlap-px) pb-(--composer-overlap-px) [--composer-overlap-px:28px] grow flex\">\n<div class=\"flex flex-col text-sm pb-25\">\n<section class=\"text-token-text-primary w-full focus:outline-none [--shadow-height:45px] has-data-writing-block:pointer-events-none has-data-writing-block:-mt-(--shadow-height) has-data-writing-block:pt-(--shadow-height) [&amp;:has([data-writing-block])&gt;*]:pointer-events-auto scroll-mt-[calc(var(--header-height)+min(200px,max(70px,20svh)))]\" dir=\"auto\" data-turn-id=\"request-WEB:1c4f057d-c899-409f-a8d7-4d32ade7669e-2\" data-testid=\"conversation-turn-5\" data-scroll-anchor=\"true\" data-turn=\"assistant\">\n<div class=\"text-base my-auto mx-auto pb-10 [--thread-content-margin:var(--thread-content-margin-xs,calc(var(--spacing)*4))] @w-sm\/main:[--thread-content-margin:var(--thread-content-margin-sm,calc(var(--spacing)*6))] @w-lg\/main:[--thread-content-margin:var(--thread-content-margin-lg,calc(var(--spacing)*16))] px-(--thread-content-margin)\">\n<div class=\"[--thread-content-max-width:40rem] @w-lg\/main:[--thread-content-max-width:48rem] mx-auto max-w-(--thread-content-max-width) flex-1 group\/turn-messages focus-visible:outline-hidden relative flex w-full min-w-0 flex-col agent-turn\">\n<div class=\"flex max-w-full flex-col gap-4 grow\">\n<div class=\"min-h-8 text-message relative flex w-full flex-col items-end gap-2 text-start break-words whitespace-normal outline-none keyboard-focused:focus-ring [.text-message+&amp;]:mt-1\" dir=\"auto\" tabindex=\"0\" data-message-author-role=\"assistant\" data-message-id=\"3ef3d70d-a822-411f-bd41-0a2ed11bb261\" data-message-model-slug=\"gpt-5-3\" data-turn-start-message=\"true\">\n<div class=\"flex w-full flex-col gap-1 empty:hidden\">\n<div class=\"markdown prose dark:prose-invert w-full wrap-break-word light markdown-new-styling\">\n<h3 data-section-id=\"w574tb\" data-start=\"336\" data-end=\"362\"><span role=\"text\"><strong data-start=\"340\" data-end=\"362\">Les b\u00e9n\u00e9fices cl\u00e9s<\/strong><\/span><\/h3>\n<ul data-start=\"363\" data-end=\"568\">\n<li data-section-id=\"2cpb1\" data-start=\"363\" data-end=\"407\">Nourrit et assouplit durablement la peau<\/li>\n<li data-section-id=\"ceefwi\" data-start=\"408\" data-end=\"444\">Apaise les tensions et le stress<\/li>\n<li data-section-id=\"1og0ctx\" data-start=\"445\" data-end=\"477\">Renforce la barri\u00e8re cutan\u00e9e<\/li>\n<li data-section-id=\"42z16j\" data-start=\"478\" data-end=\"517\">Am\u00e9liore l\u2019\u00e9lasticit\u00e9 et la douceur<\/li>\n<li data-section-id=\"18b33u1\" data-start=\"518\" data-end=\"568\">Favorise la relaxation du corps et de l\u2019esprit<\/li>\n<\/ul>\n<h3 data-section-id=\"39nucy\" data-start=\"575\" data-end=\"622\"><span role=\"text\"><strong data-start=\"579\" data-end=\"622\">Une formule ayurv\u00e9dique riche et cibl\u00e9e<\/strong><\/span><\/h3>\n<p data-start=\"623\" data-end=\"670\">Formul\u00e9e autour de deux piliers de l\u2019Ayurveda :<\/p>\n<ul data-start=\"672\" data-end=\"929\">\n<li data-section-id=\"14ryb8p\" data-start=\"672\" data-end=\"802\"><strong data-start=\"674\" data-end=\"711\">Huile de s\u00e9same (Sesamum Indicum)<\/strong> : riche en acides gras et antioxydants, elle r\u00e9chauffe le corps, d\u00e9toxifie et revitalise<\/li>\n<li data-section-id=\"wk0dwg\" data-start=\"803\" data-end=\"929\"><strong data-start=\"805\" data-end=\"855\">Huile d\u2019amande douce (Prunus Amygdalus Dulcis)<\/strong> : adoucissante et relipidante, elle calme les peaux s\u00e8ches et sensibles<\/li>\n<\/ul>\n<p data-start=\"931\" data-end=\"1042\">Enrichie en <strong data-start=\"943\" data-end=\"970\">vitamine E (tocoph\u00e9rol)<\/strong>, elle prot\u00e8ge la peau du stress oxydatif et pr\u00e9serve son \u00e9clat naturel.<\/p>\n<h3 data-section-id=\"hdt90x\" data-start=\"1049\" data-end=\"1101\"><span role=\"text\"><strong data-start=\"1053\" data-end=\"1101\">Synergie d\u2019huiles essentielles \u00e9quilibrantes<\/strong><\/span><\/h3>\n<p data-start=\"1102\" data-end=\"1182\">Une composition aromatique sophistiqu\u00e9e pour agir sur le corps et les \u00e9motions :<\/p>\n<ul data-start=\"1184\" data-end=\"1428\">\n<li data-section-id=\"6pnghi\" data-start=\"1184\" data-end=\"1231\"><strong data-start=\"1186\" data-end=\"1200\">Relaxantes<\/strong> : lavande, camomille romaine<\/li>\n<li data-section-id=\"4pd7n4\" data-start=\"1232\" data-end=\"1292\"><strong data-start=\"1234\" data-end=\"1260\">Harmonisant \u00e9motionnel<\/strong> : ylang-ylang, rose, g\u00e9ranium<\/li>\n<li data-section-id=\"eyr11l\" data-start=\"1293\" data-end=\"1362\"><strong data-start=\"1295\" data-end=\"1325\">\u00c9nergisantes &amp; purifiantes<\/strong> : orange douce, basilic, may chang<\/li>\n<li data-section-id=\"1y4tvmw\" data-start=\"1363\" data-end=\"1428\"><strong data-start=\"1365\" data-end=\"1393\">Ancrantes &amp; r\u00e9g\u00e9n\u00e9rantes<\/strong> : encens, santal, v\u00e9tiver, c\u00e8dre<\/li>\n<\/ul>\n<hr data-start=\"1430\" data-end=\"1433\" \/>\n<h3 data-section-id=\"9p1xt5\" data-start=\"1435\" data-end=\"1483\"><span role=\"text\"><strong data-start=\"1439\" data-end=\"1483\">Pourquoi choisir une huile ayurv\u00e9dique ?<\/strong><\/span><\/h3>\n<p data-start=\"1484\" data-end=\"1694\">Inspir\u00e9e de l\u2019Abhyanga, rituel de massage quotidien en Ayurveda, cette huile favorise la circulation, soutient l\u2019\u00e9quilibre des doshas (Vata, Pitta, Kapha) et reconnecte le corps \u00e0 un \u00e9tat de calme et d\u2019\u00e9nergie.<\/p>\n<p data-start=\"1732\" data-end=\"1948\"><strong data-start=\"2235\" data-end=\"2248\">Signature<\/strong><\/p>\n<p data-start=\"2249\" data-end=\"2383\" data-is-last-node=\"\" data-is-only-node=\"\">Un soin corps sensoriel, entre tradition mill\u00e9naire et efficacit\u00e9 moderne. Une huile qui ne s\u2019applique pas seulement\u2026 elle se ressent.<\/p>\n<\/div>\n<\/div>\n<\/div>\n<\/div>\n<div class=\"z-0 flex min-h-[46px] justify-start\">Cette huile \u00ab\u00a0r\u00e9chauffante\u00a0\u00bb aide \u00e0 revitaliser la peau, \u00e0 stimuler la circulation sanguine, \u00e0 renforcer les articulations, \u00e0 soulager les articulations\u00a0 &amp; \u00e0 apaiser l&rsquo;anxi\u00e9t\u00e9.<\/div>\n<div class=\"mt-3 w-full empty:hidden\">\n<div><\/div>\n<div class=\"text-center\">Tous types de peau. Huile corps ayurv\u00e9dique, huile de massage ayurv\u00e9dique, soin corps naturel, huile nourrissante peau s\u00e8che, rituel abhyanga, huile relaxante corps, huile essentielle relaxante, soin corps bio, huile bien-\u00eatre, huile \u00e9quilibrante dosha.<\/div>\n<div><\/div>\n<\/div>\n<\/div>\n<\/div>\n<\/section>\n<\/div>\n<\/div>\n","protected":false},"excerpt":{"rendered":"<h3 data-section-id=\"hdt90x\" data-start=\"1049\" data-end=\"1101\"><span role=\"text\"><strong data-start=\"1053\" data-end=\"1101\">Synergie d\u2019huiles essentielles \u00e9quilibrantes<\/strong><\/span><\/h3>\n<p data-start=\"1102\" data-end=\"1182\">Une composition aromatique sophistiqu\u00e9e pour agir sur le corps et les \u00e9motions :<\/p>\n<ul data-start=\"1184\" data-end=\"1428\">\n<li data-section-id=\"6pnghi\" data-start=\"1184\" data-end=\"1231\"><strong data-start=\"1186\" data-end=\"1200\">Relaxantes<\/strong> : lavande, camomille romaine<\/li>\n<li data-section-id=\"4pd7n4\" data-start=\"1232\" data-end=\"1292\"><strong data-start=\"1234\" data-end=\"1260\">Harmonisant \u00e9motionnel<\/strong> : ylang-ylang, rose, g\u00e9ranium<\/li>\n<li data-section-id=\"eyr11l\" data-start=\"1293\" data-end=\"1362\"><strong data-start=\"1295\" data-end=\"1325\">\u00c9nergisantes &amp; purifiantes<\/strong> : orange douce, basilic, may chang<\/li>\n<li data-section-id=\"1y4tvmw\" data-start=\"1363\" data-end=\"1428\"><strong data-start=\"1365\" data-end=\"1393\">Ancrantes &amp; r\u00e9g\u00e9n\u00e9rantes<\/strong> : encens, santal, v\u00e9tiver, c\u00e8dre<\/li>\n<\/ul>\n<p>++++ Chamomile is highly effective in combating anxiety.<\/p>\n<p>&nbsp;<\/p>","protected":false},"featured_media":26749,"template":"","meta":{"ocean_post_layout":"","ocean_both_sidebars_style":"","ocean_both_sidebars_content_width":0,"ocean_both_sidebars_sidebars_width":0,"ocean_sidebar":"0","ocean_second_sidebar":"0","ocean_disable_margins":"enable","ocean_add_body_class":"","ocean_shortcode_before_top_bar":"","ocean_shortcode_after_top_bar":"","ocean_shortcode_before_header":"","ocean_shortcode_after_header":"","ocean_has_shortcode":"","ocean_shortcode_after_title":"","ocean_shortcode_before_footer_widgets":"","ocean_shortcode_after_footer_widgets":"","ocean_shortcode_before_footer_bottom":"","ocean_shortcode_after_footer_bottom":"","ocean_display_top_bar":"default","ocean_display_header":"default","ocean_header_style":"","ocean_center_header_left_menu":"0","ocean_custom_header_template":"0","ocean_custom_logo":0,"ocean_custom_retina_logo":0,"ocean_custom_logo_max_width":0,"ocean_custom_logo_tablet_max_width":0,"ocean_custom_logo_mobile_max_width":0,"ocean_custom_logo_max_height":0,"ocean_custom_logo_tablet_max_height":0,"ocean_custom_logo_mobile_max_height":0,"ocean_header_custom_menu":"0","ocean_menu_typo_font_family":"0","ocean_menu_typo_font_subset":"","ocean_menu_typo_font_size":0,"ocean_menu_typo_font_size_tablet":0,"ocean_menu_typo_font_size_mobile":0,"ocean_menu_typo_font_size_unit":"px","ocean_menu_typo_font_weight":"","ocean_menu_typo_font_weight_tablet":"","ocean_menu_typo_font_weight_mobile":"","ocean_menu_typo_transform":"","ocean_menu_typo_transform_tablet":"","ocean_menu_typo_transform_mobile":"","ocean_menu_typo_line_height":0,"ocean_menu_typo_line_height_tablet":0,"ocean_menu_typo_line_height_mobile":0,"ocean_menu_typo_line_height_unit":"","ocean_menu_typo_spacing":0,"ocean_menu_typo_spacing_tablet":0,"ocean_menu_typo_spacing_mobile":0,"ocean_menu_typo_spacing_unit":"","ocean_menu_link_color":"","ocean_menu_link_color_hover":"","ocean_menu_link_color_active":"","ocean_menu_link_background":"","ocean_menu_link_hover_background":"","ocean_menu_link_active_background":"","ocean_menu_social_links_bg":"","ocean_menu_social_hover_links_bg":"","ocean_menu_social_links_color":"","ocean_menu_social_hover_links_color":"","ocean_disable_title":"default","ocean_disable_heading":"default","ocean_post_title":"","ocean_post_subheading":"","ocean_post_title_style":"","ocean_post_title_background_color":"","ocean_post_title_background":0,"ocean_post_title_bg_image_position":"","ocean_post_title_bg_image_attachment":"","ocean_post_title_bg_image_repeat":"","ocean_post_title_bg_image_size":"","ocean_post_title_height":0,"ocean_post_title_bg_overlay":0.5,"ocean_post_title_bg_overlay_color":"","ocean_disable_breadcrumbs":"default","ocean_breadcrumbs_color":"","ocean_breadcrumbs_separator_color":"","ocean_breadcrumbs_links_color":"","ocean_breadcrumbs_links_hover_color":"","ocean_display_footer_widgets":"default","ocean_display_footer_bottom":"default","ocean_custom_footer_template":"0"},"product_cat":[21,95],"product_tag":[],"class_list":{"0":"post-25183","1":"product","2":"type-product","3":"status-publish","4":"has-post-thumbnail","6":"product_brand-mauli-rituals","7":"product_cat-soins-du-corps","8":"product_cat-huiles-et-cremes-pour-le-corps","10":"entry","11":"has-media","13":"first","14":"onbackorder","15":"taxable","16":"shipping-taxable","17":"purchasable","18":"product-type-simple","19":"has-product-nav","20":"col","21":"span_1_of_4","22":"owp-content-center","23":"owp-thumbs-layout-horizontal","24":"owp-btn-normal","25":"owp-tabs-layout-horizontal"},"_links":{"self":[{"href":"https:\/\/awesomegreenbeauty.com\/en\/wp-json\/wp\/v2\/product\/25183","targetHints":{"allow":["GET"]}}],"collection":[{"href":"https:\/\/awesomegreenbeauty.com\/en\/wp-json\/wp\/v2\/product"}],"about":[{"href":"https:\/\/awesomegreenbeauty.com\/en\/wp-json\/wp\/v2\/types\/product"}],"version-history":[{"count":0,"href":"https:\/\/awesomegreenbeauty.com\/en\/wp-json\/wp\/v2\/product\/25183\/revisions"}],"wp:featuredmedia":[{"embeddable":true,"href":"https:\/\/awesomegreenbeauty.com\/en\/wp-json\/wp\/v2\/media\/26749"}],"wp:attachment":[{"href":"https:\/\/awesomegreenbeauty.com\/en\/wp-json\/wp\/v2\/media?parent=25183"}],"wp:term":[{"taxonomy":"product_cat","embeddable":true,"href":"https:\/\/awesomegreenbeauty.com\/en\/wp-json\/wp\/v2\/product_cat?post=25183"},{"taxonomy":"product_tag","embeddable":true,"href":"https:\/\/awesomegreenbeauty.com\/en\/wp-json\/wp\/v2\/product_tag?post=25183"}],"curies":[{"name":"wp","href":"https:\/\/api.w.org\/{rel}","templated":true}]}}