{"id":25187,"date":"2023-09-22T19:54:28","date_gmt":"2023-09-22T17:54:28","guid":{"rendered":"https:\/\/awesomegreenbeauty.com\/?post_type=product&#038;p=25187"},"modified":"2025-11-19T16:18:24","modified_gmt":"2025-11-19T15:18:24","slug":"mauli-rituals-reawaken-himalayan-gommage-corps-mains-350g","status":"publish","type":"product","link":"https:\/\/awesomegreenbeauty.com\/en\/product\/mauli-rituals-reawaken-himalayan-gommage-corps-mains-350g\/","title":{"rendered":"MAULI RITUALS \u2013 Reawaken Himalayan Body &amp; Hand Scrub \u2013 350g"},"content":{"rendered":"<p>Plongez dans un moment de bien-\u00eatre sensoriel avec le <strong>Mauli Reawaken Himalayan Gommage Corps &amp; Mains<\/strong>, un gommage corporel riche et nourrissant qui ravive l\u2019\u00e9clat de votre peau tout en apaisant votre corps. Ce soin unique allie <strong>sels de l\u2019Himalaya<\/strong> and <strong>huiles bio th\u00e9rapeutiques<\/strong> pour offrir une exfoliation en profondeur et une hydratation intense, tout en stimulant la circulation sanguine et en r\u00e9duisant les tensions musculaires.<\/p>\n<p>Le sel de l&rsquo;Himalaya dans ce gommage corps, riche en min\u00e9raux essentiels, offre une exfoliation naturelle qui d\u00e9toxifie la peau en \u00e9liminant les impuret\u00e9s et en stimulant la circulation. Ses propri\u00e9t\u00e9s d\u00e9toxifiantes aident \u00e0 resserrer les pores, lisser la peau et revitaliser le corps.<\/p>\n<h3><strong>Les Bienfaits de Nos Ingr\u00e9dients Exceptionnels<\/strong><\/h3>\n<ul>\n<li><strong>Sels de l\u2019Himalaya<\/strong> : Riche en min\u00e9raux, ces sels d\u00e9toxifient et exfolient en douceur, \u00e9liminant les cellules mortes et les impuret\u00e9s tout en revitalisant la peau.<\/li>\n<li><strong>Huile de Moringa<\/strong> : V\u00e9ritable tr\u00e9sor pour la peau, elle hydrate et nourrit en profondeur, tout en offrant des propri\u00e9t\u00e9s anti-\u00e2ge puissantes gr\u00e2ce \u00e0 sa teneur impressionnante en antioxydants, acides gras essentiels et vitamines.<\/li>\n<li><strong>Huile d\u2019Argan<\/strong> : Riche en vitamine E, <span style=\"color: #993300;\"><a style=\"color: #993300;\" href=\"https:\/\/www.passeportsante.net\/fr\/Actualites\/Dossiers\/DossierComplexe.aspx?doc=huile-argan-bienfaits-peau-cheveux\" target=\"_blank\" rel=\"noopener\"><strong>huile d&rsquo;Argan<\/strong><\/a><\/span> nourrit, r\u00e9g\u00e9n\u00e8re et adoucit la peau tout en prot\u00e9geant contre les agressions ext\u00e9rieures.<\/li>\n<li><strong>Huile de Noix de Coco<\/strong> : Hydrate intens\u00e9ment et laisse la peau douce et soyeuse.<\/li>\n<li><strong>Amande Douce<\/strong> : Apaisante et nourrissante, elle aide \u00e0 r\u00e9parer la peau et la rend plus lisse.<\/li>\n<li><strong>Vitamine E<\/strong> : Un puissant antioxydant qui prot\u00e8ge la peau des radicaux libres et favorise un teint \u00e9clatant.<\/li>\n<\/ul>\n<p><strong>Huiles Essentielles dans ce gommage corps<\/strong> :<\/p>\n<ul>\n<li><strong>Citron Vert<\/strong> : Clarifiant et purifiant, il rafra\u00eechit et tonifie la peau.<\/li>\n<li><strong>Orange Douce<\/strong> : Raffermissante et revitalisante, elle aide \u00e0 am\u00e9liorer l\u2019\u00e9lasticit\u00e9 de la peau.<\/li>\n<li><strong>Incense<\/strong> : Stimule le syst\u00e8me immunitaire et aide \u00e0 \u00e9quilibrer la peau.<\/li>\n<li><strong>Bois de Santal<\/strong> : Apaisant et cicatrisant, il favorise la r\u00e9g\u00e9n\u00e9ration de la peau.<\/li>\n<li><strong>Pink<\/strong> : Apaisante et purifiante, elle tonifie et r\u00e9g\u00e9n\u00e8re la peau.<\/li>\n<li><strong>Jasmin Sambac<\/strong> : Sensuel et purifiant, il nourrit la peau en profondeur et lui donne un \u00e9clat radieux.<\/li>\n<\/ul>\n<h3><strong>Use &amp; Tips<\/strong><\/h3>\n<p>Appliquez g\u00e9n\u00e9reusement le <strong>Mauli Reawaken Himalayan Gommage<\/strong> sur peau humide (sous la douche ou dans le bain). Massez en mouvements circulaires, en partant des pieds, pour stimuler la circulation et faire fondre les tensions musculaires. Rincez \u00e0 l&rsquo;eau ti\u00e8de et tapotez d\u00e9licatement la peau avec une serviette. Pour une peau encore plus douce, appliquez <strong><span style=\"color: #993300;\"><a style=\"color: #993300;\" href=\"https:\/\/awesomegreenbeauty.com\/en\/product\/mauli-rituals-reawaken-lotion-hydratante-mains-corps-250ml\/\" target=\"_blank\" rel=\"noopener\">un soin hydratant<\/a><\/span><\/strong> apr\u00e8s l&rsquo;exfoliation.<\/p>\n<p><strong>Tip<\/strong> : Ce gommage est \u00e9galement id\u00e9al pour les mains et les pieds, offrant une exfoliation douce et r\u00e9paratrice.<\/p>\n<h3><strong>Pourquoi Choisir Mauli Reawaken Himalayan Gommage Corps?<\/strong><\/h3>\n<ul>\n<li><strong>100% Natural<\/strong> et formul\u00e9 avec des <strong>huiles bio<\/strong><\/li>\n<li><strong>Exfoliation douce<\/strong> and <strong>nourrissante<\/strong> for all skin types<\/li>\n<li><strong>Sans parab\u00e8nes, sulfates<\/strong> ni conservateurs chimiques<\/li>\n<li><strong>Nourrit et revitalise<\/strong> en profondeur, laissant une peau \u00e9clatante de sant\u00e9<\/li>\n<li><strong>Respectueux de l\u2019environnement<\/strong>, biod\u00e9gradable et sans produits synth\u00e9tiques<\/li>\n<\/ul>\n<p>Pour une peau \u00e9clatante et revitalis\u00e9e, d\u00e9couvrez la puissance des huiles bio et des min\u00e9raux de l&rsquo;Himalaya avec le Mauli Reawaken Himalayan Gommage Corps &amp; Mains ! <a href=\"https:\/\/awesomegreenbeauty.com\/en\/marques\/mauli-rituals\/\" target=\"_blank\" rel=\"noopener\"><strong><span style=\"color: #993300;\">Cliquez ici<\/span><\/strong><\/a> pour d\u00e9couvrir une gamme de produits naturels fantastiques de Mauli Rituals.<\/p>","protected":false},"excerpt":{"rendered":"<p><strong>100% natural | Organic Oils | biodegradable without synthetic products or artificial fragrances.<\/strong><\/p>\n<p>Exfolie, \u00e9limine les impuret\u00e9s et stimule la circulation. Apaise les tensions musculaires gr\u00e2ce \u00e0 des huiles th\u00e9rapeutiques. Les sels de l&rsquo;Himalaya d\u00e9toxifient, resserrent les pores et raffermissent la peau. Le quartz rose est appr\u00e9ci\u00e9 pour ses vertus apaisantes.<\/p>","protected":false},"featured_media":25188,"template":"","meta":{"ocean_post_layout":"","ocean_both_sidebars_style":"","ocean_both_sidebars_content_width":0,"ocean_both_sidebars_sidebars_width":0,"ocean_sidebar":"0","ocean_second_sidebar":"0","ocean_disable_margins":"enable","ocean_add_body_class":"","ocean_shortcode_before_top_bar":"","ocean_shortcode_after_top_bar":"","ocean_shortcode_before_header":"","ocean_shortcode_after_header":"","ocean_has_shortcode":"","ocean_shortcode_after_title":"","ocean_shortcode_before_footer_widgets":"","ocean_shortcode_after_footer_widgets":"","ocean_shortcode_before_footer_bottom":"","ocean_shortcode_after_footer_bottom":"","ocean_display_top_bar":"default","ocean_display_header":"default","ocean_header_style":"","ocean_center_header_left_menu":"0","ocean_custom_header_template":"0","ocean_custom_logo":0,"ocean_custom_retina_logo":0,"ocean_custom_logo_max_width":0,"ocean_custom_logo_tablet_max_width":0,"ocean_custom_logo_mobile_max_width":0,"ocean_custom_logo_max_height":0,"ocean_custom_logo_tablet_max_height":0,"ocean_custom_logo_mobile_max_height":0,"ocean_header_custom_menu":"0","ocean_menu_typo_font_family":"0","ocean_menu_typo_font_subset":"","ocean_menu_typo_font_size":0,"ocean_menu_typo_font_size_tablet":0,"ocean_menu_typo_font_size_mobile":0,"ocean_menu_typo_font_size_unit":"px","ocean_menu_typo_font_weight":"","ocean_menu_typo_font_weight_tablet":"","ocean_menu_typo_font_weight_mobile":"","ocean_menu_typo_transform":"","ocean_menu_typo_transform_tablet":"","ocean_menu_typo_transform_mobile":"","ocean_menu_typo_line_height":0,"ocean_menu_typo_line_height_tablet":0,"ocean_menu_typo_line_height_mobile":0,"ocean_menu_typo_line_height_unit":"","ocean_menu_typo_spacing":0,"ocean_menu_typo_spacing_tablet":0,"ocean_menu_typo_spacing_mobile":0,"ocean_menu_typo_spacing_unit":"","ocean_menu_link_color":"","ocean_menu_link_color_hover":"","ocean_menu_link_color_active":"","ocean_menu_link_background":"","ocean_menu_link_hover_background":"","ocean_menu_link_active_background":"","ocean_menu_social_links_bg":"","ocean_menu_social_hover_links_bg":"","ocean_menu_social_links_color":"","ocean_menu_social_hover_links_color":"","ocean_disable_title":"default","ocean_disable_heading":"default","ocean_post_title":"","ocean_post_subheading":"","ocean_post_title_style":"","ocean_post_title_background_color":"","ocean_post_title_background":0,"ocean_post_title_bg_image_position":"","ocean_post_title_bg_image_attachment":"","ocean_post_title_bg_image_repeat":"","ocean_post_title_bg_image_size":"","ocean_post_title_height":0,"ocean_post_title_bg_overlay":0.5,"ocean_post_title_bg_overlay_color":"","ocean_disable_breadcrumbs":"default","ocean_breadcrumbs_color":"","ocean_breadcrumbs_separator_color":"","ocean_breadcrumbs_links_color":"","ocean_breadcrumbs_links_hover_color":"","ocean_display_footer_widgets":"default","ocean_display_footer_bottom":"default","ocean_custom_footer_template":"0"},"product_cat":[21,94,95,96,97],"product_tag":[],"class_list":{"0":"post-25187","1":"product","2":"type-product","3":"status-publish","4":"has-post-thumbnail","6":"product_brand-mauli-rituals","7":"product_cat-soins-du-corps","8":"product_cat-exfoliants-produits-soins-du-corps","9":"product_cat-huiles-et-cremes-pour-le-corps","10":"product_cat-pieds-mains","11":"product_cat-raffermissant-anti-cellulite","13":"entry","14":"has-media","16":"first","17":"onbackorder","18":"taxable","19":"shipping-taxable","20":"purchasable","21":"product-type-simple","22":"has-product-nav","23":"col","24":"span_1_of_4","25":"owp-content-center","26":"owp-thumbs-layout-horizontal","27":"owp-btn-normal","28":"owp-tabs-layout-horizontal"},"_links":{"self":[{"href":"https:\/\/awesomegreenbeauty.com\/en\/wp-json\/wp\/v2\/product\/25187","targetHints":{"allow":["GET"]}}],"collection":[{"href":"https:\/\/awesomegreenbeauty.com\/en\/wp-json\/wp\/v2\/product"}],"about":[{"href":"https:\/\/awesomegreenbeauty.com\/en\/wp-json\/wp\/v2\/types\/product"}],"version-history":[{"count":0,"href":"https:\/\/awesomegreenbeauty.com\/en\/wp-json\/wp\/v2\/product\/25187\/revisions"}],"wp:featuredmedia":[{"embeddable":true,"href":"https:\/\/awesomegreenbeauty.com\/en\/wp-json\/wp\/v2\/media\/25188"}],"wp:attachment":[{"href":"https:\/\/awesomegreenbeauty.com\/en\/wp-json\/wp\/v2\/media?parent=25187"}],"wp:term":[{"taxonomy":"product_cat","embeddable":true,"href":"https:\/\/awesomegreenbeauty.com\/en\/wp-json\/wp\/v2\/product_cat?post=25187"},{"taxonomy":"product_tag","embeddable":true,"href":"https:\/\/awesomegreenbeauty.com\/en\/wp-json\/wp\/v2\/product_tag?post=25187"}],"curies":[{"name":"wp","href":"https:\/\/api.w.org\/{rel}","templated":true}]}}