{"id":25196,"date":"2023-12-02T18:52:28","date_gmt":"2023-12-02T17:52:28","guid":{"rendered":"https:\/\/awesomegreenbeauty.com\/?post_type=product&#038;p=25196"},"modified":"2026-04-17T18:22:16","modified_gmt":"2026-04-17T16:22:16","slug":"mauli-rituals-huile-fortifiante-pour-sourcils-10ml","status":"publish","type":"product","link":"https:\/\/awesomegreenbeauty.com\/en\/product\/mauli-rituals-huile-fortifiante-pour-sourcils-10ml\/","title":{"rendered":"MAULI RITUALS &#8211; Huile fortifiante qui stimule et favorise la repousse des poils des sourcils &#8211; 10ml"},"content":{"rendered":"<p>L&rsquo;huile fortifiante fortifiante Mauli a \u00e9t\u00e9 \u00e9labor\u00e9e pour favoriser, fortifier et stimuler\u00a0 la repousse des poils des sourcils . Cette huile a \u00e9t\u00e9 sp\u00e9cialement con\u00e7ue pour nourrir et \u00e9toffer vos sourcils en un seul geste gr\u00e2ce au syst\u00e8me \u00a0\u00bb Roll-on\u00a0\u00bb adopt\u00e9. Celui-ci une application pr\u00e9cise pour des r\u00e9sultats optimaux.<\/p>\n<p>Les r\u00e9sultats sont l\u00e0 ! 75 % des personnes qui ont test\u00e9 cette huile fortifiante ont d\u00e9clar\u00e9 que leurs sourcils \u00e9taient plus denses et fournis\u00a0 et ce apr\u00e8s avoir utilis\u00e9 l&rsquo;huile pour sourcils \u00a0\u00bb Grow Strong\u00a0 brow \u00ab\u00a0pendant 30 jours.<\/p>\n<p>La formule est \u00e9labor\u00e9e avec pour base les huiles de jojoba biologique,\u00a0 d&rsquo;argan biologique, de s\u00e9same et de ricin. A cette base est ajout\u00e9e des extraits de plantes ayurv\u00e9diques : Amla, brahmi et bhringraj.<\/p>\n<p data-start=\"0\" data-end=\"153\">Ces trois plantes ayurv\u00e9diques \u2013 <strong data-start=\"33\" data-end=\"62\">Amla, Brahmi et Bhringraj<\/strong> \u2013 sont r\u00e9put\u00e9es pour leurs bienfaits sur les cheveux. Voici leurs principales propri\u00e9t\u00e9s :<\/p>\n<h3 data-start=\"155\" data-end=\"191\">1. Amla (Groseille indienne)<\/h3>\n<ul data-start=\"192\" data-end=\"636\">\n<li data-start=\"192\" data-end=\"280\">Riche en vitamine C : Stimule la croissance des cheveux et renforce les racines.<\/li>\n<li data-start=\"281\" data-end=\"373\">Antioxydant puissant : Prot\u00e8ge les follicules capillaires contre le stress oxydatif.<\/li>\n<li data-start=\"374\" data-end=\"466\">Pr\u00e9vient les cheveux blancs pr\u00e9matur\u00e9s : Aide \u00e0 maintenir la pigmentation naturelle.<\/li>\n<li data-start=\"467\" data-end=\"553\">Fortifiant capillaire : R\u00e9duit la chute des cheveux et stimule leur \u00e9paisseur.<\/li>\n<li data-start=\"554\" data-end=\"636\">Antipelliculaire : Purifie le cuir chevelu et lutte contre les pellicules.<\/li>\n<\/ul>\n<h3 data-start=\"638\" data-end=\"655\">2. Brahmi<\/h3>\n<ul data-start=\"656\" data-end=\"1057\">\n<li data-start=\"656\" data-end=\"722\">Nourrit le cuir chevelu : Apaise et hydrate en profondeur.<\/li>\n<li data-start=\"723\" data-end=\"800\">Favorise la croissance : Renforce les racines et stimule la repousse.<\/li>\n<li data-start=\"801\" data-end=\"912\">R\u00e9duit le stress : Son effet calmant sur le syst\u00e8me nerveux limite la chute des cheveux li\u00e9e au stress.<\/li>\n<li data-start=\"913\" data-end=\"977\">\u00c9paissit les cheveux : Donne du volume et de la densit\u00e9.<\/li>\n<li data-start=\"978\" data-end=\"1057\">Pr\u00e9vient les pointes fourchues : R\u00e9pare et prot\u00e8ge la fibre capillaire.<\/li>\n<\/ul>\n<h3 data-start=\"1059\" data-end=\"1079\">3. Bhringraj<\/h3>\n<ul data-start=\"1080\" data-end=\"1481\">\n<li data-start=\"1080\" data-end=\"1157\">Stimule la croissance des cheveux : R\u00e9veille les follicules dormants.<\/li>\n<li data-start=\"1158\" data-end=\"1236\">Lutte contre la chute : Renforce le cuir chevelu et r\u00e9duit l\u2019alop\u00e9cie.<\/li>\n<li data-start=\"1237\" data-end=\"1326\">Pr\u00e9vient les cheveux blancs : Aide \u00e0 conserver une chevelure fonc\u00e9e et brillante.<\/li>\n<li data-start=\"1327\" data-end=\"1396\">Hydrate et nourrit : Rend les cheveux plus doux et brillants.<\/li>\n<li data-start=\"1397\" data-end=\"1481\">Antipelliculaire : Combat les irritations et les infections du cuir chevelu.<\/li>\n<\/ul>\n<h3 data-start=\"1483\" data-end=\"1513\">Comment les utiliser ?<\/h3>\n<ul data-start=\"1514\" data-end=\"1810\">\n<li data-start=\"1514\" data-end=\"1615\">En huile : M\u00e9langer ces poudres avec une huile (coco, s\u00e9same, ricin) et appliquer en massage.<\/li>\n<li data-start=\"1616\" data-end=\"1725\">En masque capillaire : M\u00e9langer avec de l\u2019eau ou du yaourt et laisser poser 30 minutes avant rin\u00e7age.<\/li>\n<li data-start=\"1726\" data-end=\"1810\">En infusion : Rincer les cheveux avec une d\u00e9coction pour un effet tonifiant.<\/li>\n<\/ul>\n<p data-start=\"1812\" data-end=\"1903\" data-is-last-node=\"\" data-is-only-node=\"\">A cette huile fortifiante qui stimule et favorise la repousse des poils des sourcils est ajout\u00e9 de l&rsquo;absolu de rose, du bois de santal,\u00a0 du jasmin sambac, de l&rsquo;amyris, du bois de c\u00e8dre de l&rsquo;Himalaya &#8230;<\/p>\n<p data-start=\"1812\" data-end=\"1903\" data-is-last-node=\"\" data-is-only-node=\"\"><strong data-start=\"1815\" data-end=\"1829\">R\u00e9sultat :<\/strong> Des sourcils plus denses et en meilleure sant\u00e9 !<\/p>\n<p>1<strong>00% naturel et vegan. Sans ingr\u00e9dients synth\u00e9tiques, ni \u00e9mulsifiants, ni conservateurs, ni parab\u00e8nes, ni OGM, ni huiles min\u00e9rales. Nous ne testons jamais sur les animaux.<\/strong><\/p>","protected":false},"excerpt":{"rendered":"<p>Les huiles de jojoba, d&rsquo;argan, de s\u00e9same et de ricin biologiques \u00e9paississent et hydratent les sourcils, tout en stimulant une croissance plus abondante et naturellement luxuriante.<\/p>\n<p>Les extraits de brahmi fortifiant, de bhringraj et d&rsquo;amla redonnent de l&rsquo;\u00e9clat, tandis que les propri\u00e9t\u00e9s antioxydantes de la vitamine E et de l&rsquo;extrait de romarin aident \u00e0 conserver des sourcils forts et moins sensibles aux agressions ext\u00e9rieures. Les huiles rares et th\u00e9rapeutiques d&rsquo;absolu de rose, de jasmin sambac, de fleur de tilleul et de bois de santal s&rsquo;associent pour \u00e9lever les sens et nourrir la peau.<\/p>","protected":false},"featured_media":25197,"template":"","meta":{"ocean_post_layout":"","ocean_both_sidebars_style":"","ocean_both_sidebars_content_width":0,"ocean_both_sidebars_sidebars_width":0,"ocean_sidebar":"0","ocean_second_sidebar":"0","ocean_disable_margins":"enable","ocean_add_body_class":"","ocean_shortcode_before_top_bar":"","ocean_shortcode_after_top_bar":"","ocean_shortcode_before_header":"","ocean_shortcode_after_header":"","ocean_has_shortcode":"","ocean_shortcode_after_title":"","ocean_shortcode_before_footer_widgets":"","ocean_shortcode_after_footer_widgets":"","ocean_shortcode_before_footer_bottom":"","ocean_shortcode_after_footer_bottom":"","ocean_display_top_bar":"default","ocean_display_header":"default","ocean_header_style":"","ocean_center_header_left_menu":"0","ocean_custom_header_template":"0","ocean_custom_logo":0,"ocean_custom_retina_logo":0,"ocean_custom_logo_max_width":0,"ocean_custom_logo_tablet_max_width":0,"ocean_custom_logo_mobile_max_width":0,"ocean_custom_logo_max_height":0,"ocean_custom_logo_tablet_max_height":0,"ocean_custom_logo_mobile_max_height":0,"ocean_header_custom_menu":"0","ocean_menu_typo_font_family":"0","ocean_menu_typo_font_subset":"","ocean_menu_typo_font_size":0,"ocean_menu_typo_font_size_tablet":0,"ocean_menu_typo_font_size_mobile":0,"ocean_menu_typo_font_size_unit":"px","ocean_menu_typo_font_weight":"","ocean_menu_typo_font_weight_tablet":"","ocean_menu_typo_font_weight_mobile":"","ocean_menu_typo_transform":"","ocean_menu_typo_transform_tablet":"","ocean_menu_typo_transform_mobile":"","ocean_menu_typo_line_height":0,"ocean_menu_typo_line_height_tablet":0,"ocean_menu_typo_line_height_mobile":0,"ocean_menu_typo_line_height_unit":"","ocean_menu_typo_spacing":0,"ocean_menu_typo_spacing_tablet":0,"ocean_menu_typo_spacing_mobile":0,"ocean_menu_typo_spacing_unit":"","ocean_menu_link_color":"","ocean_menu_link_color_hover":"","ocean_menu_link_color_active":"","ocean_menu_link_background":"","ocean_menu_link_hover_background":"","ocean_menu_link_active_background":"","ocean_menu_social_links_bg":"","ocean_menu_social_hover_links_bg":"","ocean_menu_social_links_color":"","ocean_menu_social_hover_links_color":"","ocean_disable_title":"default","ocean_disable_heading":"default","ocean_post_title":"","ocean_post_subheading":"","ocean_post_title_style":"","ocean_post_title_background_color":"","ocean_post_title_background":0,"ocean_post_title_bg_image_position":"","ocean_post_title_bg_image_attachment":"","ocean_post_title_bg_image_repeat":"","ocean_post_title_bg_image_size":"","ocean_post_title_height":0,"ocean_post_title_bg_overlay":0.5,"ocean_post_title_bg_overlay_color":"","ocean_disable_breadcrumbs":"default","ocean_breadcrumbs_color":"","ocean_breadcrumbs_separator_color":"","ocean_breadcrumbs_links_color":"","ocean_breadcrumbs_links_hover_color":"","ocean_display_footer_widgets":"default","ocean_display_footer_bottom":"default","ocean_custom_footer_template":"0"},"product_cat":[22,104,174],"product_tag":[],"class_list":{"0":"post-25196","1":"product","2":"type-product","3":"status-publish","4":"has-post-thumbnail","6":"product_brand-mauli-rituals","7":"product_cat-soins-des-cheveux","8":"product_cat-huiles-de-beaute-masques","9":"product_cat-huiles-speciales","11":"entry","12":"has-media","14":"first","15":"instock","16":"taxable","17":"shipping-taxable","18":"purchasable","19":"product-type-simple","20":"has-product-nav","21":"col","22":"span_1_of_4","23":"owp-content-center","24":"owp-thumbs-layout-horizontal","25":"owp-btn-normal","26":"owp-tabs-layout-horizontal"},"_links":{"self":[{"href":"https:\/\/awesomegreenbeauty.com\/en\/wp-json\/wp\/v2\/product\/25196","targetHints":{"allow":["GET"]}}],"collection":[{"href":"https:\/\/awesomegreenbeauty.com\/en\/wp-json\/wp\/v2\/product"}],"about":[{"href":"https:\/\/awesomegreenbeauty.com\/en\/wp-json\/wp\/v2\/types\/product"}],"version-history":[{"count":0,"href":"https:\/\/awesomegreenbeauty.com\/en\/wp-json\/wp\/v2\/product\/25196\/revisions"}],"wp:featuredmedia":[{"embeddable":true,"href":"https:\/\/awesomegreenbeauty.com\/en\/wp-json\/wp\/v2\/media\/25197"}],"wp:attachment":[{"href":"https:\/\/awesomegreenbeauty.com\/en\/wp-json\/wp\/v2\/media?parent=25196"}],"wp:term":[{"taxonomy":"product_cat","embeddable":true,"href":"https:\/\/awesomegreenbeauty.com\/en\/wp-json\/wp\/v2\/product_cat?post=25196"},{"taxonomy":"product_tag","embeddable":true,"href":"https:\/\/awesomegreenbeauty.com\/en\/wp-json\/wp\/v2\/product_tag?post=25196"}],"curies":[{"name":"wp","href":"https:\/\/api.w.org\/{rel}","templated":true}]}}