{"id":25995,"date":"2023-12-07T17:13:01","date_gmt":"2023-12-07T16:13:01","guid":{"rendered":"https:\/\/awesomegreenbeauty.com\/?post_type=product&#038;p=25995"},"modified":"2025-05-29T12:23:03","modified_gmt":"2025-05-29T10:23:03","slug":"verite-spa-organics-beure-corporel-may-chang-geranium-250ml","status":"publish","type":"product","link":"https:\/\/awesomegreenbeauty.com\/en\/product\/verite-spa-organics-beure-corporel-may-chang-geranium-250ml\/","title":{"rendered":"VERIT\u00c9 SPA ORGANICS &#8211; Beurre Corporel May Chang &#038; G\u00e9ranium &#8211; 250ml"},"content":{"rendered":"<p>V\u00e9rit\u00e9 Spa body butter is a luxurious blend of nourishing shea and cocoa butters and moisturising, protective plant oils.<\/p>\n<p>Les huiles essentielles th\u00e9rapeutiques<strong> de May Chang et de G\u00e9ranium<\/strong> favorisent la cicatrisation, la relaxation et le calme mental.<\/p>\n<p>L&rsquo;huile de May Chan\u00a0 connu \u00e9galement sous le nom botanique \u00ab\u00a0Litsea Cubeba\u00a0\u00bb est un arbre appartenant \u00e0 la famille des Laurac\u00e9es. Cette originaire de Chine est plus connue sous l&rsquo;appellation <strong>\u00ab\u00a0Verveine exotique\u00a0\u00bb<\/strong> . La plante produit des fruits de la taille de grains de poivre.<\/p>\n<p>Ces propri\u00e9t\u00e9s sont multiples : antiseptique, antiinflammatoire, cicatrisante, relaxante &#8230; Que du bon !<\/p>\n<p>Elle est utilis\u00e9e en m\u00e9decine traditionnelle Chinoise depuis tr\u00e8s longtemps<\/p>\n<p>&nbsp;<\/p>\n<div class=\"oceanwp-oembed-wrap clr\">\n<blockquote class=\"wp-embedded-content\" data-secret=\"llWdsMpmzb\"><p><a href=\"https:\/\/awesomegreenbeauty.com\/en\/product\/mokann-sels-de-bain-exfoliant-agrumes-cannelle-600g\/\">MOKANN - Bath Salts + Exfoliant Orange &amp; Cinnamon<\/a><\/p><\/blockquote>\n<p><iframe class=\"wp-embedded-content\" sandbox=\"allow-scripts\" security=\"restricted\" style=\"position: absolute; visibility: hidden;\" title=\"\u00ab\u00a0MOKANN &#8211; Sels de bain + Exfoliant Agrumes &#038; Cannelle &#8211; 600g\u00a0\u00bb &#8212; Awesome Green Beauty\" src=\"https:\/\/awesomegreenbeauty.com\/produit\/mokann-sels-de-bain-exfoliant-agrumes-cannelle-600g\/embed\/#?secret=9sf8M3WXco#?secret=llWdsMpmzb\" data-secret=\"llWdsMpmzb\" width=\"600\" height=\"338\" frameborder=\"0\" marginwidth=\"0\" marginheight=\"0\" scrolling=\"no\"><\/iframe><\/div>\n<p>&nbsp;<\/p>","protected":false},"excerpt":{"rendered":"<p><strong>Bio | Ingr\u00e9dients cueillis \u00e0 l&rsquo;\u00e9tat sauvage<\/strong><\/p>\n<p>V\u00e9rit\u00e9 Spa body butter is a luxurious blend of nourishing shea and cocoa butters and moisturising, protective plant oils.<\/p>\n<p>A texture <strong>Delicate, smooth and easily absorbed, with a delicate scent of verbena.<\/strong><\/p>\n<p>May Chan oil is better known as\u00a0<strong>\u2018exotic verbena\u2019.<\/strong> .<\/p>\n<p>It has many properties <strong>antiseptique, antiinflammatoire, cicatrisante, relaxante<\/strong> ... All good things!<\/p>","protected":false},"featured_media":29822,"template":"","meta":{"ocean_post_layout":"","ocean_both_sidebars_style":"","ocean_both_sidebars_content_width":0,"ocean_both_sidebars_sidebars_width":0,"ocean_sidebar":"0","ocean_second_sidebar":"0","ocean_disable_margins":"enable","ocean_add_body_class":"","ocean_shortcode_before_top_bar":"","ocean_shortcode_after_top_bar":"","ocean_shortcode_before_header":"","ocean_shortcode_after_header":"","ocean_has_shortcode":"","ocean_shortcode_after_title":"","ocean_shortcode_before_footer_widgets":"","ocean_shortcode_after_footer_widgets":"","ocean_shortcode_before_footer_bottom":"","ocean_shortcode_after_footer_bottom":"","ocean_display_top_bar":"default","ocean_display_header":"default","ocean_header_style":"","ocean_center_header_left_menu":"0","ocean_custom_header_template":"0","ocean_custom_logo":0,"ocean_custom_retina_logo":0,"ocean_custom_logo_max_width":0,"ocean_custom_logo_tablet_max_width":0,"ocean_custom_logo_mobile_max_width":0,"ocean_custom_logo_max_height":0,"ocean_custom_logo_tablet_max_height":0,"ocean_custom_logo_mobile_max_height":0,"ocean_header_custom_menu":"0","ocean_menu_typo_font_family":"0","ocean_menu_typo_font_subset":"","ocean_menu_typo_font_size":0,"ocean_menu_typo_font_size_tablet":0,"ocean_menu_typo_font_size_mobile":0,"ocean_menu_typo_font_size_unit":"px","ocean_menu_typo_font_weight":"","ocean_menu_typo_font_weight_tablet":"","ocean_menu_typo_font_weight_mobile":"","ocean_menu_typo_transform":"","ocean_menu_typo_transform_tablet":"","ocean_menu_typo_transform_mobile":"","ocean_menu_typo_line_height":0,"ocean_menu_typo_line_height_tablet":0,"ocean_menu_typo_line_height_mobile":0,"ocean_menu_typo_line_height_unit":"","ocean_menu_typo_spacing":0,"ocean_menu_typo_spacing_tablet":0,"ocean_menu_typo_spacing_mobile":0,"ocean_menu_typo_spacing_unit":"","ocean_menu_link_color":"","ocean_menu_link_color_hover":"","ocean_menu_link_color_active":"","ocean_menu_link_background":"","ocean_menu_link_hover_background":"","ocean_menu_link_active_background":"","ocean_menu_social_links_bg":"","ocean_menu_social_hover_links_bg":"","ocean_menu_social_links_color":"","ocean_menu_social_hover_links_color":"","ocean_disable_title":"default","ocean_disable_heading":"default","ocean_post_title":"","ocean_post_subheading":"","ocean_post_title_style":"","ocean_post_title_background_color":"","ocean_post_title_background":0,"ocean_post_title_bg_image_position":"","ocean_post_title_bg_image_attachment":"","ocean_post_title_bg_image_repeat":"","ocean_post_title_bg_image_size":"","ocean_post_title_height":0,"ocean_post_title_bg_overlay":0.5,"ocean_post_title_bg_overlay_color":"","ocean_disable_breadcrumbs":"default","ocean_breadcrumbs_color":"","ocean_breadcrumbs_separator_color":"","ocean_breadcrumbs_links_color":"","ocean_breadcrumbs_links_hover_color":"","ocean_display_footer_widgets":"default","ocean_display_footer_bottom":"default","ocean_custom_footer_template":"0"},"product_cat":[21,95,96,98],"product_tag":[],"class_list":{"0":"post-25995","1":"product","2":"type-product","3":"status-publish","4":"has-post-thumbnail","6":"product_brand-verite-spa-organics","7":"product_cat-soins-du-corps","8":"product_cat-huiles-et-cremes-pour-le-corps","9":"product_cat-pieds-mains","10":"product_cat-vergetures-cicatrices","12":"entry","13":"has-media","15":"first","16":"instock","17":"taxable","18":"shipping-taxable","19":"purchasable","20":"product-type-simple","21":"has-product-nav","22":"col","23":"span_1_of_4","24":"owp-content-center","25":"owp-thumbs-layout-horizontal","26":"owp-btn-normal","27":"owp-tabs-layout-horizontal","28":"has-no-thumbnails"},"_links":{"self":[{"href":"https:\/\/awesomegreenbeauty.com\/en\/wp-json\/wp\/v2\/product\/25995","targetHints":{"allow":["GET"]}}],"collection":[{"href":"https:\/\/awesomegreenbeauty.com\/en\/wp-json\/wp\/v2\/product"}],"about":[{"href":"https:\/\/awesomegreenbeauty.com\/en\/wp-json\/wp\/v2\/types\/product"}],"version-history":[{"count":0,"href":"https:\/\/awesomegreenbeauty.com\/en\/wp-json\/wp\/v2\/product\/25995\/revisions"}],"wp:featuredmedia":[{"embeddable":true,"href":"https:\/\/awesomegreenbeauty.com\/en\/wp-json\/wp\/v2\/media\/29822"}],"wp:attachment":[{"href":"https:\/\/awesomegreenbeauty.com\/en\/wp-json\/wp\/v2\/media?parent=25995"}],"wp:term":[{"taxonomy":"product_cat","embeddable":true,"href":"https:\/\/awesomegreenbeauty.com\/en\/wp-json\/wp\/v2\/product_cat?post=25995"},{"taxonomy":"product_tag","embeddable":true,"href":"https:\/\/awesomegreenbeauty.com\/en\/wp-json\/wp\/v2\/product_tag?post=25995"}],"curies":[{"name":"wp","href":"https:\/\/api.w.org\/{rel}","templated":true}]}}