{"id":272,"date":"2019-08-28T17:55:48","date_gmt":"2019-08-28T15:55:48","guid":{"rendered":"https:\/\/www.mygreenbrands.fr\/?post_type=product&#038;p=272"},"modified":"2025-07-01T17:34:39","modified_gmt":"2025-07-01T15:34:39","slug":"leahlani-masque-visage-meli-glow-50-ml","status":"publish","type":"product","link":"https:\/\/awesomegreenbeauty.com\/en\/product\/leahlani-masque-visage-meli-glow-50-ml\/","title":{"rendered":"LEAHLANI SKINCARE \u2013 IIluminating nectar mask Meli Glow - 50 ml"},"content":{"rendered":"<p>Offrez de l\u2019\u00e9clat \u00e0 votre peau avec le masque visage <strong>Meli Glow de LEAHLANI<\/strong>. Sa formule naturelle hawa\u00efenne est luxueuse et gourmande.<\/p>\n<p>Ce soin cr\u00e9meux hydrate, illumine et revitalise instantan\u00e9ment. Chaque application booste l\u2019\u00e9clat et adoucit la peau. Il cible la d\u00e9shydratation, les rougeurs et les irr\u00e9gularit\u00e9s du teint.<\/p>\n<h4><strong>Key ingredients\u00a0<\/strong><\/h4>\n<ul>\n<li><strong>Miel Brut Hawa\u00efen:<\/strong> Antiseptique et antimicrobien naturel, il purifie la peau en profondeur tout <strong><span style=\"color: #993300;\"><a style=\"color: #993300;\" href=\"https:\/\/www.vogue.fr\/article\/utiliser-miel-peau-sublime-experts\" target=\"_blank\" rel=\"noopener\">en hydratant et en \u00e9claircissant le teint<\/a><\/span><\/strong>. Enriched with <strong><span style=\"color: #993300;\"><a style=\"color: #993300;\" href=\"https:\/\/rexaline.com\/blogs\/news\/lacide-alpha-hydroxy-aha-un-ingredient-cle-pour-une-peau-parfaite?srsltid=AfmBOoqkCJnXTSH3LYCzdJ9bhBatMVfFIQPMqderb0JGMsi3LKR4vyZC\" target=\"_blank\" rel=\"noopener\">acides alpha-hydroxy (AHA)<\/a><\/span><\/strong> doux et en vitamines essentielles, il lisse la peau et estompe les taches pigmentaires.<\/li>\n<li><strong>Argile Rose<\/strong>: D\u00e9licate et riche en oxydes de fer, cet ingr\u00e9dient de masque visage exfolie en douceur, am\u00e9liore la microcirculation et stimule la production de collag\u00e8ne pour une peau plus ferme et \u00e9clatante.<\/li>\n<li><strong>Fruit de l\u2019\u00c9glantier:<\/strong>\u00a0Concentr\u00e9 de vitamine C et de bioflavono\u00efdes, il booste l\u2019\u00e9lasticit\u00e9 de la peau et unifie le teint, tout en offrant une protection antioxydante puissante.<\/li>\n<li><strong>Hyaluronic Acid<\/strong>: V\u00e9ritable aimant \u00e0 <strong><span style=\"color: #993300;\"><a style=\"color: #993300;\" href=\"https:\/\/www.naturalia.fr\/esprit-bio\/parlons-bio\/acide-hyaluronique-bienfaits\" target=\"_blank\" rel=\"noopener\">hydratation<\/a><\/span><\/strong>, il retient jusqu\u2019\u00e0 1 000 fois son poids en eau pour lisser les rides et repulper la peau, tout en am\u00e9liorant sa souplesse.<\/li>\n<li><strong>Vitamine C Liposoluble<\/strong>: P\u00e9n\u00e8tre en profondeur dans les tissus cut<span style=\"color: #000000;\">an\u00e9s <\/span><span style=\"color: #800080;\"><span style=\"color: #000000;\">pour prot\u00e9ger contre<\/span> <strong><span style=\"color: #993300;\"><a style=\"color: #993300;\" href=\"https:\/\/cordis.europa.eu\/article\/id\/31302-vitamin-c-can-protect-skin-study-finds\/fr\" target=\"_blank\" rel=\"noopener\">le vieillissement cellulaire<\/a><\/span><\/strong><span style=\"color: #000000;\"> et raviver l\u2019\u00e9clat naturel de la peau<\/span><\/span>.<\/li>\n<li><strong>Carambole, Fraise, Goyave et Banane<\/strong>: Ce cocktail tropical regorge de vitamines, antioxydants et enzymes pour purifier, hydrater et \u00e9claircir la peau, tout en luttant contre les imperfections et les signes de l\u2019\u00e2ge.<\/li>\n<li><strong>Huiles de Passiflore, Papaye et A\u00e7a\u00ef<\/strong>: Un trio d&rsquo;huiles pr\u00e9cieuses qui procurent une hydratation l\u00e9g\u00e8re mais intense, aidant \u00e0 r\u00e9g\u00e9n\u00e9rer, adoucir et prot\u00e9ger la peau gr\u00e2ce \u00e0 leurs propri\u00e9t\u00e9s antioxydantes et anti-inflammatoires. La papaye contient <strong><span style=\"color: #993300;\"><a style=\"color: #993300;\" href=\"https:\/\/www.ladepeche.fr\/2023\/02\/20\/acne-rides-eclat-la-papaye-nouvelle-alliee-beaute-des-peaux-ternes-et-fatiguees-11012270.php#:~:text=La%20papa%C3%AFne%20permet%20%C3%A9galement%20d,dans%20l'industrie%20des%20cosm%C3%A9tiques.\" target=\"_blank\" rel=\"noopener\">l&rsquo;enzyme papa\u00efne<\/a> <\/span><\/strong>et l&rsquo;AHA qui aident \u00e0 exfolier en douceur et \u00e0 r\u00e9v\u00e9ler une peau radieuse.<\/li>\n<\/ul>\n<h4><\/h4>\n<h4><strong>R\u00e9sultats Visibles<\/strong><\/h4>\n<ul>\n<li>Teint \u00e9clatant et unifi\u00e9<\/li>\n<li>Peau intens\u00e9ment hydrat\u00e9e et revitalis\u00e9e<\/li>\n<li>Texture plus lisse et souple<\/li>\n<li><span style=\"color: #800080;\"><a style=\"color: #800080;\" href=\"https:\/\/awesomegreenbeauty.com\/en\/hyperpigmentation-taches-pigmentaires\/\" target=\"_blank\" rel=\"noopener\"><span style=\"color: #993300;\"><strong>R\u00e9duction des rougeurs et des imperfections<\/strong><\/span><\/a><\/span><\/li>\n<\/ul>\n<p>Convient \u00e0 tous les types de peau, m\u00eame les plus sensibles. Ce masque visage peut \u00eatre un compl\u00e9ment parfait \u00e0 votre routine de bien-\u00eatre, r\u00e9v\u00e9lant une peau douce,<strong><span style=\"color: #993300;\"> <a style=\"color: #993300;\" href=\"https:\/\/awesomegreenbeauty.com\/en\/les-peaux-ternes-2\/\" target=\"_blank\" rel=\"noopener\">lumineuse et \u00e9clatante d\u00e8s la premi\u00e8re utilisation<\/a><\/span><\/strong>.<\/p>\n<h4><strong>Use<\/strong><\/h4>\n<p>Massez le masque visage sur une peau propre et humide jusqu&rsquo;\u00e0 ce qu&rsquo;il soit uniform\u00e9ment r\u00e9parti. Laisser reposer<strong> 5 \u00e0 15 minute<\/strong>s et bien rincer \u00e0 l&rsquo;eau ti\u00e8de. Utilisez le masque visage <strong>2 \u00e0 3 fois par semaine<\/strong> pour obtenir cet \u00e9clat illuminant.<\/p>\n<p>Vous souhaitez en savoir plus sur les solutions naturelles pour la peau propos\u00e9es par LEAHLANI? <strong><span style=\"color: #993300;\"><a style=\"color: #993300;\" href=\"https:\/\/awesomegreenbeauty.com\/en\/marques\/leahlani\/\" target=\"_blank\" rel=\"noopener\">Cliquez ici pour en savoir plus<\/a><\/span><\/strong>.<\/p>","protected":false},"excerpt":{"rendered":"<p>Le masque visage naturel <strong>Meli Glow LEAHLANI<\/strong> agit en profondeur pour stimuler l&rsquo;oxyg\u00e9nation et am\u00e9liorer la microcirculation, r\u00e9v\u00e9lant un teint frais, ros\u00e9 et lumineux.<\/p>\n<p>Votre peau appr\u00e9ciera la douceur de sa texture riche et onctueuse, sublim\u00e9e par un parfum envo\u00fbtant.<\/p>\n<p>\u00c0 chaque application, il renforce la barri\u00e8re cutan\u00e9e tout en apportant une dose id\u00e9ale d&rsquo;enzymes actives et d&rsquo;huiles antioxydantes pour un \u00e9clat illuminant.<\/p>\n<p>Convient \u00e0 tous les types de peaux, m\u00eame les plus sensibles.<\/p>","protected":false},"featured_media":273,"template":"","meta":{"ocean_post_layout":"","ocean_both_sidebars_style":"","ocean_both_sidebars_content_width":0,"ocean_both_sidebars_sidebars_width":0,"ocean_sidebar":"0","ocean_second_sidebar":"0","ocean_disable_margins":"enable","ocean_add_body_class":"","ocean_shortcode_before_top_bar":"","ocean_shortcode_after_top_bar":"","ocean_shortcode_before_header":"","ocean_shortcode_after_header":"","ocean_has_shortcode":"","ocean_shortcode_after_title":"","ocean_shortcode_before_footer_widgets":"","ocean_shortcode_after_footer_widgets":"","ocean_shortcode_before_footer_bottom":"","ocean_shortcode_after_footer_bottom":"","ocean_display_top_bar":"default","ocean_display_header":"default","ocean_header_style":"","ocean_center_header_left_menu":"0","ocean_custom_header_template":"0","ocean_custom_logo":0,"ocean_custom_retina_logo":0,"ocean_custom_logo_max_width":0,"ocean_custom_logo_tablet_max_width":0,"ocean_custom_logo_mobile_max_width":0,"ocean_custom_logo_max_height":0,"ocean_custom_logo_tablet_max_height":0,"ocean_custom_logo_mobile_max_height":0,"ocean_header_custom_menu":"0","ocean_menu_typo_font_family":"0","ocean_menu_typo_font_subset":"","ocean_menu_typo_font_size":0,"ocean_menu_typo_font_size_tablet":0,"ocean_menu_typo_font_size_mobile":0,"ocean_menu_typo_font_size_unit":"px","ocean_menu_typo_font_weight":"","ocean_menu_typo_font_weight_tablet":"","ocean_menu_typo_font_weight_mobile":"","ocean_menu_typo_transform":"","ocean_menu_typo_transform_tablet":"","ocean_menu_typo_transform_mobile":"","ocean_menu_typo_line_height":0,"ocean_menu_typo_line_height_tablet":0,"ocean_menu_typo_line_height_mobile":0,"ocean_menu_typo_line_height_unit":"","ocean_menu_typo_spacing":0,"ocean_menu_typo_spacing_tablet":0,"ocean_menu_typo_spacing_mobile":0,"ocean_menu_typo_spacing_unit":"","ocean_menu_link_color":"","ocean_menu_link_color_hover":"","ocean_menu_link_color_active":"","ocean_menu_link_background":"","ocean_menu_link_hover_background":"","ocean_menu_link_active_background":"","ocean_menu_social_links_bg":"","ocean_menu_social_hover_links_bg":"","ocean_menu_social_links_color":"","ocean_menu_social_hover_links_color":"","ocean_disable_title":"default","ocean_disable_heading":"default","ocean_post_title":"","ocean_post_subheading":"","ocean_post_title_style":"","ocean_post_title_background_color":"","ocean_post_title_background":0,"ocean_post_title_bg_image_position":"","ocean_post_title_bg_image_attachment":"","ocean_post_title_bg_image_repeat":"","ocean_post_title_bg_image_size":"","ocean_post_title_height":0,"ocean_post_title_bg_overlay":0.5,"ocean_post_title_bg_overlay_color":"","ocean_disable_breadcrumbs":"default","ocean_breadcrumbs_color":"","ocean_breadcrumbs_separator_color":"","ocean_breadcrumbs_links_color":"","ocean_breadcrumbs_links_hover_color":"","ocean_display_footer_widgets":"default","ocean_display_footer_bottom":"default","ocean_custom_footer_template":"0"},"product_cat":[76,91],"product_tag":[],"class_list":{"0":"post-272","1":"product","2":"type-product","3":"status-publish","4":"has-post-thumbnail","6":"product_brand-leahlani","7":"product_cat-masques-traitants-naturels-bio","8":"product_cat-tout-type-de-peau","10":"entry","11":"has-media","13":"first","14":"instock","15":"taxable","16":"shipping-taxable","17":"purchasable","18":"product-type-simple","19":"has-product-nav","20":"col","21":"span_1_of_4","22":"owp-content-center","23":"owp-thumbs-layout-horizontal","24":"owp-btn-normal","25":"owp-tabs-layout-horizontal"},"_links":{"self":[{"href":"https:\/\/awesomegreenbeauty.com\/en\/wp-json\/wp\/v2\/product\/272","targetHints":{"allow":["GET"]}}],"collection":[{"href":"https:\/\/awesomegreenbeauty.com\/en\/wp-json\/wp\/v2\/product"}],"about":[{"href":"https:\/\/awesomegreenbeauty.com\/en\/wp-json\/wp\/v2\/types\/product"}],"version-history":[{"count":0,"href":"https:\/\/awesomegreenbeauty.com\/en\/wp-json\/wp\/v2\/product\/272\/revisions"}],"wp:featuredmedia":[{"embeddable":true,"href":"https:\/\/awesomegreenbeauty.com\/en\/wp-json\/wp\/v2\/media\/273"}],"wp:attachment":[{"href":"https:\/\/awesomegreenbeauty.com\/en\/wp-json\/wp\/v2\/media?parent=272"}],"wp:term":[{"taxonomy":"product_cat","embeddable":true,"href":"https:\/\/awesomegreenbeauty.com\/en\/wp-json\/wp\/v2\/product_cat?post=272"},{"taxonomy":"product_tag","embeddable":true,"href":"https:\/\/awesomegreenbeauty.com\/en\/wp-json\/wp\/v2\/product_tag?post=272"}],"curies":[{"name":"wp","href":"https:\/\/api.w.org\/{rel}","templated":true}]}}