{"id":2804,"date":"2020-05-21T15:01:32","date_gmt":"2020-05-21T13:01:32","guid":{"rendered":"https:\/\/www.mygreenbrands.fr\/?post_type=product&#038;p=2804"},"modified":"2025-01-10T12:04:04","modified_gmt":"2025-01-10T11:04:04","slug":"josh-rosebrook-herbal-oil-nettoyant-demaquillant-hydratant-60-ml","status":"publish","type":"product","link":"https:\/\/awesomegreenbeauty.com\/en\/product\/josh-rosebrook-herbal-oil-nettoyant-demaquillant-hydratant-60-ml\/","title":{"rendered":"JOSH ROSEBROOK \u2013 Herbal oil cleanser, make-up remover  +  moisturizer  \u2013 60 ml"},"content":{"rendered":"<p>Cette huile \u00e0 base de plantes est <strong>un 3-en-1<\/strong>. Sp\u00e9cialement formul\u00e9e pour \u00eatre utilis\u00e9e comme nettoyant, d\u00e9maquillant et hydratant.<\/p>\n<p>Sa formule l\u00e9g\u00e8re unique \u00e9limine les impuret\u00e9s, les toxines, \u00a0raffermit, \u00e9claircit et hydrate efficacement la peau.\u00a0 Elle \u00e9limine en douceur fond de teint, mascara, eyeliner et tout type de maquillage sans irritation ni rougeur.<\/p>","protected":false},"excerpt":{"rendered":"<p><strong>3-in-1<\/strong>|<strong>Cleanser, Make-up remover  +  Moisturizer<\/strong> |<strong>Organic<\/strong> |<strong>Vegan<\/strong> |<strong>All skin types<\/strong><\/p>\n<p>Its unique <strong>light formula<\/strong> removes <strong>impurities, toxins, firms, lightens and hydrates the skin effectively<\/strong>. It gently removes foundation, mascara, eyeliner and all types of makeup without irritation or redness.<\/p>\n<p>Parfait pour les adeptes des routines minimalistes !<\/p>","protected":false},"featured_media":19637,"template":"","meta":{"ocean_post_layout":"","ocean_both_sidebars_style":"","ocean_both_sidebars_content_width":0,"ocean_both_sidebars_sidebars_width":0,"ocean_sidebar":"0","ocean_second_sidebar":"0","ocean_disable_margins":"enable","ocean_add_body_class":"","ocean_shortcode_before_top_bar":"","ocean_shortcode_after_top_bar":"","ocean_shortcode_before_header":"","ocean_shortcode_after_header":"","ocean_has_shortcode":"","ocean_shortcode_after_title":"","ocean_shortcode_before_footer_widgets":"","ocean_shortcode_after_footer_widgets":"","ocean_shortcode_before_footer_bottom":"","ocean_shortcode_after_footer_bottom":"","ocean_display_top_bar":"default","ocean_display_header":"default","ocean_header_style":"","ocean_center_header_left_menu":"0","ocean_custom_header_template":"0","ocean_custom_logo":0,"ocean_custom_retina_logo":0,"ocean_custom_logo_max_width":0,"ocean_custom_logo_tablet_max_width":0,"ocean_custom_logo_mobile_max_width":0,"ocean_custom_logo_max_height":0,"ocean_custom_logo_tablet_max_height":0,"ocean_custom_logo_mobile_max_height":0,"ocean_header_custom_menu":"0","ocean_menu_typo_font_family":"0","ocean_menu_typo_font_subset":"","ocean_menu_typo_font_size":0,"ocean_menu_typo_font_size_tablet":0,"ocean_menu_typo_font_size_mobile":0,"ocean_menu_typo_font_size_unit":"px","ocean_menu_typo_font_weight":"","ocean_menu_typo_font_weight_tablet":"","ocean_menu_typo_font_weight_mobile":"","ocean_menu_typo_transform":"","ocean_menu_typo_transform_tablet":"","ocean_menu_typo_transform_mobile":"","ocean_menu_typo_line_height":0,"ocean_menu_typo_line_height_tablet":0,"ocean_menu_typo_line_height_mobile":0,"ocean_menu_typo_line_height_unit":"","ocean_menu_typo_spacing":0,"ocean_menu_typo_spacing_tablet":0,"ocean_menu_typo_spacing_mobile":0,"ocean_menu_typo_spacing_unit":"","ocean_menu_link_color":"","ocean_menu_link_color_hover":"","ocean_menu_link_color_active":"","ocean_menu_link_background":"","ocean_menu_link_hover_background":"","ocean_menu_link_active_background":"","ocean_menu_social_links_bg":"","ocean_menu_social_hover_links_bg":"","ocean_menu_social_links_color":"","ocean_menu_social_hover_links_color":"","ocean_disable_title":"default","ocean_disable_heading":"default","ocean_post_title":"","ocean_post_subheading":"","ocean_post_title_style":"","ocean_post_title_background_color":"","ocean_post_title_background":0,"ocean_post_title_bg_image_position":"","ocean_post_title_bg_image_attachment":"","ocean_post_title_bg_image_repeat":"","ocean_post_title_bg_image_size":"","ocean_post_title_height":0,"ocean_post_title_bg_overlay":0.5,"ocean_post_title_bg_overlay_color":"","ocean_disable_breadcrumbs":"default","ocean_breadcrumbs_color":"","ocean_breadcrumbs_separator_color":"","ocean_breadcrumbs_links_color":"","ocean_breadcrumbs_links_hover_color":"","ocean_display_footer_widgets":"default","ocean_display_footer_bottom":"default","ocean_custom_footer_template":"0"},"product_cat":[79,36,87,91,90,409,84,20],"product_tag":[],"class_list":{"0":"post-2804","1":"product","2":"type-product","3":"status-publish","4":"has-post-thumbnail","6":"product_brand-josh-rosebrook","7":"product_cat-hydratants-visage-aux-huiles-bio","8":"product_cat-nettoyants-visage-bio-naturels","9":"product_cat-peaux-matures","10":"product_cat-tout-type-de-peau","11":"product_cat-peaux-seches-deshydratees","12":"product_cat-peaux-ternes","13":"product_cat-serums-bio-huiles-de-beaute","14":"product_cat-soins-du-visage","16":"entry","17":"has-media","19":"first","20":"outofstock","21":"taxable","22":"shipping-taxable","23":"purchasable","24":"product-type-simple","25":"has-product-nav","26":"col","27":"span_1_of_4","28":"owp-content-center","29":"owp-thumbs-layout-horizontal","30":"owp-btn-normal","31":"owp-tabs-layout-horizontal"},"_links":{"self":[{"href":"https:\/\/awesomegreenbeauty.com\/en\/wp-json\/wp\/v2\/product\/2804","targetHints":{"allow":["GET"]}}],"collection":[{"href":"https:\/\/awesomegreenbeauty.com\/en\/wp-json\/wp\/v2\/product"}],"about":[{"href":"https:\/\/awesomegreenbeauty.com\/en\/wp-json\/wp\/v2\/types\/product"}],"version-history":[{"count":0,"href":"https:\/\/awesomegreenbeauty.com\/en\/wp-json\/wp\/v2\/product\/2804\/revisions"}],"wp:featuredmedia":[{"embeddable":true,"href":"https:\/\/awesomegreenbeauty.com\/en\/wp-json\/wp\/v2\/media\/19637"}],"wp:attachment":[{"href":"https:\/\/awesomegreenbeauty.com\/en\/wp-json\/wp\/v2\/media?parent=2804"}],"wp:term":[{"taxonomy":"product_cat","embeddable":true,"href":"https:\/\/awesomegreenbeauty.com\/en\/wp-json\/wp\/v2\/product_cat?post=2804"},{"taxonomy":"product_tag","embeddable":true,"href":"https:\/\/awesomegreenbeauty.com\/en\/wp-json\/wp\/v2\/product_tag?post=2804"}],"curies":[{"name":"wp","href":"https:\/\/api.w.org\/{rel}","templated":true}]}}