{"id":2827,"date":"2020-05-21T16:45:57","date_gmt":"2020-05-21T14:45:57","guid":{"rendered":"https:\/\/www.mygreenbrands.fr\/?post_type=product&#038;p=2827"},"modified":"2026-01-10T21:23:37","modified_gmt":"2026-01-10T20:23:37","slug":"josh-rosebrook-masque-hydratant-intense-45-ml","status":"publish","type":"product","link":"https:\/\/awesomegreenbeauty.com\/en\/product\/josh-rosebrook-masque-hydratant-intense-45-ml\/","title":{"rendered":"JOSH ROSEBROOK - Advanced Hydrating Mask - 45 ml"},"content":{"rendered":"<p>Masque hydratant intense est un traitement innovant con\u00e7u pour aider \u00e0 r\u00e9g\u00e9n\u00e9rer et \u00e0 conserver une hydratation maximale des cellules de la peau. Ce traitement unique peut \u00eatre utilis\u00e9 quotidiennement, afin de retenir l&rsquo;humidit\u00e9 de la peau, am\u00e9liorer la circulation cutan\u00e9e et pr\u00e9venir le vieillissement cutan\u00e9 pour un effet repulp\u00e9.<\/p>\n<h3>La formulation de ce masque hydratant intense<\/h3>\n<p class=\"\" data-start=\"0\" data-end=\"443\">Avec des beurres riches (karit\u00e9, graines de mangue), des huiles v\u00e9g\u00e9tales pr\u00e9cieuses (avocat, jojoba, onagre) et des extraits botaniques puissants (aloe vera, ashwagandha, curcuma, ginkgo biloba, cynorrhodon), cette formulation est\u00a0 ax\u00e9e sur l&rsquo;hydratation, la r\u00e9g\u00e9n\u00e9ration et l&rsquo;apaisement de la peau.<\/p>\n<p class=\"\" data-start=\"445\" data-end=\"747\">L&rsquo;ajout d&rsquo;acide hyaluronique botanique (extrait de graines de s\u00e9n\u00e9 indien) et de gommes naturelles (candelilla, xanthan) a un effet protecteur et lissant. Les huiles essentielles (lavande, rose, camomille, blue tansy) apportent sans doute une dimension aromath\u00e9rapeutique et calmante.<\/p>\n<p class=\"\" data-start=\"749\" data-end=\"973\">Ce masque est adapt\u00e9 aux peaux sensibles, s\u00e8ches ou matures, recherchant une hydratation intense et une protection naturelle.<\/p>\n<h3>Les ingr\u00e9dients phares de ce masque hydratant intense<\/h3>\n<h4>+ Les Beurres nourrissants<\/h4>\n<p>Beurre de karit\u00e9 : Hydrate en profondeur, apaise les irritations, prot\u00e8ge la peau des agressions ext\u00e9rieures.<\/p>\n<p>Beurre de graines de mangue : Nourrissant, assouplit la peau, aide \u00e0 lutter contre le vieillissement cutan\u00e9.<\/p>\n<h4>+ Hydratants &amp; protecteurs<\/h4>\n<p>Jus de feuilles d&rsquo;Aloe Vera : Hydratant intense, apaise les inflammations, cicatrisant naturel.<\/p>\n<p>Extract of<a href=\"https:\/\/www.france-herboristerie.com\/actualites\/sene-cassia-angustifolia-bienfaits-et-vertus-historiques-de-cette-plante-medicinale\/\" target=\"_blank\" rel=\"noopener\"><strong> graines de s\u00e9n\u00e9 indien<\/strong><\/a> (Acide hyaluronique botanique) : Retient l&rsquo;hydratation, repulpe la peau, r\u00e9duit l&rsquo;apparence des rides et ridules.<\/p>\n<p>Cire de Candelilla : Forme une barri\u00e8re protectrice contre la d\u00e9shydratation.<\/p>\n<h4>+ Huiles v\u00e9g\u00e9tales pr\u00e9cieuses (riches en acides gras et antioxydants)<\/h4>\n<p>Huile de graines de tournesol : Riche en vitamine E, prot\u00e8ge contre les radicaux libres.<\/p>\n<p>Huile d&rsquo;avocat : R\u00e9g\u00e9n\u00e9rante, nourrit en profondeur, id\u00e9ale pour les peaux s\u00e8ches et matures.<\/p>\n<p>Huile de graines de jojoba : R\u00e9gule le s\u00e9bum, \u00e9quilibre et hydrate la peau sans obstruer les pores.<\/p>\n<p>Huile d&rsquo;onagre : Anti-\u00e2ge, apaise les irritations, favorise l&rsquo;\u00e9lasticit\u00e9 de la peau.<\/p>\n<h4>+ Plantes m\u00e9dicinales et extraits botaniques<\/h4>\n<p>Ashwagandha : Anti-stress, prot\u00e8ge contre le vieillissement pr\u00e9matur\u00e9.<\/p>\n<p>Curcuma : Antioxydant et anti-inflammatoire, unifie le teint.<\/p>\n<p>Cynorrhodon (\u00e9glantier) : Riche en vitamine C, r\u00e9g\u00e9n\u00e9rant, booste l&rsquo;\u00e9clat de la peau.<\/p>\n<p>Baie de Goji : Antioxydant puissant, lutte contre les signes de l\u2019\u00e2ge.<\/p>\n<p>Calendula : Apaisant, cicatrisant, id\u00e9al pour les peaux sensibles.<\/p>\n<p>Baie de sureau : Riche en flavono\u00efdes, prot\u00e8ge contre le stress oxydatif.<\/p>\n<p>Racine de guimauve : Hydrate, adoucit et apaise les irritations.<\/p>\n<p>Gingembre : Tonifiant, stimule la circulation et ravive l\u2019\u00e9clat du teint.<\/p>\n<p>Fenugrec : Raffermissant, adoucissant et hydratant.<\/p>\n<p>R\u00e9glisse : \u00c9claircit les taches pigmentaires, apaise les inflammations.<\/p>\n<p>Feuille de framboise : Tonifiante et antioxydante.<\/p>\n<p>Pissenlit : D\u00e9toxifiant naturel, purifie la peau.<\/p>\n<p>et bien d&rsquo;autres tels que la Sauge,\u00a0Euphraise,\u00a0Chardon-Marie,\u00a0P\u00e9tales de rose, le\u00a0Millepertuis (St. John&rsquo;s Wort),\u00a0Griffe du chat (Cat&rsquo;s Claw), le\u00a0Ginkgo Biloba<\/p>\n<h4>Huiles essentielles et ar\u00f4mes<\/h4>\n<p>Blue Tansy Essential Oil : Anti-inflammatoire, calme les rougeurs et irritations.<\/p>\n<p><a href=\"https:\/\/www.aromaweb.com\/essential-oils\/blue-tansy-essential-oil.php\" target=\"_blank\" rel=\"noopener\"><strong>Huile essentielle de camomille<\/strong> <\/a>: Apaise et adoucit.<\/p>\n<p>Huile essentielle de lavande : Cicatrisante et relaxante.<\/p>\n<p>Huile essentielle de rose : Nourrit et r\u00e9g\u00e9n\u00e8re la peau.<\/p>\n<p>Huile essentielle de gomme de frankincense (encens) : Anti-\u00e2ge et r\u00e9paratrice.<\/p>\n<h4>Agents naturels &amp; conservateurs doux<\/h4>\n<p>Xanthan Gum : \u00c9paississant naturel qui aide \u00e0 stabiliser la formule.<\/p>\n<p>Sorbate de potassium : Conservateur naturel, emp\u00eache la prolif\u00e9ration bact\u00e9rienne.<\/p>\n<h3>Les Bienfaits globaux de ce masque hydratant intense<\/h3>\n<p>\u2705 Hydratation intense et longue dur\u00e9e<br \/>\n\u2705 Protection et r\u00e9paration de la peau<br \/>\n\u2705 Action anti-\u00e2ge et \u00e9clat du teint<br \/>\n\u2705 Apaisement des irritations et rougeurs<br \/>\n\u2705 Nourrit et renforce la barri\u00e8re cutan\u00e9e<\/p>\n<p><strong>Formulated for normal, dry, dehydrated and sensitive skin.<\/strong><\/p>\n<p>Please note that due to the delicate nature of the formulations, Vital Balm Cream and the Advanced Hydration Mask may liquefy during the summer. This is completely normal and does not affect the effectiveness or performance of the product. To restore the wonderful silky texture of the products, simply refrigerate them for 48 hours.<\/p>\n<p>&nbsp;<\/p>","protected":false},"excerpt":{"rendered":"<p><strong>Bio | Vegan | Ingredients picked in the wild | Intense hydration mask | All skin types<\/strong><\/p>\n<p>Ce\u00a0masque hydratant intense traitement unique peut \u00eatre utilis\u00e9 quotidiennement, afin de retenir l&rsquo;humidit\u00e9 de la peau, am\u00e9liorer la circulation cutan\u00e9e et pr\u00e9venir le vieillissement cutan\u00e9 pour un effet repulp\u00e9 et radieux.<\/p>\n<p>+ Hydratation intense et longue dur\u00e9e<br \/>\n+ Protection et r\u00e9paration de la peau<br \/>\n+ Action anti-\u00e2ge et \u00e9clat du teint<br \/>\n+ Apaisement des irritations et rougeurs<br \/>\n+ Nourrit et renforce la barri\u00e8re cutan\u00e9e<\/p>","protected":false},"featured_media":4501,"template":"","meta":{"ocean_post_layout":"","ocean_both_sidebars_style":"","ocean_both_sidebars_content_width":0,"ocean_both_sidebars_sidebars_width":0,"ocean_sidebar":"0","ocean_second_sidebar":"0","ocean_disable_margins":"enable","ocean_add_body_class":"","ocean_shortcode_before_top_bar":"","ocean_shortcode_after_top_bar":"","ocean_shortcode_before_header":"","ocean_shortcode_after_header":"","ocean_has_shortcode":"","ocean_shortcode_after_title":"","ocean_shortcode_before_footer_widgets":"","ocean_shortcode_after_footer_widgets":"","ocean_shortcode_before_footer_bottom":"","ocean_shortcode_after_footer_bottom":"","ocean_display_top_bar":"default","ocean_display_header":"default","ocean_header_style":"","ocean_center_header_left_menu":"0","ocean_custom_header_template":"0","ocean_custom_logo":0,"ocean_custom_retina_logo":0,"ocean_custom_logo_max_width":0,"ocean_custom_logo_tablet_max_width":0,"ocean_custom_logo_mobile_max_width":0,"ocean_custom_logo_max_height":0,"ocean_custom_logo_tablet_max_height":0,"ocean_custom_logo_mobile_max_height":0,"ocean_header_custom_menu":"0","ocean_menu_typo_font_family":"0","ocean_menu_typo_font_subset":"","ocean_menu_typo_font_size":0,"ocean_menu_typo_font_size_tablet":0,"ocean_menu_typo_font_size_mobile":0,"ocean_menu_typo_font_size_unit":"px","ocean_menu_typo_font_weight":"","ocean_menu_typo_font_weight_tablet":"","ocean_menu_typo_font_weight_mobile":"","ocean_menu_typo_transform":"","ocean_menu_typo_transform_tablet":"","ocean_menu_typo_transform_mobile":"","ocean_menu_typo_line_height":0,"ocean_menu_typo_line_height_tablet":0,"ocean_menu_typo_line_height_mobile":0,"ocean_menu_typo_line_height_unit":"","ocean_menu_typo_spacing":0,"ocean_menu_typo_spacing_tablet":0,"ocean_menu_typo_spacing_mobile":0,"ocean_menu_typo_spacing_unit":"","ocean_menu_link_color":"","ocean_menu_link_color_hover":"","ocean_menu_link_color_active":"","ocean_menu_link_background":"","ocean_menu_link_hover_background":"","ocean_menu_link_active_background":"","ocean_menu_social_links_bg":"","ocean_menu_social_hover_links_bg":"","ocean_menu_social_links_color":"","ocean_menu_social_hover_links_color":"","ocean_disable_title":"default","ocean_disable_heading":"default","ocean_post_title":"","ocean_post_subheading":"","ocean_post_title_style":"","ocean_post_title_background_color":"","ocean_post_title_background":0,"ocean_post_title_bg_image_position":"","ocean_post_title_bg_image_attachment":"","ocean_post_title_bg_image_repeat":"","ocean_post_title_bg_image_size":"","ocean_post_title_height":0,"ocean_post_title_bg_overlay":0.5,"ocean_post_title_bg_overlay_color":"","ocean_disable_breadcrumbs":"default","ocean_breadcrumbs_color":"","ocean_breadcrumbs_separator_color":"","ocean_breadcrumbs_links_color":"","ocean_breadcrumbs_links_hover_color":"","ocean_display_footer_widgets":"default","ocean_display_footer_bottom":"default","ocean_custom_footer_template":"0"},"product_cat":[76,87,91,90,20],"product_tag":[],"class_list":{"0":"post-2827","1":"product","2":"type-product","3":"status-publish","4":"has-post-thumbnail","6":"product_brand-josh-rosebrook","7":"product_cat-masques-traitants-naturels-bio","8":"product_cat-peaux-matures","9":"product_cat-tout-type-de-peau","10":"product_cat-peaux-seches-deshydratees","11":"product_cat-soins-du-visage","13":"entry","14":"has-media","16":"first","17":"outofstock","18":"taxable","19":"shipping-taxable","20":"purchasable","21":"product-type-simple","22":"has-product-nav","23":"col","24":"span_1_of_4","25":"owp-content-center","26":"owp-thumbs-layout-horizontal","27":"owp-btn-normal","28":"owp-tabs-layout-horizontal"},"_links":{"self":[{"href":"https:\/\/awesomegreenbeauty.com\/en\/wp-json\/wp\/v2\/product\/2827","targetHints":{"allow":["GET"]}}],"collection":[{"href":"https:\/\/awesomegreenbeauty.com\/en\/wp-json\/wp\/v2\/product"}],"about":[{"href":"https:\/\/awesomegreenbeauty.com\/en\/wp-json\/wp\/v2\/types\/product"}],"version-history":[{"count":0,"href":"https:\/\/awesomegreenbeauty.com\/en\/wp-json\/wp\/v2\/product\/2827\/revisions"}],"wp:featuredmedia":[{"embeddable":true,"href":"https:\/\/awesomegreenbeauty.com\/en\/wp-json\/wp\/v2\/media\/4501"}],"wp:attachment":[{"href":"https:\/\/awesomegreenbeauty.com\/en\/wp-json\/wp\/v2\/media?parent=2827"}],"wp:term":[{"taxonomy":"product_cat","embeddable":true,"href":"https:\/\/awesomegreenbeauty.com\/en\/wp-json\/wp\/v2\/product_cat?post=2827"},{"taxonomy":"product_tag","embeddable":true,"href":"https:\/\/awesomegreenbeauty.com\/en\/wp-json\/wp\/v2\/product_tag?post=2827"}],"curies":[{"name":"wp","href":"https:\/\/api.w.org\/{rel}","templated":true}]}}