{"id":2829,"date":"2020-05-21T17:26:25","date_gmt":"2020-05-21T15:26:25","guid":{"rendered":"https:\/\/www.mygreenbrands.fr\/?post_type=product&#038;p=2829"},"modified":"2025-11-18T18:09:03","modified_gmt":"2025-11-18T17:09:03","slug":"josh-rosebrook","status":"publish","type":"product","link":"https:\/\/awesomegreenbeauty.com\/en\/product\/josh-rosebrook\/","title":{"rendered":"JOSH ROSEBROOK &#8211; Gel Nettoyant Bio &#8211; 100ml"},"content":{"rendered":"<p data-start=\"385\" data-end=\"797\"><strong data-start=\"401\" data-end=\"422\">Un gel nettoyant bio<\/strong> formul\u00e9 \u00e0 base de <strong data-start=\"441\" data-end=\"460\">gel d\u2019aloe vera<\/strong>, organic botanical <strong data-start=\"465\" data-end=\"473\">honey<\/strong> et d\u2019un complexe unique d\u2019<strong data-start=\"500\" data-end=\"531\">huiles v\u00e9g\u00e9tales pr\u00e9cieuses<\/strong> (jojoba, argan, chanvre, baobab\u2026).<br data-start=\"566\" data-end=\"569\" \/>Il nettoie la peau en douceur tout en respectant son \u00e9quilibre naturel. Enrichi en <strong data-start=\"652\" data-end=\"693\">plantes m\u00e9dicinales et super-aliments<\/strong> (curcuma, calendula, lavande, goji\u2026), il \u00e9limine les impuret\u00e9s, hydrate et redonne \u00e9clat et vitalit\u00e9.<\/p>\n<p data-start=\"799\" data-end=\"889\">Sa texture douce et sa mousse l\u00e9g\u00e8re laissent la peau <strong data-start=\"853\" data-end=\"886\">fra\u00eeche, apais\u00e9e et lumineuse<\/strong>.<\/p>\n<p>Josh Rosebrook Cleanser is an ultra gentle cleanser formulated with potent active ingredients from herbs, rich vegetable oils and honey that effectively and gently remove impurities. The unique synergies of antioxidant, anti-inflammatory and antibacterial plants and herbs help soothe and participate in cell renewal while preserving the protective barrier of the skin.<\/p>\n<h3 data-start=\"987\" data-end=\"1012\">Bienfaits principaux de ce gel nettoyant<\/h3>\n<ul data-start=\"1013\" data-end=\"1452\">\n<li data-start=\"1013\" data-end=\"1067\">\n<p data-start=\"1015\" data-end=\"1067\"><strong data-start=\"1018\" data-end=\"1043\">Nettoie en profondeur<\/strong> sans agresser la peau<\/p>\n<\/li>\n<li data-start=\"1068\" data-end=\"1143\">\n<p data-start=\"1070\" data-end=\"1143\"><strong data-start=\"1073\" data-end=\"1096\">Intense hydration<\/strong> gr\u00e2ce \u00e0 l\u2019aloe vera et la glyc\u00e9rine v\u00e9g\u00e9tale<\/p>\n<\/li>\n<li data-start=\"1144\" data-end=\"1216\">\n<p data-start=\"1146\" data-end=\"1216\"><strong data-start=\"1149\" data-end=\"1169\">Apaise &amp; prot\u00e8ge<\/strong> avec le calendula, la lavande et la guimauve<\/p>\n<\/li>\n<li data-start=\"1217\" data-end=\"1300\">\n<p data-start=\"1219\" data-end=\"1300\"><strong data-start=\"1222\" data-end=\"1244\">Nourrit &amp; r\u00e9g\u00e9n\u00e8re<\/strong> gr\u00e2ce aux huiles d\u2019avocat, argan, bourrache et onagre<\/p>\n<\/li>\n<li data-start=\"1301\" data-end=\"1394\">\n<p data-start=\"1303\" data-end=\"1394\"><strong data-start=\"1306\" data-end=\"1338\">Effet antioxydant &amp; anti-\u00e2ge<\/strong> gr\u00e2ce au curcuma, ginkgo, cynorrhodon et baie de goji<\/p>\n<\/li>\n<li data-start=\"1395\" data-end=\"1452\">\n<p data-start=\"1397\" data-end=\"1452\">\u00a0Convient \u00e0 <strong data-start=\"1411\" data-end=\"1434\">tous types de peaux<\/strong>, m\u00eame sensibles<\/p>\n<\/li>\n<\/ul>\n<h2 data-start=\"1797\" data-end=\"1834\">Ingr\u00e9dients cl\u00e9s de ce gel nettoyant bio<\/h2>\n<ul data-start=\"1835\" data-end=\"2305\">\n<li data-start=\"1835\" data-end=\"1880\">\n<p data-start=\"1837\" data-end=\"1880\"><strong data-start=\"1837\" data-end=\"1856\">Gel d\u2019aloe vera<\/strong> : apaisant, hydratant<\/p>\n<\/li>\n<li data-start=\"1881\" data-end=\"1923\">\n<p data-start=\"1883\" data-end=\"1923\"><strong data-start=\"1883\" data-end=\"1895\">Organic honey<\/strong> : nourrissant, r\u00e9parateur<\/p>\n<\/li>\n<li data-start=\"1924\" data-end=\"2013\">\n<p data-start=\"1926\" data-end=\"2013\"><strong data-start=\"1926\" data-end=\"1950\">Huiles v\u00e9g\u00e9tales bio<\/strong> : jojoba, argan, chanvre, baobab, avocat, bourrache, onagre\u2026<\/p>\n<\/li>\n<li data-start=\"2014\" data-end=\"2109\">\n<p data-start=\"2016\" data-end=\"2109\"><strong data-start=\"2016\" data-end=\"2039\">Plantes m\u00e9dicinales<\/strong> : calendula, lavande, curcuma, sauge, romarin, euphraise, guimauve\u2026<\/p>\n<\/li>\n<li data-start=\"2110\" data-end=\"2208\">\n<p data-start=\"2112\" data-end=\"2208\"><strong data-start=\"2112\" data-end=\"2145\">Super-aliments &amp; antioxydants<\/strong> : baie de goji, cynorrhodon, betterave, ginkgo, ashwagandha\u2026<\/p>\n<\/li>\n<li data-start=\"2209\" data-end=\"2305\">\n<p data-start=\"2211\" data-end=\"2305\"><strong data-start=\"2211\" data-end=\"2234\">Huiles essentielles<\/strong> : romarin, ylang ylang, eucalyptus (parfum naturel, effet purifiant)<\/p>\n<\/li>\n<\/ul>\n<p>&nbsp;<\/p>","protected":false},"excerpt":{"rendered":"<p><strong>Organic | Vegan | 2-in-1 | Cleanser + Moisturizer | All skin types<\/strong><\/p>\n<p>Josh Rosebrook Cleanser is <strong>very soft<\/strong> formulated with powerful herbal active ingredients, rich vegetable oils and honey to effectively and gently remove impurities. Most : <strong>boost skin cell renewal<\/strong> !<\/p>","protected":false},"featured_media":4319,"template":"","meta":{"ocean_post_layout":"","ocean_both_sidebars_style":"","ocean_both_sidebars_content_width":0,"ocean_both_sidebars_sidebars_width":0,"ocean_sidebar":"0","ocean_second_sidebar":"0","ocean_disable_margins":"enable","ocean_add_body_class":"","ocean_shortcode_before_top_bar":"","ocean_shortcode_after_top_bar":"","ocean_shortcode_before_header":"","ocean_shortcode_after_header":"","ocean_has_shortcode":"","ocean_shortcode_after_title":"","ocean_shortcode_before_footer_widgets":"","ocean_shortcode_after_footer_widgets":"","ocean_shortcode_before_footer_bottom":"","ocean_shortcode_after_footer_bottom":"","ocean_display_top_bar":"default","ocean_display_header":"default","ocean_header_style":"","ocean_center_header_left_menu":"0","ocean_custom_header_template":"0","ocean_custom_logo":0,"ocean_custom_retina_logo":0,"ocean_custom_logo_max_width":0,"ocean_custom_logo_tablet_max_width":0,"ocean_custom_logo_mobile_max_width":0,"ocean_custom_logo_max_height":0,"ocean_custom_logo_tablet_max_height":0,"ocean_custom_logo_mobile_max_height":0,"ocean_header_custom_menu":"0","ocean_menu_typo_font_family":"0","ocean_menu_typo_font_subset":"","ocean_menu_typo_font_size":0,"ocean_menu_typo_font_size_tablet":0,"ocean_menu_typo_font_size_mobile":0,"ocean_menu_typo_font_size_unit":"px","ocean_menu_typo_font_weight":"","ocean_menu_typo_font_weight_tablet":"","ocean_menu_typo_font_weight_mobile":"","ocean_menu_typo_transform":"","ocean_menu_typo_transform_tablet":"","ocean_menu_typo_transform_mobile":"","ocean_menu_typo_line_height":0,"ocean_menu_typo_line_height_tablet":0,"ocean_menu_typo_line_height_mobile":0,"ocean_menu_typo_line_height_unit":"","ocean_menu_typo_spacing":0,"ocean_menu_typo_spacing_tablet":0,"ocean_menu_typo_spacing_mobile":0,"ocean_menu_typo_spacing_unit":"","ocean_menu_link_color":"","ocean_menu_link_color_hover":"","ocean_menu_link_color_active":"","ocean_menu_link_background":"","ocean_menu_link_hover_background":"","ocean_menu_link_active_background":"","ocean_menu_social_links_bg":"","ocean_menu_social_hover_links_bg":"","ocean_menu_social_links_color":"","ocean_menu_social_hover_links_color":"","ocean_disable_title":"default","ocean_disable_heading":"default","ocean_post_title":"","ocean_post_subheading":"","ocean_post_title_style":"","ocean_post_title_background_color":"","ocean_post_title_background":0,"ocean_post_title_bg_image_position":"","ocean_post_title_bg_image_attachment":"","ocean_post_title_bg_image_repeat":"","ocean_post_title_bg_image_size":"","ocean_post_title_height":0,"ocean_post_title_bg_overlay":0.5,"ocean_post_title_bg_overlay_color":"","ocean_disable_breadcrumbs":"default","ocean_breadcrumbs_color":"","ocean_breadcrumbs_separator_color":"","ocean_breadcrumbs_links_color":"","ocean_breadcrumbs_links_hover_color":"","ocean_display_footer_widgets":"default","ocean_display_footer_bottom":"default","ocean_custom_footer_template":"0"},"product_cat":[36,89,87,91,90,88,20],"product_tag":[],"class_list":{"0":"post-2829","1":"product","2":"type-product","3":"status-publish","4":"has-post-thumbnail","6":"product_brand-josh-rosebrook","7":"product_cat-nettoyants-visage-bio-naturels","8":"product_cat-peaux-grasses-mixtes","9":"product_cat-peaux-matures","10":"product_cat-tout-type-de-peau","11":"product_cat-peaux-seches-deshydratees","12":"product_cat-peaux-sensibles-reactives","13":"product_cat-soins-du-visage","15":"entry","16":"has-media","18":"first","19":"onbackorder","20":"taxable","21":"shipping-taxable","22":"purchasable","23":"product-type-simple","24":"has-product-nav","25":"col","26":"span_1_of_4","27":"owp-content-center","28":"owp-thumbs-layout-horizontal","29":"owp-btn-normal","30":"owp-tabs-layout-horizontal"},"_links":{"self":[{"href":"https:\/\/awesomegreenbeauty.com\/en\/wp-json\/wp\/v2\/product\/2829","targetHints":{"allow":["GET"]}}],"collection":[{"href":"https:\/\/awesomegreenbeauty.com\/en\/wp-json\/wp\/v2\/product"}],"about":[{"href":"https:\/\/awesomegreenbeauty.com\/en\/wp-json\/wp\/v2\/types\/product"}],"version-history":[{"count":0,"href":"https:\/\/awesomegreenbeauty.com\/en\/wp-json\/wp\/v2\/product\/2829\/revisions"}],"wp:featuredmedia":[{"embeddable":true,"href":"https:\/\/awesomegreenbeauty.com\/en\/wp-json\/wp\/v2\/media\/4319"}],"wp:attachment":[{"href":"https:\/\/awesomegreenbeauty.com\/en\/wp-json\/wp\/v2\/media?parent=2829"}],"wp:term":[{"taxonomy":"product_cat","embeddable":true,"href":"https:\/\/awesomegreenbeauty.com\/en\/wp-json\/wp\/v2\/product_cat?post=2829"},{"taxonomy":"product_tag","embeddable":true,"href":"https:\/\/awesomegreenbeauty.com\/en\/wp-json\/wp\/v2\/product_tag?post=2829"}],"curies":[{"name":"wp","href":"https:\/\/api.w.org\/{rel}","templated":true}]}}