{"id":29034,"date":"2023-12-01T18:13:56","date_gmt":"2023-12-01T17:13:56","guid":{"rendered":"https:\/\/awesomegreenbeauty.com\/?post_type=product&#038;p=29034"},"modified":"2026-04-15T17:04:25","modified_gmt":"2026-04-15T15:04:25","slug":"angela-lagana-masque-reparateur-cheveux-150ml","status":"publish","type":"product","link":"https:\/\/awesomegreenbeauty.com\/en\/product\/angela-lagana-masque-reparateur-cheveux-150ml\/","title":{"rendered":"ANGELA LAGANA &#8211; Rephair mask &#8211; 150ml"},"content":{"rendered":"<p>Masque r\u00e9parateur cheveux. <strong data-start=\"2270\" data-end=\"2334\">Convient \u00e0 tous types de cheveux, m\u00eame color\u00e9s ou sensibles.<\/strong><\/p>\n<p class=\"\" data-start=\"2336\" data-end=\"2414\"><strong data-start=\"2336\" data-end=\"2414\">Formule Vegan \u2013 Sans silicones \u2013 Sans sulfates \u2013 Non test\u00e9 sur les animaux.<\/strong><\/p>\n<p>La formule de ce masque r\u00e9parateur cheveux est enrichie en huile de pavot et beurre de Bacuri pour nourrir les cheveux tout en en les restructurant de l&rsquo;int\u00e9rieur et en apportant \u00e0 la fibre capillaire des \u00e9l\u00e9ments pr\u00e9cieux.<\/p>\n<p>This deep-penetrating mask strengthens the hair structure and restores the hair's natural shine.<\/p>\n<p>Intensive treatment with restorative action, ideal for stressed, damaged hair.<\/p>\n<h3 class=\"\" data-start=\"160\" data-end=\"249\"><strong data-start=\"164\" data-end=\"249\">Un masque r\u00e9parateur cheveux, nourrissant &amp; hydratant \u2013 Soin Profond<\/strong><\/h3>\n<p class=\"\" data-start=\"251\" data-end=\"556\">Offrez \u00e0 vos cheveux une v\u00e9ritable cure de nutrition et d&rsquo;hydratation gr\u00e2ce \u00e0 notre apr\u00e8s-shampoing enrichi en actifs v\u00e9g\u00e9taux et agents conditionnant doux.<\/p>\n<p class=\"\" data-start=\"251\" data-end=\"556\">Ce masque r\u00e9parateur cheveux \u00e0 la texture cr\u00e9meuse facilite le d\u00e9m\u00ealage, discipline les frisottis, et laisse les cheveux soyeux, l\u00e9gers et \u00e9clatants de sant\u00e9.<\/p>\n<p class=\"\" data-start=\"558\" data-end=\"599\"><strong data-start=\"558\" data-end=\"599\">Ingr\u00e9dients cl\u00e9s et leurs bienfaits :<\/strong><\/p>\n<ul data-start=\"600\" data-end=\"2141\">\n<li class=\"\" data-start=\"600\" data-end=\"635\">\n<p class=\"\" data-start=\"602\" data-end=\"635\"><strong data-start=\"602\" data-end=\"616\">Eau (Aqua)<\/strong> : Base hydratante.<\/p>\n<\/li>\n<li class=\"\" data-start=\"636\" data-end=\"755\">\n<p class=\"\" data-start=\"638\" data-end=\"755\"><strong data-start=\"638\" data-end=\"692\">Cetearyl Alcohol, Myristyl Alcohol, Lauryl Alcohol<\/strong> : Alcools gras d\u2019origine v\u00e9g\u00e9tale, adoucissants et \u00e9mollients.<\/p>\n<\/li>\n<li class=\"\" data-start=\"756\" data-end=\"876\">\n<p class=\"\" data-start=\"758\" data-end=\"876\"><strong data-start=\"758\" data-end=\"824\">Erythritol, Xylitol, Xylityglucoside, Anhydroxylitol, Maltitol<\/strong> : Humectants naturels qui retiennent l\u2019hydratation.<\/p>\n<\/li>\n<li class=\"\" data-start=\"877\" data-end=\"1015\">\n<p class=\"\" data-start=\"879\" data-end=\"1015\"><strong data-start=\"879\" data-end=\"928\">Behentrimonium Chloride, Cetrimonium Chloride<\/strong> : Agents conditionnants qui facilitent le d\u00e9m\u00ealage et adoucissent la fibre capillaire.<\/p>\n<\/li>\n<li class=\"\" data-start=\"1016\" data-end=\"1135\">\n<p class=\"\" data-start=\"1018\" data-end=\"1135\"><strong data-start=\"1018\" data-end=\"1053\">C15-19 Alkane, Dicaprylyl Ether<\/strong> : Agents de texture d\u2019origine naturelle pour une application douce et non grasse.<\/p>\n<\/li>\n<li class=\"\" data-start=\"1136\" data-end=\"1218\">\n<p class=\"\" data-start=\"1138\" data-end=\"1218\"><strong data-start=\"1138\" data-end=\"1170\">Caprylic\/Capric Triglyceride<\/strong> : Nourrit et prot\u00e8ge les cheveux sans alourdir.<\/p>\n<\/li>\n<li class=\"\" data-start=\"1219\" data-end=\"1348\">\n<p class=\"\" data-start=\"1221\" data-end=\"1348\"><strong data-start=\"1221\" data-end=\"1265\">Huile de Fruit d\u2019A\u00e7a\u00ef (Euterpe Oleracea)<\/strong> : Antioxydante, renforce et prot\u00e8ge les cheveux contre les agressions ext\u00e9rieures.<\/p>\n<\/li>\n<li class=\"\" data-start=\"1349\" data-end=\"1455\">\n<p class=\"\" data-start=\"1351\" data-end=\"1455\"><strong data-start=\"1351\" data-end=\"1401\">Beurre de Graine de Shorea (Shorea Stenoptera)<\/strong> : Nourrit en profondeur et restaure les cheveux secs.<\/p>\n<\/li>\n<li class=\"\" data-start=\"1456\" data-end=\"1560\">\n<p class=\"\" data-start=\"1458\" data-end=\"1560\"><strong data-start=\"1458\" data-end=\"1518\">Bis-(isostearoyl\/oleoyl isopropyl) dimonium methosulfate<\/strong> : Conditionneur doux d\u2019origine naturelle.<\/p>\n<\/li>\n<li class=\"\" data-start=\"1561\" data-end=\"1667\">\n<p class=\"\" data-start=\"1563\" data-end=\"1667\"><strong data-start=\"1563\" data-end=\"1601\">Jus de Bouleau (Betula Alba Juice)<\/strong> : Riche en min\u00e9raux et acides amin\u00e9s, revitalise le cuir chevelu.<\/p>\n<\/li>\n<li class=\"\" data-start=\"1668\" data-end=\"1781\">\n<p class=\"\" data-start=\"1670\" data-end=\"1781\"><strong data-start=\"1670\" data-end=\"1713\">Extrait d\u2019Algue (Pelvetia Canaliculata)<\/strong> : Prot\u00e8ge et fortifie les cheveux contre le stress environnemental.<\/p>\n<\/li>\n<li class=\"\" data-start=\"1782\" data-end=\"1921\">\n<p class=\"\" data-start=\"1784\" data-end=\"1921\"><strong data-start=\"1784\" data-end=\"1859\">Hydrogenated Olive Oil Unsaponifiables, Hydrogenated Ethylhexyl Olivate<\/strong> : D\u00e9riv\u00e9s de l\u2019huile d\u2019olive, apportent brillance et douceur.<\/p>\n<\/li>\n<li class=\"\" data-start=\"1922\" data-end=\"1983\">\n<p class=\"\" data-start=\"1924\" data-end=\"1983\"><strong data-start=\"1924\" data-end=\"1944\">Glyceryl Laurate<\/strong> : Agent hydratant et \u00e9mulsifiant doux.<\/p>\n<\/li>\n<li class=\"\" data-start=\"1984\" data-end=\"2067\">\n<p class=\"\" data-start=\"1986\" data-end=\"2067\"><strong data-start=\"1986\" data-end=\"2018\">Acide Lactique (Lactic Acid)<\/strong> : R\u00e9gule le pH et lisse la cuticule des cheveux.<\/p>\n<\/li>\n<li class=\"\" data-start=\"2068\" data-end=\"2141\">\n<p class=\"\" data-start=\"2070\" data-end=\"2141\"><strong data-start=\"2070\" data-end=\"2088\">Benzyl Alcohol<\/strong> : Conservateur doux, conforme aux normes naturelles.<\/p>\n<\/li>\n<\/ul>\n<p class=\"\" data-start=\"2143\" data-end=\"2268\">","protected":false},"excerpt":{"rendered":"<p>Intensive treatment with restorative action, ideal for stressed, damaged hair.<\/p>\n<p>Professional products at home!<\/p>\n<p>With Positive Results!<\/p>\n<p>&nbsp;<\/p>","protected":false},"featured_media":29035,"template":"","meta":{"ocean_post_layout":"","ocean_both_sidebars_style":"","ocean_both_sidebars_content_width":0,"ocean_both_sidebars_sidebars_width":0,"ocean_sidebar":"0","ocean_second_sidebar":"0","ocean_disable_margins":"enable","ocean_add_body_class":"","ocean_shortcode_before_top_bar":"","ocean_shortcode_after_top_bar":"","ocean_shortcode_before_header":"","ocean_shortcode_after_header":"","ocean_has_shortcode":"","ocean_shortcode_after_title":"","ocean_shortcode_before_footer_widgets":"","ocean_shortcode_after_footer_widgets":"","ocean_shortcode_before_footer_bottom":"","ocean_shortcode_after_footer_bottom":"","ocean_display_top_bar":"default","ocean_display_header":"default","ocean_header_style":"","ocean_center_header_left_menu":"0","ocean_custom_header_template":"0","ocean_custom_logo":0,"ocean_custom_retina_logo":0,"ocean_custom_logo_max_width":0,"ocean_custom_logo_tablet_max_width":0,"ocean_custom_logo_mobile_max_width":0,"ocean_custom_logo_max_height":0,"ocean_custom_logo_tablet_max_height":0,"ocean_custom_logo_mobile_max_height":0,"ocean_header_custom_menu":"0","ocean_menu_typo_font_family":"0","ocean_menu_typo_font_subset":"","ocean_menu_typo_font_size":0,"ocean_menu_typo_font_size_tablet":0,"ocean_menu_typo_font_size_mobile":0,"ocean_menu_typo_font_size_unit":"px","ocean_menu_typo_font_weight":"","ocean_menu_typo_font_weight_tablet":"","ocean_menu_typo_font_weight_mobile":"","ocean_menu_typo_transform":"","ocean_menu_typo_transform_tablet":"","ocean_menu_typo_transform_mobile":"","ocean_menu_typo_line_height":0,"ocean_menu_typo_line_height_tablet":0,"ocean_menu_typo_line_height_mobile":0,"ocean_menu_typo_line_height_unit":"","ocean_menu_typo_spacing":0,"ocean_menu_typo_spacing_tablet":0,"ocean_menu_typo_spacing_mobile":0,"ocean_menu_typo_spacing_unit":"","ocean_menu_link_color":"","ocean_menu_link_color_hover":"","ocean_menu_link_color_active":"","ocean_menu_link_background":"","ocean_menu_link_hover_background":"","ocean_menu_link_active_background":"","ocean_menu_social_links_bg":"","ocean_menu_social_hover_links_bg":"","ocean_menu_social_links_color":"","ocean_menu_social_hover_links_color":"","ocean_disable_title":"default","ocean_disable_heading":"default","ocean_post_title":"","ocean_post_subheading":"","ocean_post_title_style":"","ocean_post_title_background_color":"","ocean_post_title_background":0,"ocean_post_title_bg_image_position":"","ocean_post_title_bg_image_attachment":"","ocean_post_title_bg_image_repeat":"","ocean_post_title_bg_image_size":"","ocean_post_title_height":0,"ocean_post_title_bg_overlay":0.5,"ocean_post_title_bg_overlay_color":"","ocean_disable_breadcrumbs":"default","ocean_breadcrumbs_color":"","ocean_breadcrumbs_separator_color":"","ocean_breadcrumbs_links_color":"","ocean_breadcrumbs_links_hover_color":"","ocean_display_footer_widgets":"default","ocean_display_footer_bottom":"default","ocean_custom_footer_template":"0"},"product_cat":[103,22,109],"product_tag":[],"class_list":{"0":"post-29034","1":"product","2":"type-product","3":"status-publish","4":"has-post-thumbnail","6":"product_brand-angela-lagana","7":"product_cat-baumes-demelants","8":"product_cat-soins-des-cheveux","9":"product_cat-cheveux-secs-abimes","11":"entry","12":"has-media","14":"first","15":"instock","16":"taxable","17":"shipping-taxable","18":"purchasable","19":"product-type-simple","20":"has-product-nav","21":"col","22":"span_1_of_4","23":"owp-content-center","24":"owp-thumbs-layout-horizontal","25":"owp-btn-normal","26":"owp-tabs-layout-horizontal","27":"has-no-thumbnails"},"_links":{"self":[{"href":"https:\/\/awesomegreenbeauty.com\/en\/wp-json\/wp\/v2\/product\/29034","targetHints":{"allow":["GET"]}}],"collection":[{"href":"https:\/\/awesomegreenbeauty.com\/en\/wp-json\/wp\/v2\/product"}],"about":[{"href":"https:\/\/awesomegreenbeauty.com\/en\/wp-json\/wp\/v2\/types\/product"}],"version-history":[{"count":0,"href":"https:\/\/awesomegreenbeauty.com\/en\/wp-json\/wp\/v2\/product\/29034\/revisions"}],"wp:featuredmedia":[{"embeddable":true,"href":"https:\/\/awesomegreenbeauty.com\/en\/wp-json\/wp\/v2\/media\/29035"}],"wp:attachment":[{"href":"https:\/\/awesomegreenbeauty.com\/en\/wp-json\/wp\/v2\/media?parent=29034"}],"wp:term":[{"taxonomy":"product_cat","embeddable":true,"href":"https:\/\/awesomegreenbeauty.com\/en\/wp-json\/wp\/v2\/product_cat?post=29034"},{"taxonomy":"product_tag","embeddable":true,"href":"https:\/\/awesomegreenbeauty.com\/en\/wp-json\/wp\/v2\/product_tag?post=29034"}],"curies":[{"name":"wp","href":"https:\/\/api.w.org\/{rel}","templated":true}]}}