{"id":294,"date":"2019-08-28T18:35:09","date_gmt":"2019-08-28T16:35:09","guid":{"rendered":"https:\/\/www.mygreenbrands.fr\/?post_type=product&#038;p=294"},"modified":"2025-09-16T15:25:09","modified_gmt":"2025-09-16T13:25:09","slug":"rasasara-skinfood-parfum-dambiance-120ml","status":"publish","type":"product","link":"https:\/\/awesomegreenbeauty.com\/en\/product\/rasasara-skinfood-parfum-dambiance-120ml\/","title":{"rendered":"RASASARA SKINFOOD &#8211; Parfum d&rsquo;Ambiance &#8211; 120 ml\/240ml"},"content":{"rendered":"<p><strong>100% naturel |Bio |Sans alcool | Brume relaxante | Propice \u00e0 l&rsquo;endormissement<\/strong><br \/>\nUn parfum d\u2019ambiance ayurv\u00e9dique aux huiles essentielles apaisantes. Purificateur, antibacte\u0301rien &amp; relaxant. Addictif !<\/p>\n<p>Une brume compose\u0301e d&rsquo;huiles essentielles et d&rsquo;eau purifie\u0301e pour favoriser la relaxation, la concentration, la me\u0301ditation et le sommeil.<\/p>\n<p>100% non-toxique, naturel &amp; bio.<\/p>\n<h3 data-start=\"0\" data-end=\"276\">Les ingr\u00e9dients de ce parfum d&rsquo;ambiance ayurv\u00e9dique aux <strong data-start=\"114\" data-end=\"149\">ar\u00f4mes apaisants et r\u00e9g\u00e9n\u00e9rants ont des propri\u00e9t\u00e9s multiples<\/strong>\u00a0:<\/h3>\n<ol data-start=\"324\" data-end=\"2446\">\n<li data-start=\"324\" data-end=\"478\">\n<p data-start=\"327\" data-end=\"345\"><strong data-start=\"327\" data-end=\"343\">Eau purifi\u00e9e<\/strong><\/p>\n<ul data-start=\"349\" data-end=\"478\">\n<li data-start=\"349\" data-end=\"478\">\n<p data-start=\"351\" data-end=\"478\"><strong data-start=\"351\" data-end=\"366\">Base neutre<\/strong> pour diluer et faciliter l&rsquo;application de l&rsquo;ensemble des autres ingr\u00e9dients, tout en apportant <strong data-start=\"462\" data-end=\"477\">hydratation<\/strong>.<\/p>\n<\/li>\n<\/ul>\n<\/li>\n<li data-start=\"480\" data-end=\"784\">\n<p data-start=\"483\" data-end=\"517\"><strong data-start=\"483\" data-end=\"515\">Vanille (Vanilla planifolia)<\/strong><\/p>\n<ul data-start=\"521\" data-end=\"784\">\n<li data-start=\"521\" data-end=\"784\">\n<p data-start=\"523\" data-end=\"784\">La vanille est surtout connue pour son parfum <strong data-start=\"569\" data-end=\"586\">doux et sucr\u00e9<\/strong>. Elle a des propri\u00e9t\u00e9s <strong data-start=\"610\" data-end=\"627\">antioxidants<\/strong>, apaisantes et <strong data-start=\"643\" data-end=\"660\">nourrissantes<\/strong> pour la peau. Elle est aussi reconnue pour ses effets <strong data-start=\"715\" data-end=\"727\">calmants<\/strong>, parfaits pour une peau apais\u00e9e et un bien-\u00eatre g\u00e9n\u00e9ral.<\/p>\n<\/li>\n<\/ul>\n<\/li>\n<li data-start=\"786\" data-end=\"1109\">\n<p data-start=\"789\" data-end=\"826\"><strong data-start=\"789\" data-end=\"824\">Rose de Maroc (Rosa centifolia)<\/strong><\/p>\n<ul data-start=\"830\" data-end=\"1109\">\n<li data-start=\"830\" data-end=\"1109\">\n<p data-start=\"832\" data-end=\"1109\">L&rsquo;<strong data-start=\"834\" data-end=\"863\">huile essentielle de rose<\/strong> est un excellent agent r\u00e9g\u00e9n\u00e9rant pour la peau. Elle est id\u00e9ale pour <strong data-start=\"933\" data-end=\"945\">moisturize<\/strong>, <strong data-start=\"947\" data-end=\"968\">r\u00e9duire les rides<\/strong> and <strong data-start=\"972\" data-end=\"999\">apaiser les irritations<\/strong>. Elle poss\u00e8de aussi des propri\u00e9t\u00e9s <strong data-start=\"1035\" data-end=\"1055\">antibact\u00e9riennes<\/strong>, parfaites pour les peaux sujettes aux imperfections.<\/p>\n<\/li>\n<\/ul>\n<\/li>\n<li data-start=\"1111\" data-end=\"1466\">\n<p data-start=\"1114\" data-end=\"1146\"><strong data-start=\"1114\" data-end=\"1144\">Encens (Boswellia carteri)<\/strong><\/p>\n<ul data-start=\"1150\" data-end=\"1466\">\n<li data-start=\"1150\" data-end=\"1466\">\n<p data-start=\"1152\" data-end=\"1466\">L&rsquo;<strong data-start=\"1154\" data-end=\"1172\">huile d&rsquo;encens<\/strong> est c\u00e9l\u00e8bre pour ses propri\u00e9t\u00e9s <strong data-start=\"1205\" data-end=\"1218\">calmantes<\/strong> and <strong data-start=\"1222\" data-end=\"1245\">anti-inflammatory<\/strong>. Elle aide \u00e0 apaiser la peau et \u00e0 am\u00e9liorer son <strong data-start=\"1294\" data-end=\"1308\">\u00e9lasticit\u00e9<\/strong> tout en offrant un effet <strong data-start=\"1334\" data-end=\"1346\">relaxant<\/strong> sur l&rsquo;esprit. L&rsquo;encens est \u00e9galement un <strong data-start=\"1387\" data-end=\"1411\">antioxydant puissant<\/strong>, prot\u00e9geant la peau contre les agressions ext\u00e9rieures.<\/p>\n<\/li>\n<\/ul>\n<\/li>\n<li data-start=\"1468\" data-end=\"1744\">\n<p data-start=\"1471\" data-end=\"1506\"><strong data-start=\"1471\" data-end=\"1504\">Patchouli (Pogostemon cablin)<\/strong><\/p>\n<ul data-start=\"1510\" data-end=\"1744\">\n<li data-start=\"1510\" data-end=\"1744\">\n<p data-start=\"1512\" data-end=\"1744\">L&rsquo;<strong data-start=\"1514\" data-end=\"1548\">huile essentielle de patchouli<\/strong> est r\u00e9put\u00e9e pour ses propri\u00e9t\u00e9s <strong data-start=\"1581\" data-end=\"1597\">r\u00e9g\u00e9n\u00e9rantes<\/strong> and <strong data-start=\"1601\" data-end=\"1616\">tonifiantes<\/strong>. Elle aide \u00e0 traiter les <strong data-start=\"1642\" data-end=\"1671\">peaux s\u00e8ches et fatigu\u00e9es<\/strong>, tout en ayant un effet b\u00e9n\u00e9fique sur l&rsquo;humeur et en apaisant le stress.<\/p>\n<\/li>\n<\/ul>\n<\/li>\n<li data-start=\"1746\" data-end=\"2100\">\n<p data-start=\"1749\" data-end=\"1776\"><strong data-start=\"1749\" data-end=\"1774\">Citron (Citrus limon)<\/strong><\/p>\n<ul data-start=\"1780\" data-end=\"2100\">\n<li data-start=\"1780\" data-end=\"2100\">\n<p data-start=\"1782\" data-end=\"2100\">The <strong data-start=\"1785\" data-end=\"1795\">citron<\/strong> a des effets <strong data-start=\"1809\" data-end=\"1823\">purifiants<\/strong>, <strong data-start=\"1825\" data-end=\"1843\">antibact\u00e9riens<\/strong> and <strong data-start=\"1847\" data-end=\"1872\">r\u00e9v\u00e9lateurs de clart\u00e9<\/strong>. Il est particuli\u00e8rement efficace pour \u00e9claircir le teint, <strong data-start=\"1932\" data-end=\"1960\">r\u00e9duire l&rsquo;exc\u00e8s de s\u00e9bum<\/strong> et offrir un <strong data-start=\"1974\" data-end=\"1995\">coup de fra\u00eecheur<\/strong> \u00e0 la peau. Il aide aussi \u00e0 stimuler la circulation sanguine et poss\u00e8de des propri\u00e9t\u00e9s <strong data-start=\"2082\" data-end=\"2099\">detoxifying<\/strong>.<\/p>\n<\/li>\n<\/ul>\n<\/li>\n<li data-start=\"2102\" data-end=\"2446\">\n<p data-start=\"2105\" data-end=\"2128\"><strong data-start=\"2105\" data-end=\"2126\">Jasmin (Jasminum)<\/strong><\/p>\n<ul data-start=\"2132\" data-end=\"2446\">\n<li data-start=\"2132\" data-end=\"2446\">\n<p data-start=\"2134\" data-end=\"2446\">L&rsquo;<strong data-start=\"2136\" data-end=\"2167\">huile essentielle de jasmin<\/strong> est utilis\u00e9e pour ses effets <strong data-start=\"2197\" data-end=\"2210\">apaisants<\/strong> and <strong data-start=\"2214\" data-end=\"2232\">r\u00e9\u00e9quilibrants<\/strong>. Elle est b\u00e9n\u00e9fique pour la peau en cas de <strong data-start=\"2276\" data-end=\"2292\">peaux s\u00e8ches<\/strong>, tout en apportant un parfum d\u00e9licat et f\u00e9minin. Elle est \u00e9galement connue pour ses propri\u00e9t\u00e9s <strong data-start=\"2388\" data-end=\"2403\">anti-stress<\/strong> et son action <strong data-start=\"2418\" data-end=\"2433\">r\u00e9paratrice<\/strong> sur la peau.<\/p>\n<\/li>\n<li data-start=\"2132\" data-end=\"2446\">\n<h3 data-start=\"2134\" data-end=\"2446\"><strong data-start=\"2455\" data-end=\"2477\">Les\u00a0 B\u00e9n\u00e9fices principaux<\/strong>:<\/h3>\n<\/li>\n<\/ul>\n<\/li>\n<\/ol>\n<ul data-start=\"3132\" data-end=\"3291\">\n<li data-start=\"2480\" data-end=\"2599\">\n<p data-start=\"2482\" data-end=\"2599\"><strong data-start=\"2482\" data-end=\"2497\">Hydration<\/strong> and <strong data-start=\"2501\" data-end=\"2518\">nourrissement<\/strong> intense gr\u00e2ce aux propri\u00e9t\u00e9s de la vanille, de la rose de Maroc et du patchouli.<\/p>\n<\/li>\n<li data-start=\"2600\" data-end=\"2684\">\n<p data-start=\"2602\" data-end=\"2684\"><strong data-start=\"2602\" data-end=\"2616\">Apaisement<\/strong> de la peau et r\u00e9duction des inflammations avec l&rsquo;encens et la rose.<\/p>\n<\/li>\n<li data-start=\"2685\" data-end=\"2815\">\n<p data-start=\"2687\" data-end=\"2815\"><strong data-start=\"2687\" data-end=\"2718\">R\u00e9duction des imperfections<\/strong> et des marques de vieillissement cutan\u00e9, gr\u00e2ce \u00e0 l&rsquo;effet r\u00e9g\u00e9n\u00e9rant de l&rsquo;encens et du patchouli.<\/p>\n<\/li>\n<li data-start=\"2816\" data-end=\"2927\">\n<p data-start=\"2818\" data-end=\"2927\"><strong data-start=\"2818\" data-end=\"2837\">Effet purifiant<\/strong> sur la peau, surtout en cas de peau grasse ou sujette aux imperfections, gr\u00e2ce au citron.<\/p>\n<\/li>\n<li data-start=\"2928\" data-end=\"3101\">\n<p data-start=\"2930\" data-end=\"3101\"><strong data-start=\"2930\" data-end=\"2954\">Bien-\u00eatre \u00e9motionnel<\/strong> : Les huiles essentielles de jasmin, de patchouli et de vanille apportent un <strong data-start=\"3032\" data-end=\"3056\">\u00e9quilibre \u00e9motionnel<\/strong>, r\u00e9duisant le stress et am\u00e9liorant l&rsquo;humeur. Tous les ingr\u00e9dients mentionn\u00e9s sont certifi\u00e9s biologiques, garantissant qu&rsquo;ils sont cultiv\u00e9s sans produits chimiques et sont respectueux de l&rsquo;environnement.<\/p>\n<\/li>\n<\/ul>","protected":false},"excerpt":{"rendered":"<p><strong>100 % Natural | Organic | Alcool free. <\/strong><\/p>\n<p>Un parfum d\u2019ambiance aux huiles essentielles apaisantes. <strong>Air purifier, antibacterial &amp; relaxing<\/strong>. Addictive!<\/p>\n<p>Une brume compose\u0301e d&rsquo;huiles essentielles et d&rsquo;eau purifie\u0301e pour favoriser la relaxation, la concentration, la me\u0301ditation et le sommeil.<\/p>\n<p>100% non-toxique, naturel &amp; bio.<\/p>","protected":false},"featured_media":295,"template":"","meta":{"ocean_post_layout":"","ocean_both_sidebars_style":"","ocean_both_sidebars_content_width":0,"ocean_both_sidebars_sidebars_width":0,"ocean_sidebar":"0","ocean_second_sidebar":"0","ocean_disable_margins":"enable","ocean_add_body_class":"","ocean_shortcode_before_top_bar":"","ocean_shortcode_after_top_bar":"","ocean_shortcode_before_header":"","ocean_shortcode_after_header":"","ocean_has_shortcode":"","ocean_shortcode_after_title":"","ocean_shortcode_before_footer_widgets":"","ocean_shortcode_after_footer_widgets":"","ocean_shortcode_before_footer_bottom":"","ocean_shortcode_after_footer_bottom":"","ocean_display_top_bar":"default","ocean_display_header":"default","ocean_header_style":"","ocean_center_header_left_menu":"0","ocean_custom_header_template":"0","ocean_custom_logo":0,"ocean_custom_retina_logo":0,"ocean_custom_logo_max_width":0,"ocean_custom_logo_tablet_max_width":0,"ocean_custom_logo_mobile_max_width":0,"ocean_custom_logo_max_height":0,"ocean_custom_logo_tablet_max_height":0,"ocean_custom_logo_mobile_max_height":0,"ocean_header_custom_menu":"0","ocean_menu_typo_font_family":"0","ocean_menu_typo_font_subset":"","ocean_menu_typo_font_size":0,"ocean_menu_typo_font_size_tablet":0,"ocean_menu_typo_font_size_mobile":0,"ocean_menu_typo_font_size_unit":"px","ocean_menu_typo_font_weight":"","ocean_menu_typo_font_weight_tablet":"","ocean_menu_typo_font_weight_mobile":"","ocean_menu_typo_transform":"","ocean_menu_typo_transform_tablet":"","ocean_menu_typo_transform_mobile":"","ocean_menu_typo_line_height":0,"ocean_menu_typo_line_height_tablet":0,"ocean_menu_typo_line_height_mobile":0,"ocean_menu_typo_line_height_unit":"","ocean_menu_typo_spacing":0,"ocean_menu_typo_spacing_tablet":0,"ocean_menu_typo_spacing_mobile":0,"ocean_menu_typo_spacing_unit":"","ocean_menu_link_color":"","ocean_menu_link_color_hover":"","ocean_menu_link_color_active":"","ocean_menu_link_background":"","ocean_menu_link_hover_background":"","ocean_menu_link_active_background":"","ocean_menu_social_links_bg":"","ocean_menu_social_hover_links_bg":"","ocean_menu_social_links_color":"","ocean_menu_social_hover_links_color":"","ocean_disable_title":"default","ocean_disable_heading":"default","ocean_post_title":"","ocean_post_subheading":"","ocean_post_title_style":"","ocean_post_title_background_color":"","ocean_post_title_background":0,"ocean_post_title_bg_image_position":"","ocean_post_title_bg_image_attachment":"","ocean_post_title_bg_image_repeat":"","ocean_post_title_bg_image_size":"","ocean_post_title_height":0,"ocean_post_title_bg_overlay":0.5,"ocean_post_title_bg_overlay_color":"","ocean_disable_breadcrumbs":"default","ocean_breadcrumbs_color":"","ocean_breadcrumbs_separator_color":"","ocean_breadcrumbs_links_color":"","ocean_breadcrumbs_links_hover_color":"","ocean_display_footer_widgets":"default","ocean_display_footer_bottom":"default","ocean_custom_footer_template":"0"},"product_cat":[128],"product_tag":[],"class_list":{"0":"post-294","1":"product","2":"type-product","3":"status-publish","4":"has-post-thumbnail","6":"product_brand-rasasara-skinfood","7":"product_cat-parfums-et-diffuseurs-dambiance","9":"entry","10":"has-media","12":"first","13":"instock","14":"featured","15":"taxable","16":"shipping-taxable","17":"purchasable","18":"product-type-variable","19":"has-default-attributes","20":"has-product-nav","21":"col","22":"span_1_of_4","23":"owp-content-center","24":"owp-thumbs-layout-horizontal","25":"owp-btn-normal","26":"owp-tabs-layout-horizontal","27":"has-no-thumbnails"},"_links":{"self":[{"href":"https:\/\/awesomegreenbeauty.com\/en\/wp-json\/wp\/v2\/product\/294","targetHints":{"allow":["GET"]}}],"collection":[{"href":"https:\/\/awesomegreenbeauty.com\/en\/wp-json\/wp\/v2\/product"}],"about":[{"href":"https:\/\/awesomegreenbeauty.com\/en\/wp-json\/wp\/v2\/types\/product"}],"version-history":[{"count":0,"href":"https:\/\/awesomegreenbeauty.com\/en\/wp-json\/wp\/v2\/product\/294\/revisions"}],"wp:featuredmedia":[{"embeddable":true,"href":"https:\/\/awesomegreenbeauty.com\/en\/wp-json\/wp\/v2\/media\/295"}],"wp:attachment":[{"href":"https:\/\/awesomegreenbeauty.com\/en\/wp-json\/wp\/v2\/media?parent=294"}],"wp:term":[{"taxonomy":"product_cat","embeddable":true,"href":"https:\/\/awesomegreenbeauty.com\/en\/wp-json\/wp\/v2\/product_cat?post=294"},{"taxonomy":"product_tag","embeddable":true,"href":"https:\/\/awesomegreenbeauty.com\/en\/wp-json\/wp\/v2\/product_tag?post=294"}],"curies":[{"name":"wp","href":"https:\/\/api.w.org\/{rel}","templated":true}]}}