{"id":296,"date":"2019-08-28T18:38:21","date_gmt":"2019-08-28T16:38:21","guid":{"rendered":"https:\/\/www.mygreenbrands.fr\/?post_type=product&#038;p=296"},"modified":"2025-08-22T18:12:00","modified_gmt":"2025-08-22T16:12:00","slug":"rasasara-skinfood-huile-pour-cheveux-nourrissante-traitante-bioo-60-ml","status":"publish","type":"product","link":"https:\/\/awesomegreenbeauty.com\/en\/product\/rasasara-skinfood-huile-pour-cheveux-nourrissante-traitante-bioo-60-ml\/","title":{"rendered":"RASASARA SKINFOOD &#8211; Huile pour Cheveux Nourrissante + Traitante &#8211; 60 ml"},"content":{"rendered":"<p>100% Natural | Organic. Any type of hair.<br \/>\nL&rsquo;huile cheveux traitante et nourrissante est un traitement ayurve\u0301dique traditionnel utilise\u0301 pour revitaliser et renforcer la croissance naturelle, la couleur et le lustre des cheveux.<\/p>\n<h3>Les b\u00e9n\u00e9fices de cette huile traitante pour les cheveux bio<\/h3>\n<ul data-start=\"62\" data-end=\"1366\">\n<li data-start=\"62\" data-end=\"267\">\n<p data-start=\"64\" data-end=\"267\"><strong data-start=\"64\" data-end=\"97\">Bhringraj (Eclipta Prostrata)<\/strong> : Favorise la croissance des cheveux, pr\u00e9vient leur chute et ralentit le grisonnement pr\u00e9matur\u00e9. Il est aussi connu pour ses propri\u00e9t\u00e9s apaisantes sur le cuir chevelu.<\/p>\n<\/li>\n<li data-start=\"269\" data-end=\"457\">\n<p data-start=\"271\" data-end=\"457\"><strong data-start=\"271\" data-end=\"334\">Groseille \u00e0 maquereau indienne (Phyllanthus Emblica \/ Amla)<\/strong> : Riche en vitamine C et en antioxydants, elle renforce les cheveux, stimule leur croissance et pr\u00e9vient les pellicules.<\/p>\n<\/li>\n<li data-start=\"459\" data-end=\"651\">\n<p data-start=\"461\" data-end=\"651\"><strong data-start=\"461\" data-end=\"501\">Myrobalan jaune (Terminalia Chebula)<\/strong> : Purifie le cuir chevelu, combat les infections et pr\u00e9vient le vieillissement capillaire gr\u00e2ce \u00e0 ses propri\u00e9t\u00e9s antibact\u00e9riennes et antioxydantes.<\/p>\n<\/li>\n<li data-start=\"653\" data-end=\"798\">\n<p data-start=\"655\" data-end=\"798\"><strong data-start=\"655\" data-end=\"689\">Beleric (Terminalia Bellirica)<\/strong> : Connu pour ses vertus revitalisantes, il aide \u00e0 renforcer les cheveux et \u00e0 maintenir leur \u00e9clat naturel.<\/p>\n<\/li>\n<li data-start=\"800\" data-end=\"969\">\n<p data-start=\"802\" data-end=\"969\"><strong data-start=\"802\" data-end=\"851\">Extrait de salsepareille (Hemidesmus Indicus)<\/strong> : Apaise les inflammations, purifie le sang et favorise un cuir chevelu sain, r\u00e9duisant ainsi la chute des cheveux.<\/p>\n<\/li>\n<li data-start=\"971\" data-end=\"1159\">\n<p data-start=\"973\" data-end=\"1159\"><strong data-start=\"973\" data-end=\"1011\">Jatamansi (Nardostachys Jatamansi)<\/strong> : Plante ayurv\u00e9dique pr\u00e9cieuse pour la relaxation, elle stimule la pousse des cheveux et pr\u00e9vient leur chute tout en nourrissant le cuir chevelu.<\/p>\n<\/li>\n<li data-start=\"1161\" data-end=\"1366\">\n<p data-start=\"1163\" data-end=\"1366\"><strong data-start=\"1163\" data-end=\"1205\">Huile de s\u00e9same noir (Sesamum Indicum)<\/strong> : Hydrate en profondeur, nourrit les cheveux et prot\u00e8ge contre les agressions ext\u00e9rieures (pollution, UV). Elle aide aussi \u00e0 foncer naturellement les cheveux.<\/p>\n<\/li>\n<\/ul>\n<p data-start=\"1368\" data-end=\"1544\">Avec des ingr\u00e9dients <strong data-start=\"1389\" data-end=\"1414\">certifi\u00e9s biologiques<\/strong>, ce m\u00e9lange est id\u00e9al pour renforcer, nourrir et revitaliser naturellement les cheveux tout en maintenant un cuir chevelu sain.<\/p>","protected":false},"excerpt":{"rendered":"<p><strong>100% Natural | Organic. Any type of hair.<\/strong><br \/>\nL&rsquo;huile traitante est\u00a0 un soin <strong>ayurve\u0301dique traditionnel afin de revitaliser, renforcer la croissance naturelle,<\/strong> hair color and luster.<\/p>","protected":false},"featured_media":298,"template":"","meta":{"ocean_post_layout":"","ocean_both_sidebars_style":"","ocean_both_sidebars_content_width":0,"ocean_both_sidebars_sidebars_width":0,"ocean_sidebar":"0","ocean_second_sidebar":"0","ocean_disable_margins":"enable","ocean_add_body_class":"","ocean_shortcode_before_top_bar":"","ocean_shortcode_after_top_bar":"","ocean_shortcode_before_header":"","ocean_shortcode_after_header":"","ocean_has_shortcode":"","ocean_shortcode_after_title":"","ocean_shortcode_before_footer_widgets":"","ocean_shortcode_after_footer_widgets":"","ocean_shortcode_before_footer_bottom":"","ocean_shortcode_after_footer_bottom":"","ocean_display_top_bar":"default","ocean_display_header":"default","ocean_header_style":"","ocean_center_header_left_menu":"0","ocean_custom_header_template":"0","ocean_custom_logo":0,"ocean_custom_retina_logo":0,"ocean_custom_logo_max_width":0,"ocean_custom_logo_tablet_max_width":0,"ocean_custom_logo_mobile_max_width":0,"ocean_custom_logo_max_height":0,"ocean_custom_logo_tablet_max_height":0,"ocean_custom_logo_mobile_max_height":0,"ocean_header_custom_menu":"0","ocean_menu_typo_font_family":"0","ocean_menu_typo_font_subset":"","ocean_menu_typo_font_size":0,"ocean_menu_typo_font_size_tablet":0,"ocean_menu_typo_font_size_mobile":0,"ocean_menu_typo_font_size_unit":"px","ocean_menu_typo_font_weight":"","ocean_menu_typo_font_weight_tablet":"","ocean_menu_typo_font_weight_mobile":"","ocean_menu_typo_transform":"","ocean_menu_typo_transform_tablet":"","ocean_menu_typo_transform_mobile":"","ocean_menu_typo_line_height":0,"ocean_menu_typo_line_height_tablet":0,"ocean_menu_typo_line_height_mobile":0,"ocean_menu_typo_line_height_unit":"","ocean_menu_typo_spacing":0,"ocean_menu_typo_spacing_tablet":0,"ocean_menu_typo_spacing_mobile":0,"ocean_menu_typo_spacing_unit":"","ocean_menu_link_color":"","ocean_menu_link_color_hover":"","ocean_menu_link_color_active":"","ocean_menu_link_background":"","ocean_menu_link_hover_background":"","ocean_menu_link_active_background":"","ocean_menu_social_links_bg":"","ocean_menu_social_hover_links_bg":"","ocean_menu_social_links_color":"","ocean_menu_social_hover_links_color":"","ocean_disable_title":"default","ocean_disable_heading":"default","ocean_post_title":"","ocean_post_subheading":"","ocean_post_title_style":"","ocean_post_title_background_color":"","ocean_post_title_background":0,"ocean_post_title_bg_image_position":"","ocean_post_title_bg_image_attachment":"","ocean_post_title_bg_image_repeat":"","ocean_post_title_bg_image_size":"","ocean_post_title_height":0,"ocean_post_title_bg_overlay":0.5,"ocean_post_title_bg_overlay_color":"","ocean_disable_breadcrumbs":"default","ocean_breadcrumbs_color":"","ocean_breadcrumbs_separator_color":"","ocean_breadcrumbs_links_color":"","ocean_breadcrumbs_links_hover_color":"","ocean_display_footer_widgets":"default","ocean_display_footer_bottom":"default","ocean_custom_footer_template":"0"},"product_cat":[129,111,109,110,104],"product_tag":[],"class_list":{"0":"post-296","1":"product","2":"type-product","3":"status-publish","4":"has-post-thumbnail","6":"product_brand-rasasara-skinfood","7":"product_cat-cheveux-clairs","8":"product_cat-cheveux-colores","9":"product_cat-cheveux-secs-abimes","10":"product_cat-cuirs-chevelus-sensibles","11":"product_cat-huiles-de-beaute-masques","13":"entry","14":"has-media","16":"first","17":"instock","18":"taxable","19":"shipping-taxable","20":"purchasable","21":"product-type-simple","22":"has-product-nav","23":"col","24":"span_1_of_4","25":"owp-content-center","26":"owp-thumbs-layout-horizontal","27":"owp-btn-normal","28":"owp-tabs-layout-horizontal","29":"has-no-thumbnails"},"_links":{"self":[{"href":"https:\/\/awesomegreenbeauty.com\/en\/wp-json\/wp\/v2\/product\/296","targetHints":{"allow":["GET"]}}],"collection":[{"href":"https:\/\/awesomegreenbeauty.com\/en\/wp-json\/wp\/v2\/product"}],"about":[{"href":"https:\/\/awesomegreenbeauty.com\/en\/wp-json\/wp\/v2\/types\/product"}],"version-history":[{"count":0,"href":"https:\/\/awesomegreenbeauty.com\/en\/wp-json\/wp\/v2\/product\/296\/revisions"}],"wp:featuredmedia":[{"embeddable":true,"href":"https:\/\/awesomegreenbeauty.com\/en\/wp-json\/wp\/v2\/media\/298"}],"wp:attachment":[{"href":"https:\/\/awesomegreenbeauty.com\/en\/wp-json\/wp\/v2\/media?parent=296"}],"wp:term":[{"taxonomy":"product_cat","embeddable":true,"href":"https:\/\/awesomegreenbeauty.com\/en\/wp-json\/wp\/v2\/product_cat?post=296"},{"taxonomy":"product_tag","embeddable":true,"href":"https:\/\/awesomegreenbeauty.com\/en\/wp-json\/wp\/v2\/product_tag?post=296"}],"curies":[{"name":"wp","href":"https:\/\/api.w.org\/{rel}","templated":true}]}}