{"id":299,"date":"2019-08-28T18:42:14","date_gmt":"2019-08-28T16:42:14","guid":{"rendered":"https:\/\/www.mygreenbrands.fr\/?post_type=product&#038;p=299"},"modified":"2025-09-03T14:49:37","modified_gmt":"2025-09-03T12:49:37","slug":"rasasara-skinfood-baume-apres-shampoing-regenerant-nourrissant-revitalisant-475ml","status":"publish","type":"product","link":"https:\/\/awesomegreenbeauty.com\/en\/product\/rasasara-skinfood-baume-apres-shampoing-regenerant-nourrissant-revitalisant-475ml\/","title":{"rendered":"RASASARA SKINFOOD &#8211; Baume Apr\u00e8s-shampoing tout type de cheveux &#8211; 240ml \/475 ml"},"content":{"rendered":"<p>100% natural hair care made in small batches.<br \/>\nUn baume apre\u0300s shampoing re\u0301ge\u0301ne\u0301rant, nourrissant et revitalisant infuse\u0301 <a href=\"https:\/\/awesomegreenbeauty.com\/en\/\" target=\"_blank\" rel=\"noopener\"><strong>d\u2019herbes ayurve\u0301diques<\/strong><\/a> traditionnelles et de \u00ab brahmi \u00bb. Les huiles d&rsquo;amande et d&rsquo;eucalyptus pre\u0301viennent et diminuent la chute des cheveux, favorisent leur croissance et donnent ou redonnent vitalite\u0301 aux cheveux ternes favorisant leur souplesse et brillance.<br \/>\nCet apre\u0300s shampoing re\u0301ge\u0301ne\u0301rant nourrissant et revitalisant contient<strong><a href=\"https:\/\/www.santemagazine.fr\/beaute-forme\/soins-ayurvediques-quels-sont-les-bienfaits-de-layurveda-en-cosmetique-890988?\" target=\"_blank\" rel=\"noopener\"> du Brahm<\/a>i,<\/strong> aussi connu sous le nom de Bacopa Monnieri, issu d\u2019une <a href=\"https:\/\/www.santemagazine.fr\/medecines-alternatives\/approches-naturelles\/phytotherapie\/phytotherapie-mode-demploi-comment-utiliser-les-plantes-pour-se-soigner-177037?\" target=\"_blank\" rel=\"noopener\"><strong>plante adaptoge\u0300ne<\/strong><\/a>, l\u2019hysope d\u2019eau, poussant exclusivement en Inde, au Ne\u0301pal, en Chine ou dans les pays tropicaux. Cette dernie\u0300re est reconnue notamment pour favoriser la repousse des cheveux, tout en les e\u0301paississant et les rendant brillants.<\/p>\n<h3 style=\"text-align: left;\">Les ingr\u00e9dients principaux &amp; leurs b\u00e9n\u00e9fices de ce\u00a0baume apre\u0300s shampoing re\u0301ge\u0301ne\u0301rant nourrissant et revitalisant<\/h3>\n<h3 style=\"text-align: left;\"><a href=\"https:\/\/www.bioferta.com\/fr\/smartblog\/84_huile-vegetale-huile-essentielle-qualite-diff.html?\" target=\"_blank\" rel=\"noopener\">Huiles V\u00e9g\u00e9tales<\/a> :<\/h3>\n<p><strong>Huile de brahmi<\/strong> (Bacopa Monnieri) : Stimule la pousse des cheveux et renforce les racines.<br \/>\n<strong>Huile d\u2019amande<\/strong> (Prunus Dulcis) : Tr\u00e8s nourrissante, elle adoucit et r\u00e9pare les cheveux secs et ab\u00eem\u00e9s.<br \/>\n<strong>Huile de cam\u00e9lia<\/strong> (Camellia Sinensis) : Riche en antioxydants, elle prot\u00e8ge et apporte de la douceur aux cheveux.<br \/>\n<strong>Huile de vitamine E<\/strong> (Tocoph\u00e9rol ac\u00e9tate) : Prot\u00e8ge les cheveux des agressions ext\u00e9rieures gr\u00e2ce \u00e0 son pouvoir antioxydant.<\/p>\n<h4><a href=\"https:\/\/www.bioferta.com\/fr\/smartblog\/84_huile-vegetale-huile-essentielle-qualite-diff.html?\" target=\"_blank\" rel=\"noopener\">Huiles Essentielles<\/a> :<\/h4>\n<p><strong>Huile essentielle d\u2019eucalyptu<\/strong>s (Eucalyptus radiata Ssp. Radiata) : Apporte une sensation de fra\u00eecheur et stimule le cuir chevelu.<br \/>\n<strong>Huile essentielle d\u2019orange<\/strong> (Citrus Sinensis) : Poss\u00e8de des propri\u00e9t\u00e9s purifiantes et tonifiantes.<br \/>\n<strong>Lemon essential oil<\/strong> (Citrus Limon) : R\u00e9gule l\u2019exc\u00e8s de s\u00e9bum et apporte de l\u2019\u00e9clat.<br \/>\n<strong>Huile essentielle de mandarine<\/strong> (Citrus Reticulata) : Apaisante, elle donne un parfum agr\u00e9able et favorise la d\u00e9tente;<\/p>\n<p>Ce baume apre\u0300s shampoing re\u0301ge\u0301ne\u0301rant nourrissant et revitalisant t est un soin capillaire naturel, id\u00e9al pour nourrir, apaiser et prot\u00e9ger les cheveux.<strong> Il convient particuli\u00e8rement aux cuirs chevelus sensibles et aux cheveux secs ou ab\u00eem\u00e9s gr\u00e2ce \u00e0 ses huiles v\u00e9g\u00e9tales et extraits de plantes biologiques.<\/strong><\/p>\n<p>&nbsp;<\/p>","protected":false},"excerpt":{"rendered":"<p class=\"translation-block\">Almond and eucalyptus oils prevent and reduce hair loss, promote their growth and give or restore vitality to dull hair promoting their flexibility and shine.<\/p>\n<p><strong>Il convient particuli\u00e8rement aux cuirs chevelus sensibles et aux cheveux secs ou ab\u00eem\u00e9s gr\u00e2ce \u00e0 ses huiles v\u00e9g\u00e9tales et extraits de plantes biologiques.<\/strong><\/p>","protected":false},"featured_media":38296,"template":"","meta":{"ocean_post_layout":"","ocean_both_sidebars_style":"","ocean_both_sidebars_content_width":0,"ocean_both_sidebars_sidebars_width":0,"ocean_sidebar":"0","ocean_second_sidebar":"0","ocean_disable_margins":"enable","ocean_add_body_class":"","ocean_shortcode_before_top_bar":"","ocean_shortcode_after_top_bar":"","ocean_shortcode_before_header":"","ocean_shortcode_after_header":"","ocean_has_shortcode":"","ocean_shortcode_after_title":"","ocean_shortcode_before_footer_widgets":"","ocean_shortcode_after_footer_widgets":"","ocean_shortcode_before_footer_bottom":"","ocean_shortcode_after_footer_bottom":"","ocean_display_top_bar":"default","ocean_display_header":"default","ocean_header_style":"","ocean_center_header_left_menu":"0","ocean_custom_header_template":"0","ocean_custom_logo":0,"ocean_custom_retina_logo":0,"ocean_custom_logo_max_width":0,"ocean_custom_logo_tablet_max_width":0,"ocean_custom_logo_mobile_max_width":0,"ocean_custom_logo_max_height":0,"ocean_custom_logo_tablet_max_height":0,"ocean_custom_logo_mobile_max_height":0,"ocean_header_custom_menu":"0","ocean_menu_typo_font_family":"0","ocean_menu_typo_font_subset":"","ocean_menu_typo_font_size":0,"ocean_menu_typo_font_size_tablet":0,"ocean_menu_typo_font_size_mobile":0,"ocean_menu_typo_font_size_unit":"px","ocean_menu_typo_font_weight":"","ocean_menu_typo_font_weight_tablet":"","ocean_menu_typo_font_weight_mobile":"","ocean_menu_typo_transform":"","ocean_menu_typo_transform_tablet":"","ocean_menu_typo_transform_mobile":"","ocean_menu_typo_line_height":0,"ocean_menu_typo_line_height_tablet":0,"ocean_menu_typo_line_height_mobile":0,"ocean_menu_typo_line_height_unit":"","ocean_menu_typo_spacing":0,"ocean_menu_typo_spacing_tablet":0,"ocean_menu_typo_spacing_mobile":0,"ocean_menu_typo_spacing_unit":"","ocean_menu_link_color":"","ocean_menu_link_color_hover":"","ocean_menu_link_color_active":"","ocean_menu_link_background":"","ocean_menu_link_hover_background":"","ocean_menu_link_active_background":"","ocean_menu_social_links_bg":"","ocean_menu_social_hover_links_bg":"","ocean_menu_social_links_color":"","ocean_menu_social_hover_links_color":"","ocean_disable_title":"default","ocean_disable_heading":"default","ocean_post_title":"","ocean_post_subheading":"","ocean_post_title_style":"","ocean_post_title_background_color":"","ocean_post_title_background":0,"ocean_post_title_bg_image_position":"","ocean_post_title_bg_image_attachment":"","ocean_post_title_bg_image_repeat":"","ocean_post_title_bg_image_size":"","ocean_post_title_height":0,"ocean_post_title_bg_overlay":0.5,"ocean_post_title_bg_overlay_color":"","ocean_disable_breadcrumbs":"default","ocean_breadcrumbs_color":"","ocean_breadcrumbs_separator_color":"","ocean_breadcrumbs_links_color":"","ocean_breadcrumbs_links_hover_color":"","ocean_display_footer_widgets":"default","ocean_display_footer_bottom":"default","ocean_custom_footer_template":"0"},"product_cat":[103,129,111,193,109,110],"product_tag":[],"class_list":{"0":"post-299","1":"product","2":"type-product","3":"status-publish","4":"has-post-thumbnail","6":"product_brand-rasasara-skinfood","7":"product_cat-baumes-demelants","8":"product_cat-cheveux-clairs","9":"product_cat-cheveux-colores","10":"product_cat-cheveux-normaux-a-gras","11":"product_cat-cheveux-secs-abimes","12":"product_cat-cuirs-chevelus-sensibles","14":"entry","15":"has-media","17":"first","18":"instock","19":"taxable","20":"shipping-taxable","21":"purchasable","22":"product-type-variable","23":"has-product-nav","24":"col","25":"span_1_of_4","26":"owp-content-center","27":"owp-thumbs-layout-horizontal","28":"owp-btn-normal","29":"owp-tabs-layout-horizontal","30":"has-no-thumbnails"},"_links":{"self":[{"href":"https:\/\/awesomegreenbeauty.com\/en\/wp-json\/wp\/v2\/product\/299","targetHints":{"allow":["GET"]}}],"collection":[{"href":"https:\/\/awesomegreenbeauty.com\/en\/wp-json\/wp\/v2\/product"}],"about":[{"href":"https:\/\/awesomegreenbeauty.com\/en\/wp-json\/wp\/v2\/types\/product"}],"version-history":[{"count":0,"href":"https:\/\/awesomegreenbeauty.com\/en\/wp-json\/wp\/v2\/product\/299\/revisions"}],"wp:featuredmedia":[{"embeddable":true,"href":"https:\/\/awesomegreenbeauty.com\/en\/wp-json\/wp\/v2\/media\/38296"}],"wp:attachment":[{"href":"https:\/\/awesomegreenbeauty.com\/en\/wp-json\/wp\/v2\/media?parent=299"}],"wp:term":[{"taxonomy":"product_cat","embeddable":true,"href":"https:\/\/awesomegreenbeauty.com\/en\/wp-json\/wp\/v2\/product_cat?post=299"},{"taxonomy":"product_tag","embeddable":true,"href":"https:\/\/awesomegreenbeauty.com\/en\/wp-json\/wp\/v2\/product_tag?post=299"}],"curies":[{"name":"wp","href":"https:\/\/api.w.org\/{rel}","templated":true}]}}