{"id":303,"date":"2019-08-28T18:48:25","date_gmt":"2019-08-28T16:48:25","guid":{"rendered":"https:\/\/www.mygreenbrands.fr\/?post_type=product&#038;p=303"},"modified":"2025-11-14T13:47:42","modified_gmt":"2025-11-14T12:47:42","slug":"rasasara-skinfood-shampoing-ayurvedique-doux-tout-type-cheveux-475ml","status":"publish","type":"product","link":"https:\/\/awesomegreenbeauty.com\/en\/product\/rasasara-skinfood-shampoing-ayurvedique-doux-tout-type-cheveux-475ml\/","title":{"rendered":"RASASARA SKINFOOD &#8211; Shampoing tout type de cheveux- 240\/475 ml"},"content":{"rendered":"<p>Ce shampoing ayurv\u00e9dique doux pour tout type de cheveux re\u0301pare, nourrit et nettoie en douceur vos cheveux et leur apporte brillance. Les <strong data-start=\"4\" data-end=\"32\">shampooings ayurv\u00e9diques<\/strong> sont formul\u00e9s \u00e0 base de <strong data-start=\"57\" data-end=\"94\">plantes et d&rsquo;ingr\u00e9dients naturels<\/strong> issus de la tradition de l&rsquo;Ayurveda.<\/p>\n<p>Ces shampooings sont con\u00e7us pour \u00e9quilibrer les <strong data-start=\"180\" data-end=\"190\">doshas<\/strong> (Vata, Pitta, Kapha) tout en prenant soin du cuir chevelu et des cheveux.<\/p>\n<p>Voici un aper\u00e7u des <strong data-start=\"285\" data-end=\"305\">ingr\u00e9dients cl\u00e9s<\/strong> et des <strong data-start=\"313\" data-end=\"326\">b\u00e9n\u00e9fices<\/strong> de ce shampooins ayurv\u00e9dique doux pour tout type de cheveux:<\/p>\n<h3>Les ingr\u00e9dients cl\u00e9s &amp; leurs b\u00e9n\u00e9fices<\/h3>\n<h4 data-start=\"2093\" data-end=\"2134\"><strong data-start=\"2098\" data-end=\"2134\">Jojoba (Simmondsia chinensis)<\/strong><\/h4>\n<p>Hydratante, \u00e9quilibrante pour la production de s\u00e9bum.<\/p>\n<h4 data-start=\"2340\" data-end=\"2383\"><strong data-start=\"2345\" data-end=\"2383\">Cypr\u00e8s (Cupressus sempervirens)<\/strong><\/h4>\n<p>Tonifiante, r\u00e9gule la production de s\u00e9bum, propri\u00e9t\u00e9s astringentes.<\/p>\n<p>Effets antiseptiques et \u00e9quilibrants confirm\u00e9s en aromath\u00e9rapie (<a href=\"https:\/\/www.sciencedirect.com\/\" target=\"_new\" rel=\"noopener\" data-start=\"2552\" data-end=\"2599\">ScienceDirect<\/a>).<\/p>\n<h4 data-start=\"2603\" data-end=\"2649\"><strong data-start=\"2608\" data-end=\"2649\">Citron vert (Citrus aurantiifolia)<\/strong><\/h4>\n<h4 data-start=\"2603\" data-end=\"2649\">Rafra\u00eechissant, purifiant, antibact\u00e9rien.<\/h4>\n<h4 data-start=\"2892\" data-end=\"2940\"><strong data-start=\"2897\" data-end=\"2940\">Orange sauvage (Capparis mitchellii)<\/strong><\/h4>\n<p>Antioxydante, booste l\u2019\u00e9clat.<\/p>\n<h4 data-start=\"3136\" data-end=\"3180\"><strong data-start=\"3141\" data-end=\"3180\">Lavande (Lavandula angustifolia)<\/strong><\/h4>\n<p>Apaisante, cicatrisante, anti-inflammatoire.<\/p>\n<h4 data-start=\"3384\" data-end=\"3423\"><strong data-start=\"3389\" data-end=\"3423\">Oliban (Boswellia carterii)<\/strong><\/h4>\n<h4 data-start=\"3384\" data-end=\"3423\">R\u00e9g\u00e9n\u00e9rant, anti-\u00e2ge, r\u00e9duit les inflammations<\/h4>\n<p>&nbsp;<\/p>","protected":false},"excerpt":{"rendered":"<p><strong>100% Naturel | Fabrique\u0301 a\u0300 la main | Tout type de Cheveux\u00a0 | Sp\u00e9cial brillance<\/strong><\/p>\n<p>Un shampoing re\u0301parateur pour nettoyer en douceur vos cheveux.<\/p>\n<p>La lavande et l&rsquo;orange sauvage assainissent le cuir\u00a0 chevelu et donnent de la brillance <strong>aux cheveux<\/strong>. Les graines de jojoba et d&rsquo;Oliban\u00a0 <strong>deeply hydrate and prevent hair loss<\/strong>.<\/p>","protected":false},"featured_media":38295,"template":"","meta":{"ocean_post_layout":"","ocean_both_sidebars_style":"","ocean_both_sidebars_content_width":0,"ocean_both_sidebars_sidebars_width":0,"ocean_sidebar":"0","ocean_second_sidebar":"0","ocean_disable_margins":"enable","ocean_add_body_class":"","ocean_shortcode_before_top_bar":"","ocean_shortcode_after_top_bar":"","ocean_shortcode_before_header":"","ocean_shortcode_after_header":"","ocean_has_shortcode":"","ocean_shortcode_after_title":"","ocean_shortcode_before_footer_widgets":"","ocean_shortcode_after_footer_widgets":"","ocean_shortcode_before_footer_bottom":"","ocean_shortcode_after_footer_bottom":"","ocean_display_top_bar":"default","ocean_display_header":"default","ocean_header_style":"","ocean_center_header_left_menu":"0","ocean_custom_header_template":"0","ocean_custom_logo":0,"ocean_custom_retina_logo":0,"ocean_custom_logo_max_width":0,"ocean_custom_logo_tablet_max_width":0,"ocean_custom_logo_mobile_max_width":0,"ocean_custom_logo_max_height":0,"ocean_custom_logo_tablet_max_height":0,"ocean_custom_logo_mobile_max_height":0,"ocean_header_custom_menu":"0","ocean_menu_typo_font_family":"0","ocean_menu_typo_font_subset":"","ocean_menu_typo_font_size":0,"ocean_menu_typo_font_size_tablet":0,"ocean_menu_typo_font_size_mobile":0,"ocean_menu_typo_font_size_unit":"px","ocean_menu_typo_font_weight":"","ocean_menu_typo_font_weight_tablet":"","ocean_menu_typo_font_weight_mobile":"","ocean_menu_typo_transform":"","ocean_menu_typo_transform_tablet":"","ocean_menu_typo_transform_mobile":"","ocean_menu_typo_line_height":0,"ocean_menu_typo_line_height_tablet":0,"ocean_menu_typo_line_height_mobile":0,"ocean_menu_typo_line_height_unit":"","ocean_menu_typo_spacing":0,"ocean_menu_typo_spacing_tablet":0,"ocean_menu_typo_spacing_mobile":0,"ocean_menu_typo_spacing_unit":"","ocean_menu_link_color":"","ocean_menu_link_color_hover":"","ocean_menu_link_color_active":"","ocean_menu_link_background":"","ocean_menu_link_hover_background":"","ocean_menu_link_active_background":"","ocean_menu_social_links_bg":"","ocean_menu_social_hover_links_bg":"","ocean_menu_social_links_color":"","ocean_menu_social_hover_links_color":"","ocean_disable_title":"default","ocean_disable_heading":"default","ocean_post_title":"","ocean_post_subheading":"","ocean_post_title_style":"","ocean_post_title_background_color":"","ocean_post_title_background":0,"ocean_post_title_bg_image_position":"","ocean_post_title_bg_image_attachment":"","ocean_post_title_bg_image_repeat":"","ocean_post_title_bg_image_size":"","ocean_post_title_height":0,"ocean_post_title_bg_overlay":0.5,"ocean_post_title_bg_overlay_color":"","ocean_disable_breadcrumbs":"default","ocean_breadcrumbs_color":"","ocean_breadcrumbs_separator_color":"","ocean_breadcrumbs_links_color":"","ocean_breadcrumbs_links_hover_color":"","ocean_display_footer_widgets":"default","ocean_display_footer_bottom":"default","ocean_custom_footer_template":"0"},"product_cat":[129,111,193,109,110,102,121,33],"product_tag":[],"class_list":{"0":"post-303","1":"product","2":"type-product","3":"status-publish","4":"has-post-thumbnail","6":"product_brand-rasasara-skinfood","7":"product_cat-cheveux-clairs","8":"product_cat-cheveux-colores","9":"product_cat-cheveux-normaux-a-gras","10":"product_cat-cheveux-secs-abimes","11":"product_cat-cuirs-chevelus-sensibles","12":"product_cat-shampoing","13":"product_cat-soins-des-cheveux-pere","14":"product_cat-soins-par-type-de-cheveux","16":"entry","17":"has-media","19":"first","20":"instock","21":"taxable","22":"shipping-taxable","23":"purchasable","24":"product-type-variable","25":"has-product-nav","26":"col","27":"span_1_of_4","28":"owp-content-center","29":"owp-thumbs-layout-horizontal","30":"owp-btn-normal","31":"owp-tabs-layout-horizontal"},"_links":{"self":[{"href":"https:\/\/awesomegreenbeauty.com\/en\/wp-json\/wp\/v2\/product\/303","targetHints":{"allow":["GET"]}}],"collection":[{"href":"https:\/\/awesomegreenbeauty.com\/en\/wp-json\/wp\/v2\/product"}],"about":[{"href":"https:\/\/awesomegreenbeauty.com\/en\/wp-json\/wp\/v2\/types\/product"}],"version-history":[{"count":0,"href":"https:\/\/awesomegreenbeauty.com\/en\/wp-json\/wp\/v2\/product\/303\/revisions"}],"wp:featuredmedia":[{"embeddable":true,"href":"https:\/\/awesomegreenbeauty.com\/en\/wp-json\/wp\/v2\/media\/38295"}],"wp:attachment":[{"href":"https:\/\/awesomegreenbeauty.com\/en\/wp-json\/wp\/v2\/media?parent=303"}],"wp:term":[{"taxonomy":"product_cat","embeddable":true,"href":"https:\/\/awesomegreenbeauty.com\/en\/wp-json\/wp\/v2\/product_cat?post=303"},{"taxonomy":"product_tag","embeddable":true,"href":"https:\/\/awesomegreenbeauty.com\/en\/wp-json\/wp\/v2\/product_tag?post=303"}],"curies":[{"name":"wp","href":"https:\/\/api.w.org\/{rel}","templated":true}]}}