{"id":3060,"date":"2020-06-12T17:40:52","date_gmt":"2020-06-12T15:40:52","guid":{"rendered":"https:\/\/mygreenbrands.com\/?post_type=product&#038;p=3060"},"modified":"2026-01-10T21:39:37","modified_gmt":"2026-01-10T20:39:37","slug":"rasasara-skinfood-vata-hydrolat-hydratant-apaisant-240ml","status":"publish","type":"product","link":"https:\/\/awesomegreenbeauty.com\/en\/product\/rasasara-skinfood-vata-hydrolat-hydratant-apaisant-240ml\/","title":{"rendered":"RASASARA SKINFOOD &#8211; Hydrolat VATA Hydratant &#038; apaisant- 100ml\/120ml\/240ml"},"content":{"rendered":"<p><a href=\"https:\/\/awesomegreenbeauty.com\/en\/les-peaux-matures-2\/\" target=\"_blank\" rel=\"noopener\"><strong>L\u2019hydrolat VATA<\/strong> <\/a>est formul\u00e9 pour hydrater et apaiser les tensions nerveuses li\u00e9es au stress et \u00e0 l&rsquo;anxi\u00e9t\u00e9. L\u2019hydrolat VATA est un \u00e9quilibrant de pH. Son utilisation fr\u00e9quente favorise une peau douce, hydrat\u00e9e et lumineuse.<\/p>\n<p>A noter : En ayurveda, l\u2019eau florale est utilis\u00e9e pour faciliter l\u2019absorption des huiles visage par la peau.<\/p>\n<h4><strong>Ingr\u00e9dients et b\u00e9n\u00e9fices<\/strong><\/h4>\n<ol data-start=\"158\" data-end=\"1859\">\n<li data-start=\"158\" data-end=\"459\">\n<p data-start=\"161\" data-end=\"208\"><strong data-start=\"161\" data-end=\"206\">Eau de fleur d&rsquo;oranger (Citrus aurantium)<\/strong> :<\/p>\n<ul data-start=\"212\" data-end=\"459\">\n<li data-start=\"212\" data-end=\"459\">Connue pour ses propri\u00e9t\u00e9s apaisantes et tonifiantes, l&rsquo;eau de fleur d&rsquo;oranger est souvent utilis\u00e9e dans les soins de la peau pour calmer les irritations et rafra\u00eechir le teint. Elle a \u00e9galement un parfum doux et relaxant, favorisant la d\u00e9tente.<\/li>\n<\/ul>\n<\/li>\n<li data-start=\"461\" data-end=\"681\">\n<p data-start=\"464\" data-end=\"482\"><strong data-start=\"464\" data-end=\"480\">Eau purifi\u00e9e<\/strong> :<\/p>\n<ul data-start=\"486\" data-end=\"681\">\n<li data-start=\"486\" data-end=\"681\">L&rsquo;eau purifi\u00e9e est un ingr\u00e9dient de base qui sert de solvant et de diluant dans de nombreux produits cosm\u00e9tiques, assurant une texture l\u00e9g\u00e8re et une meilleure absorption des autres ingr\u00e9dients.<\/li>\n<\/ul>\n<\/li>\n<li data-start=\"683\" data-end=\"992\">\n<p data-start=\"686\" data-end=\"745\"><strong data-start=\"686\" data-end=\"743\">G\u00e9ranium (Pelargonium graveolens) * huile essentielle<\/strong> :<\/p>\n<ul data-start=\"749\" data-end=\"992\">\n<li data-start=\"749\" data-end=\"992\">L&rsquo;huile essentielle de g\u00e9ranium est utilis\u00e9e pour ses propri\u00e9t\u00e9s \u00e9quilibrantes et r\u00e9g\u00e9n\u00e9ratrices. Elle est id\u00e9ale pour les peaux sensibles, gr\u00e2ce \u00e0 ses effets apaisants et r\u00e9parateurs. Elle aide \u00e9galement \u00e0 \u00e9quilibrer la production de s\u00e9bum.<\/li>\n<\/ul>\n<\/li>\n<li data-start=\"994\" data-end=\"1304\">\n<p data-start=\"997\" data-end=\"1041\"><strong data-start=\"997\" data-end=\"1039\">Extrait de pierre gemme de quartz rose<\/strong> :<\/p>\n<ul data-start=\"1045\" data-end=\"1304\">\n<li data-start=\"1045\" data-end=\"1304\">Le quartz rose est consid\u00e9r\u00e9 comme un cristal apaisant et revitalisant. En cosm\u00e9tique, il est utilis\u00e9 pour ses propri\u00e9t\u00e9s \u00e9nergisantes, favorisant un teint lumineux et une peau douce. Il est souvent li\u00e9 \u00e0 des effets \u00e9motionnels, apportant calme et s\u00e9r\u00e9nit\u00e9.<\/li>\n<\/ul>\n<\/li>\n<li data-start=\"1306\" data-end=\"1563\">\n<p data-start=\"1309\" data-end=\"1362\"><strong data-start=\"1309\" data-end=\"1360\">Extrait de ch\u00e8vrefeuille (Lonicera caprifolium)<\/strong> :<\/p>\n<ul data-start=\"1366\" data-end=\"1563\">\n<li data-start=\"1366\" data-end=\"1563\">Le ch\u00e8vrefeuille poss\u00e8de des propri\u00e9t\u00e9s antibact\u00e9riennes et apaisantes. Il est utilis\u00e9 pour hydrater la peau et lui donner un aspect lisse et \u00e9clatant, tout en calmant les inflammations cutan\u00e9es.<\/li>\n<\/ul>\n<\/li>\n<li data-start=\"1565\" data-end=\"1859\">\n<p data-start=\"1568\" data-end=\"1597\"><strong data-start=\"1568\" data-end=\"1595\">Sel fin de mer celtique<\/strong> :<\/p>\n<ul data-start=\"1601\" data-end=\"1859\">\n<li data-start=\"1601\" data-end=\"1859\">Le sel de mer celtique est riche en min\u00e9raux essentiels qui nourrissent la peau. Il est couramment utilis\u00e9 dans les gommages et les soins exfoliants pour \u00e9liminer les cellules mortes, tout en apportant une hydratation et une remin\u00e9ralisation en profondeur.<\/li>\n<\/ul>\n<\/li>\n<\/ol>\n<p data-start=\"1861\" data-end=\"2095\" data-is-last-node=\"\" data-is-only-node=\"\">Ces ingr\u00e9dients\u00a0 ont vocation \u00e0 apaiser, hydrater, \u00e9quilibrer et r\u00e9g\u00e9n\u00e9rer la peau tout en apportant une touche de bien-\u00eatre gr\u00e2ce \u00e0 leurs propri\u00e9t\u00e9s aromatiques et \u00e9nergisantes.<\/p>","protected":false},"excerpt":{"rendered":"<p class=\"ai-optimize-29\"><strong>100% Naturel | Fait main| Ingr\u00e9dients Bio | Peaux s\u00e8ches &amp; r\u00e9actives<\/strong><\/p>\n<p class=\"ai-optimize-30 translation-block\">Refreshing &amp; tonifying mist for vata skin &amp; imbalances, including: dryness, cracked skin, psoriasis &amp; eczema. Proper hydration is the key to clear and vibrant skin.<\/p>","protected":false},"featured_media":3061,"template":"","meta":{"ocean_post_layout":"","ocean_both_sidebars_style":"","ocean_both_sidebars_content_width":0,"ocean_both_sidebars_sidebars_width":0,"ocean_sidebar":"0","ocean_second_sidebar":"0","ocean_disable_margins":"enable","ocean_add_body_class":"","ocean_shortcode_before_top_bar":"","ocean_shortcode_after_top_bar":"","ocean_shortcode_before_header":"","ocean_shortcode_after_header":"","ocean_has_shortcode":"","ocean_shortcode_after_title":"","ocean_shortcode_before_footer_widgets":"","ocean_shortcode_after_footer_widgets":"","ocean_shortcode_before_footer_bottom":"","ocean_shortcode_after_footer_bottom":"","ocean_display_top_bar":"default","ocean_display_header":"default","ocean_header_style":"","ocean_center_header_left_menu":"0","ocean_custom_header_template":"0","ocean_custom_logo":0,"ocean_custom_retina_logo":0,"ocean_custom_logo_max_width":0,"ocean_custom_logo_tablet_max_width":0,"ocean_custom_logo_mobile_max_width":0,"ocean_custom_logo_max_height":0,"ocean_custom_logo_tablet_max_height":0,"ocean_custom_logo_mobile_max_height":0,"ocean_header_custom_menu":"0","ocean_menu_typo_font_family":"0","ocean_menu_typo_font_subset":"","ocean_menu_typo_font_size":0,"ocean_menu_typo_font_size_tablet":0,"ocean_menu_typo_font_size_mobile":0,"ocean_menu_typo_font_size_unit":"px","ocean_menu_typo_font_weight":"","ocean_menu_typo_font_weight_tablet":"","ocean_menu_typo_font_weight_mobile":"","ocean_menu_typo_transform":"","ocean_menu_typo_transform_tablet":"","ocean_menu_typo_transform_mobile":"","ocean_menu_typo_line_height":0,"ocean_menu_typo_line_height_tablet":0,"ocean_menu_typo_line_height_mobile":0,"ocean_menu_typo_line_height_unit":"","ocean_menu_typo_spacing":0,"ocean_menu_typo_spacing_tablet":0,"ocean_menu_typo_spacing_mobile":0,"ocean_menu_typo_spacing_unit":"","ocean_menu_link_color":"","ocean_menu_link_color_hover":"","ocean_menu_link_color_active":"","ocean_menu_link_background":"","ocean_menu_link_hover_background":"","ocean_menu_link_active_background":"","ocean_menu_social_links_bg":"","ocean_menu_social_hover_links_bg":"","ocean_menu_social_links_color":"","ocean_menu_social_hover_links_color":"","ocean_disable_title":"default","ocean_disable_heading":"default","ocean_post_title":"","ocean_post_subheading":"","ocean_post_title_style":"","ocean_post_title_background_color":"","ocean_post_title_background":0,"ocean_post_title_bg_image_position":"","ocean_post_title_bg_image_attachment":"","ocean_post_title_bg_image_repeat":"","ocean_post_title_bg_image_size":"","ocean_post_title_height":0,"ocean_post_title_bg_overlay":0.5,"ocean_post_title_bg_overlay_color":"","ocean_disable_breadcrumbs":"default","ocean_breadcrumbs_color":"","ocean_breadcrumbs_separator_color":"","ocean_breadcrumbs_links_color":"","ocean_breadcrumbs_links_hover_color":"","ocean_display_footer_widgets":"default","ocean_display_footer_bottom":"default","ocean_custom_footer_template":"0"},"product_cat":[34,24,78,87,91,90,119,20],"product_tag":[],"class_list":{"0":"post-3060","1":"product","2":"type-product","3":"status-publish","4":"has-post-thumbnail","6":"product_brand-rasasara-skinfood","7":"product_cat-pere","8":"product_cat-pere-bebe","9":"product_cat-lotions-hydrolats-brumises-bio-naturelles","10":"product_cat-peaux-matures","11":"product_cat-tout-type-de-peau","12":"product_cat-peaux-seches-deshydratees","13":"product_cat-soins-du-visage-pere","14":"product_cat-soins-du-visage","16":"entry","17":"has-media","19":"first","20":"outofstock","21":"taxable","22":"shipping-taxable","23":"purchasable","24":"product-type-variable","25":"has-product-nav","26":"col","27":"span_1_of_4","28":"owp-content-center","29":"owp-thumbs-layout-horizontal","30":"owp-btn-normal","31":"owp-tabs-layout-horizontal","32":"has-no-thumbnails"},"_links":{"self":[{"href":"https:\/\/awesomegreenbeauty.com\/en\/wp-json\/wp\/v2\/product\/3060","targetHints":{"allow":["GET"]}}],"collection":[{"href":"https:\/\/awesomegreenbeauty.com\/en\/wp-json\/wp\/v2\/product"}],"about":[{"href":"https:\/\/awesomegreenbeauty.com\/en\/wp-json\/wp\/v2\/types\/product"}],"version-history":[{"count":0,"href":"https:\/\/awesomegreenbeauty.com\/en\/wp-json\/wp\/v2\/product\/3060\/revisions"}],"wp:featuredmedia":[{"embeddable":true,"href":"https:\/\/awesomegreenbeauty.com\/en\/wp-json\/wp\/v2\/media\/3061"}],"wp:attachment":[{"href":"https:\/\/awesomegreenbeauty.com\/en\/wp-json\/wp\/v2\/media?parent=3060"}],"wp:term":[{"taxonomy":"product_cat","embeddable":true,"href":"https:\/\/awesomegreenbeauty.com\/en\/wp-json\/wp\/v2\/product_cat?post=3060"},{"taxonomy":"product_tag","embeddable":true,"href":"https:\/\/awesomegreenbeauty.com\/en\/wp-json\/wp\/v2\/product_tag?post=3060"}],"curies":[{"name":"wp","href":"https:\/\/api.w.org\/{rel}","templated":true}]}}