{"id":3062,"date":"2020-06-12T17:48:24","date_gmt":"2020-06-12T15:48:24","guid":{"rendered":"https:\/\/mygreenbrands.com\/?post_type=product&#038;p=3062"},"modified":"2025-04-26T14:44:15","modified_gmt":"2025-04-26T12:44:15","slug":"rasasara-skinfood-kapha-hydrolat-antiimperfections-120ml","status":"publish","type":"product","link":"https:\/\/awesomegreenbeauty.com\/en\/product\/rasasara-skinfood-kapha-hydrolat-antiimperfections-120ml\/","title":{"rendered":"RASASARA SKINFOOD &#8211; KAPHA Hydrolat Hydratant + Anti-imperfections- 120ml\/240ml"},"content":{"rendered":"<p>Hydrolat anti-imperfections Kapha permet de r\u00e9\u00e9quilibrer et rafra\u00eechir la peau, \u00a0de traiter les pores dilat\u00e9s, et de pr\u00e9venir les points noirs. Partie int\u00e9grante de la <a href=\"https:\/\/awesomegreenbeauty.com\/en\/les-peaux-a-imperfections\/\" target=\"_blank\" rel=\"noopener\"><strong>routine anti-imperfections<\/strong><\/a> pr\u00e9conis\u00e9e par Awesome.<\/p>\n<p class=\"\" data-start=\"143\" data-end=\"427\">D\u00e9couvrez l&rsquo;\u00e9quilibre parfait entre soin de la peau et bien-\u00eatre \u00e9motionnel avec l&rsquo;hydrolat anti-imperfections de Rasasara Skinfood, marque de soins ayurv\u00e9dique. Formul\u00e9e avec des extraits botaniques pr\u00e9cieux et infus\u00e9e \u00e0 la cornaline, cette brume revitalise votre peau tout en harmonisant vos \u00e9nergies.<\/p>\n<h3 data-start=\"429\" data-end=\"453\"><strong data-start=\"429\" data-end=\"451\">Ingr\u00e9dients cl\u00e9s de cet hydrolat anti-imperfections<\/strong><\/h3>\n<ul data-start=\"454\" data-end=\"1281\">\n<li class=\"\" data-start=\"454\" data-end=\"609\">\n<p class=\"\" data-start=\"456\" data-end=\"609\"><strong data-start=\"456\" data-end=\"500\">Eau de camomille (Matricaria chamomilla)<\/strong> : Connue pour ses propri\u00e9t\u00e9s apaisantes et anti-inflammatoires, id\u00e9ale pour les peaux sensibles ou irrit\u00e9es.<\/p>\n<\/li>\n<li class=\"\" data-start=\"610\" data-end=\"700\">\n<p class=\"\" data-start=\"612\" data-end=\"700\"><strong data-start=\"612\" data-end=\"628\">Eau purifi\u00e9e<\/strong> : Base douce et neutre, respectueuse de l&rsquo;\u00e9quilibre naturel de la peau.<\/p>\n<\/li>\n<li class=\"\" data-start=\"701\" data-end=\"827\">\n<p class=\"\" data-start=\"703\" data-end=\"827\"><strong data-start=\"703\" data-end=\"760\">Huile essentielle de lavande (Lavandula angustifolia)<\/strong> : Relaxante, r\u00e9g\u00e9n\u00e9rante, favorise la d\u00e9tente et la cicatrisation.<\/p>\n<\/li>\n<li class=\"\" data-start=\"828\" data-end=\"988\">\n<p class=\"\" data-start=\"830\" data-end=\"988\"><strong data-start=\"830\" data-end=\"874\">Extrait de pierre pr\u00e9cieuse de cornaline<\/strong> : Pierre d&rsquo;ancrage et de vitalit\u00e9, la cornaline aide \u00e0 stimuler la confiance en soi et \u00e0 \u00e9quilibrer les \u00e9motions.<\/p>\n<\/li>\n<li class=\"\" data-start=\"989\" data-end=\"1133\">\n<p class=\"\" data-start=\"991\" data-end=\"1133\"><strong data-start=\"991\" data-end=\"1048\">Extrait de p\u00e9pins de pamplemousse (Citrus x paradisi)<\/strong> : Riche en antioxydants, aide \u00e0 prot\u00e9ger la peau et agit comme conservateur naturel.<\/p>\n<\/li>\n<li class=\"\" data-start=\"1134\" data-end=\"1281\">\n<p class=\"\" data-start=\"1136\" data-end=\"1281\"><strong data-start=\"1136\" data-end=\"1184\">Solubilisant \u00e0 base d\u2019amande (Prunus dulcis)<\/strong> : Permet une dispersion homog\u00e8ne des huiles essentielles tout en apportant douceur et nutrition.<\/p>\n<\/li>\n<\/ul>\n<p>A savoir la cornaline a des b\u00e9n\u00e9fices insoup\u00e7onn\u00e9s :<\/p>\n<ul>\n<li class=\"\" data-start=\"171\" data-end=\"450\">\n<p class=\"\" data-start=\"173\" data-end=\"450\"><strong data-start=\"173\" data-end=\"211\">Stimulation de la microcirculation<\/strong> :<br data-start=\"213\" data-end=\"216\" \/>La cornaline est traditionnellement associ\u00e9e \u00e0 l&rsquo;activation de l\u2019\u00e9nergie vitale. Sur la peau, cela se traduit par un effet <strong data-start=\"339\" data-end=\"352\">tonifiant<\/strong> : elle peut aider \u00e0 <strong data-start=\"373\" data-end=\"403\">r\u00e9veiller l\u2019\u00e9clat du teint<\/strong> and to <strong data-start=\"409\" data-end=\"449\">favoriser la r\u00e9g\u00e9n\u00e9ration cellulaire<\/strong>.<\/p>\n<\/li>\n<li class=\"\" data-start=\"452\" data-end=\"637\">\n<p class=\"\" data-start=\"454\" data-end=\"637\"><strong data-start=\"454\" data-end=\"476\">Effet revitalisant<\/strong> :<br data-start=\"478\" data-end=\"481\" \/>Gr\u00e2ce \u00e0 ses vibrations \u00e9nerg\u00e9tiques chaudes (couleur rouge-orang\u00e9e), la cornaline est consid\u00e9r\u00e9e comme <strong data-start=\"584\" data-end=\"601\">revitalisante<\/strong> pour les peaux fatigu\u00e9es ou ternes.<\/p>\n<\/li>\n<li class=\"\" data-start=\"639\" data-end=\"888\">\n<p class=\"\" data-start=\"641\" data-end=\"888\"><strong data-start=\"641\" data-end=\"676\">Soutien \u00e0 la r\u00e9paration cutan\u00e9e<\/strong> :<br data-start=\"678\" data-end=\"681\" \/>Certaines marques de cosm\u00e9tique \u00e9nerg\u00e9tique estiment que l&rsquo;\u00e9nergie de la cornaline peut <strong data-start=\"769\" data-end=\"819\">soutenir le processus de r\u00e9paration de la peau<\/strong>, aidant les peaux fragilis\u00e9es ou sujettes au stress environnemental.<\/p>\n<\/li>\n<\/ul>\n<h3 data-start=\"1283\" data-end=\"1533\"><strong data-start=\"1283\" data-end=\"1298\">Bienfaits de cet hydrolat anti-imperfections<\/strong><\/h3>\n<h3 data-start=\"1283\" data-end=\"1533\"><br data-start=\"1298\" data-end=\"1301\" \/>\u2728 Apaise les rougeurs et irritations.<br data-start=\"1338\" data-end=\"1341\" \/>\u2728 Revitalise l\u2019\u00e9clat de la peau.<br data-start=\"1373\" data-end=\"1376\" \/>\u2728 Apporte une sensation de fra\u00eecheur imm\u00e9diate.<br data-start=\"1423\" data-end=\"1426\" \/>\u2728 Favorise la relaxation et l\u2019\u00e9quilibre \u00e9motionnel.<br data-start=\"1477\" data-end=\"1480\" \/>\u2728 Purifie et prot\u00e8ge gr\u00e2ce aux antioxydants naturels.<\/h3>","protected":false},"excerpt":{"rendered":"<p><strong>100% Naturel | Fait main | Ingr\u00e9dients Bio | Peaux mixtes &amp; grasses<\/strong><\/p>\n<p>L\u2019 hydrolat KAPHA <strong>rafra\u00eechit et apaise<\/strong> la peau,<strong> r\u00e9\u00e9quilibre et hydrate les peaux grasses et mixtes sujettes aux points noirs et imperfections<\/strong>. L\u2019hydrolat KAPHA facilite l\u2019application et la p\u00e9n\u00e9tration de l\u2019huile de beaut\u00e9 traitante KAPHA et en multiplie les bienfaits.<\/p>\n<p>A retenir : <strong>une bonne hydratation est la cl\u00e9 d\u2019une peau saine et lumineuse<\/strong>.<\/p>\n<ul>\n<li class=\"\" data-start=\"1050\" data-end=\"1087\">\n<p class=\"\" data-start=\"1052\" data-end=\"1087\">Hydrate et rafra\u00eechit imm\u00e9diatement<\/p>\n<\/li>\n<li class=\"\" data-start=\"1088\" data-end=\"1144\">\n<p class=\"\" data-start=\"1090\" data-end=\"1144\">Apaise les peaux sensibles et sujettes aux irritations<\/p>\n<\/li>\n<li class=\"\" data-start=\"1145\" data-end=\"1180\">\n<p class=\"\" data-start=\"1147\" data-end=\"1180\">Booste l&rsquo;\u00e9clat naturel de la peau<\/p>\n<\/li>\n<\/ul>","protected":false},"featured_media":3063,"template":"","meta":{"ocean_post_layout":"","ocean_both_sidebars_style":"","ocean_both_sidebars_content_width":0,"ocean_both_sidebars_sidebars_width":0,"ocean_sidebar":"0","ocean_second_sidebar":"0","ocean_disable_margins":"enable","ocean_add_body_class":"","ocean_shortcode_before_top_bar":"","ocean_shortcode_after_top_bar":"","ocean_shortcode_before_header":"","ocean_shortcode_after_header":"","ocean_has_shortcode":"","ocean_shortcode_after_title":"","ocean_shortcode_before_footer_widgets":"","ocean_shortcode_after_footer_widgets":"","ocean_shortcode_before_footer_bottom":"","ocean_shortcode_after_footer_bottom":"","ocean_display_top_bar":"default","ocean_display_header":"default","ocean_header_style":"","ocean_center_header_left_menu":"0","ocean_custom_header_template":"0","ocean_custom_logo":0,"ocean_custom_retina_logo":0,"ocean_custom_logo_max_width":0,"ocean_custom_logo_tablet_max_width":0,"ocean_custom_logo_mobile_max_width":0,"ocean_custom_logo_max_height":0,"ocean_custom_logo_tablet_max_height":0,"ocean_custom_logo_mobile_max_height":0,"ocean_header_custom_menu":"0","ocean_menu_typo_font_family":"0","ocean_menu_typo_font_subset":"","ocean_menu_typo_font_size":0,"ocean_menu_typo_font_size_tablet":0,"ocean_menu_typo_font_size_mobile":0,"ocean_menu_typo_font_size_unit":"px","ocean_menu_typo_font_weight":"","ocean_menu_typo_font_weight_tablet":"","ocean_menu_typo_font_weight_mobile":"","ocean_menu_typo_transform":"","ocean_menu_typo_transform_tablet":"","ocean_menu_typo_transform_mobile":"","ocean_menu_typo_line_height":0,"ocean_menu_typo_line_height_tablet":0,"ocean_menu_typo_line_height_mobile":0,"ocean_menu_typo_line_height_unit":"","ocean_menu_typo_spacing":0,"ocean_menu_typo_spacing_tablet":0,"ocean_menu_typo_spacing_mobile":0,"ocean_menu_typo_spacing_unit":"","ocean_menu_link_color":"","ocean_menu_link_color_hover":"","ocean_menu_link_color_active":"","ocean_menu_link_background":"","ocean_menu_link_hover_background":"","ocean_menu_link_active_background":"","ocean_menu_social_links_bg":"","ocean_menu_social_hover_links_bg":"","ocean_menu_social_links_color":"","ocean_menu_social_hover_links_color":"","ocean_disable_title":"default","ocean_disable_heading":"default","ocean_post_title":"","ocean_post_subheading":"","ocean_post_title_style":"","ocean_post_title_background_color":"","ocean_post_title_background":0,"ocean_post_title_bg_image_position":"","ocean_post_title_bg_image_attachment":"","ocean_post_title_bg_image_repeat":"","ocean_post_title_bg_image_size":"","ocean_post_title_height":0,"ocean_post_title_bg_overlay":0.5,"ocean_post_title_bg_overlay_color":"","ocean_disable_breadcrumbs":"default","ocean_breadcrumbs_color":"","ocean_breadcrumbs_separator_color":"","ocean_breadcrumbs_links_color":"","ocean_breadcrumbs_links_hover_color":"","ocean_display_footer_widgets":"default","ocean_display_footer_bottom":"default","ocean_custom_footer_template":"0"},"product_cat":[34,24,78,89,91,119,29,20],"product_tag":[],"class_list":{"0":"post-3062","1":"product","2":"type-product","3":"status-publish","4":"has-post-thumbnail","6":"product_brand-rasasara-skinfood","7":"product_cat-pere","8":"product_cat-pere-bebe","9":"product_cat-lotions-hydrolats-brumises-bio-naturelles","10":"product_cat-peaux-grasses-mixtes","11":"product_cat-tout-type-de-peau","12":"product_cat-soins-du-visage-pere","13":"product_cat-soins-par-type-de-peaux","14":"product_cat-soins-du-visage","16":"entry","17":"has-media","19":"first","20":"instock","21":"taxable","22":"shipping-taxable","23":"purchasable","24":"product-type-variable","25":"has-product-nav","26":"col","27":"span_1_of_4","28":"owp-content-center","29":"owp-thumbs-layout-horizontal","30":"owp-btn-normal","31":"owp-tabs-layout-horizontal","32":"has-no-thumbnails"},"_links":{"self":[{"href":"https:\/\/awesomegreenbeauty.com\/en\/wp-json\/wp\/v2\/product\/3062","targetHints":{"allow":["GET"]}}],"collection":[{"href":"https:\/\/awesomegreenbeauty.com\/en\/wp-json\/wp\/v2\/product"}],"about":[{"href":"https:\/\/awesomegreenbeauty.com\/en\/wp-json\/wp\/v2\/types\/product"}],"version-history":[{"count":0,"href":"https:\/\/awesomegreenbeauty.com\/en\/wp-json\/wp\/v2\/product\/3062\/revisions"}],"wp:featuredmedia":[{"embeddable":true,"href":"https:\/\/awesomegreenbeauty.com\/en\/wp-json\/wp\/v2\/media\/3063"}],"wp:attachment":[{"href":"https:\/\/awesomegreenbeauty.com\/en\/wp-json\/wp\/v2\/media?parent=3062"}],"wp:term":[{"taxonomy":"product_cat","embeddable":true,"href":"https:\/\/awesomegreenbeauty.com\/en\/wp-json\/wp\/v2\/product_cat?post=3062"},{"taxonomy":"product_tag","embeddable":true,"href":"https:\/\/awesomegreenbeauty.com\/en\/wp-json\/wp\/v2\/product_tag?post=3062"}],"curies":[{"name":"wp","href":"https:\/\/api.w.org\/{rel}","templated":true}]}}