{"id":3064,"date":"2020-06-12T18:01:17","date_gmt":"2020-06-12T16:01:17","guid":{"rendered":"https:\/\/mygreenbrands.com\/?post_type=product&#038;p=3064"},"modified":"2026-02-05T20:00:22","modified_gmt":"2026-02-05T19:00:22","slug":"rasasara-skinfood-brume-hydratante-rafraichissante-apaisante","status":"publish","type":"product","link":"https:\/\/awesomegreenbeauty.com\/en\/product\/rasasara-skinfood-brume-hydratante-rafraichissante-apaisante\/","title":{"rendered":"RASASARA SKINFOOD &#8211; PITTA Hydrolat hydratant &#8211; 100ml\/120ml\/240ml"},"content":{"rendered":"<p>La brume hydratante, rafraichissante et apaisante d\u00e9di\u00e9e aux <a href=\"https:\/\/awesomegreenbeauty.com\/en\/routines-peaux-sensibles-reactives\/\" target=\"_blank\" rel=\"noopener\">peaux sensibles<\/a>.<\/p>\n<p>La brume Pitta permet de r\u00e9\u00e9quilibrer le PH des peaux sensibles, sujettes aux inflammations et aux rougeurs.<\/p>\n<p>La pr\u00e9sence d&rsquo;huile essentielle de jasmin, aux propri\u00e9t\u00e9s anti-inflammatoires et nourrissantes,\u00a0 apaiset les peaux r\u00e9actives, sensibilis\u00e9es et mixtes. L&rsquo;huile de jasmin favorise \u00e9galement l\u2019\u00e9lasticit\u00e9 de la peau et aide \u00e0 la r\u00e9paration des tissus. Cette brume hydratante, rafraichissante et apaisante redonne de l\u2019\u00e9clat au teint terne.<\/p>\n<h3>Les Ingr\u00e9dients de la brume hydratante, rafraichissante et apaisante<\/h3>\n<ul>\n<li data-start=\"155\" data-end=\"252\"><strong data-start=\"157\" data-end=\"179\">Eau de rose (Rosa)<\/strong> : Apaise et hydrate la peau, reconnue pour ses propri\u00e9t\u00e9s <del>tonifiantes.<\/del><\/li>\n<li data-start=\"253\" data-end=\"341\"><strong data-start=\"255\" data-end=\"271\">Eau purifi\u00e9e<\/strong> : Base aqueuse pure, utilis\u00e9e pour diluer et stabiliser la formule.<\/li>\n<li data-start=\"342\" data-end=\"473\"><strong data-start=\"344\" data-end=\"386\"><a href=\"https:\/\/www.uottawa.ca\/recherche-innovation\/laboratoire-jlholmes-spectrometrie-masse\/analyse-chimique\/projets\/projet-huiles-fragrance\/resultats-projet-huiles-fragrance\/fragrance-jasmin\" target=\"_blank\" rel=\"noopener\">Huile essentielle de jasmin<\/a> (Jasminum)<\/strong> : Apporte une senteur florale et poss\u00e8de des propri\u00e9t\u00e9s apaisantes et \u00e9quilibrantes.<\/li>\n<li data-start=\"474\" data-end=\"587\"><strong data-start=\"476\" data-end=\"505\">Extrait <a href=\"https:\/\/www.lesgemmettes.com\/blogs\/news\/pierre-de-lune\" target=\"_blank\" rel=\"noopener\">de pierre de lune<\/a><\/strong> : Souvent utilis\u00e9 en cosm\u00e9tique pour ses vertus \u00e9nerg\u00e9tiques et illuminatrices.<\/li>\n<li data-start=\"588\" data-end=\"689\"><strong data-start=\"590\" data-end=\"647\">Extrait de p\u00e9pins de pamplemousse (Citrus x paradisi)<\/strong> : Antioxydant et antibact\u00e9rien naturel.<\/li>\n<\/ul>\n<h3>Effet de la brume hydratante, rafraichissante et apaisante Pitta<\/h3>\n<ul>\n<li>Hydratation &amp; Apaisement : Gr\u00e2ce \u00e0 l\u2019eau de rose, qui calme les rougeurs et tonifie la peau.<br \/>\n\u00c9quilibre &amp; Relaxation : L\u2019huile essentielle de jasmin aide \u00e0 d\u00e9tendre l\u2019esprit et \u00e9quilibre la peau, id\u00e9ale pour un effet bien-\u00eatre.<\/li>\n<li>\u00c9nergie &amp; \u00c9clat : L\u2019extrait de pierre de lune est souvent associ\u00e9 \u00e0 la r\u00e9g\u00e9n\u00e9ration et \u00e0 la luminosit\u00e9 du teint.<\/li>\n<li>Protection &amp; Purification : L\u2019extrait de p\u00e9pins de pamplemousse est un puissant antioxydant et antibact\u00e9rien, aidant \u00e0 prot\u00e9ger la peau des agressions ext\u00e9rieures.<\/li>\n<li>Douceur &amp; Nutrition : Le solubilisant \u00e0 base d\u2019amande apporte une touche nourrissante et adoucissante \u00e0 la formule.<\/li>\n<\/ul>\n<p>Cette brume est id\u00e9ale pour une peau fra\u00eeche, \u00e9clatante et prot\u00e9g\u00e9e, tout en offrant un moment sensoriel agr\u00e9able gr\u00e2ce \u00e0 ses notes florales et douces.<\/p>","protected":false},"excerpt":{"rendered":"<p><b>100% Naturel |Fait main | Ingr\u00e9dients Bio |Peaux sensibles &amp; r\u00e9actives<\/b><\/p>\n<p>La brume hydratante PITTA est formul\u00e9e pour <strong>rafra\u00eechir et apaiser les peaux sensibles<\/strong> <strong>sujettes aux inflammations et aux rougeurs<\/strong>. Comment ? Cette brume hydratante permet de<strong> r\u00e9\u00e9quilibrer le PH des peaux sensibles.<\/strong><\/p>\n<p><strong>Egalement tr\u00e8s efficace apr\u00e8s une exposition au soleil.<\/strong><\/p>\n<hr \/>\n<p>&nbsp;<\/p>","protected":false},"featured_media":3065,"template":"","meta":{"ocean_post_layout":"","ocean_both_sidebars_style":"","ocean_both_sidebars_content_width":0,"ocean_both_sidebars_sidebars_width":0,"ocean_sidebar":"0","ocean_second_sidebar":"0","ocean_disable_margins":"enable","ocean_add_body_class":"","ocean_shortcode_before_top_bar":"","ocean_shortcode_after_top_bar":"","ocean_shortcode_before_header":"","ocean_shortcode_after_header":"","ocean_has_shortcode":"","ocean_shortcode_after_title":"","ocean_shortcode_before_footer_widgets":"","ocean_shortcode_after_footer_widgets":"","ocean_shortcode_before_footer_bottom":"","ocean_shortcode_after_footer_bottom":"","ocean_display_top_bar":"default","ocean_display_header":"default","ocean_header_style":"","ocean_center_header_left_menu":"0","ocean_custom_header_template":"0","ocean_custom_logo":0,"ocean_custom_retina_logo":0,"ocean_custom_logo_max_width":0,"ocean_custom_logo_tablet_max_width":0,"ocean_custom_logo_mobile_max_width":0,"ocean_custom_logo_max_height":0,"ocean_custom_logo_tablet_max_height":0,"ocean_custom_logo_mobile_max_height":0,"ocean_header_custom_menu":"0","ocean_menu_typo_font_family":"0","ocean_menu_typo_font_subset":"","ocean_menu_typo_font_size":0,"ocean_menu_typo_font_size_tablet":0,"ocean_menu_typo_font_size_mobile":0,"ocean_menu_typo_font_size_unit":"px","ocean_menu_typo_font_weight":"","ocean_menu_typo_font_weight_tablet":"","ocean_menu_typo_font_weight_mobile":"","ocean_menu_typo_transform":"","ocean_menu_typo_transform_tablet":"","ocean_menu_typo_transform_mobile":"","ocean_menu_typo_line_height":0,"ocean_menu_typo_line_height_tablet":0,"ocean_menu_typo_line_height_mobile":0,"ocean_menu_typo_line_height_unit":"","ocean_menu_typo_spacing":0,"ocean_menu_typo_spacing_tablet":0,"ocean_menu_typo_spacing_mobile":0,"ocean_menu_typo_spacing_unit":"","ocean_menu_link_color":"","ocean_menu_link_color_hover":"","ocean_menu_link_color_active":"","ocean_menu_link_background":"","ocean_menu_link_hover_background":"","ocean_menu_link_active_background":"","ocean_menu_social_links_bg":"","ocean_menu_social_hover_links_bg":"","ocean_menu_social_links_color":"","ocean_menu_social_hover_links_color":"","ocean_disable_title":"default","ocean_disable_heading":"default","ocean_post_title":"","ocean_post_subheading":"","ocean_post_title_style":"","ocean_post_title_background_color":"","ocean_post_title_background":0,"ocean_post_title_bg_image_position":"","ocean_post_title_bg_image_attachment":"","ocean_post_title_bg_image_repeat":"","ocean_post_title_bg_image_size":"","ocean_post_title_height":0,"ocean_post_title_bg_overlay":0.5,"ocean_post_title_bg_overlay_color":"","ocean_disable_breadcrumbs":"default","ocean_breadcrumbs_color":"","ocean_breadcrumbs_separator_color":"","ocean_breadcrumbs_links_color":"","ocean_breadcrumbs_links_hover_color":"","ocean_display_footer_widgets":"default","ocean_display_footer_bottom":"default","ocean_custom_footer_template":"0"},"product_cat":[34,24,78,89,91,88,119,20],"product_tag":[],"class_list":{"0":"post-3064","1":"product","2":"type-product","3":"status-publish","4":"has-post-thumbnail","6":"product_brand-rasasara-skinfood","7":"product_cat-pere","8":"product_cat-pere-bebe","9":"product_cat-lotions-hydrolats-brumises-bio-naturelles","10":"product_cat-peaux-grasses-mixtes","11":"product_cat-tout-type-de-peau","12":"product_cat-peaux-sensibles-reactives","13":"product_cat-soins-du-visage-pere","14":"product_cat-soins-du-visage","16":"entry","17":"has-media","19":"first","20":"instock","21":"taxable","22":"shipping-taxable","23":"purchasable","24":"product-type-variable","25":"has-default-attributes","26":"has-product-nav","27":"col","28":"span_1_of_4","29":"owp-content-center","30":"owp-thumbs-layout-horizontal","31":"owp-btn-normal","32":"owp-tabs-layout-horizontal","33":"has-no-thumbnails"},"_links":{"self":[{"href":"https:\/\/awesomegreenbeauty.com\/en\/wp-json\/wp\/v2\/product\/3064","targetHints":{"allow":["GET"]}}],"collection":[{"href":"https:\/\/awesomegreenbeauty.com\/en\/wp-json\/wp\/v2\/product"}],"about":[{"href":"https:\/\/awesomegreenbeauty.com\/en\/wp-json\/wp\/v2\/types\/product"}],"version-history":[{"count":0,"href":"https:\/\/awesomegreenbeauty.com\/en\/wp-json\/wp\/v2\/product\/3064\/revisions"}],"wp:featuredmedia":[{"embeddable":true,"href":"https:\/\/awesomegreenbeauty.com\/en\/wp-json\/wp\/v2\/media\/3065"}],"wp:attachment":[{"href":"https:\/\/awesomegreenbeauty.com\/en\/wp-json\/wp\/v2\/media?parent=3064"}],"wp:term":[{"taxonomy":"product_cat","embeddable":true,"href":"https:\/\/awesomegreenbeauty.com\/en\/wp-json\/wp\/v2\/product_cat?post=3064"},{"taxonomy":"product_tag","embeddable":true,"href":"https:\/\/awesomegreenbeauty.com\/en\/wp-json\/wp\/v2\/product_tag?post=3064"}],"curies":[{"name":"wp","href":"https:\/\/api.w.org\/{rel}","templated":true}]}}