{"id":3134,"date":"2020-07-23T18:24:07","date_gmt":"2020-07-23T16:24:07","guid":{"rendered":"https:\/\/mygreenbrands.com\/?post_type=product&#038;p=3134"},"modified":"2026-04-16T11:37:23","modified_gmt":"2026-04-16T09:37:23","slug":"terra-tonics-serum-bio-antiage-vitamine-a-vitamine-c","status":"publish","type":"product","link":"https:\/\/awesomegreenbeauty.com\/en\/product\/terra-tonics-serum-bio-antiage-vitamine-a-vitamine-c\/","title":{"rendered":"TERRA TONICS \u2013 Clean Collagen &#8211; S\u00e9rum bio \u00e0 la Vitamine C &#038; Vitamine A \u2013 30 ml"},"content":{"rendered":"<p>Ce puissant S\u00e9rum bio \u00e0 la vitamine A et C att\u00e9nue les rides et l&rsquo;hyperpigmentation. Ce s\u00e9rum bio anti-\u00e2ge est un concentr\u00e9 \u00a0d&rsquo;actifs hautement performants qui stimulent la production de collag\u00e8ne, att\u00e9nue les rides et ridules, l<a href=\"https:\/\/awesomegreenbeauty.com\/en\/hyperpigmentation-taches-pigmentaires\/\" target=\"_blank\" rel=\"noopener\">utte contre l&rsquo;hyperpigmentation,<\/a> \u00e9quilibre le PH de la peau, repulpe,\u00a0 prot\u00e8ge des radicaux libres.<\/p>\n<p>Ce s\u00e9rum \u00e0 la vitamine A et C att\u00e9nue les rides et l&rsquo;hyperpigmentation. Les vitamines A et C sont tr\u00e8s efficaces pour att\u00e9nuer les rides et l&rsquo;hyperpigmentation en am\u00e9liorant l\u2019\u00e9lasticit\u00e9 de la peau et r\u00e9duisant les rides, en\u00a0\u00e9liminant les cellules mortes et att\u00e9nuant les taches pigmentaires.<\/p>\n<h3>Comment ?<\/h3>\n<p>Ce s\u00e9rum anti-\u00e2ge qui lutte contre les rides et l&rsquo;hyperpigmentation contient du<a href=\"https:\/\/pubmed.ncbi.nlm.nih.gov\/29947134\/\" target=\"_blank\" rel=\"noopener\"> Bakuchiol<\/a>, appel\u00e9 aussi r\u00e9tinol v\u00e9g\u00e9tal en raison de ses propri\u00e9t\u00e9s similaires au r\u00e9tinol, compos\u00e9 chimique de la vitamine A, mais sans ses effets irritants. La pr\u00e9sence de prune de Kakadu, tr\u00e8s riche en Vitamine C et\u00a0 de\u00a0 \u00abfinger lime \u00bb <a href=\"https:\/\/www.passionsante.be\/article\/fruits\/le-citron-caviar-a-decouvrir-21743?\" target=\"_blank\" rel=\"noopener\">ou citron caviar<\/a> permet d&rsquo;hydrater la peau, \u00a0am\u00e9liorer son \u00e9lasticit\u00e9 et de structurer le collag\u00e8ne.<\/p>\n<p><a href=\"https:\/\/www.pourquoidocteur.fr\/Articles\/Question-d-actu\/44479-Les-3-fruits-meconnus-riches-vitamines-C?\" target=\"_blank\" rel=\"noopener\">La prune de kakadu<\/a> en raison de sa forte teneur en vitamine C aide \u00e0 la production de la proline, qui est responsable de la production de collag\u00e8ne. Des \u00e9tudes ont montr\u00e9 que cet antioxydant, avec une utilisation continue, r\u00e9duit significativement les rides et ridules et unifie le teint.<\/p>\n<p id=\"tw-target-text\" class=\"tw-data-text tw-text-large XcVN5d tw-ta\" data-placeholder=\"Traduction\"><span lang=\"fr\"><strong>The kakadu plum<\/strong><\/span><\/p>\n<p class=\"tw-data-text tw-text-large XcVN5d tw-ta\" data-placeholder=\"Traduction\"><span lang=\"fr\"> + <strong>La plus grande source de vitamine C<\/strong> au monde + Puissant \u00ab\u00a0anti-rides\u00a0\u00bb\u00a0<\/span>\u00a0Contient jusqu&rsquo;\u00e0 <strong data-start=\"351\" data-end=\"395\">100 fois plus de vitamine C que l&rsquo;orange<\/strong><br data-start=\"457\" data-end=\"460\" \/><strong data-start=\"462\" data-end=\"486\">+ Antioxydant puissant<\/strong> : Prot\u00e8ge la peau contre le stress oxydatif et les agressions ext\u00e9rieures (pollution, UV).<br data-start=\"577\" data-end=\"580\" data-is-only-node=\"\" \/><span data-start=\"582\" data-end=\"604\">+ <\/span><strong data-start=\"582\" data-end=\"604\">Anti-inflammatoire<\/strong> : Apaise la peau et aide \u00e0 r\u00e9duire les rougeurs et imperfections.<br data-start=\"670\" data-end=\"673\" \/><span data-start=\"675\" data-end=\"700\">+ <\/span><strong data-start=\"675\" data-end=\"700\">Natural lightener<\/strong> : Unifie le teint et att\u00e9nue les taches pigmentaires.<\/p>\n<p class=\"tw-data-text tw-text-large XcVN5d tw-ta\" data-placeholder=\"Traduction\"><span lang=\"fr\"> + <strong>Booster de collag\u00e8n<\/strong>T<\/span><\/p>\n<p data-placeholder=\"Traduction\">Ce S\u00e9rum \u00e0 la vitamine A et C att\u00e9nue les rides et l&rsquo;hyperpigmentation \u00e9galement gr\u00e2ce \u00e0 la pr\u00e9sence de citron caviar :<\/p>\n<p class=\"tw-data-text tw-text-large XcVN5d tw-ta\" data-placeholder=\"Traduction\"><span lang=\"fr\"><strong> The finger lime<\/strong> <\/span><\/p>\n<p class=\"tw-data-text tw-text-large XcVN5d tw-ta\" data-placeholder=\"Traduction\"><span lang=\"fr\">+ Protection puissante contre les radicaux libres <\/span><\/p>\n<p class=\"tw-data-text tw-text-large XcVN5d tw-ta\" data-placeholder=\"Traduction\"><span lang=\"fr\">+ Effet significatif sur l&rsquo;hydratation de la peau et le vieillissement pr\u00e9coce <\/span><\/p>\n<p class=\"tw-data-text tw-text-large XcVN5d tw-ta\" data-placeholder=\"Traduction\"><a href=\"https:\/\/pdfs.semanticscholar.org\/\" target=\"_blank\" rel=\"noopener\"><span lang=\"fr\"><strong>Mountain Pepper Berry<\/strong><\/span><\/a><\/p>\n<p class=\"tw-data-text tw-text-large XcVN5d tw-ta\" data-placeholder=\"Traduction\"><span lang=\"fr\">+ Maintient la vitalit\u00e9 des tissus, le teint lumineux et lutte contre l&rsquo;hyperpigmentation <\/span><\/p>\n<p class=\"tw-data-text tw-text-large XcVN5d tw-ta\" data-placeholder=\"Traduction\"><span lang=\"fr\">+ Stimule jusqu&rsquo;\u00e0 deux fois la synth\u00e8se de collag\u00e8ne et d&rsquo;\u00e9lastine<\/span><\/p>\n<p data-placeholder=\"Traduction\">+ anti-inflammatoire<\/p>\n<p class=\"tw-data-text tw-text-large XcVN5d tw-ta\" data-placeholder=\"Traduction\"><a href=\"https:\/\/pubmed.ncbi.nlm.nih.gov\/29947134\/\" target=\"_blank\" rel=\"noopener\"><span lang=\"fr\"><strong> Bakuchiol<\/strong> <\/span><\/a><\/p>\n<p class=\"tw-data-text tw-text-large XcVN5d tw-ta\" data-placeholder=\"Traduction\"><span lang=\"fr\">+ Le seul \u00abr\u00e9tinol\u00bb naturel \u00e9prouv\u00e9 pour imiter les bienfaits du r\u00e9tinol synth\u00e9tique <\/span><\/p>\n<p class=\"tw-data-text tw-text-large XcVN5d tw-ta\" data-placeholder=\"Traduction\"><span lang=\"fr\">+ Aucune sensibilit\u00e9 au soleil, s\u00e9cheresse et desquamation de la peau<\/span><\/p>\n<p class=\"tw-data-text tw-text-large XcVN5d tw-ta\" data-placeholder=\"Traduction\"><span lang=\"fr\">+ Ridules, rides, pigmentation, \u00e9lasticit\u00e9 et fermet\u00e9 de la peau <\/span><\/p>\n<p class=\"tw-data-text tw-text-large XcVN5d tw-ta\" data-placeholder=\"Traduction\"><span lang=\"fr\">+ Stimule la production de collag\u00e8ne <strong>Native River Mint<\/strong><\/span><\/p>\n<p class=\"tw-data-text tw-text-large XcVN5d tw-ta\" data-placeholder=\"Traduction\"><span lang=\"fr\"> + Forte activit\u00e9 antioxydante <\/span><\/p>\n<p class=\"tw-data-text tw-text-large XcVN5d tw-ta\" data-placeholder=\"Traduction\"><span lang=\"fr\"> + Effet hydratant pour le contour des yeux<\/span><\/p>\n<p class=\"tw-data-text tw-text-large XcVN5d tw-ta\" data-placeholder=\"Traduction\"><span lang=\"fr\"><strong> Sodium Benzoate 0.2%<\/strong><\/span><\/p>\n<p class=\"tw-data-text tw-text-large XcVN5d tw-ta\" data-placeholder=\"Traduction\"><span lang=\"fr\"> + Pour pr\u00e9server <\/span><\/p>\n<p class=\"tw-data-text tw-text-large XcVN5d tw-ta\" data-placeholder=\"Traduction\"><span lang=\"fr\">+ L&rsquo;acide benzo\u00efque se trouve dans de nombreuses plantes, y compris la cannelle, les clous de girofle, les tomates, et les baies &#8230;<\/span><\/p>","protected":false},"excerpt":{"rendered":"<p>This collagen booster<strong> is a powerful moisturizer<\/strong> that <strong>that stimulates collagen production and brightens the complexion<\/strong>It contains<strong> natural Vitamine C and 4 % Bakuchiol, also called vegetable retinol that improve the elasticity of the skin and to structure skin\u2019s collagen.<\/strong>. The latter stimulates the production of collagen, thus maintaining the strength and flexibility of the skin, while reducing fine lines and wrinkles. It has also been shown to be effective in reducing UV-related skin problems, such as hyperpigmentation. \"<\/p>\n<p>The presence of Kakadu plum, very rich in Vitamin C and lemon caviar or \"finger lime\"<strong>allows to hydrate<\/strong> and improve the elasticity of the skin and to structure collagen.<\/p>\n<p>30ML<\/p>","protected":false},"featured_media":4443,"template":"","meta":{"ocean_post_layout":"","ocean_both_sidebars_style":"","ocean_both_sidebars_content_width":0,"ocean_both_sidebars_sidebars_width":0,"ocean_sidebar":"0","ocean_second_sidebar":"0","ocean_disable_margins":"enable","ocean_add_body_class":"","ocean_shortcode_before_top_bar":"","ocean_shortcode_after_top_bar":"","ocean_shortcode_before_header":"","ocean_shortcode_after_header":"","ocean_has_shortcode":"","ocean_shortcode_after_title":"","ocean_shortcode_before_footer_widgets":"","ocean_shortcode_after_footer_widgets":"","ocean_shortcode_before_footer_bottom":"","ocean_shortcode_after_footer_bottom":"","ocean_display_top_bar":"default","ocean_display_header":"default","ocean_header_style":"","ocean_center_header_left_menu":"0","ocean_custom_header_template":"0","ocean_custom_logo":0,"ocean_custom_retina_logo":0,"ocean_custom_logo_max_width":0,"ocean_custom_logo_tablet_max_width":0,"ocean_custom_logo_mobile_max_width":0,"ocean_custom_logo_max_height":0,"ocean_custom_logo_tablet_max_height":0,"ocean_custom_logo_mobile_max_height":0,"ocean_header_custom_menu":"0","ocean_menu_typo_font_family":"0","ocean_menu_typo_font_subset":"","ocean_menu_typo_font_size":0,"ocean_menu_typo_font_size_tablet":0,"ocean_menu_typo_font_size_mobile":0,"ocean_menu_typo_font_size_unit":"px","ocean_menu_typo_font_weight":"","ocean_menu_typo_font_weight_tablet":"","ocean_menu_typo_font_weight_mobile":"","ocean_menu_typo_transform":"","ocean_menu_typo_transform_tablet":"","ocean_menu_typo_transform_mobile":"","ocean_menu_typo_line_height":0,"ocean_menu_typo_line_height_tablet":0,"ocean_menu_typo_line_height_mobile":0,"ocean_menu_typo_line_height_unit":"","ocean_menu_typo_spacing":0,"ocean_menu_typo_spacing_tablet":0,"ocean_menu_typo_spacing_mobile":0,"ocean_menu_typo_spacing_unit":"","ocean_menu_link_color":"","ocean_menu_link_color_hover":"","ocean_menu_link_color_active":"","ocean_menu_link_background":"","ocean_menu_link_hover_background":"","ocean_menu_link_active_background":"","ocean_menu_social_links_bg":"","ocean_menu_social_hover_links_bg":"","ocean_menu_social_links_color":"","ocean_menu_social_hover_links_color":"","ocean_disable_title":"default","ocean_disable_heading":"default","ocean_post_title":"","ocean_post_subheading":"","ocean_post_title_style":"","ocean_post_title_background_color":"","ocean_post_title_background":0,"ocean_post_title_bg_image_position":"","ocean_post_title_bg_image_attachment":"","ocean_post_title_bg_image_repeat":"","ocean_post_title_bg_image_size":"","ocean_post_title_height":0,"ocean_post_title_bg_overlay":0.5,"ocean_post_title_bg_overlay_color":"","ocean_disable_breadcrumbs":"default","ocean_breadcrumbs_color":"","ocean_breadcrumbs_separator_color":"","ocean_breadcrumbs_links_color":"","ocean_breadcrumbs_links_hover_color":"","ocean_display_footer_widgets":"default","ocean_display_footer_bottom":"default","ocean_custom_footer_template":"0"},"product_cat":[79,410,89,87,91,90,88,409,84,20],"product_tag":[],"class_list":{"0":"post-3134","1":"product","2":"type-product","3":"status-publish","4":"has-post-thumbnail","6":"product_brand-terra-tonics","7":"product_cat-hydratants-visage-aux-huiles-bio","8":"product_cat-hyperpigmentation-taches-pigmentaires","9":"product_cat-peaux-grasses-mixtes","10":"product_cat-peaux-matures","11":"product_cat-tout-type-de-peau","12":"product_cat-peaux-seches-deshydratees","13":"product_cat-peaux-sensibles-reactives","14":"product_cat-peaux-ternes","15":"product_cat-serums-bio-huiles-de-beaute","16":"product_cat-soins-du-visage","18":"entry","19":"has-media","21":"first","22":"instock","23":"featured","24":"taxable","25":"shipping-taxable","26":"purchasable","27":"product-type-variable","28":"has-product-nav","29":"col","30":"span_1_of_4","31":"owp-content-center","32":"owp-thumbs-layout-horizontal","33":"owp-btn-normal","34":"owp-tabs-layout-horizontal"},"_links":{"self":[{"href":"https:\/\/awesomegreenbeauty.com\/en\/wp-json\/wp\/v2\/product\/3134","targetHints":{"allow":["GET"]}}],"collection":[{"href":"https:\/\/awesomegreenbeauty.com\/en\/wp-json\/wp\/v2\/product"}],"about":[{"href":"https:\/\/awesomegreenbeauty.com\/en\/wp-json\/wp\/v2\/types\/product"}],"version-history":[{"count":0,"href":"https:\/\/awesomegreenbeauty.com\/en\/wp-json\/wp\/v2\/product\/3134\/revisions"}],"wp:featuredmedia":[{"embeddable":true,"href":"https:\/\/awesomegreenbeauty.com\/en\/wp-json\/wp\/v2\/media\/4443"}],"wp:attachment":[{"href":"https:\/\/awesomegreenbeauty.com\/en\/wp-json\/wp\/v2\/media?parent=3134"}],"wp:term":[{"taxonomy":"product_cat","embeddable":true,"href":"https:\/\/awesomegreenbeauty.com\/en\/wp-json\/wp\/v2\/product_cat?post=3134"},{"taxonomy":"product_tag","embeddable":true,"href":"https:\/\/awesomegreenbeauty.com\/en\/wp-json\/wp\/v2\/product_tag?post=3134"}],"curies":[{"name":"wp","href":"https:\/\/api.w.org\/{rel}","templated":true}]}}