{"id":321,"date":"2019-08-29T11:47:06","date_gmt":"2019-08-29T09:47:06","guid":{"rendered":"https:\/\/www.mygreenbrands.fr\/?post_type=product&#038;p=321"},"modified":"2026-03-18T13:17:11","modified_gmt":"2026-03-18T12:17:11","slug":"rasasara-skinfood-huile-de-beaute-pitta-30ml","status":"publish","type":"product","link":"https:\/\/awesomegreenbeauty.com\/en\/product\/rasasara-skinfood-huile-de-beaute-pitta-30ml\/","title":{"rendered":"RASASARA SKINFOOD &#8211; Huile s\u00e9rum Ayurv\u00e9dique r\u00e9gulatrice &#038; anti-\u00e2ge PITTA &#8211; 30 ml"},"content":{"rendered":"<p>100% Naturel | Bio | Huile s\u00e9rum visage ayurv\u00e9dique anti-\u00e2ge<br \/>\nFabrique\u0301e a\u0300 partir d&rsquo;essences ve\u0301ge\u0301tales pures et d\u2019huiles essentielles [HE] aux proprie\u0301te\u0301s anti-inflammatoires, antiseptiques, antibacte\u0301riennes, l&rsquo;huile de beaut\u00e9 VATA pr\u00e9vient nourrit, estompent rides et ridules et pr\u00e9vient les imperfections. <a href=\"https:\/\/awesomegreenbeauty.com\/routines-peaux-sensibles-reactives\/\" target=\"_blank\" rel=\"noopener\">Protectrices, re\u0301paratrices et re\u0301e\u0301quilibrantes,<\/a> les huiles nourrissantes ayurve\u0301diques sont spe\u0301cifiques a\u0300 chaque dosha.<\/p>\n<p>Tre\u0300s actives, leur structure mole\u0301culaire fine ame\u0301liore la circulation sanguine et stimule le renouvellement cellulaire . Naturellement anti-a\u0302ge, les HE restaurent et renforcent l&rsquo;immunite\u0301 cellulaire.<\/p>\n<p>L&rsquo;huile Pitta s\u00e9rum visage ayurv\u00e9dique anti-\u00e2ge est un soin utilis\u00e9 en <a href=\"https:\/\/www.pratimaskincare.com\/products\/absolute-beauty-autographed?variant=43692244074783\" target=\"_blank\" rel=\"noopener\"><strong data-start=\"53\" data-end=\"77\">m\u00e9decine ayurv\u00e9dique <\/strong><\/a>pour \u00e9quilibrer le <strong data-start=\"97\" data-end=\"112\">dosha Pitta<\/strong>, qui est associ\u00e9 aux \u00e9l\u00e9ments <strong data-start=\"143\" data-end=\"157\">Feu et Eau<\/strong>. Pitta r\u00e9git la digestion, le m\u00e9tabolisme et la temp\u00e9rature corporelle, mais lorsqu&rsquo;il est d\u00e9s\u00e9quilibr\u00e9, il peut entra\u00eener <strong data-start=\"281\" data-end=\"351\">irritabilit\u00e9, inflammations, rougeurs cutan\u00e9es et exc\u00e8s de chaleur<\/strong> dans le corps.<\/p>\n<h3><strong>Les ingr\u00e9dients et leurs b\u00e9n\u00e9fices<\/strong><\/h3>\n<ul data-start=\"167\" data-end=\"808\">\n<li data-start=\"167\" data-end=\"429\">\n<p data-start=\"169\" data-end=\"193\"><strong data-start=\"169\" data-end=\"189\">Huiles v\u00e9g\u00e9tales<\/strong> :<\/p>\n<ul data-start=\"196\" data-end=\"429\">\n<li data-start=\"196\" data-end=\"266\">\n<p data-start=\"198\" data-end=\"266\"><strong data-start=\"198\" data-end=\"217\">Noyau d&rsquo;abricot<\/strong> : Nourrissante, adoucissante et illuminatrice.<\/p>\n<\/li>\n<li data-start=\"269\" data-end=\"347\">\n<p data-start=\"271\" data-end=\"347\"><strong data-start=\"271\" data-end=\"287\">Amande douce<\/strong> : Apaisante, hydratante, id\u00e9ale pour les peaux sensibles.<\/p>\n<\/li>\n<li data-start=\"350\" data-end=\"429\">\n<p data-start=\"352\" data-end=\"429\"><strong data-start=\"352\" data-end=\"362\">Jojoba<\/strong> : R\u00e9gule le s\u00e9bum, p\u00e9n\u00e8tre facilement sans laisser de film gras.<\/p>\n<\/li>\n<\/ul>\n<\/li>\n<li data-start=\"431\" data-end=\"663\">\n<p data-start=\"433\" data-end=\"460\"><strong data-start=\"433\" data-end=\"456\">Extraits botaniques<\/strong> :<\/p>\n<ul data-start=\"463\" data-end=\"663\">\n<li data-start=\"463\" data-end=\"565\">\n<p data-start=\"465\" data-end=\"565\"><strong data-start=\"465\" data-end=\"482\">Rose du Maroc<\/strong> : Apporte un parfum raffin\u00e9, poss\u00e8de des propri\u00e9t\u00e9s tonifiantes et r\u00e9g\u00e9n\u00e9rantes.<\/p>\n<\/li>\n<li data-start=\"568\" data-end=\"663\">\n<p data-start=\"570\" data-end=\"663\"><a href=\"https:\/\/www.gala.fr\/beaute\/tendances_beaute\/anti-age-decouvrez-les-pouvoirs-du-safran-pour-le-visage_423864\" target=\"_blank\" rel=\"noopener\"><strong data-start=\"570\" data-end=\"589\">Brins de safran<\/strong> <\/a>: Antioxydant puissant, r\u00e9put\u00e9 pour ses bienfaits sur l&rsquo;\u00e9clat du teint.<\/p>\n<\/li>\n<\/ul>\n<\/li>\n<li data-start=\"665\" data-end=\"808\">\n<p data-start=\"667\" data-end=\"694\"><strong data-start=\"667\" data-end=\"690\">Huiles essentielles<\/strong> :<\/p>\n<ul data-start=\"697\" data-end=\"808\">\n<li data-start=\"697\" data-end=\"808\">\n<p data-start=\"699\" data-end=\"808\"><a href=\"https:\/\/www.doctissimo.fr\/medecines-douces\/phytotherapie\/plantes-medicinales\/bois-de-santal-bienfaits\" target=\"_blank\" rel=\"noopener\"><strong data-start=\"699\" data-end=\"717\">Bois de santal<\/strong> <\/a>: Apaisant, harmonisant, r\u00e9put\u00e9 pour ses vertus relaxantes et r\u00e9g\u00e9n\u00e9rantes pour la peau.<\/p>\n<\/li>\n<\/ul>\n<\/li>\n<\/ul>\n<p data-start=\"810\" data-end=\"1062\">Cette huile s\u00e9rum est con\u00e7ue con\u00e7u pour nourrir, prot\u00e9ger et sublimer la peau tout en offrant une exp\u00e9rience sensorielle unique gr\u00e2ce \u00e0 ses huiles essentielles pr\u00e9cieuses.<\/p>\n<h3 data-start=\"1309\" data-end=\"1343\"><strong data-start=\"1313\" data-end=\"1343\">Les bienfaits de l&rsquo;huile s\u00e9rum visage ayurv\u00e9dique anti-\u00e2ge Pitta<\/strong><\/h3>\n<p data-start=\"1344\" data-end=\"1603\"><strong data-start=\"1347\" data-end=\"1395\">Calme les inflammations et rougeurs cutan\u00e9es<\/strong><br data-start=\"1395\" data-end=\"1398\" \/>H<strong data-start=\"1401\" data-end=\"1434\">ydrate et rafra\u00eechit la peau &#8211; <\/strong><strong data-start=\"1440\" data-end=\"1489\">Apaise le stress, l&rsquo;irritabilit\u00e9 et la col\u00e8re &#8211;<\/strong><strong data-start=\"1495\" data-end=\"1537\">R\u00e9gule la chaleur corporelle excessive &#8211;<\/strong>\u00a0<strong data-start=\"1543\" data-end=\"1601\">Aide \u00e0 calmer l\u2019esprit et favorise un sommeil paisible<\/strong><\/p>\n<p data-start=\"810\" data-end=\"1062\">\n","protected":false},"excerpt":{"rendered":"<p><strong>100% Nature | Bio. Peaux sensibles et r\u00e9actives<\/strong><\/p>\n<p>Made from pure plant essences and essential oils<strong> an<\/strong><b>tibacterial and anti-inflammatory, it protects, nourishes, rebalances the PH of the skin and reduces fine lines and wrinkles.<\/b><\/p>\n<p>Cette huile s\u00e9rum est con\u00e7ue con\u00e7u pour nourrir, prot\u00e9ger et sublimer la peau tout en offrant une exp\u00e9rience sensorielle unique gr\u00e2ce \u00e0 ses huiles essentielles pr\u00e9cieuses.<\/p>\n<p>Addictif !<\/p>","protected":false},"featured_media":5393,"template":"","meta":{"ocean_post_layout":"","ocean_both_sidebars_style":"","ocean_both_sidebars_content_width":0,"ocean_both_sidebars_sidebars_width":0,"ocean_sidebar":"0","ocean_second_sidebar":"0","ocean_disable_margins":"enable","ocean_add_body_class":"","ocean_shortcode_before_top_bar":"","ocean_shortcode_after_top_bar":"","ocean_shortcode_before_header":"","ocean_shortcode_after_header":"","ocean_has_shortcode":"","ocean_shortcode_after_title":"","ocean_shortcode_before_footer_widgets":"","ocean_shortcode_after_footer_widgets":"","ocean_shortcode_before_footer_bottom":"","ocean_shortcode_after_footer_bottom":"","ocean_display_top_bar":"default","ocean_display_header":"default","ocean_header_style":"","ocean_center_header_left_menu":"0","ocean_custom_header_template":"0","ocean_custom_logo":0,"ocean_custom_retina_logo":0,"ocean_custom_logo_max_width":0,"ocean_custom_logo_tablet_max_width":0,"ocean_custom_logo_mobile_max_width":0,"ocean_custom_logo_max_height":0,"ocean_custom_logo_tablet_max_height":0,"ocean_custom_logo_mobile_max_height":0,"ocean_header_custom_menu":"0","ocean_menu_typo_font_family":"0","ocean_menu_typo_font_subset":"","ocean_menu_typo_font_size":0,"ocean_menu_typo_font_size_tablet":0,"ocean_menu_typo_font_size_mobile":0,"ocean_menu_typo_font_size_unit":"px","ocean_menu_typo_font_weight":"","ocean_menu_typo_font_weight_tablet":"","ocean_menu_typo_font_weight_mobile":"","ocean_menu_typo_transform":"","ocean_menu_typo_transform_tablet":"","ocean_menu_typo_transform_mobile":"","ocean_menu_typo_line_height":0,"ocean_menu_typo_line_height_tablet":0,"ocean_menu_typo_line_height_mobile":0,"ocean_menu_typo_line_height_unit":"","ocean_menu_typo_spacing":0,"ocean_menu_typo_spacing_tablet":0,"ocean_menu_typo_spacing_mobile":0,"ocean_menu_typo_spacing_unit":"","ocean_menu_link_color":"","ocean_menu_link_color_hover":"","ocean_menu_link_color_active":"","ocean_menu_link_background":"","ocean_menu_link_hover_background":"","ocean_menu_link_active_background":"","ocean_menu_social_links_bg":"","ocean_menu_social_hover_links_bg":"","ocean_menu_social_links_color":"","ocean_menu_social_hover_links_color":"","ocean_disable_title":"default","ocean_disable_heading":"default","ocean_post_title":"","ocean_post_subheading":"","ocean_post_title_style":"","ocean_post_title_background_color":"","ocean_post_title_background":0,"ocean_post_title_bg_image_position":"","ocean_post_title_bg_image_attachment":"","ocean_post_title_bg_image_repeat":"","ocean_post_title_bg_image_size":"","ocean_post_title_height":0,"ocean_post_title_bg_overlay":0.5,"ocean_post_title_bg_overlay_color":"","ocean_disable_breadcrumbs":"default","ocean_breadcrumbs_color":"","ocean_breadcrumbs_separator_color":"","ocean_breadcrumbs_links_color":"","ocean_breadcrumbs_links_hover_color":"","ocean_display_footer_widgets":"default","ocean_display_footer_bottom":"default","ocean_custom_footer_template":"0"},"product_cat":[88,84],"product_tag":[],"class_list":{"0":"post-321","1":"product","2":"type-product","3":"status-publish","4":"has-post-thumbnail","6":"product_brand-rasasara-skinfood","7":"product_cat-peaux-sensibles-reactives","8":"product_cat-serums-bio-huiles-de-beaute","10":"entry","11":"has-media","13":"first","14":"instock","15":"taxable","16":"shipping-taxable","17":"purchasable","18":"product-type-simple","19":"has-product-nav","20":"col","21":"span_1_of_4","22":"owp-content-center","23":"owp-thumbs-layout-horizontal","24":"owp-btn-normal","25":"owp-tabs-layout-horizontal","26":"has-no-thumbnails"},"_links":{"self":[{"href":"https:\/\/awesomegreenbeauty.com\/en\/wp-json\/wp\/v2\/product\/321","targetHints":{"allow":["GET"]}}],"collection":[{"href":"https:\/\/awesomegreenbeauty.com\/en\/wp-json\/wp\/v2\/product"}],"about":[{"href":"https:\/\/awesomegreenbeauty.com\/en\/wp-json\/wp\/v2\/types\/product"}],"version-history":[{"count":0,"href":"https:\/\/awesomegreenbeauty.com\/en\/wp-json\/wp\/v2\/product\/321\/revisions"}],"wp:featuredmedia":[{"embeddable":true,"href":"https:\/\/awesomegreenbeauty.com\/en\/wp-json\/wp\/v2\/media\/5393"}],"wp:attachment":[{"href":"https:\/\/awesomegreenbeauty.com\/en\/wp-json\/wp\/v2\/media?parent=321"}],"wp:term":[{"taxonomy":"product_cat","embeddable":true,"href":"https:\/\/awesomegreenbeauty.com\/en\/wp-json\/wp\/v2\/product_cat?post=321"},{"taxonomy":"product_tag","embeddable":true,"href":"https:\/\/awesomegreenbeauty.com\/en\/wp-json\/wp\/v2\/product_tag?post=321"}],"curies":[{"name":"wp","href":"https:\/\/api.w.org\/{rel}","templated":true}]}}