{"id":335,"date":"2019-08-29T13:00:47","date_gmt":"2019-08-29T11:00:47","guid":{"rendered":"https:\/\/www.mygreenbrands.fr\/?post_type=product&#038;p=335"},"modified":"2026-03-18T13:54:54","modified_gmt":"2026-03-18T12:54:54","slug":"honua-aloha-serum-jeunesse-30ml","status":"publish","type":"product","link":"https:\/\/awesomegreenbeauty.com\/en\/product\/honua-aloha-serum-jeunesse-30ml\/","title":{"rendered":"HONUA \u2013 Aloha S\u00e9rum Jeunesse \u2013 30-60 ml"},"content":{"rendered":"<p><strong>S\u00e9rum visage r\u00e9g\u00e9n\u00e9rant naturel \u2013 Bakuchiol, Noni &amp; Curcuma \u2013 \u00c9clat, apaisement &amp; anti-\u00e2ge. Un s\u00e9rum botanique ultra-sensoriel \u00e0 base d\u2019eaux florales, d\u2019huiles tropicales et de plantes m\u00e9dicinales. <\/strong><\/p>\n<p><strong>R\u00e9g\u00e9n\u00e8re, lisse et illumine sans irritation.<\/strong><\/p>\n<p data-start=\"730\" data-end=\"1074\">Ce soin visage associe les vertus du <strong data-start=\"767\" data-end=\"780\">bakuchiol<\/strong>, une alternative v\u00e9g\u00e9tale au r\u00e9tinol, \u00e0 des actifs puissants comme le <strong data-start=\"851\" data-end=\"862\">curcuma<\/strong>, le <strong data-start=\"867\" data-end=\"875\">noni<\/strong>, l\u2019<strong data-start=\"879\" data-end=\"891\">hibiscus<\/strong> and the <strong data-start=\"898\" data-end=\"910\">consoude<\/strong>. Gr\u00e2ce \u00e0 une synergie d\u2019eaux v\u00e9g\u00e9tales, d\u2019huiles tropicales et d\u2019extraits botaniques, il offre une action globale : <strong data-start=\"1027\" data-end=\"1073\">anti-\u00e2ge, \u00e9clat, apaisement et hydratation<\/strong>.<\/p>\n<h2 data-start=\"1076\" data-end=\"1104\"><strong data-start=\"1082\" data-end=\"1104\">R\u00e9sultats visibles de ce S\u00e9rum visage r\u00e9g\u00e9n\u00e9rant naturel :<\/strong><\/h2>\n<ul data-start=\"1105\" data-end=\"1231\">\n<li data-start=\"1105\" data-end=\"1145\">\n<p data-start=\"1107\" data-end=\"1145\">R\u00e9duction visible des rides et ridules<\/p>\n<\/li>\n<li data-start=\"1146\" data-end=\"1193\">\n<p data-start=\"1148\" data-end=\"1193\">Teint plus lumineux, peau repulp\u00e9e et apais\u00e9e<\/p>\n<\/li>\n<li data-start=\"1194\" data-end=\"1231\">\n<p data-start=\"1196\" data-end=\"1231\">Texture de peau liss\u00e9e d\u00e8s 10 jours<\/p>\n<\/li>\n<\/ul>\n<h3 data-start=\"1233\" data-end=\"1277\"><strong data-start=\"1240\" data-end=\"1277\">Hydratation, nutrition et confort<\/strong><\/h3>\n<p data-start=\"1278\" data-end=\"1519\">L\u2019<strong data-start=\"1280\" data-end=\"1295\">eau de coco<\/strong>, le <strong data-start=\"1300\" data-end=\"1319\">jus d\u2019aloe vera<\/strong> et les <strong data-start=\"1327\" data-end=\"1367\">huiles de jojoba, macadamia et kukui<\/strong> nourrissent la peau sans l\u2019alourdir. Les extraits de <strong data-start=\"1421\" data-end=\"1457\">houblon, cacao, pr\u00eale et romarin<\/strong> offrent une protection antioxydante et purifiante en douceur.<\/p>\n<h2 data-start=\"1526\" data-end=\"1559\"><strong data-start=\"1532\" data-end=\"1559\">Actifs cl\u00e9s &amp; bienfaits<\/strong><\/h2>\n<div class=\"_tableContainer_80l1q_1\">\n<div class=\"_tableWrapper_80l1q_14 group flex w-fit flex-col-reverse\" tabindex=\"-1\">\n<table class=\"w-fit min-w-(--thread-content-width)\" data-start=\"1561\" data-end=\"2142\">\n<thead data-start=\"1561\" data-end=\"1588\">\n<tr data-start=\"1561\" data-end=\"1588\">\n<th data-start=\"1561\" data-end=\"1569\" data-col-size=\"md\">Actif<\/th>\n<th data-start=\"1569\" data-end=\"1588\" data-col-size=\"md\">R\u00f4le cosm\u00e9tique<\/th>\n<\/tr>\n<\/thead>\n<tbody data-start=\"1618\" data-end=\"2142\">\n<tr data-start=\"1618\" data-end=\"1688\">\n<td data-start=\"1618\" data-end=\"1634\" data-col-size=\"md\"><strong data-start=\"1620\" data-end=\"1633\">Bakuchiol<\/strong><\/td>\n<td data-col-size=\"md\" data-start=\"1634\" data-end=\"1688\">Stimule la production de collag\u00e8ne sans irritation<\/td>\n<\/tr>\n<tr data-start=\"1689\" data-end=\"1750\">\n<td data-start=\"1689\" data-end=\"1700\" data-col-size=\"md\"><strong data-start=\"1691\" data-end=\"1699\">Noni<\/strong><\/td>\n<td data-col-size=\"md\" data-start=\"1700\" data-end=\"1750\">Antioxydant, r\u00e9g\u00e9n\u00e9rant, favorise l\u2019\u00e9lasticit\u00e9<\/td>\n<\/tr>\n<tr data-start=\"1751\" data-end=\"1803\">\n<td data-start=\"1751\" data-end=\"1765\" data-col-size=\"md\"><strong data-start=\"1753\" data-end=\"1764\">Curcuma<\/strong><\/td>\n<td data-col-size=\"md\" data-start=\"1765\" data-end=\"1803\">Anti-inflammatoire, booste l\u2019\u00e9clat<\/td>\n<\/tr>\n<tr data-start=\"1804\" data-end=\"1860\">\n<td data-start=\"1804\" data-end=\"1819\" data-col-size=\"md\"><strong data-start=\"1806\" data-end=\"1818\">Hibiscus<\/strong><\/td>\n<td data-col-size=\"md\" data-start=\"1819\" data-end=\"1860\">Riche en AHA naturels, exfoliant doux<\/td>\n<\/tr>\n<tr data-start=\"1861\" data-end=\"1915\">\n<td data-start=\"1861\" data-end=\"1876\" data-col-size=\"md\"><strong data-start=\"1863\" data-end=\"1875\">Consoude<\/strong><\/td>\n<td data-col-size=\"md\" data-start=\"1876\" data-end=\"1915\">Favorise la r\u00e9g\u00e9n\u00e9ration cellulaire<\/td>\n<\/tr>\n<tr data-start=\"1916\" data-end=\"1978\">\n<td data-start=\"1916\" data-end=\"1938\" data-col-size=\"md\"><strong data-start=\"1918\" data-end=\"1937\">Pr\u00eale &amp; romarin<\/strong><\/td>\n<td data-col-size=\"md\" data-start=\"1938\" data-end=\"1978\">Tonifiants, purifiants, antioxydants<\/td>\n<\/tr>\n<tr data-start=\"1979\" data-end=\"2046\">\n<td data-start=\"1979\" data-end=\"2009\" data-col-size=\"md\"><strong data-start=\"1981\" data-end=\"2008\">Eau de coco &amp; Aloe Vera<\/strong><\/td>\n<td data-col-size=\"md\" data-start=\"2009\" data-end=\"2046\">Apaisent et hydratent intens\u00e9ment<\/td>\n<\/tr>\n<tr data-start=\"2047\" data-end=\"2142\">\n<td data-start=\"2047\" data-end=\"2096\" data-col-size=\"md\"><strong data-start=\"2049\" data-end=\"2095\">Huiles de kukui, kamani, jojoba, macadamia<\/strong><\/td>\n<td data-col-size=\"md\" data-start=\"2096\" data-end=\"2142\">R\u00e9parent, nourrissent, \u00e9quilibrent la peau<\/td>\n<\/tr>\n<\/tbody>\n<\/table>\n<div><\/div>\n<div class=\"absolute end-0 flex items-end\">\n<p>L\u2019Aloha \u00ab\u00a0Youth Serum\u00a0\u00bb est un m\u00e9lange unique de plantes botaniques formul\u00e9 pour hydrater, redynamiser, nourrir et apporter de l&rsquo;\u00e9clat au teint.<br \/>\nAloalo \/ hisbiscus &amp; 'Awa have firming and relaxing properties for firm, relaxed skin<br \/>\nLau Comfrey: great comfrey - perennial herbaceous plants - with regenerating properties<br \/>\n\u014clena: herbaceous rhyzomatous plant more commonly known as curcuma- with anti-inflammatory and anti-bacterial properties<br \/>\nNoni: This fruit contains a high concentration of vitamins, minerals and trace elements, antioxidants and amino acids. It is three times richer in vitamin C than orange<br \/>\nIt is a magic regenerant for the skin rich in selenium.<\/p>\n<p><strong>L&rsquo;hibiscus<\/strong> raffermit et resserre, lisse les rides et ridules, la consoude lau stimule la r\u00e9g\u00e9n\u00e9ration de la peau au niveau cellulaire,<strong> &lsquo;\u014clena<\/strong> calme les rougeurs et r\u00e9duit les cicatrices en \u00e9claircissant avec de puissantes propri\u00e9t\u00e9s anti-inflammatoires, <strong>Noni<\/strong> gu\u00e9rit et restaure les cellules de la peau avec de puissants antioxydants anti-\u00e2ge , Vitamine C &amp; S\u00e9l\u00e9nium. <strong>Les \u00ab\u00a0super huiles\u00a0\u00bb hawa\u00efennes de Kukui et Kamani<\/strong> s&rsquo;allient pour hydrater et nourrir la peau gr\u00e2ce \u00e0 un puissant m\u00e9lange d&rsquo;acides gras essentiels et d&rsquo;antioxydants. Efficace pour aider \u00e0 promouvoir la production de collag\u00e8ne et d&rsquo;\u00e9lastine.<\/p>\n<\/div>\n<\/div>\n<\/div>\n<h2 data-start=\"2149\" data-end=\"2187\"><strong data-start=\"2155\" data-end=\"2187\">Nos engagements clean beauty<\/strong><\/h2>\n<ul data-start=\"2188\" data-end=\"2455\">\n<li data-start=\"2188\" data-end=\"2235\">\n<p data-start=\"2190\" data-end=\"2235\"><strong data-start=\"2193\" data-end=\"2235\">99 % d\u2019ingr\u00e9dients d\u2019origine naturelle<\/strong><\/p>\n<\/li>\n<li data-start=\"2236\" data-end=\"2302\">\n<p data-start=\"2238\" data-end=\"2302\">\u274c Sans r\u00e9tinol synth\u00e9tique, sans silicones, sans alcool d\u00e9natur\u00e9<\/p>\n<\/li>\n<li data-start=\"2303\" data-end=\"2352\">\n<p data-start=\"2305\" data-end=\"2352\"><strong data-start=\"2308\" data-end=\"2324\">Cruelty-free<\/strong> \u2013 Non test\u00e9 sur les animaux<\/p>\n<\/li>\n<li data-start=\"2303\" data-end=\"2352\">\n<p data-start=\"2305\" data-end=\"2352\"><strong data-start=\"2358\" data-end=\"2387\">Vegan &amp; flacon recyclable<\/strong><\/p>\n<\/li>\n<li data-start=\"2388\" data-end=\"2455\">\n<p data-start=\"2390\" data-end=\"2455\">Parfum 100 % naturel \u00e9volutif (ylang-ylang, gard\u00e9nia, romarin)<\/p>\n<\/li>\n<\/ul>\n<p>&nbsp;<\/p>\n<div class=\"oceanwp-oembed-wrap clr\">\n<blockquote class=\"wp-embedded-content\" data-secret=\"BfCBR0ACmZ\"><p><a href=\"https:\/\/awesomegreenbeauty.com\/en\/product\/dafnas-revival-bio-active-masque-de-beaute-50ml-4ml-x-8\/\">DAFNA\u2019S \u2013 Revival Bio Active Beauty Mask \u2013 50ml<\/a><\/p><\/blockquote>\n<p><iframe class=\"wp-embedded-content\" sandbox=\"allow-scripts\" security=\"restricted\" style=\"position: absolute; visibility: hidden;\" title=\"\u00ab\u00a0DAFNA&rsquo;S &#8211; Revival Bio Active Masque de Beaut\u00e9 &#8211; 50ml\u00a0\u00bb &#8212; Awesome Green Beauty\" src=\"https:\/\/awesomegreenbeauty.com\/produit\/dafnas-revival-bio-active-masque-de-beaute-50ml-4ml-x-8\/embed\/#?secret=8aXExr7LsI#?secret=BfCBR0ACmZ\" data-secret=\"BfCBR0ACmZ\" width=\"600\" height=\"338\" frameborder=\"0\" marginwidth=\"0\" marginheight=\"0\" scrolling=\"no\"><\/iframe><\/div>\n<div class=\"oceanwp-oembed-wrap clr\">\n<blockquote class=\"wp-embedded-content\" data-secret=\"1RAJwv4TOW\"><p><a href=\"https:\/\/awesomegreenbeauty.com\/en\/product\/dafnas-contour-des-yeux-reparateur-revitalisant-20-ml\/\">DAFNA\u2019S \u2013 Eye Care \u2013 Repair &amp; Revitalise \u2013 20 ml<\/a><\/p><\/blockquote>\n<p><iframe class=\"wp-embedded-content\" sandbox=\"allow-scripts\" security=\"restricted\" style=\"position: absolute; visibility: hidden;\" title=\"\u00ab\u00a0DAFNA&rsquo;S \u2013 Contour des Yeux \u2013 R\u00e9parateur &amp; Revitalisant \u2013 20 ml\u00a0\u00bb &#8212; Awesome Green Beauty\" src=\"https:\/\/awesomegreenbeauty.com\/produit\/dafnas-contour-des-yeux-reparateur-revitalisant-20-ml\/embed\/#?secret=gsq1ZByTeV#?secret=1RAJwv4TOW\" data-secret=\"1RAJwv4TOW\" width=\"600\" height=\"338\" frameborder=\"0\" marginwidth=\"0\" marginheight=\"0\" scrolling=\"no\"><\/iframe><\/div>","protected":false},"excerpt":{"rendered":"<p><strong>Ingr\u00e9dients naturels | Peaux matures et ternes.<\/strong><\/p>\n<p>Un s\u00e9rum botanique ultra-sensoriel \u00e0 base d\u2019eaux florales, d\u2019huiles tropicales et de plantes m\u00e9dicinales. R\u00e9g\u00e9n\u00e8re, lisse et illumine sans irritation.<\/p>\n<p><strong>L&rsquo;hibiscus<\/strong> raffermit et resserre, lisse les rides et ridules + l<strong>a consoude <\/strong>stimule la cicatrisation et r\u00e9g\u00e9n\u00e9ration de la peau + <strong>&lsquo;\u014clena<\/strong> calme les rougeurs et r\u00e9duit les cicatrices + <strong>Noni<\/strong> gu\u00e9rit et restaure les cellules de la peau avec de puissants antioxydants anti-\u00e2ge , Vitamine C &amp; S\u00e9l\u00e9nium. <strong>Les \u00ab\u00a0super huiles\u00a0\u00bb hawa\u00efennes de Kukui et Kamani<\/strong> s&rsquo;allient pour hydrater et nourrir la peau gr\u00e2ce \u00e0 un puissant m\u00e9lange d&rsquo;acides gras essentiels et d&rsquo;antioxydants. Efficace pour aider \u00e0 promouvoir la production de collag\u00e8ne et d&rsquo;\u00e9lastine.<\/p>\n<p><strong>On adore !<\/strong><\/p>\n<p>&nbsp;<\/p>","protected":false},"featured_media":2519,"template":"","meta":{"ocean_post_layout":"","ocean_both_sidebars_style":"","ocean_both_sidebars_content_width":0,"ocean_both_sidebars_sidebars_width":0,"ocean_sidebar":"0","ocean_second_sidebar":"0","ocean_disable_margins":"enable","ocean_add_body_class":"","ocean_shortcode_before_top_bar":"","ocean_shortcode_after_top_bar":"","ocean_shortcode_before_header":"","ocean_shortcode_after_header":"","ocean_has_shortcode":"","ocean_shortcode_after_title":"","ocean_shortcode_before_footer_widgets":"","ocean_shortcode_after_footer_widgets":"","ocean_shortcode_before_footer_bottom":"","ocean_shortcode_after_footer_bottom":"","ocean_display_top_bar":"default","ocean_display_header":"default","ocean_header_style":"","ocean_center_header_left_menu":"0","ocean_custom_header_template":"0","ocean_custom_logo":0,"ocean_custom_retina_logo":0,"ocean_custom_logo_max_width":0,"ocean_custom_logo_tablet_max_width":0,"ocean_custom_logo_mobile_max_width":0,"ocean_custom_logo_max_height":0,"ocean_custom_logo_tablet_max_height":0,"ocean_custom_logo_mobile_max_height":0,"ocean_header_custom_menu":"0","ocean_menu_typo_font_family":"0","ocean_menu_typo_font_subset":"","ocean_menu_typo_font_size":0,"ocean_menu_typo_font_size_tablet":0,"ocean_menu_typo_font_size_mobile":0,"ocean_menu_typo_font_size_unit":"px","ocean_menu_typo_font_weight":"","ocean_menu_typo_font_weight_tablet":"","ocean_menu_typo_font_weight_mobile":"","ocean_menu_typo_transform":"","ocean_menu_typo_transform_tablet":"","ocean_menu_typo_transform_mobile":"","ocean_menu_typo_line_height":0,"ocean_menu_typo_line_height_tablet":0,"ocean_menu_typo_line_height_mobile":0,"ocean_menu_typo_line_height_unit":"","ocean_menu_typo_spacing":0,"ocean_menu_typo_spacing_tablet":0,"ocean_menu_typo_spacing_mobile":0,"ocean_menu_typo_spacing_unit":"","ocean_menu_link_color":"","ocean_menu_link_color_hover":"","ocean_menu_link_color_active":"","ocean_menu_link_background":"","ocean_menu_link_hover_background":"","ocean_menu_link_active_background":"","ocean_menu_social_links_bg":"","ocean_menu_social_hover_links_bg":"","ocean_menu_social_links_color":"","ocean_menu_social_hover_links_color":"","ocean_disable_title":"default","ocean_disable_heading":"default","ocean_post_title":"","ocean_post_subheading":"","ocean_post_title_style":"","ocean_post_title_background_color":"","ocean_post_title_background":0,"ocean_post_title_bg_image_position":"","ocean_post_title_bg_image_attachment":"","ocean_post_title_bg_image_repeat":"","ocean_post_title_bg_image_size":"","ocean_post_title_height":0,"ocean_post_title_bg_overlay":0.5,"ocean_post_title_bg_overlay_color":"","ocean_disable_breadcrumbs":"default","ocean_breadcrumbs_color":"","ocean_breadcrumbs_separator_color":"","ocean_breadcrumbs_links_color":"","ocean_breadcrumbs_links_hover_color":"","ocean_display_footer_widgets":"default","ocean_display_footer_bottom":"default","ocean_custom_footer_template":"0"},"product_cat":[34,410,87,90,84,119],"product_tag":[],"class_list":{"0":"post-335","1":"product","2":"type-product","3":"status-publish","4":"has-post-thumbnail","6":"product_brand-honua-skincare","7":"product_cat-pere","8":"product_cat-hyperpigmentation-taches-pigmentaires","9":"product_cat-peaux-matures","10":"product_cat-peaux-seches-deshydratees","11":"product_cat-serums-bio-huiles-de-beaute","12":"product_cat-soins-du-visage-pere","14":"entry","15":"has-media","17":"first","18":"instock","19":"taxable","20":"shipping-taxable","21":"purchasable","22":"product-type-variable","23":"has-product-nav","24":"col","25":"span_1_of_4","26":"owp-content-center","27":"owp-thumbs-layout-horizontal","28":"owp-btn-normal","29":"owp-tabs-layout-horizontal"},"_links":{"self":[{"href":"https:\/\/awesomegreenbeauty.com\/en\/wp-json\/wp\/v2\/product\/335","targetHints":{"allow":["GET"]}}],"collection":[{"href":"https:\/\/awesomegreenbeauty.com\/en\/wp-json\/wp\/v2\/product"}],"about":[{"href":"https:\/\/awesomegreenbeauty.com\/en\/wp-json\/wp\/v2\/types\/product"}],"version-history":[{"count":0,"href":"https:\/\/awesomegreenbeauty.com\/en\/wp-json\/wp\/v2\/product\/335\/revisions"}],"wp:featuredmedia":[{"embeddable":true,"href":"https:\/\/awesomegreenbeauty.com\/en\/wp-json\/wp\/v2\/media\/2519"}],"wp:attachment":[{"href":"https:\/\/awesomegreenbeauty.com\/en\/wp-json\/wp\/v2\/media?parent=335"}],"wp:term":[{"taxonomy":"product_cat","embeddable":true,"href":"https:\/\/awesomegreenbeauty.com\/en\/wp-json\/wp\/v2\/product_cat?post=335"},{"taxonomy":"product_tag","embeddable":true,"href":"https:\/\/awesomegreenbeauty.com\/en\/wp-json\/wp\/v2\/product_tag?post=335"}],"curies":[{"name":"wp","href":"https:\/\/api.w.org\/{rel}","templated":true}]}}