{"id":3355,"date":"2020-09-25T12:54:00","date_gmt":"2020-09-25T10:54:00","guid":{"rendered":"https:\/\/mygreenbrands.com\/?post_type=product&#038;p=3355"},"modified":"2026-03-19T17:09:38","modified_gmt":"2026-03-19T16:09:38","slug":"okoko-la-perle-brume-serum-hydratant-edition-prestige","status":"publish","type":"product","link":"https:\/\/awesomegreenbeauty.com\/en\/product\/okoko-la-perle-brume-serum-hydratant-edition-prestige\/","title":{"rendered":"OKOKO \u2013 La Perle Brume-s\u00e9rum Hydratant\u2013 D\u00e9fence Urbaine &#038; Lumi\u00e8re bleue"},"content":{"rendered":"<p class=\"translation-block\">La Perle is distinguished by its ultra-efficient formula, combining carefully selected innovative and precious actives:<\/p>\n<p>R\u00e9veillez l&rsquo;\u00e9clat de la peau avec La Perle, <strong>un s\u00e9rum antioxydant efficace, haute performance pour une d\u00e9fense urbaine formul\u00e9 avec de puissants antioxydants<\/strong>. La Perle r\u00e9v\u00e8le votre \u00e9clat, prot\u00e8ge et pr\u00e9vient la d\u00e9shydratation.<\/p>\n<p><strong>Surcharg\u00e9 d&rsquo;ingr\u00e9dients haut de gamme haute performance<\/strong> and<strong> d&rsquo;un puissant m\u00e9lange de plantes riches en antioxydants,<\/strong> ce s\u00e9rum en spray in<strong>fus\u00e9 de lumi\u00e8re bleue et d&rsquo;ingr\u00e9dients am\u00e9lior\u00e9s maximise les niveaux de protection et prot\u00e8ge la peau contre une vari\u00e9t\u00e9 de facteurs environnementaux.<\/strong><\/p>\n<p>Utilisez La Perle pour pr\u00e9parer la peau avant d&rsquo;appliquer vos s\u00e9rums pr\u00e9f\u00e9r\u00e9s, comme base pour votre maquillage ou comme spray fixateur. Sa texture velout\u00e9e, semblable \u00e0 du lait, hydrate la peau en profondeur, aide \u00e0 maintenir un aspect jeune et une protection longue dur\u00e9e.<\/p>\n<p><strong>Pourquoi un s\u00e9rum biphas\u00e9\u00a0?<\/strong><\/p>\n<p>Bien que la plupart des brumes pour le visage pr\u00e9tendent hydrater, beaucoup d&rsquo;entre elles ass\u00e8chent la peau apr\u00e8s application lorsque l&rsquo;eau s&rsquo;\u00e9vapore. POur \u00e9viter cet incov\u00e9nient et assurer un haut niveau d&rsquo;efficacit\u00e9<strong>; nous avons combin\u00e9 une phase huileuse et une phase aqueuse<\/strong> pour un<strong> effet hydratant plus profond offrant une texture<\/strong>, une exp\u00e9rience et une sensation uniques. Ce<strong>tte formule se transforme en lait lors de l&rsquo;application et ne dess\u00e8che pas la peau comme les autres brumes, mais hydrate et prot\u00e8ge en profondeur.<\/strong><\/p>\n<p><strong>S\u00e9rum visage avec antioxydants\u00a0<\/strong><strong>pour tous vos besoins de peau<\/strong><\/p>\n<p>&nbsp;<\/p>\n<p><strong>Un peu plus d&rsquo;informations :<\/strong><\/p>\n<ul>\n<li class=\"translation-block\">Liposomes optimize the delivery and absorption of active ingredients. La Perle contains vitamin C and coenzyme Q10 encapsulated in liposomes, powerful antioxidants that help prevent skin aging, smooth fine lines and wrinkles and brighten the complexion.<\/li>\n<li class=\"translation-block\">Pearl extracts boost hydration and collagen production, stimulate cell regeneration, increase tissue elasticity and protect against environmental damage. Pearl also promotes the penetration of minerals, vitamins and proteins.<\/li>\n<li class=\"translation-block\">Resveratrol is a powerful antioxidant found in grapes and red wine, known to reduce oxidative stress and inflammation. Anti-aging, it calms redness and irritation.<\/li>\n<li class=\"translation-block\">Bakuchiol is a gentler alternative to retinol, providing excellent skin tolerance. Its effectiveness against dark spots and wrinkles is scientifically proven. It boosts collagen production and stimulates cell renewal for a plump and protected skin.<\/li>\n<li class=\"translation-block\">Lycopene is a carotenoid found in tomatoes. This antioxidant of choice neutralizes free radicals and repairs UV damage.<\/li>\n<li class=\"translation-block\">Tomato oil is exceptionally rich in antioxidants that protect and repair the damage caused by pollution and stress, making it an excellent anti-aging ally.<\/li>\n<li class=\"translation-block\">Prickly pear oil is the most valuable and expensive oil in the world, with a high vitamin E content. It is ideal for preventing and treating signs of aging, reducing blemishes and scars, and boosting collagen synthesis.<\/li>\n<li>L\u2019<strong>huile de karanja<\/strong>, originaire d\u2019Inde, est riche en flavono\u00efdes dont le pongamol. Elle est appr\u00e9ci\u00e9e pour sa capacit\u00e9 \u00e0 prot\u00e9ger la peau des UV et combattre le photo vieillissement.<\/li>\n<li class=\"translation-block\">Wakame is an algae that soothes skin and redness and reduces the damage caused by air pollution. It revitalizes tired, damaged and sensitized skin.<\/li>\n<li class=\"translation-block\">Venuceane is an anti-aging active that protects against UV but also infrared aging, making it the most complete ingredient to date to combat photoaging.<\/li>\n<li class=\"translation-block\">Prebiotics create a protective barrier against pollution and external aggressions such as wind and sun, ideal for dry, sensitive and mature skin. They help rebalance skin flora which also benefits combination to oily and acne prone skin.<\/li>\n<\/ul>","protected":false},"excerpt":{"rendered":"<p><strong>Ingr\u00e9dients naturels rares \u00a0| Bio | Action protectrice &amp; anti-\u00e2ge | Non-com\u00e9dog\u00e8ne | Tout type de peau<\/strong><\/p>\n<p>La Perle est une brume s\u00e9rum pour le visage, <strong>innovatrice &amp; extr\u00eamement concentr\u00e9e en principes actifs.<\/strong><\/p>\n<p>R\u00e9veillez l&rsquo;\u00e9clat de la peau avec La Perle, <strong>un s\u00e9rum antioxydant haute performance formul\u00e9 avec de puissants m\u00e9lange de plantes riches en <\/strong><b>antioxidants,<\/b>.<\/p>\n<p>R\u00e9sultats une peau:<\/p>\n<p>+\u00a0 lumineuse<\/p>\n<p>+ repulp\u00e9e<\/p>\n<p>+ raffermie<\/p>\n<p>Ce s\u00e9rum en spray, in<strong>fus\u00e9 de lumi\u00e8re bleue et d&rsquo;ingr\u00e9dients am\u00e9lior\u00e9s, maximise les niveaux de protection et prot\u00e8ge la peau contre une vari\u00e9t\u00e9 de facteurs environnementaux. La brume-s\u00e9rum La Perle\u00a0OKOKO\u00a0a une\u00a0texture velout\u00e9e et l\u00e9g\u00e8rement lact\u00e9e\u00a0\u00e0 l\u2019application qui apporte tant de douceur et de confort qu\u2019elle peut se suffire \u00e0 elle-m\u00eame !<\/strong><\/p>","protected":false},"featured_media":18181,"template":"","meta":{"ocean_post_layout":"","ocean_both_sidebars_style":"","ocean_both_sidebars_content_width":0,"ocean_both_sidebars_sidebars_width":0,"ocean_sidebar":"0","ocean_second_sidebar":"0","ocean_disable_margins":"enable","ocean_add_body_class":"","ocean_shortcode_before_top_bar":"","ocean_shortcode_after_top_bar":"","ocean_shortcode_before_header":"","ocean_shortcode_after_header":"","ocean_has_shortcode":"","ocean_shortcode_after_title":"","ocean_shortcode_before_footer_widgets":"","ocean_shortcode_after_footer_widgets":"","ocean_shortcode_before_footer_bottom":"","ocean_shortcode_after_footer_bottom":"","ocean_display_top_bar":"default","ocean_display_header":"default","ocean_header_style":"","ocean_center_header_left_menu":"0","ocean_custom_header_template":"0","ocean_custom_logo":0,"ocean_custom_retina_logo":0,"ocean_custom_logo_max_width":0,"ocean_custom_logo_tablet_max_width":0,"ocean_custom_logo_mobile_max_width":0,"ocean_custom_logo_max_height":0,"ocean_custom_logo_tablet_max_height":0,"ocean_custom_logo_mobile_max_height":0,"ocean_header_custom_menu":"0","ocean_menu_typo_font_family":"0","ocean_menu_typo_font_subset":"","ocean_menu_typo_font_size":0,"ocean_menu_typo_font_size_tablet":0,"ocean_menu_typo_font_size_mobile":0,"ocean_menu_typo_font_size_unit":"px","ocean_menu_typo_font_weight":"","ocean_menu_typo_font_weight_tablet":"","ocean_menu_typo_font_weight_mobile":"","ocean_menu_typo_transform":"","ocean_menu_typo_transform_tablet":"","ocean_menu_typo_transform_mobile":"","ocean_menu_typo_line_height":0,"ocean_menu_typo_line_height_tablet":0,"ocean_menu_typo_line_height_mobile":0,"ocean_menu_typo_line_height_unit":"","ocean_menu_typo_spacing":0,"ocean_menu_typo_spacing_tablet":0,"ocean_menu_typo_spacing_mobile":0,"ocean_menu_typo_spacing_unit":"","ocean_menu_link_color":"","ocean_menu_link_color_hover":"","ocean_menu_link_color_active":"","ocean_menu_link_background":"","ocean_menu_link_hover_background":"","ocean_menu_link_active_background":"","ocean_menu_social_links_bg":"","ocean_menu_social_hover_links_bg":"","ocean_menu_social_links_color":"","ocean_menu_social_hover_links_color":"","ocean_disable_title":"default","ocean_disable_heading":"default","ocean_post_title":"","ocean_post_subheading":"","ocean_post_title_style":"","ocean_post_title_background_color":"","ocean_post_title_background":0,"ocean_post_title_bg_image_position":"","ocean_post_title_bg_image_attachment":"","ocean_post_title_bg_image_repeat":"","ocean_post_title_bg_image_size":"","ocean_post_title_height":0,"ocean_post_title_bg_overlay":0.5,"ocean_post_title_bg_overlay_color":"","ocean_disable_breadcrumbs":"default","ocean_breadcrumbs_color":"","ocean_breadcrumbs_separator_color":"","ocean_breadcrumbs_links_color":"","ocean_breadcrumbs_links_hover_color":"","ocean_display_footer_widgets":"default","ocean_display_footer_bottom":"default","ocean_custom_footer_template":"0"},"product_cat":[410,87,91,90,409,84,20],"product_tag":[],"class_list":{"0":"post-3355","1":"product","2":"type-product","3":"status-publish","4":"has-post-thumbnail","6":"product_brand-okoko","7":"product_cat-hyperpigmentation-taches-pigmentaires","8":"product_cat-peaux-matures","9":"product_cat-tout-type-de-peau","10":"product_cat-peaux-seches-deshydratees","11":"product_cat-peaux-ternes","12":"product_cat-serums-bio-huiles-de-beaute","13":"product_cat-soins-du-visage","15":"entry","16":"has-media","18":"first","19":"instock","20":"taxable","21":"shipping-taxable","22":"purchasable","23":"product-type-simple","24":"has-product-nav","25":"col","26":"span_1_of_4","27":"owp-content-center","28":"owp-thumbs-layout-horizontal","29":"owp-btn-normal","30":"owp-tabs-layout-horizontal"},"_links":{"self":[{"href":"https:\/\/awesomegreenbeauty.com\/en\/wp-json\/wp\/v2\/product\/3355","targetHints":{"allow":["GET"]}}],"collection":[{"href":"https:\/\/awesomegreenbeauty.com\/en\/wp-json\/wp\/v2\/product"}],"about":[{"href":"https:\/\/awesomegreenbeauty.com\/en\/wp-json\/wp\/v2\/types\/product"}],"version-history":[{"count":0,"href":"https:\/\/awesomegreenbeauty.com\/en\/wp-json\/wp\/v2\/product\/3355\/revisions"}],"wp:featuredmedia":[{"embeddable":true,"href":"https:\/\/awesomegreenbeauty.com\/en\/wp-json\/wp\/v2\/media\/18181"}],"wp:attachment":[{"href":"https:\/\/awesomegreenbeauty.com\/en\/wp-json\/wp\/v2\/media?parent=3355"}],"wp:term":[{"taxonomy":"product_cat","embeddable":true,"href":"https:\/\/awesomegreenbeauty.com\/en\/wp-json\/wp\/v2\/product_cat?post=3355"},{"taxonomy":"product_tag","embeddable":true,"href":"https:\/\/awesomegreenbeauty.com\/en\/wp-json\/wp\/v2\/product_tag?post=3355"}],"curies":[{"name":"wp","href":"https:\/\/api.w.org\/{rel}","templated":true}]}}