{"id":3366,"date":"2020-09-25T13:19:41","date_gmt":"2020-09-25T11:19:41","guid":{"rendered":"https:\/\/mygreenbrands.com\/?post_type=product&#038;p=3366"},"modified":"2026-03-19T17:01:47","modified_gmt":"2026-03-19T16:01:47","slug":"okoko-huile-visage-les-16-precieux","status":"publish","type":"product","link":"https:\/\/awesomegreenbeauty.com\/en\/product\/okoko-huile-visage-les-16-precieux\/","title":{"rendered":"OKOKO Cosm\u00e9tiques \u2013 Huile  S\u00e9rum  Anti-\u00c2ge \u2013 Les 16 Pr\u00e9cieux &#8211; 30ml"},"content":{"rendered":"<p><strong>L\u2019huile\u00a0 \u00a0S\u00e9rum\u00a0<\/strong><strong>visage<\/strong>\u00a0Les 16 pr\u00e9cieux\u00a0<strong>OKOKO<\/strong>\u00a0est formul\u00e9e pour\u00a0<strong>r\u00e9v\u00e9ler l\u2019\u00e9clat<\/strong>\u00a0de tous les types de peaux et offre une\u00a0<strong>exp\u00e9rience sensorielle unique et efficace<\/strong>.<\/p>\n<p class=\"translation-block\">Bakuchiol is a gentler alternative to retinol, providing excellent skin tolerance. Its effectiveness against dark spots and wrinkles is scientifically proven. It boosts collagen production and stimulates cell renewal for a plump and protected skin.<\/p>\n<p class=\"translation-block\">Marula oil is full of fatty acids and antioxidants that make it a powerful anti-aging active. It helps maintain the tone and elasticity of the skin.<\/p>\n<p class=\"translation-block\">Prickly pear seed oil is exceptionally rich in vitamin E and omega-6. This oil is considered the best to fight skin aging and stimulate cell regeneration.<\/p>\n<p class=\"translation-block\">Sea buckthorn oil is concentrated in vitamin E and carotenoids, which are excellent antioxidants to preserve the youth of the skin and fight against free radicals. Provitamin A gives a real glow effect while its emollient power softens and softens the skin.<\/p>\n<p class=\"translation-block\">White lupine extract is known for its ability to firm skin, helping to redefine the eye and face contour for visibly rejuvenated skin.<\/p>\n<p class=\"translation-block\">Rosehip oil is rich in vitamin A. It slows the skin aging process and promotes healing. This precious oil stimulates the production of collagen and is ideal for damaged skin.<\/p>\n<p class=\"translation-block\">Evening primrose oil actively fights the signs of aging thanks to its antioxidant concentration, and helps maintain skin elasticity. Strongly restructuring and revitalizing, it promotes skin regeneration and intensely moisturizes.<\/p>","protected":false},"excerpt":{"rendered":"<p><strong>100% Naturel | Ingr\u00e9dients bio | Vegan | Non-com\u00e9dog\u00e8ne | Tout type de peau<\/strong><\/p>\n<p>Cette huile S\u00e9rum visage contient du Bakuchiol, un antioxydant puissant aux propri\u00e9t\u00e9s anti-\u00e2ge reconnues.<\/p>\n<p>Parfaite \u00e9galement pour <b>att\u00e9nuer les rides, les\u00a0 taches pigmentaires &amp; les cicatrices d\u2019acn\u00e9. Un soin extr\u00eamement performant &amp; complet.<\/b><\/p>\n<p>Parfum divin et texture non grasse !<\/p>\n<p>Qui dit mieux ?<\/p>","protected":false},"featured_media":35779,"template":"","meta":{"ocean_post_layout":"","ocean_both_sidebars_style":"","ocean_both_sidebars_content_width":0,"ocean_both_sidebars_sidebars_width":0,"ocean_sidebar":"0","ocean_second_sidebar":"0","ocean_disable_margins":"enable","ocean_add_body_class":"","ocean_shortcode_before_top_bar":"","ocean_shortcode_after_top_bar":"","ocean_shortcode_before_header":"","ocean_shortcode_after_header":"","ocean_has_shortcode":"","ocean_shortcode_after_title":"","ocean_shortcode_before_footer_widgets":"","ocean_shortcode_after_footer_widgets":"","ocean_shortcode_before_footer_bottom":"","ocean_shortcode_after_footer_bottom":"","ocean_display_top_bar":"default","ocean_display_header":"default","ocean_header_style":"","ocean_center_header_left_menu":"0","ocean_custom_header_template":"0","ocean_custom_logo":0,"ocean_custom_retina_logo":0,"ocean_custom_logo_max_width":0,"ocean_custom_logo_tablet_max_width":0,"ocean_custom_logo_mobile_max_width":0,"ocean_custom_logo_max_height":0,"ocean_custom_logo_tablet_max_height":0,"ocean_custom_logo_mobile_max_height":0,"ocean_header_custom_menu":"0","ocean_menu_typo_font_family":"0","ocean_menu_typo_font_subset":"","ocean_menu_typo_font_size":0,"ocean_menu_typo_font_size_tablet":0,"ocean_menu_typo_font_size_mobile":0,"ocean_menu_typo_font_size_unit":"px","ocean_menu_typo_font_weight":"","ocean_menu_typo_font_weight_tablet":"","ocean_menu_typo_font_weight_mobile":"","ocean_menu_typo_transform":"","ocean_menu_typo_transform_tablet":"","ocean_menu_typo_transform_mobile":"","ocean_menu_typo_line_height":0,"ocean_menu_typo_line_height_tablet":0,"ocean_menu_typo_line_height_mobile":0,"ocean_menu_typo_line_height_unit":"","ocean_menu_typo_spacing":0,"ocean_menu_typo_spacing_tablet":0,"ocean_menu_typo_spacing_mobile":0,"ocean_menu_typo_spacing_unit":"","ocean_menu_link_color":"","ocean_menu_link_color_hover":"","ocean_menu_link_color_active":"","ocean_menu_link_background":"","ocean_menu_link_hover_background":"","ocean_menu_link_active_background":"","ocean_menu_social_links_bg":"","ocean_menu_social_hover_links_bg":"","ocean_menu_social_links_color":"","ocean_menu_social_hover_links_color":"","ocean_disable_title":"default","ocean_disable_heading":"default","ocean_post_title":"","ocean_post_subheading":"","ocean_post_title_style":"","ocean_post_title_background_color":"","ocean_post_title_background":0,"ocean_post_title_bg_image_position":"","ocean_post_title_bg_image_attachment":"","ocean_post_title_bg_image_repeat":"","ocean_post_title_bg_image_size":"","ocean_post_title_height":0,"ocean_post_title_bg_overlay":0.5,"ocean_post_title_bg_overlay_color":"","ocean_disable_breadcrumbs":"default","ocean_breadcrumbs_color":"","ocean_breadcrumbs_separator_color":"","ocean_breadcrumbs_links_color":"","ocean_breadcrumbs_links_hover_color":"","ocean_display_footer_widgets":"default","ocean_display_footer_bottom":"default","ocean_custom_footer_template":"0"},"product_cat":[410,89,87,91,409,84,20],"product_tag":[],"class_list":{"0":"post-3366","1":"product","2":"type-product","3":"status-publish","4":"has-post-thumbnail","6":"product_brand-okoko","7":"product_cat-hyperpigmentation-taches-pigmentaires","8":"product_cat-peaux-grasses-mixtes","9":"product_cat-peaux-matures","10":"product_cat-tout-type-de-peau","11":"product_cat-peaux-ternes","12":"product_cat-serums-bio-huiles-de-beaute","13":"product_cat-soins-du-visage","15":"entry","16":"has-media","18":"first","19":"instock","20":"featured","21":"taxable","22":"shipping-taxable","23":"purchasable","24":"product-type-variable","25":"has-product-nav","26":"col","27":"span_1_of_4","28":"owp-content-center","29":"owp-thumbs-layout-horizontal","30":"owp-btn-normal","31":"owp-tabs-layout-horizontal"},"_links":{"self":[{"href":"https:\/\/awesomegreenbeauty.com\/en\/wp-json\/wp\/v2\/product\/3366","targetHints":{"allow":["GET"]}}],"collection":[{"href":"https:\/\/awesomegreenbeauty.com\/en\/wp-json\/wp\/v2\/product"}],"about":[{"href":"https:\/\/awesomegreenbeauty.com\/en\/wp-json\/wp\/v2\/types\/product"}],"version-history":[{"count":0,"href":"https:\/\/awesomegreenbeauty.com\/en\/wp-json\/wp\/v2\/product\/3366\/revisions"}],"wp:featuredmedia":[{"embeddable":true,"href":"https:\/\/awesomegreenbeauty.com\/en\/wp-json\/wp\/v2\/media\/35779"}],"wp:attachment":[{"href":"https:\/\/awesomegreenbeauty.com\/en\/wp-json\/wp\/v2\/media?parent=3366"}],"wp:term":[{"taxonomy":"product_cat","embeddable":true,"href":"https:\/\/awesomegreenbeauty.com\/en\/wp-json\/wp\/v2\/product_cat?post=3366"},{"taxonomy":"product_tag","embeddable":true,"href":"https:\/\/awesomegreenbeauty.com\/en\/wp-json\/wp\/v2\/product_tag?post=3366"}],"curies":[{"name":"wp","href":"https:\/\/api.w.org\/{rel}","templated":true}]}}