{"id":341,"date":"2019-08-29T13:41:10","date_gmt":"2019-08-29T11:41:10","guid":{"rendered":"https:\/\/www.mygreenbrands.fr\/?post_type=product&#038;p=341"},"modified":"2025-08-05T18:21:56","modified_gmt":"2025-08-05T16:21:56","slug":"honua-aina-masque-regenerant","status":"publish","type":"product","link":"https:\/\/awesomegreenbeauty.com\/en\/product\/honua-aina-masque-regenerant\/","title":{"rendered":"HONUA \u2013 Aina Regenerating Mask \u2013 50 ml"},"content":{"rendered":"<p>FOR THE LAND LOVERS<br \/>\nLe HONUA AINA MASK est un soin revitalisant pour rebooster la peau. Ce soin r\u00e9g\u00e9n\u00e9rant est \u00e9labor\u00e9 avec des plantes Hawa\u00efennes riches en phyto nutriments, vitamines et min\u00e9raux telles que le KALO.<br \/>\nIt is created with our Hawaiian super plant, KALO. This plant will feed your face with skin loving phyto-nutrients, vitamins and minerals, such as Beta-Carotene, anti-aging Vitamins A and C, and skin repairing Manganese.<br \/>\nHONUA AINA Mask also contains ni'oi (Hawaiian pepper) known for its stimulating effects on blood circulation and Tamanu oil with a strong hydrating power to provide hydration and rebalance the pH of the skin.<\/p>\n<h4>Ingr\u00e9dients cl\u00e9s : le miel brut, l&rsquo;huile Tamanu, le saule noir, le curcuma, l&rsquo;hamamelis\u00a0 &#8230;<\/h4>\n<h3>Les b\u00e9n\u00e9fices des inngr\u00e9dients phare de ce soin r\u00e9g\u00e9n\u00e9rant:<\/h3>\n<h4><strong>L&rsquo;huile de <a href=\"https:\/\/archimer.ifremer.fr\/doc\/00660\/77218\/\" target=\"_blank\" rel=\"noopener\">Tamanu<\/a><\/strong> extraite des noix de Calophyllum inophyllum, est une huile pr\u00e9cieuse en cosm\u00e9tique en raison de ses nombreuses propri\u00e9t\u00e9s b\u00e9n\u00e9fiques pour la peau et les cheveux:<\/h4>\n<p>+ R\u00e9g\u00e9n\u00e9rante et cicatrisante :\u00a0 acc\u00e9l\u00e8re la cicatrisation et att\u00e9nue les cicatrices .<\/p>\n<p>+ Anti-inflammatoire et apaisante : soulage les irritations, rougeurs. R\u00e9duit l\u2019inflammation des boutons et imperfections.<\/p>\n<p>+ Antibact\u00e9rienne et antifongique<\/p>\n<p>+ Prot\u00e8ge la peau de la d\u00e9shydratation et pr\u00e9vient le vieillissement cutan\u00e9 en neutralisant les radicaux libres.\u00a0Stimule la production de collag\u00e8ne pour une peau plus ferme.<\/p>\n<h4><a href=\"https:\/\/www.futura-sciences.com\/sante\/questions-reponses\/nutrition-curcuma-sont-bienfaits-sante-2675\/\" target=\"_blank\" rel=\"noopener\"><strong>Le Curcuma<\/strong><\/a><\/h4>\n<p>+ \u00c9clat et luminosit\u00e9<\/p>\n<p>+ Illumine le teint et r\u00e9duit le teint terne.\u00a0Apporte un effet \u00ab\u00a0bonne mine\u00a0\u00bb naturel.<\/p>\n<p>+ Anti-inflammatoire.\u00a0Apaise les peaux sensibles, sujettes aux rougeurs et irritations.<\/p>\n<p>+Anti-\u00e2ge et antioxydant.\u00a0Prot\u00e8ge la peau contre le vieillissement pr\u00e9matur\u00e9.\u00a0R\u00e9duit l\u2019apparence des rides et des taches pigmentaires.<\/p>\n<p>+ Purifiant et r\u00e9gulateur de s\u00e9bum.\u00a0Id\u00e9al pour les peaux grasses. R\u00e9duit les points noirs et resserre les pores.<\/p>\n<h4><a href=\"https:\/\/bioeven.fr\/le-blog\/hamamelis-proprietes-et-bienfaits-en-cosmetique\" target=\"_blank\" rel=\"noopener\"><strong>L\u2019hamam\u00e9lis<\/strong><\/a><\/h4>\n<p>+ Purifiant et astringent<\/p>\n<p>+ Resserre les pores et affine le grain de peau.<\/p>\n<p>+ Apaisant et anti-inflammatoire. Calme les irritations, rougeurs et inflammations.<\/p>\n<p>+ Tonifiant et rafra\u00eechissant.\u00a0Stimule la circulation sanguine et r\u00e9duit les cernes.<\/p>\n<p>+ Antiseptique et cicatrisant.\u00a0Favorise la cicatrisation des boutons et petites plaies.<\/p>\n<p>&nbsp;<\/p>\n<p>&nbsp;<\/p>","protected":false},"excerpt":{"rendered":"<p><strong>La beaut\u00e9 Made In Hawaii | 100 %<\/strong> <strong>Naturel |Masque r\u00e9g\u00e9n\u00e9rant &amp; repulpant | Tout type de peau est un pure bonheur !\u00a0\u00a0<\/strong><\/p>\n<p>Le HONUA AINA MASK est un formidable masque r\u00e9g\u00e9n\u00e9rant qui r\u00e9pare, nourrit et rebooste votre peau gr\u00e2ce au b\u00e9ta carot\u00e8ne et aux propri\u00e9t\u00e9s r\u00e9paratrices du mangan\u00e8se.<\/p>\n<p>Sa composition impeccable r\u00e9unit les ingr\u00e9dients indispensables pour un effet revigorant, repulp\u00e9e et anti-\u00e2ge.<\/p>\n<p>&nbsp;<\/p>\n<p><strong>All skin type. Recommended for Mature skins<\/strong>.<\/p>","protected":false},"featured_media":1609,"template":"","meta":{"ocean_post_layout":"","ocean_both_sidebars_style":"","ocean_both_sidebars_content_width":0,"ocean_both_sidebars_sidebars_width":0,"ocean_sidebar":"0","ocean_second_sidebar":"0","ocean_disable_margins":"enable","ocean_add_body_class":"","ocean_shortcode_before_top_bar":"","ocean_shortcode_after_top_bar":"","ocean_shortcode_before_header":"","ocean_shortcode_after_header":"","ocean_has_shortcode":"","ocean_shortcode_after_title":"","ocean_shortcode_before_footer_widgets":"","ocean_shortcode_after_footer_widgets":"","ocean_shortcode_before_footer_bottom":"","ocean_shortcode_after_footer_bottom":"","ocean_display_top_bar":"default","ocean_display_header":"default","ocean_header_style":"","ocean_center_header_left_menu":"0","ocean_custom_header_template":"0","ocean_custom_logo":0,"ocean_custom_retina_logo":0,"ocean_custom_logo_max_width":0,"ocean_custom_logo_tablet_max_width":0,"ocean_custom_logo_mobile_max_width":0,"ocean_custom_logo_max_height":0,"ocean_custom_logo_tablet_max_height":0,"ocean_custom_logo_mobile_max_height":0,"ocean_header_custom_menu":"0","ocean_menu_typo_font_family":"0","ocean_menu_typo_font_subset":"","ocean_menu_typo_font_size":0,"ocean_menu_typo_font_size_tablet":0,"ocean_menu_typo_font_size_mobile":0,"ocean_menu_typo_font_size_unit":"px","ocean_menu_typo_font_weight":"","ocean_menu_typo_font_weight_tablet":"","ocean_menu_typo_font_weight_mobile":"","ocean_menu_typo_transform":"","ocean_menu_typo_transform_tablet":"","ocean_menu_typo_transform_mobile":"","ocean_menu_typo_line_height":0,"ocean_menu_typo_line_height_tablet":0,"ocean_menu_typo_line_height_mobile":0,"ocean_menu_typo_line_height_unit":"","ocean_menu_typo_spacing":0,"ocean_menu_typo_spacing_tablet":0,"ocean_menu_typo_spacing_mobile":0,"ocean_menu_typo_spacing_unit":"","ocean_menu_link_color":"","ocean_menu_link_color_hover":"","ocean_menu_link_color_active":"","ocean_menu_link_background":"","ocean_menu_link_hover_background":"","ocean_menu_link_active_background":"","ocean_menu_social_links_bg":"","ocean_menu_social_hover_links_bg":"","ocean_menu_social_links_color":"","ocean_menu_social_hover_links_color":"","ocean_disable_title":"default","ocean_disable_heading":"default","ocean_post_title":"","ocean_post_subheading":"","ocean_post_title_style":"","ocean_post_title_background_color":"","ocean_post_title_background":0,"ocean_post_title_bg_image_position":"","ocean_post_title_bg_image_attachment":"","ocean_post_title_bg_image_repeat":"","ocean_post_title_bg_image_size":"","ocean_post_title_height":0,"ocean_post_title_bg_overlay":0.5,"ocean_post_title_bg_overlay_color":"","ocean_disable_breadcrumbs":"default","ocean_breadcrumbs_color":"","ocean_breadcrumbs_separator_color":"","ocean_breadcrumbs_links_color":"","ocean_breadcrumbs_links_hover_color":"","ocean_display_footer_widgets":"default","ocean_display_footer_bottom":"default","ocean_custom_footer_template":"0"},"product_cat":[34,76,91,119],"product_tag":[],"class_list":{"0":"post-341","1":"product","2":"type-product","3":"status-publish","4":"has-post-thumbnail","6":"product_brand-honua-skincare","7":"product_cat-pere","8":"product_cat-masques-traitants-naturels-bio","9":"product_cat-tout-type-de-peau","10":"product_cat-soins-du-visage-pere","12":"entry","13":"has-media","15":"first","16":"instock","17":"taxable","18":"shipping-taxable","19":"purchasable","20":"product-type-simple","21":"has-product-nav","22":"col","23":"span_1_of_4","24":"owp-content-center","25":"owp-thumbs-layout-horizontal","26":"owp-btn-normal","27":"owp-tabs-layout-horizontal"},"_links":{"self":[{"href":"https:\/\/awesomegreenbeauty.com\/en\/wp-json\/wp\/v2\/product\/341","targetHints":{"allow":["GET"]}}],"collection":[{"href":"https:\/\/awesomegreenbeauty.com\/en\/wp-json\/wp\/v2\/product"}],"about":[{"href":"https:\/\/awesomegreenbeauty.com\/en\/wp-json\/wp\/v2\/types\/product"}],"version-history":[{"count":0,"href":"https:\/\/awesomegreenbeauty.com\/en\/wp-json\/wp\/v2\/product\/341\/revisions"}],"wp:featuredmedia":[{"embeddable":true,"href":"https:\/\/awesomegreenbeauty.com\/en\/wp-json\/wp\/v2\/media\/1609"}],"wp:attachment":[{"href":"https:\/\/awesomegreenbeauty.com\/en\/wp-json\/wp\/v2\/media?parent=341"}],"wp:term":[{"taxonomy":"product_cat","embeddable":true,"href":"https:\/\/awesomegreenbeauty.com\/en\/wp-json\/wp\/v2\/product_cat?post=341"},{"taxonomy":"product_tag","embeddable":true,"href":"https:\/\/awesomegreenbeauty.com\/en\/wp-json\/wp\/v2\/product_tag?post=341"}],"curies":[{"name":"wp","href":"https:\/\/api.w.org\/{rel}","templated":true}]}}