{"id":3463,"date":"2020-10-17T14:11:54","date_gmt":"2020-10-17T12:11:54","guid":{"rendered":"https:\/\/mygreenbrands.com\/?post_type=product&#038;p=3463"},"modified":"2022-02-12T15:35:26","modified_gmt":"2022-02-12T14:35:26","slug":"okoko-serum-levres-secret-du-dragon","status":"publish","type":"product","link":"https:\/\/awesomegreenbeauty.com\/en\/product\/okoko-serum-levres-secret-du-dragon\/","title":{"rendered":"OKOKO Cosm\u00e9tiques &#8211; S\u00e9rum L\u00e8vres Secret Du Dragon"},"content":{"rendered":"<p class=\"translation-block\">The Secret du Dragon serum is a natural lip balm, highly concentrated in rare and precious active ingredients. It contains :<\/p>\n<p class=\"translation-block\">Dragon's blood extract, an Amazonian resin, powerful anti-inflammatory that activates the repairing and healing functions of the skin, boosting cell renewal and protecting it from external aggressions.<\/p>\n<p class=\"translation-block\">The precious oils of tomato, moringa, prickly pear and broccoli are rich in antioxidants and possess exceptional nourishing, regenerating, anti-aging and protective properties.<\/p>\n<p>The\u00a0<strong>Blue tansy\u00a0<\/strong>or blue chamomile, excellent anti-inflammatory that <strong>soothes irritated skin<\/strong> and relaxes the mind thanks to its calming and relaxing properties. It soothes dry and chapped lips.<\/p>\n<p class=\"translation-block\">Phycocyanine, a blue pigment extracted from spirulina, is an anti-aging, anti-oxidant and revitalizing active ingredient of choice.<\/p>\n<p class=\"translation-block\">Bisabolol soothes inflammation and helps protect and regenerate the skin barrier.<\/p>\n<p class=\"translation-block\">CO2 extract with soothing, anti-inflammatory and healing properties.<\/p>\n<p class=\"translation-block\"><strong> Ceramides <strong> reduce roughness and dry patches, they deeply moisturize while soothing and protecting the most sensitive skin.<\/p>\n<p class=\"translation-block\">Vegetable lanolin provides superior hydration, protects the skin and has excellent anti-aging properties.<\/p>","protected":false},"excerpt":{"rendered":"<p><strong>100% natural | Organic | Vegan | Special dehydrated lips<\/strong><\/p>\n<p>This serum hydrates, plumps and protects the lips. <strong>Infused with precious ingredients<\/strong>\u00a0such as dragon's blood resin, blue tansy or spirulina, it offers <strong>hydratation,<\/strong> ,\u00a0<strong>softness<\/strong>\u00a0and <strong>protection<\/strong>\u00a0to dry and chapped lips,\u00a0<strong>without a sticky effect.<\/strong>.<\/p>","protected":false},"featured_media":3464,"template":"","meta":{"ocean_post_layout":"","ocean_both_sidebars_style":"","ocean_both_sidebars_content_width":0,"ocean_both_sidebars_sidebars_width":0,"ocean_sidebar":"","ocean_second_sidebar":"","ocean_disable_margins":"enable","ocean_add_body_class":"","ocean_shortcode_before_top_bar":"","ocean_shortcode_after_top_bar":"","ocean_shortcode_before_header":"","ocean_shortcode_after_header":"","ocean_has_shortcode":"","ocean_shortcode_after_title":"","ocean_shortcode_before_footer_widgets":"","ocean_shortcode_after_footer_widgets":"","ocean_shortcode_before_footer_bottom":"","ocean_shortcode_after_footer_bottom":"","ocean_display_top_bar":"default","ocean_display_header":"default","ocean_header_style":"","ocean_center_header_left_menu":"","ocean_custom_header_template":"","ocean_custom_logo":0,"ocean_custom_retina_logo":0,"ocean_custom_logo_max_width":0,"ocean_custom_logo_tablet_max_width":0,"ocean_custom_logo_mobile_max_width":0,"ocean_custom_logo_max_height":0,"ocean_custom_logo_tablet_max_height":0,"ocean_custom_logo_mobile_max_height":0,"ocean_header_custom_menu":"","ocean_menu_typo_font_family":"","ocean_menu_typo_font_subset":"","ocean_menu_typo_font_size":0,"ocean_menu_typo_font_size_tablet":0,"ocean_menu_typo_font_size_mobile":0,"ocean_menu_typo_font_size_unit":"px","ocean_menu_typo_font_weight":"","ocean_menu_typo_font_weight_tablet":"","ocean_menu_typo_font_weight_mobile":"","ocean_menu_typo_transform":"","ocean_menu_typo_transform_tablet":"","ocean_menu_typo_transform_mobile":"","ocean_menu_typo_line_height":0,"ocean_menu_typo_line_height_tablet":0,"ocean_menu_typo_line_height_mobile":0,"ocean_menu_typo_line_height_unit":"","ocean_menu_typo_spacing":0,"ocean_menu_typo_spacing_tablet":0,"ocean_menu_typo_spacing_mobile":0,"ocean_menu_typo_spacing_unit":"","ocean_menu_link_color":"","ocean_menu_link_color_hover":"","ocean_menu_link_color_active":"","ocean_menu_link_background":"","ocean_menu_link_hover_background":"","ocean_menu_link_active_background":"","ocean_menu_social_links_bg":"","ocean_menu_social_hover_links_bg":"","ocean_menu_social_links_color":"","ocean_menu_social_hover_links_color":"","ocean_disable_title":"default","ocean_disable_heading":"default","ocean_post_title":"","ocean_post_subheading":"","ocean_post_title_style":"","ocean_post_title_background_color":"","ocean_post_title_background":0,"ocean_post_title_bg_image_position":"","ocean_post_title_bg_image_attachment":"","ocean_post_title_bg_image_repeat":"","ocean_post_title_bg_image_size":"","ocean_post_title_height":0,"ocean_post_title_bg_overlay":0.5,"ocean_post_title_bg_overlay_color":"","ocean_disable_breadcrumbs":"default","ocean_breadcrumbs_color":"","ocean_breadcrumbs_separator_color":"","ocean_breadcrumbs_links_color":"","ocean_breadcrumbs_links_hover_color":"","ocean_display_footer_widgets":"default","ocean_display_footer_bottom":"default","ocean_custom_footer_template":""},"product_cat":[113,81],"product_tag":[],"class_list":{"0":"post-3463","1":"product","2":"type-product","3":"status-publish","4":"has-post-thumbnail","6":"product_brand-okoko","7":"product_cat-baumes-a-levres","8":"product_cat-soins-des-levres","10":"entry","11":"has-media","13":"first","14":"outofstock","15":"taxable","16":"shipping-taxable","17":"purchasable","18":"product-type-simple","19":"has-product-nav","20":"col","21":"span_1_of_4","22":"owp-content-center","23":"owp-thumbs-layout-horizontal","24":"owp-btn-normal","25":"owp-tabs-layout-horizontal","26":"has-no-thumbnails"},"_links":{"self":[{"href":"https:\/\/awesomegreenbeauty.com\/en\/wp-json\/wp\/v2\/product\/3463","targetHints":{"allow":["GET"]}}],"collection":[{"href":"https:\/\/awesomegreenbeauty.com\/en\/wp-json\/wp\/v2\/product"}],"about":[{"href":"https:\/\/awesomegreenbeauty.com\/en\/wp-json\/wp\/v2\/types\/product"}],"version-history":[{"count":0,"href":"https:\/\/awesomegreenbeauty.com\/en\/wp-json\/wp\/v2\/product\/3463\/revisions"}],"wp:featuredmedia":[{"embeddable":true,"href":"https:\/\/awesomegreenbeauty.com\/en\/wp-json\/wp\/v2\/media\/3464"}],"wp:attachment":[{"href":"https:\/\/awesomegreenbeauty.com\/en\/wp-json\/wp\/v2\/media?parent=3463"}],"wp:term":[{"taxonomy":"product_cat","embeddable":true,"href":"https:\/\/awesomegreenbeauty.com\/en\/wp-json\/wp\/v2\/product_cat?post=3463"},{"taxonomy":"product_tag","embeddable":true,"href":"https:\/\/awesomegreenbeauty.com\/en\/wp-json\/wp\/v2\/product_tag?post=3463"}],"curies":[{"name":"wp","href":"https:\/\/api.w.org\/{rel}","templated":true}]}}