{"id":351,"date":"2019-08-29T14:00:38","date_gmt":"2019-08-29T12:00:38","guid":{"rendered":"https:\/\/www.mygreenbrands.fr\/?post_type=product&#038;p=351"},"modified":"2024-11-28T16:58:33","modified_gmt":"2024-11-28T15:58:33","slug":"honua-eau-de-beaute-hawaienne-exfoliante-60ml","status":"publish","type":"product","link":"https:\/\/awesomegreenbeauty.com\/en\/product\/honua-eau-de-beaute-hawaienne-exfoliante-60ml\/","title":{"rendered":"HONUA \u2013 Hawa\u00efan Beauty Water \u2013 60 ml"},"content":{"rendered":"<p>100 % Natural<\/p>\n<p>Hawaiian beauty water is an exfoliating water that helps restore a luminous complexion. The presence of hibiscus, a powerful antioxidant, helps to unify the complexion and tighten large pores while hydrating the skin. The enzymes in papaya, K\u014c, Hawaiian sugar, and Willow bark act as exfoliators and leave your skin hydrated and radiant.<\/p>\n<p>L\u2019eau de beaut\u00e9 hawa\u00efenne peut varier dans les nuances du jaune-orange clair au rose-orange en passant par un rose\/magenta plus profond en fonction de l&rsquo;endroit et du moment o\u00f9 nos fleurs d&rsquo;hibiscus proviennent. Hawaiian Beauty Water peut contenir des s\u00e9diments provenant de nos ingr\u00e9dients naturels, ce qui est parfaitement s\u00fbr. Il suffit de le secouer avant de le distribuer sur un coton rond.<\/p>\n<p><strong>L&rsquo;hibiscus<\/strong> est un puissant antioxydant qui aide \u00e0 uniformiser le teint et \u00e0 resserrer les pores. Il a des qualit\u00e9s r\u00e9g\u00e9n\u00e9rantes \u00ab\u00a0AHA Acid\u00a0\u00bb sans irritation, et contient du mucilage pour laisser la peau repulp\u00e9e et hydrat\u00e9e. <strong>Le jus de feuilles d&rsquo;alo\u00e8s<\/strong> hydrate et rafra\u00eechit la peau pour une finition ros\u00e9e. <strong>Les enzymes de papaye<\/strong>, le k\u014d (sucre hawa\u00efen) et l&rsquo;\u00e9corce de saule sont nos puissants exfoliants (AHA, BHA et enzymes) pour donner \u00e0 votre peau un \u00e9clat sain.<\/p>","protected":false},"excerpt":{"rendered":"<p>100 % Natural<\/p>\n<p><strong>All skin types<\/strong>. L\u2019eau de beaut\u00e9 Hawa\u00efenne est une eau exfoliante qui unifie le teint et aide \u00e0 retrouver un teint lumineux.<\/p>\n<p>&nbsp;<\/p>","protected":false},"featured_media":17408,"template":"","meta":{"ocean_post_layout":"","ocean_both_sidebars_style":"","ocean_both_sidebars_content_width":0,"ocean_both_sidebars_sidebars_width":0,"ocean_sidebar":"0","ocean_second_sidebar":"0","ocean_disable_margins":"enable","ocean_add_body_class":"","ocean_shortcode_before_top_bar":"","ocean_shortcode_after_top_bar":"","ocean_shortcode_before_header":"","ocean_shortcode_after_header":"","ocean_has_shortcode":"","ocean_shortcode_after_title":"","ocean_shortcode_before_footer_widgets":"","ocean_shortcode_after_footer_widgets":"","ocean_shortcode_before_footer_bottom":"","ocean_shortcode_after_footer_bottom":"","ocean_display_top_bar":"default","ocean_display_header":"default","ocean_header_style":"","ocean_center_header_left_menu":"0","ocean_custom_header_template":"0","ocean_custom_logo":0,"ocean_custom_retina_logo":0,"ocean_custom_logo_max_width":0,"ocean_custom_logo_tablet_max_width":0,"ocean_custom_logo_mobile_max_width":0,"ocean_custom_logo_max_height":0,"ocean_custom_logo_tablet_max_height":0,"ocean_custom_logo_mobile_max_height":0,"ocean_header_custom_menu":"0","ocean_menu_typo_font_family":"0","ocean_menu_typo_font_subset":"","ocean_menu_typo_font_size":0,"ocean_menu_typo_font_size_tablet":0,"ocean_menu_typo_font_size_mobile":0,"ocean_menu_typo_font_size_unit":"px","ocean_menu_typo_font_weight":"","ocean_menu_typo_font_weight_tablet":"","ocean_menu_typo_font_weight_mobile":"","ocean_menu_typo_transform":"","ocean_menu_typo_transform_tablet":"","ocean_menu_typo_transform_mobile":"","ocean_menu_typo_line_height":0,"ocean_menu_typo_line_height_tablet":0,"ocean_menu_typo_line_height_mobile":0,"ocean_menu_typo_line_height_unit":"","ocean_menu_typo_spacing":0,"ocean_menu_typo_spacing_tablet":0,"ocean_menu_typo_spacing_mobile":0,"ocean_menu_typo_spacing_unit":"","ocean_menu_link_color":"","ocean_menu_link_color_hover":"","ocean_menu_link_color_active":"","ocean_menu_link_background":"","ocean_menu_link_hover_background":"","ocean_menu_link_active_background":"","ocean_menu_social_links_bg":"","ocean_menu_social_hover_links_bg":"","ocean_menu_social_links_color":"","ocean_menu_social_hover_links_color":"","ocean_disable_title":"default","ocean_disable_heading":"default","ocean_post_title":"","ocean_post_subheading":"","ocean_post_title_style":"","ocean_post_title_background_color":"","ocean_post_title_background":0,"ocean_post_title_bg_image_position":"","ocean_post_title_bg_image_attachment":"","ocean_post_title_bg_image_repeat":"","ocean_post_title_bg_image_size":"","ocean_post_title_height":0,"ocean_post_title_bg_overlay":0.5,"ocean_post_title_bg_overlay_color":"","ocean_disable_breadcrumbs":"default","ocean_breadcrumbs_color":"","ocean_breadcrumbs_separator_color":"","ocean_breadcrumbs_links_color":"","ocean_breadcrumbs_links_hover_color":"","ocean_display_footer_widgets":"default","ocean_display_footer_bottom":"default","ocean_custom_footer_template":"0"},"product_cat":[75,91],"product_tag":[],"class_list":{"0":"post-351","1":"product","2":"type-product","3":"status-publish","4":"has-post-thumbnail","6":"product_brand-honua-skincare","7":"product_cat-exfoliants-visage-naturels-bio","8":"product_cat-tout-type-de-peau","10":"entry","11":"has-media","13":"first","14":"instock","15":"taxable","16":"shipping-taxable","17":"purchasable","18":"product-type-simple","19":"has-product-nav","20":"col","21":"span_1_of_4","22":"owp-content-center","23":"owp-thumbs-layout-horizontal","24":"owp-btn-normal","25":"owp-tabs-layout-horizontal"},"_links":{"self":[{"href":"https:\/\/awesomegreenbeauty.com\/en\/wp-json\/wp\/v2\/product\/351","targetHints":{"allow":["GET"]}}],"collection":[{"href":"https:\/\/awesomegreenbeauty.com\/en\/wp-json\/wp\/v2\/product"}],"about":[{"href":"https:\/\/awesomegreenbeauty.com\/en\/wp-json\/wp\/v2\/types\/product"}],"version-history":[{"count":0,"href":"https:\/\/awesomegreenbeauty.com\/en\/wp-json\/wp\/v2\/product\/351\/revisions"}],"wp:featuredmedia":[{"embeddable":true,"href":"https:\/\/awesomegreenbeauty.com\/en\/wp-json\/wp\/v2\/media\/17408"}],"wp:attachment":[{"href":"https:\/\/awesomegreenbeauty.com\/en\/wp-json\/wp\/v2\/media?parent=351"}],"wp:term":[{"taxonomy":"product_cat","embeddable":true,"href":"https:\/\/awesomegreenbeauty.com\/en\/wp-json\/wp\/v2\/product_cat?post=351"},{"taxonomy":"product_tag","embeddable":true,"href":"https:\/\/awesomegreenbeauty.com\/en\/wp-json\/wp\/v2\/product_tag?post=351"}],"curies":[{"name":"wp","href":"https:\/\/api.w.org\/{rel}","templated":true}]}}