{"id":35441,"date":"2024-07-04T18:13:16","date_gmt":"2024-07-04T16:13:16","guid":{"rendered":"https:\/\/awesomegreenbeauty.com\/?post_type=product&#038;p=35441"},"modified":"2025-07-05T09:43:25","modified_gmt":"2025-07-05T07:43:25","slug":"serum-hydratant-pour-visage-josh-rosebrook","status":"publish","type":"product","link":"https:\/\/awesomegreenbeauty.com\/en\/product\/serum-hydratant-pour-visage-josh-rosebrook\/","title":{"rendered":"Josh Rosebrook &#8211; Hydration boost concentrate &#8211; 30ml"},"content":{"rendered":"<p data-start=\"104\" data-end=\"630\">Discover the <strong data-start=\"117\" data-end=\"148\">Hydration Boost Concentrate<\/strong>, un s\u00e9rum hydratant hautement concentr\u00e9, formul\u00e9 sans huile ni huiles essentielles, qui nourrit et revitalise la peau en profondeur. V\u00e9ritable concentr\u00e9 de phytonutriments et d\u2019antioxydants, il agit pour booster l\u2019hydratation cutan\u00e9e, renforcer la barri\u00e8re de la peau et r\u00e9v\u00e9ler un teint frais et lumineux. Con\u00e7u pour \u00eatre utilis\u00e9 en synergie avec le <span style=\"color: #993300;\"><a style=\"color: #993300;\" href=\"https:\/\/awesomegreenbeauty.com\/en\/product\/josh-rosebrook-accelerateur-dhydratation-120-ml\/\" target=\"_blank\" rel=\"noopener\"><strong data-start=\"500\" data-end=\"525\">Hydrating Accelerator<\/strong><\/a><\/span>, ce s\u00e9rum innovant maximise la p\u00e9n\u00e9tration des actifs et optimise l&rsquo;hydratation des cellules cutan\u00e9es.<\/p>\n<p data-start=\"632\" data-end=\"969\">Gr\u00e2ce \u00e0 une <strong data-start=\"644\" data-end=\"689\">formule v\u00e9g\u00e9tale riche en polysaccharides<\/strong>, il attire et retient l\u2019humidit\u00e9, laissant la peau repulp\u00e9e, lisse et \u00e9clatante. Sa texture l\u00e9g\u00e8re et fluide p\u00e9n\u00e8tre rapidement sans laisser de r\u00e9sidu gras, convenant ainsi \u00e0 tous les types de peau, y compris <strong data-start=\"899\" data-end=\"966\">les peaux sensibles, d\u00e9shydrat\u00e9es et sujettes aux imperfections<\/strong>.<\/p>\n<h3 data-start=\"971\" data-end=\"1020\"><strong data-start=\"975\" data-end=\"1018\">Les Ingr\u00e9dients Cl\u00e9s et les Bienfaits du s\u00e9rum hydratant<\/strong><\/h3>\n<ol>\n<li data-start=\"971\" data-end=\"1020\"><strong data-start=\"1025\" data-end=\"1101\">Extrait de graines de Cassia Angustifolia (Acide Hyaluronique Botanique)<\/strong> \u2013 Une alternative v\u00e9g\u00e9tale puissante \u00e0 l\u2019acide hyaluronique synth\u00e9tique, qui retient l\u2019eau au sein des cellules cutan\u00e9es pour une hydratation intense et durable.<\/li>\n<li data-start=\"1022\" data-end=\"1265\"><strong data-start=\"1270\" data-end=\"1287\">Marron d\u2019Inde<\/strong> \u2013 Soutient la production naturelle d\u2019acide hyaluronique, am\u00e9liore la r\u00e9tention d\u2019hydratation et aide \u00e0 renforcer la structure de la peau tout en offrant une action anti-inflammatoire et antioxydante.<\/li>\n<li data-start=\"1267\" data-end=\"1489\"><strong data-start=\"1494\" data-end=\"1523\">Acide de Fleur d\u2019Hibiscus<\/strong> \u2013 Exfolie en douceur, renouvelle les cellules cutan\u00e9es et am\u00e9liore l\u2019\u00e9lasticit\u00e9 et la fermet\u00e9 de la peau tout en maintenant un niveau d\u2019hydratation optimal.<\/li>\n<li data-start=\"1491\" data-end=\"1682\"><strong data-start=\"1687\" data-end=\"1725\">Th\u00e9 Vert et Th\u00e9 de Pivoine Blanche<\/strong> \u2013 <strong><span style=\"color: #993300;\"><a style=\"color: #993300;\" href=\"https:\/\/joshrosebrook.com\/fr\/blogs\/articles\/the-benefits-of-green-tea-in-skin-care\" target=\"_blank\" rel=\"noopener\">Prot\u00e8gent la peau du stress oxydatif<\/a><\/span><\/strong>, aident \u00e0 r\u00e9parer les cellules et ralentissent les signes du vieillissement cutan\u00e9.<\/li>\n<li data-start=\"1684\" data-end=\"1850\"><strong data-start=\"1855\" data-end=\"1881\">Calendula et Camomille<\/strong> \u2013 Apaisent les peaux sensibles et r\u00e9actives tout en prot\u00e9geant la barri\u00e8re cutan\u00e9e gr\u00e2ce \u00e0 leurs propri\u00e9t\u00e9s antioxydantes et anti-inflammatoires.<\/li>\n<li data-start=\"1852\" data-end=\"2029\"><strong data-start=\"2034\" data-end=\"2054\">Extrait de Cacao<\/strong> \u2013 Stimule la microcirculation, am\u00e9liore la texture de la peau et combat le vieillissement pr\u00e9matur\u00e9 gr\u00e2ce \u00e0 sa richesse en antioxydants.<\/li>\n<\/ol>\n<h3 data-start=\"2195\" data-end=\"2216\"><strong data-start=\"2199\" data-end=\"2214\">Use<\/strong><\/h3>\n<p data-start=\"2218\" data-end=\"2636\">Sur un visage propre et sec, vaporisez g\u00e9n\u00e9reusement le <strong data-start=\"2278\" data-end=\"2303\">Hydrating Accelerator<\/strong>.<br data-start=\"2304\" data-end=\"2307\" \/>Pendant que la peau est encore humide, appliquez <strong data-start=\"2360\" data-end=\"2373\">2 gouttes<\/strong> du s\u00e9rum hydratant\u00a0sur le visage et le cou en effectuant de l\u00e9gers mouvements de pression circulaires.<br data-start=\"2492\" data-end=\"2495\" \/>Scellez l\u2019hydratation avec <span style=\"color: #993300;\"><a style=\"color: #993300;\" href=\"https:\/\/awesomegreenbeauty.com\/en\/product\/josh-rosebrook-creme-baume-hydratant-vital\/\" target=\"_blank\" rel=\"noopener\"><strong data-start=\"2526\" data-end=\"2546\">Vital Balm Cream<\/strong><\/a><\/span> et\/ou <span style=\"color: #993300;\"><a style=\"color: #993300;\" href=\"https:\/\/awesomegreenbeauty.com\/en\/product\/josh-rosebrook-nutriment-day-cream-spf-30\/\" target=\"_blank\" rel=\"noopener\"><strong data-start=\"2553\" data-end=\"2582\">Nutrient Day Cream SPF 30<\/strong><\/a><\/span> pour une peau nourrie et prot\u00e9g\u00e9e toute la journ\u00e9e.<\/p>\n<h3 data-start=\"2638\" data-end=\"2657\"><strong data-start=\"2641\" data-end=\"2653\">Conseils<\/strong><\/h3>\n<ul data-start=\"2658\" data-end=\"2856\">\n<li data-start=\"2658\" data-end=\"2726\">Conservez votre s\u00e9rum hydratant dans un endroit frais et sombre.<\/li>\n<li data-start=\"2727\" data-end=\"2789\">Refermez soigneusement le flacon apr\u00e8s chaque utilisation.<\/li>\n<li data-start=\"2790\" data-end=\"2856\">Pour une fra\u00eecheur optimale, la r\u00e9frig\u00e9ration est recommand\u00e9e.<\/li>\n<\/ul>\n<p data-start=\"2858\" data-end=\"3018\" data-is-last-node=\"\">Offrez \u00e0 votre peau une hydratation v\u00e9g\u00e9tale pure et efficace avec <strong data-start=\"2925\" data-end=\"2956\">Hydration Boost Concentrate<\/strong> \u2013 le s\u00e9rum hydratant qui sublime votre peau en profondeur !<\/p>","protected":false},"excerpt":{"rendered":"<p>\ud83c\udf3f\u00a0<strong>100% naturel, certifi\u00e9 biologique | cruelty-free<\/strong><\/p>\n<p>Josh Rosebrook Hydration Boost Concentrate est un s\u00e9rum hydratant ultra-concentr\u00e9, formul\u00e9 sans huile, qui repulpe, lisse et prot\u00e8ge la peau gr\u00e2ce \u00e0 un complexe riche en acide hyaluronique botanique et antioxydants.<\/p>\n<p>Id\u00e9al pour tous les types de peau, m\u00eame sensibles.<\/p>","protected":false},"featured_media":35443,"template":"","meta":{"ocean_post_layout":"","ocean_both_sidebars_style":"","ocean_both_sidebars_content_width":0,"ocean_both_sidebars_sidebars_width":0,"ocean_sidebar":"0","ocean_second_sidebar":"0","ocean_disable_margins":"enable","ocean_add_body_class":"","ocean_shortcode_before_top_bar":"","ocean_shortcode_after_top_bar":"","ocean_shortcode_before_header":"","ocean_shortcode_after_header":"","ocean_has_shortcode":"","ocean_shortcode_after_title":"","ocean_shortcode_before_footer_widgets":"","ocean_shortcode_after_footer_widgets":"","ocean_shortcode_before_footer_bottom":"","ocean_shortcode_after_footer_bottom":"","ocean_display_top_bar":"default","ocean_display_header":"default","ocean_header_style":"","ocean_center_header_left_menu":"0","ocean_custom_header_template":"0","ocean_custom_logo":0,"ocean_custom_retina_logo":0,"ocean_custom_logo_max_width":0,"ocean_custom_logo_tablet_max_width":0,"ocean_custom_logo_mobile_max_width":0,"ocean_custom_logo_max_height":0,"ocean_custom_logo_tablet_max_height":0,"ocean_custom_logo_mobile_max_height":0,"ocean_header_custom_menu":"0","ocean_menu_typo_font_family":"0","ocean_menu_typo_font_subset":"","ocean_menu_typo_font_size":0,"ocean_menu_typo_font_size_tablet":0,"ocean_menu_typo_font_size_mobile":0,"ocean_menu_typo_font_size_unit":"px","ocean_menu_typo_font_weight":"","ocean_menu_typo_font_weight_tablet":"","ocean_menu_typo_font_weight_mobile":"","ocean_menu_typo_transform":"","ocean_menu_typo_transform_tablet":"","ocean_menu_typo_transform_mobile":"","ocean_menu_typo_line_height":0,"ocean_menu_typo_line_height_tablet":0,"ocean_menu_typo_line_height_mobile":0,"ocean_menu_typo_line_height_unit":"","ocean_menu_typo_spacing":0,"ocean_menu_typo_spacing_tablet":0,"ocean_menu_typo_spacing_mobile":0,"ocean_menu_typo_spacing_unit":"","ocean_menu_link_color":"","ocean_menu_link_color_hover":"","ocean_menu_link_color_active":"","ocean_menu_link_background":"","ocean_menu_link_hover_background":"","ocean_menu_link_active_background":"","ocean_menu_social_links_bg":"","ocean_menu_social_hover_links_bg":"","ocean_menu_social_links_color":"","ocean_menu_social_hover_links_color":"","ocean_disable_title":"default","ocean_disable_heading":"default","ocean_post_title":"","ocean_post_subheading":"","ocean_post_title_style":"","ocean_post_title_background_color":"","ocean_post_title_background":0,"ocean_post_title_bg_image_position":"","ocean_post_title_bg_image_attachment":"","ocean_post_title_bg_image_repeat":"","ocean_post_title_bg_image_size":"","ocean_post_title_height":0,"ocean_post_title_bg_overlay":0.5,"ocean_post_title_bg_overlay_color":"","ocean_disable_breadcrumbs":"default","ocean_breadcrumbs_color":"","ocean_breadcrumbs_separator_color":"","ocean_breadcrumbs_links_color":"","ocean_breadcrumbs_links_hover_color":"","ocean_display_footer_widgets":"default","ocean_display_footer_bottom":"default","ocean_custom_footer_template":"0"},"product_cat":[79,87,91,90,88,20],"product_tag":[],"class_list":{"0":"post-35441","1":"product","2":"type-product","3":"status-publish","4":"has-post-thumbnail","6":"product_brand-josh-rosebrook","7":"product_cat-hydratants-visage-aux-huiles-bio","8":"product_cat-peaux-matures","9":"product_cat-tout-type-de-peau","10":"product_cat-peaux-seches-deshydratees","11":"product_cat-peaux-sensibles-reactives","12":"product_cat-soins-du-visage","14":"entry","15":"has-media","17":"first","18":"outofstock","19":"taxable","20":"shipping-taxable","21":"purchasable","22":"product-type-simple","23":"has-product-nav","24":"col","25":"span_1_of_4","26":"owp-content-center","27":"owp-thumbs-layout-horizontal","28":"owp-btn-normal","29":"owp-tabs-layout-horizontal","30":"has-no-thumbnails"},"_links":{"self":[{"href":"https:\/\/awesomegreenbeauty.com\/en\/wp-json\/wp\/v2\/product\/35441","targetHints":{"allow":["GET"]}}],"collection":[{"href":"https:\/\/awesomegreenbeauty.com\/en\/wp-json\/wp\/v2\/product"}],"about":[{"href":"https:\/\/awesomegreenbeauty.com\/en\/wp-json\/wp\/v2\/types\/product"}],"version-history":[{"count":0,"href":"https:\/\/awesomegreenbeauty.com\/en\/wp-json\/wp\/v2\/product\/35441\/revisions"}],"wp:featuredmedia":[{"embeddable":true,"href":"https:\/\/awesomegreenbeauty.com\/en\/wp-json\/wp\/v2\/media\/35443"}],"wp:attachment":[{"href":"https:\/\/awesomegreenbeauty.com\/en\/wp-json\/wp\/v2\/media?parent=35441"}],"wp:term":[{"taxonomy":"product_cat","embeddable":true,"href":"https:\/\/awesomegreenbeauty.com\/en\/wp-json\/wp\/v2\/product_cat?post=35441"},{"taxonomy":"product_tag","embeddable":true,"href":"https:\/\/awesomegreenbeauty.com\/en\/wp-json\/wp\/v2\/product_tag?post=35441"}],"curies":[{"name":"wp","href":"https:\/\/api.w.org\/{rel}","templated":true}]}}